{"id":1845,"date":"2019-07-30T12:55:27","date_gmt":"2019-07-30T10:55:27","guid":{"rendered":"http:\/\/3.122.4.63\/?page_id=1845"},"modified":"2025-10-21T12:14:09","modified_gmt":"2025-10-21T10:14:09","slug":"angebote-rabatte-fur-sprachkurse","status":"publish","type":"page","link":"https:\/\/www.davidschool.com\/de\/angebote-rabatte-fur-sprachkurse\/","title":{"rendered":"ANGEBOTE &#038; RABATTE"},"content":{"rendered":"<h2>Angebote und Rabatte &#8211; Italienische Sprachkurse in Florenz<\/h2>\n<h3>Lastminute Angebote!<\/h3>\n<p><strong>Buchen Sie einen Kurs im Jahr 2026 und kommen Sie mit einem Freund zur Schule. Sie erhalten beide 10% Rabatt.<\/strong><\/p>\n<h3>Angebote f\u00fcr Italienischkurse im Jahr 2026<\/h3>\n<ul>\n<li>10 % auf Gruppen-Italienischkurse f\u00fcr das gesamte Jahr 2025 f\u00fcr Anmeldungen, die vor dem 30. November 2025 eingehen.<\/li>\n<li>10 % Rabatt auf den Standard-Italienischkurs f\u00fcr 4 Wochen im Januar und Februar.<\/li>\n<li>15 % Rabatt auf den Standard-Italienischkurs f\u00fcr 8 Wochen im Januar und Februar.<\/li>\n<\/ul>\n<h3>Rabatte f\u00fcr Italienisch Sprachkurse im Jahr 2026<\/h3>\n<ul>\n<li>10% f\u00fcr Sch\u00fcler aus Ozeanien (Australien, Neuseeland, etc.), und aus S\u00fcdamerika (Brasilien, Argentinien, Venezuela, etc.).<\/li>\n<li>15% f\u00fcr Sch\u00fcler aus S\u00fcdostasien (Indonesien, Thailand, Taiwan, Philippinen, etc.).<\/li>\n<li>20% f\u00fcr Sch\u00fcler aus Afrika.<\/li>\n<\/ul>\n<h3>Istituto Il David Rabatte<\/h3>\n<ul>\n<li>10 % f\u00fcr unsere ehemaligen Sch\u00fcler.<\/li>\n<li>10% auf Anmeldungen, die mindestens 5 Monate im Voraus erhalten wurden.<\/li>\n<li>10% f\u00fcr Sch\u00fcler mit European Youth Card (under 26).<\/li>\n<li>15 % f\u00fcr Gruppen oder Familien mit mindestens 3 Sch\u00fclern.<\/li>\n<li>20% f\u00fcr Gruppen von mehr als 5 Studenten.<\/li>\n<\/ul>\n","protected":false},"excerpt":{"rendered":"<p>Angebote und Rabatte &#8211; Italienische Sprachkurse in Florenz Lastminute Angebote! Buchen Sie einen Kurs im Jahr 2026 und kommen Sie mit einem Freund zur Schule. Sie erhalten beide 10% Rabatt. Angebote f\u00fcr Italienischkurse im Jahr 2026 10 % auf Gruppen-Italienischkurse f\u00fcr das gesamte Jahr 2025 f\u00fcr Anmeldungen, die vor dem 30. November 2025 eingehen. 10 [&hellip;]<\/p>\n","protected":false},"author":1,"featured_media":0,"parent":0,"menu_order":0,"comment_status":"closed","ping_status":"closed","template":"","meta":{"footnotes":""},"class_list":["post-1845","page","type-page","status-publish","hentry"],"yoast_head":"<!-- This site is optimized with the Yoast SEO plugin v27.4 - https:\/\/yoast.com\/product\/yoast-seo-wordpress\/ -->\n<title>Angebote und Rabatte f\u00fcr italienische Sprachkurse in Florenz<\/title>\n<meta name=\"description\" content=\"Viele Angebote, Rabatte und die besten Preise f\u00fcr Italienischkurse f\u00fcr Ausl\u00e4nder in Florenz. Nehmen Sie an einem Kurs teil und lernen Sie Italienisch.\" \/>\n<meta name=\"robots\" content=\"index, follow, max-snippet:-1, max-image-preview:large, max-video-preview:-1\" \/>\n<link rel=\"canonical\" href=\"https:\/\/www.davidschool.com\/de\/angebote-rabatte-fur-sprachkurse\/\" \/>\n<meta property=\"og:locale\" content=\"de_DE\" \/>\n<meta property=\"og:type\" content=\"article\" \/>\n<meta property=\"og:title\" content=\"Angebote und Rabatte f\u00fcr italienische Sprachkurse in Florenz\" \/>\n<meta property=\"og:description\" content=\"Viele Angebote, Rabatte und die besten Preise f\u00fcr Italienischkurse f\u00fcr Ausl\u00e4nder in Florenz. Nehmen Sie an einem Kurs teil und lernen Sie Italienisch.\" \/>\n<meta property=\"og:url\" content=\"https:\/\/www.davidschool.com\/de\/angebote-rabatte-fur-sprachkurse\/\" \/>\n<meta property=\"og:site_name\" content=\"Istituto IL DAVID\" \/>\n<meta property=\"article:modified_time\" content=\"2025-10-21T10:14:09+00:00\" \/>\n<meta name=\"twitter:card\" content=\"summary_large_image\" \/>\n<meta name=\"twitter:label1\" content=\"Gesch\u00e4tzte Lesezeit\" \/>\n\t<meta name=\"twitter:data1\" content=\"1\u00a0Minute\" \/>\n<script type=\"application\/ld+json\" class=\"yoast-schema-graph\">{\"@context\":\"https:\\\/\\\/schema.org\",\"@graph\":[{\"@type\":\"WebPage\",\"@id\":\"https:\\\/\\\/www.davidschool.com\\\/de\\\/angebote-rabatte-fur-sprachkurse\\\/\",\"url\":\"https:\\\/\\\/www.davidschool.com\\\/de\\\/angebote-rabatte-fur-sprachkurse\\\/\",\"name\":\"Angebote und Rabatte f\u00fcr italienische Sprachkurse in Florenz\",\"isPartOf\":{\"@id\":\"https:\\\/\\\/www.davidschool.com\\\/de\\\/#website\"},\"datePublished\":\"2019-07-30T10:55:27+00:00\",\"dateModified\":\"2025-10-21T10:14:09+00:00\",\"description\":\"Viele Angebote, Rabatte und die besten Preise f\u00fcr Italienischkurse f\u00fcr Ausl\u00e4nder in Florenz. Nehmen Sie an einem Kurs teil und lernen Sie Italienisch.\",\"breadcrumb\":{\"@id\":\"https:\\\/\\\/www.davidschool.com\\\/de\\\/angebote-rabatte-fur-sprachkurse\\\/#breadcrumb\"},\"inLanguage\":\"de\",\"potentialAction\":[{\"@type\":\"ReadAction\",\"target\":[\"https:\\\/\\\/www.davidschool.com\\\/de\\\/angebote-rabatte-fur-sprachkurse\\\/\"]}]},{\"@type\":\"BreadcrumbList\",\"@id\":\"https:\\\/\\\/www.davidschool.com\\\/de\\\/angebote-rabatte-fur-sprachkurse\\\/#breadcrumb\",\"itemListElement\":[{\"@type\":\"ListItem\",\"position\":1,\"name\":\"Home\",\"item\":\"https:\\\/\\\/www.davidschool.com\\\/de\\\/\"},{\"@type\":\"ListItem\",\"position\":2,\"name\":\"ANGEBOTE &#038; RABATTE\"}]},{\"@type\":\"WebSite\",\"@id\":\"https:\\\/\\\/www.davidschool.com\\\/de\\\/#website\",\"url\":\"https:\\\/\\\/www.davidschool.com\\\/de\\\/\",\"name\":\"Istituto IL DAVID\",\"description\":\"Italian Language School\",\"publisher\":{\"@id\":\"https:\\\/\\\/www.davidschool.com\\\/de\\\/#organization\"},\"potentialAction\":[{\"@type\":\"SearchAction\",\"target\":{\"@type\":\"EntryPoint\",\"urlTemplate\":\"https:\\\/\\\/www.davidschool.com\\\/de\\\/?s={search_term_string}\"},\"query-input\":{\"@type\":\"PropertyValueSpecification\",\"valueRequired\":true,\"valueName\":\"search_term_string\"}}],\"inLanguage\":\"de\"},{\"@type\":\"Organization\",\"@id\":\"https:\\\/\\\/www.davidschool.com\\\/de\\\/#organization\",\"name\":\"Istituto Il David\",\"url\":\"https:\\\/\\\/www.davidschool.com\\\/de\\\/\",\"logo\":{\"@type\":\"ImageObject\",\"inLanguage\":\"de\",\"@id\":\"https:\\\/\\\/www.davidschool.com\\\/de\\\/#\\\/schema\\\/logo\\\/image\\\/\",\"url\":\"https:\\\/\\\/www.davidschool.com\\\/wp-content\\\/uploads\\\/2019\\\/05\\\/Il-David_logo.png\",\"contentUrl\":\"https:\\\/\\\/www.davidschool.com\\\/wp-content\\\/uploads\\\/2019\\\/05\\\/Il-David_logo.png\",\"width\":429,\"height\":133,\"caption\":\"Istituto Il David\"},\"image\":{\"@id\":\"https:\\\/\\\/www.davidschool.com\\\/de\\\/#\\\/schema\\\/logo\\\/image\\\/\"}}]}<\/script>\n<!-- \/ Yoast SEO plugin. -->","yoast_head_json":{"title":"Angebote und Rabatte f\u00fcr italienische Sprachkurse in Florenz","description":"Viele Angebote, Rabatte und die besten Preise f\u00fcr Italienischkurse f\u00fcr Ausl\u00e4nder in Florenz. Nehmen Sie an einem Kurs teil und lernen Sie Italienisch.","robots":{"index":"index","follow":"follow","max-snippet":"max-snippet:-1","max-image-preview":"max-image-preview:large","max-video-preview":"max-video-preview:-1"},"canonical":"https:\/\/www.davidschool.com\/de\/angebote-rabatte-fur-sprachkurse\/","og_locale":"de_DE","og_type":"article","og_title":"Angebote und Rabatte f\u00fcr italienische Sprachkurse in Florenz","og_description":"Viele Angebote, Rabatte und die besten Preise f\u00fcr Italienischkurse f\u00fcr Ausl\u00e4nder in Florenz. Nehmen Sie an einem Kurs teil und lernen Sie Italienisch.","og_url":"https:\/\/www.davidschool.com\/de\/angebote-rabatte-fur-sprachkurse\/","og_site_name":"Istituto IL DAVID","article_modified_time":"2025-10-21T10:14:09+00:00","twitter_card":"summary_large_image","twitter_misc":{"Gesch\u00e4tzte Lesezeit":"1\u00a0Minute"},"schema":{"@context":"https:\/\/schema.org","@graph":[{"@type":"WebPage","@id":"https:\/\/www.davidschool.com\/de\/angebote-rabatte-fur-sprachkurse\/","url":"https:\/\/www.davidschool.com\/de\/angebote-rabatte-fur-sprachkurse\/","name":"Angebote und Rabatte f\u00fcr italienische Sprachkurse in Florenz","isPartOf":{"@id":"https:\/\/www.davidschool.com\/de\/#website"},"datePublished":"2019-07-30T10:55:27+00:00","dateModified":"2025-10-21T10:14:09+00:00","description":"Viele Angebote, Rabatte und die besten Preise f\u00fcr Italienischkurse f\u00fcr Ausl\u00e4nder in Florenz. Nehmen Sie an einem Kurs teil und lernen Sie Italienisch.","breadcrumb":{"@id":"https:\/\/www.davidschool.com\/de\/angebote-rabatte-fur-sprachkurse\/#breadcrumb"},"inLanguage":"de","potentialAction":[{"@type":"ReadAction","target":["https:\/\/www.davidschool.com\/de\/angebote-rabatte-fur-sprachkurse\/"]}]},{"@type":"BreadcrumbList","@id":"https:\/\/www.davidschool.com\/de\/angebote-rabatte-fur-sprachkurse\/#breadcrumb","itemListElement":[{"@type":"ListItem","position":1,"name":"Home","item":"https:\/\/www.davidschool.com\/de\/"},{"@type":"ListItem","position":2,"name":"ANGEBOTE &#038; RABATTE"}]},{"@type":"WebSite","@id":"https:\/\/www.davidschool.com\/de\/#website","url":"https:\/\/www.davidschool.com\/de\/","name":"Istituto IL DAVID","description":"Italian Language School","publisher":{"@id":"https:\/\/www.davidschool.com\/de\/#organization"},"potentialAction":[{"@type":"SearchAction","target":{"@type":"EntryPoint","urlTemplate":"https:\/\/www.davidschool.com\/de\/?s={search_term_string}"},"query-input":{"@type":"PropertyValueSpecification","valueRequired":true,"valueName":"search_term_string"}}],"inLanguage":"de"},{"@type":"Organization","@id":"https:\/\/www.davidschool.com\/de\/#organization","name":"Istituto Il David","url":"https:\/\/www.davidschool.com\/de\/","logo":{"@type":"ImageObject","inLanguage":"de","@id":"https:\/\/www.davidschool.com\/de\/#\/schema\/logo\/image\/","url":"https:\/\/www.davidschool.com\/wp-content\/uploads\/2019\/05\/Il-David_logo.png","contentUrl":"https:\/\/www.davidschool.com\/wp-content\/uploads\/2019\/05\/Il-David_logo.png","width":429,"height":133,"caption":"Istituto Il David"},"image":{"@id":"https:\/\/www.davidschool.com\/de\/#\/schema\/logo\/image\/"}}]}},"_links":{"self":[{"href":"https:\/\/www.davidschool.com\/de\/wp-json\/wp\/v2\/pages\/1845","targetHints":{"allow":["GET"]}}],"collection":[{"href":"https:\/\/www.davidschool.com\/de\/wp-json\/wp\/v2\/pages"}],"about":[{"href":"https:\/\/www.davidschool.com\/de\/wp-json\/wp\/v2\/types\/page"}],"author":[{"embeddable":true,"href":"https:\/\/www.davidschool.com\/de\/wp-json\/wp\/v2\/users\/1"}],"replies":[{"embeddable":true,"href":"https:\/\/www.davidschool.com\/de\/wp-json\/wp\/v2\/comments?post=1845"}],"version-history":[{"count":16,"href":"https:\/\/www.davidschool.com\/de\/wp-json\/wp\/v2\/pages\/1845\/revisions"}],"predecessor-version":[{"id":34762,"href":"https:\/\/www.davidschool.com\/de\/wp-json\/wp\/v2\/pages\/1845\/revisions\/34762"}],"wp:attachment":[{"href":"https:\/\/www.davidschool.com\/de\/wp-json\/wp\/v2\/media?parent=1845"}],"curies":[{"name":"wp","href":"https:\/\/api.w.org\/{rel}","templated":true}]}}