{"id":1860,"date":"2019-07-30T13:21:05","date_gmt":"2019-07-30T11:21:05","guid":{"rendered":"http:\/\/3.122.4.63\/?page_id=1860"},"modified":"2025-02-06T16:35:27","modified_gmt":"2025-02-06T15:35:27","slug":"schulordnung-florenz","status":"publish","type":"page","link":"https:\/\/www.davidschool.com\/de\/schulordnung-florenz\/","title":{"rendered":"SCHULVERORDNUNG"},"content":{"rendered":"<h4><\/h4>\n<p><strong>WIE MAN SICH ANMELDET<\/strong><br \/>\nDas Ausf\u00fcllen und Absenden des Anmeldeformulars sind freiwilling und unverbindlich.<br \/>\nTrotzdem bitten wir dich, sicher zu sein, dass du deine Anfrage vollst\u00e4ndig \u00fcberdacht hast, bevor du uns das Anmeldeformular zusendest. Details und Preise unserer Kursen sowie zus\u00e4tzlicher Services sind auf unserer Website beschrieben.<\/p>\n<p>Wenn du dir unsicher bist oder Fragen hast, sende uns bitte vorher eine E-Mail an info@davidschool.com oder eine Whatsapp-Nachricht an +39.353.4316807 mit deinen Zweifeln und Fragen.<br \/>\nNachdem die Schule dein Antragsformular erhalten hat, wird sie dir innerhalb von 24-48 Stunden per E-Mail antworten und dir die Details und Kosten deines Antrags sowie die notwendigen Informationen zur Best\u00e4tigung mitteilen.<br \/>\nWenn du innerhalb von 24-48 Stunden keine Antwort von uns erh\u00e4ltst, kannst du uns eine Whatsapp-Nachricht schicken oder uns unter der Nummer +39.055.216110 anrufen.<\/p>\n<p>Die Anmeldung wird best\u00e4tigt, nachdem die Schule eine Anzahlung oder den gesamten Betrag des Kurses erhalten hat.<br \/>\nFalls du unsere Bescheinigungen f\u00fcr die Beantragung eines Studienvisums ben\u00f6tigst, ist die vollst\u00e4ndige Zahlung des Kursbetrags obligatorisch.<\/p>\n<p>Bevor du uns das Anmeldeformular zusendest, bitten wir dich, unser Reglement zu lesen, das ab dem Zeitpunkt der Zahlung zur Best\u00e4tigung des Kurses bindend wird.<br \/>\nFalls die Schule innerhalb eines Monats oder mindestens 1-2 Wochen vor Kursbeginn keine Antwort von dir erh\u00e4lt, k\u00f6nnte deine Anmeldung aus administrativen Gr\u00fcnden storniert werden.<\/p>\n<p><strong>STUNDENPLAN UND DAUER DES UNTERRICHTS<\/strong><br \/>\nDie Schule garantiert immer den Kursplan, der auf der Website beschrieben ist.<br \/>\nObwohl dies sehr selten vorkommt, beh\u00e4lt sich die Schule im Falle von technischen und organisatorischen Problemen das Recht vor, den Stundenplan zu \u00e4ndern. Der Sch\u00fcler wird dar\u00fcber informiert, sobald die Schule das Anmeldeformular erh\u00e4lt, in jedem Fall aber mindestens eine Woche vor seiner Ankunft in der Schule.<br \/>\nDie Dauer einer Unterrichtsstunde, ob in Gruppen oder individuell, betr\u00e4gt 55 Minuten.<\/p>\n<p><strong>NIVEAUSTUFEN UND TESTS<\/strong><br \/>\nFalls der Sch\u00fcler im Anmeldeformular angibt, dass er ein bestimmtes Niveau der italienischen Sprache hat, aber bei der Ankunft in der Schule ein niedrigeres oder h\u00f6heres Sprachniveau hat, \u00fcbernimmt die Schule aus organisatorischen Gr\u00fcnden keine Verantwortung daf\u00fcr, eine Klasse mit dem passenden Niveau zu garantieren.<br \/>\nIn jedem Fall, mit Ausnahme von Anf\u00e4ngern, wird der Test etwa einen Monat vor Kursbeginn per E-Mail an die angemeldeten Sch\u00fcler geschickt, um das tats\u00e4chliche Niveau des Sch\u00fcler zu \u00fcberpr\u00fcfen.<\/p>\n<p>Falls sich der Sch\u00fcler in der zugewiesenen Klasse nicht wohl f\u00fchlt, muss er dem Schulsekretariat mitteilen, ob er das Niveau wechseln m\u00f6chte. Die Schulleitung wird aufgrund ihrer Organisation und Erfahrung entscheiden, ob der Wechsel genehmigt wird, solange er keine organisatorischen Probleme f\u00fcr die Schule verursacht und dem Sch\u00fcler zugute kommt.<br \/>\nF\u00fcr Sch\u00fclern, die die Schule \u00fcber einen l\u00e4ngeren Zeitraum besuchen, wird der Test alle 4 Wochen wiederholt, um die Fortschritte des Sch\u00fclers und seinen anschlie\u00dfenden Wechsel in eine h\u00f6here Stufe zu \u00fcberpr\u00fcfen.<\/p>\n<p><strong>FEIERTAGE<\/strong><br \/>\nDie Schule ist an den nationalen Feiertagen unter der Woche (ca. 5-6 im Jahr) geschlossen.<br \/>\nF\u00fcr Gruppenkurse, die l\u00e4nger als zwei Wochen dauern, werden keine Rabatte, R\u00fcckerstattungen oder Nachholtermine gew\u00e4hrt. Bevor du uns das Anmeldeformular schickst, empfehlen wir dir, die Feiertage auf der Seite &#8222;Daten und Preise&#8220; aud der Schulwebsite zu \u00fcberpr\u00fcfen.<br \/>\nEinzelne Unterrichtsstunden, die nicht an Feiertagen stattfinden, k\u00f6nnen an einem anderen Datum nachgeholt werden, sofern der Sch\u00fcler und der Lehrer verf\u00fcgbar sind.<\/p>\n<p><strong>ZERTIFIKAT<\/strong><br \/>\nAm Ende des Kurses erh\u00e4lt der Sch\u00fcler eine Teilnahmezertifikat, das den Kurs, die Stunden und die besuchten Niveaus beschreibt. Um die Teilnahmezertifikat zu erhalten, wird eine Anwesenheit von mindestens 90 % des besuchten Kurses erwartet. Wenn die Anwesenheit unter 70 % liegt, beh\u00e4lt sich die Schule das Recht vor, das Teilnahmezertifikat nicht auszustellen oder es im Zertifikat entsprechend zu vermerken.<\/p>\n<p><strong>ANMELDUNG VON MINDERJ\u00c4HRIGEN SCH\u00dcLERN<\/strong><br \/>\nDie Anmeldungsantr\u00e4ge von Sch\u00fclern unter 18 Jahren m\u00fcssen \u00fcber einen Elternteil an die Schule gesendet werden.<br \/>\nErforderlich sind eine Kopie des Ausweises des Sch\u00fclers sowie der Eltern, die unterschriebene Einverst\u00e4ndniserkl\u00e4rung eines Elternteils und die Anwesenheit eines Elternteils bei der Ankunft in der Schule.<\/p>\n<p><strong>FOTOS UND VIDEOS<\/strong><br \/>\nDas Fotografieren und Filmen innerhalb der Schule w\u00e4hrend des Unterrichts und der Aktivit\u00e4ten ist dem Schulpersonal, autorisierten G\u00e4ste und den angemeldeten Sch\u00fcler erlaubt. Es ist nicht erlaubt, dass unbefugte Personen Fotos und Videos machen.<br \/>\nDie Schule beh\u00e4lt sich das Recht vor, Foto- und Videomaterial f\u00fcr Marketingzwecke oder soziale Medien zu verwenden.<br \/>\nDie Nutzung dieses Materials ist kostenlos, und die Schule garantiert ausdr\u00fccklich, dass es in Kontexten erfolgt, die die pers\u00f6nliche W\u00fcrde der betroffenen Person nicht beeintr\u00e4chtigen.<br \/>\nWenn der Sch\u00fcler mit dieser Verwendung nicht einverstanden ist, muss er dies dem Sekretariat bei seiner Ankunft in der Schule mitteilen, andernfalls wird seine Genehmigung automatisch best\u00e4tigt.<\/p>\n<p><strong>VERSCHIEBUNG UND KURS\u00c4NDERUNGSANTRAG<\/strong><br \/>\nDer Kursteilnehmer kann den Kurs verschieben, indem er die Schule mindestens eine Woche vor der Ankunft dar\u00fcber informiert. Nach Ablauf dieser Frist verliert der Kursteilnehmer den Betrag f\u00fcr die erste Kurswoche. Nach Ablauf dieser Frist verliert der Sch\u00fcler den Betrag f\u00fcr die erste Woche des Kurses.<br \/>\nNach Kursbeginn ist es nicht mehr m\u00f6glich, den gebuchten Gruppenkurs in eine andere Kursart umzuwandeln.<br \/>\nDie Gruppenkurse k\u00f6nnen nicht in Einzelstunden umgewandelt werden.<\/p>\n<p>Falls die Schule aus organisatorischen Gr\u00fcnden den Gruppenkurs nicht garantieren kann, k\u00f6nnen die Gruppenstunden in Einzelstunden umgewandelt werden. Die Anzahl der Einzelstunden errechnet sich aus der Differenz des Kurspreises gem\u00e4\u00df unserer Preisliste auf unserer Website.<\/p>\n<p><strong>ABWESENHEITEN UND UNTERBRECHUNG DES KURSES<\/strong><br \/>\nDie t\u00e4glichen Gruppenstunden, die aus pers\u00f6nlichen Gr\u00fcnden des Sch\u00fclers nicht besuchet werden, k\u00f6nnen aus keinem Grund nachgeholt werden. Die Einzelstunden k\u00f6nnen nachgeholt werden, wenn die Schule mindestens 24 Stunden (48 Stunden bei Feiertagen) im Voraus benachrichtigt wird. bei einer Benachrichtigung innerhalb von weniger als 24 Stunden kann die Stunde nicht nachgeholt werden.<br \/>\nEin Sch\u00fcler, der den Kurs w\u00e4hrend des laufenden Programms unterbricht, hat keinen Anspruch auf R\u00fcckerstattung.<\/p>\n<p>Der Sch\u00fcler kann jedoch anfragen ob es m\u00f6glicht ist, den nicht besuchten Teil des Kurses nachzuholen, indem er die Schule mindestens eine Woche im Voraus informiert. Der Kurs kann innerhalb eines Jahres ab dem Unterbrechungsdatum nachgeholt werden.<br \/>\nEs ist m\u00f6glich, Zeitr\u00e4ume von einer oder mehreren Wochen nachzuholen, jedoch nicht von einem oder mehreren Tagen.<\/p>\n<p><strong>KURSSTORNIERUNG<\/strong><br \/>\nIm Falle einer Stornierung der Anmeldung muss der Sch\u00fcler mindestens 20 Tage vor Kursbeginn eine schriftliche Anfrage per E-Mail stellen, um eine vollst\u00e4ndige R\u00fcckerstattung der Anzahlung zu erhalten. Von diesem Betrag werden die Einschreibegeb\u00fchr von 50 \u20ac und die Bankgeb\u00fchren f\u00fcr den Zahlungseingang und die R\u00fcckzahlung abgezogen.<\/p>\n<p>Erfolgt die Stornierung sp\u00e4ter als 20 Tage vor Kursbeginn, wird keine Erstattung vorgenommen. abgezogen.<br \/>\nDie Anzahlung ist jedoch f\u00fcr einen anderen Kurs g\u00fcltig, den der Sch\u00fcler innerhalb eines Jahres nach der Stornierung besuchen kann.<\/p>\n<p><strong>STORNIERUNG EINER ANMELDUNG MIT STUDIENVISUM<\/strong><br \/>\nWenn die Stornierung eine Anmeldung betrifft, f\u00fcr die ein Studienvisum erforderlich war, muss der Sch\u00fcler mindestens 20 Tage vor Kursbeginn eine E-Mail an die Schule senden, um eine R\u00fcckerstattung zu erhalten. Die Schule muss auch das Schreiben des Konsulats \u00fcber die Ablehnung des Visums erhalten.<br \/>\nVon dem Betrag werden 50 \u20ac Einschreibegeb\u00fchr und 150 \u20ac f\u00fcr die Erstattung von administrativen Kosten und Bankgeb\u00fchren abgezogen, die der Schule f\u00fcr die erhaltene Zahlung und die R\u00fcckerstattung entstanden sind.<br \/>\nDiese Regelung gilt ab dem Zeitpunkt, an dem der Sch\u00fcler die Einschreibebescheinigung in Papier- oder PDF-Format von der Schule erh\u00e4lt.<\/p>\n<p>Wenn die Schule den Antrag auf Stornierung nach 20 Tagen vor Kursbeginn erh\u00e4lt und wenn sie kein Ablehnungsschreiben des Konsulats erh\u00e4lt, wird keine R\u00fcckerstattung vorgenommen.<br \/>\nNachdem der Student das Visum vom Konsulat erhalten hat, ist es nicht mehr m\u00f6glich, den Kurs zu stornieren und eine R\u00fcckerstattung zu erhalten. Es besteht jedoch die M\u00f6glichkeit, den Kurs zu verschieben.<br \/>\nFalls der Sch\u00fcler aufgrund von Verz\u00f6gerungen beim Konsulat nicht rechtzeitig ein Studienvisum erhalten hat, kann er sich entscheiden, den Kurs zu verschieben. In diesem Fall gelten die oben beschriebenen Regeln f\u00fcr die Verschiebung des Kurses.<\/p>\n<p><strong>AUSSERGEW\u00d6HNLICHE INTERNATIONALE EREIGNISSE<\/strong><br \/>\nIm Falle au\u00dfergew\u00f6hnlicher internationaler Ereignisse (Katastrophen, Pandemien, Terrorismus, Kriege usw.), die das Reisen nach Italien verhindern, wird auf Anfrage eine R\u00fcckerstattung des gesamten Betrags mit Ausnahme von 50 \u20ac f\u00fcr Verwaltungskosten gew\u00e4hrt.<br \/>\nNach Kursbeginn erfolgt keine R\u00fcckerstattung mehr. Der Sch\u00fcler kann jedoch entscheiden, den Kurs zu einem sp\u00e4teren Zeitpunkt ohne zus\u00e4tzliche Zahlungen zu besuchen.<\/p>\n<p><strong>UNTERKUNFTSBUCHUNG<\/strong><br \/>\nDie Buchung von Unterk\u00fcnften ist ein Service, den die Schule den Sch\u00fclern auf Anfrage kostenlos anbietet. Die Preise f\u00fcr die Unterkunft beinhalten den Buchungsservice, die Verwaltung und die Nebenkosten.<br \/>\nDer Betrag f\u00fcr die Unterkunft muss direkt an den Eigent\u00fcmer der Wohnung oder an die Familie gezahlt werden, und zwar in der Form und innerhalb der Frist, die dem Sch\u00fcler nach der Anmeldebest\u00e4tigung mitgeteilt wird.<br \/>\nBei Buchungen von mehr als einem Monat kann die Unterkunft alle 4 Wochen bezahlt werden.<\/p>\n<p>Bei Pr\u00e4ferenzen, Allergien gegen Haustiere, Nahrungsmittelunvertr\u00e4glichkeiten oder besonderen Ern\u00e4hrungsbed\u00fcrfnissen muss der Sch\u00fcler die Schule zum Zeitpunkt der Anmeldung informieren, andernfalls kann die Unterkunft nicht ge\u00e4ndert werden und der Sch\u00fcler muss weiterhin den in der Buchungsbest\u00e4tigung beschriebenen Betrag bezahlen.<\/p>\n<p>Bei der Ankunft in der Unterkunft ist eine Kaution in H\u00f6he von 50 \u20ac in bar f\u00fcr eventuelle Sch\u00e4den oder den Verlust von Schl\u00fcsseln zu hinterlegen. Dieser Betrag wird bei der Abreise zur\u00fcckerstattet.<\/p>\n<p>Die Unterk\u00fcnfte sind nicht Eigentum der Schule und werden nicht von ihr verwaltet. Die Schule tut ihr Bestes, um die beste zum Zeitpunkt der Buchung verf\u00fcgbare Unterkunft zu buchen, ist aber nicht daf\u00fcr verantwortlich, wenn der Sch\u00fcler unzufrieden ist oder wenn die Unterkunft nicht seinen Erwartungen entspricht.<br \/>\nFalls es irgendwelche Probleme oder Bed\u00fcrfnisse gibt, sollte der Sch\u00fcler dies dem Besitzer\/der Familie und der Schule so schnell wie m\u00f6glich mitteilen. Oft k\u00f6nnen Probleme oder Bed\u00fcrfnisse leicht gel\u00f6st werden.<\/p>\n<p><strong>VERSCHIEBUNG DER UNTERKUNFTSBUCHUNG<\/strong><br \/>\nDer Sch\u00fcler kann die Buchung der Unterkunft verschieben, indem er die Schule mindestens eine Woche vor der Ankunft informiert.<br \/>\nNach Ablauf dieser Frist verliert der Sch\u00fcler den Betrag f\u00fcr die erste Woche der Unterkunft. Dieser Betrag wird von der Anzahlung abgezogen, die der Sch\u00fcler f\u00fcr die Kurseinschreibung gezahlt hat.<\/p>\n<p><strong>STORNIERUNG DER UNTERKUNFT<\/strong><br \/>\nIm Falle einer Stornierung der Unterkunft, die nach dem 20. Tag vor der Ankunft eingeht, beh\u00e4lt sich die Schule das Recht vor, den Betrag, den der Sch\u00fcler bezahlt hat, auf der Basis der Anfrage des Eigent\u00fcmers oder der Familie einzubehalten.<br \/>\nDies entspricht in der Regel den Kosten der ersten Woche. Die Stornierungsgeb\u00fchr wird von dem Betrag abgezogen, den der Student f\u00fcr die Anmeldebest\u00e4tigung und die Unterkunftsbuchung bezahlt hat.<\/p>\n<p><strong>UNTERKUNFTS\u00c4NDERUNG ODER BEST\u00c4TIGUNG<\/strong><br \/>\nNach der Ankunft kann die Unterkunft nicht mehr ge\u00e4ndert werden und die Zahlung wird weiterhin f\u00e4llig, es sei denn, es liegen schwerwiegende und nachweisbare Gr\u00fcnde vor.<br \/>\nBei Buchungen von mehr als 4 Wochen kann der Sch\u00fcler entscheiden, die Unterkunft zu wechseln, indem er die Schule mindestens zwei Wochen vorher informiert. Andernfalls gilt die Unterkunft als best\u00e4tigt und der Sch\u00fcler muss den Betrag f\u00fcr zwei Wochen bezahlen.<\/p>\n<p><strong>VERARBEITUNG VON PERSONENBEZOGENEN DATEN<\/strong><br \/>\nIndem Sie sich aus eigener Initiative an die Schule wenden oder sich dort anmelden, geben Sie automatisch Ihr Einverst\u00e4ndnis, dass die Schule Ihre pers\u00f6nlichen Daten verarbeiten darf.<br \/>\nDie Schule garantiert, dass Ihre pers\u00f6nlichen Daten von den Mitarbeitern der Schule unter Wahrung Ihrer Rechte und Ihrer W\u00fcrde verarbeitet und gesch\u00fctzt werden, dass sie innerhalb der Schulverwaltung und der Buchhaltung vertraulich behandelt werden, dass sie nur im EDV-Verwaltungssystem der Schule verbleiben und dass sie nicht an andere Personen, Einrichtungen oder Unternehmen weitergegeben werden.<\/p>\n<p>Die Schule garantiert, dass sie keine Daten \u00fcber Ethnie und ethnische Herkunft, Religionszugeh\u00f6rigkeit, politische und philosophische Ansichten, sexuelle Orientierung, k\u00f6rperliche Behinderungen, psychische Zust\u00e4nde, Krankheiten und gesundheitliche Probleme sammelt.<\/p>\n<p>Es wird davon ausgegangen, dass im Rahmen der Computerautomatisierung der Schule Daten auch von anderen Unternehmen wie der Suchmaschine, dem Server und dem Betreiber der Schulwebsite erfasst werden, die die Daten nach ihren jeweiligen Kriterien und in \u00dcbereinstimmung mit den geltenden Rechtsvorschriften verarbeiten.<\/p>\n","protected":false},"excerpt":{"rendered":"<p>WIE MAN SICH ANMELDET Das Ausf\u00fcllen und Absenden des Anmeldeformulars sind freiwilling und unverbindlich. Trotzdem bitten wir dich, sicher zu sein, dass du deine Anfrage vollst\u00e4ndig \u00fcberdacht hast, bevor du uns das Anmeldeformular zusendest. Details und Preise unserer Kursen sowie zus\u00e4tzlicher Services sind auf unserer Website beschrieben. Wenn du dir unsicher bist oder Fragen hast, [&hellip;]<\/p>\n","protected":false},"author":1,"featured_media":0,"parent":0,"menu_order":0,"comment_status":"closed","ping_status":"closed","template":"","meta":{"footnotes":""},"class_list":["post-1860","page","type-page","status-publish","hentry"],"yoast_head":"<!-- This site is optimized with the Yoast SEO plugin v27.2 - https:\/\/yoast.com\/product\/yoast-seo-wordpress\/ -->\n<title>Schulordnung | Institut IL DAVID | Florenz<\/title>\n<meta name=\"robots\" content=\"index, follow, max-snippet:-1, max-image-preview:large, max-video-preview:-1\" \/>\n<link rel=\"canonical\" href=\"https:\/\/www.davidschool.com\/de\/schulordnung-florenz\/\" \/>\n<meta property=\"og:locale\" content=\"de_DE\" \/>\n<meta property=\"og:type\" content=\"article\" \/>\n<meta property=\"og:title\" content=\"Schulordnung | Institut IL DAVID | Florenz\" \/>\n<meta property=\"og:description\" content=\"WIE MAN SICH ANMELDET Das Ausf\u00fcllen und Absenden des Anmeldeformulars sind freiwilling und unverbindlich. Trotzdem bitten wir dich, sicher zu sein, dass du deine Anfrage vollst\u00e4ndig \u00fcberdacht hast, bevor du uns das Anmeldeformular zusendest. Details und Preise unserer Kursen sowie zus\u00e4tzlicher Services sind auf unserer Website beschrieben. Wenn du dir unsicher bist oder Fragen hast, [&hellip;]\" \/>\n<meta property=\"og:url\" content=\"https:\/\/www.davidschool.com\/de\/schulordnung-florenz\/\" \/>\n<meta property=\"og:site_name\" content=\"Istituto IL DAVID\" \/>\n<meta property=\"article:modified_time\" content=\"2025-02-06T15:35:27+00:00\" \/>\n<meta name=\"twitter:card\" content=\"summary_large_image\" \/>\n<meta name=\"twitter:label1\" content=\"Gesch\u00e4tzte Lesezeit\" \/>\n\t<meta name=\"twitter:data1\" content=\"9\u00a0Minuten\" \/>\n<script type=\"application\/ld+json\" class=\"yoast-schema-graph\">{\"@context\":\"https:\/\/schema.org\",\"@graph\":[{\"@type\":\"WebPage\",\"@id\":\"https:\/\/www.davidschool.com\/de\/schulordnung-florenz\/\",\"url\":\"https:\/\/www.davidschool.com\/de\/schulordnung-florenz\/\",\"name\":\"Schulordnung | Institut IL DAVID | Florenz\",\"isPartOf\":{\"@id\":\"https:\/\/www.davidschool.com\/de\/#website\"},\"datePublished\":\"2019-07-30T11:21:05+00:00\",\"dateModified\":\"2025-02-06T15:35:27+00:00\",\"breadcrumb\":{\"@id\":\"https:\/\/www.davidschool.com\/de\/schulordnung-florenz\/#breadcrumb\"},\"inLanguage\":\"de\",\"potentialAction\":[{\"@type\":\"ReadAction\",\"target\":[\"https:\/\/www.davidschool.com\/de\/schulordnung-florenz\/\"]}]},{\"@type\":\"BreadcrumbList\",\"@id\":\"https:\/\/www.davidschool.com\/de\/schulordnung-florenz\/#breadcrumb\",\"itemListElement\":[{\"@type\":\"ListItem\",\"position\":1,\"name\":\"Home\",\"item\":\"https:\/\/www.davidschool.com\/de\/\"},{\"@type\":\"ListItem\",\"position\":2,\"name\":\"SCHULVERORDNUNG\"}]},{\"@type\":\"WebSite\",\"@id\":\"https:\/\/www.davidschool.com\/de\/#website\",\"url\":\"https:\/\/www.davidschool.com\/de\/\",\"name\":\"Istituto IL DAVID\",\"description\":\"Italian Language School\",\"publisher\":{\"@id\":\"https:\/\/www.davidschool.com\/de\/#organization\"},\"potentialAction\":[{\"@type\":\"SearchAction\",\"target\":{\"@type\":\"EntryPoint\",\"urlTemplate\":\"https:\/\/www.davidschool.com\/de\/?s={search_term_string}\"},\"query-input\":{\"@type\":\"PropertyValueSpecification\",\"valueRequired\":true,\"valueName\":\"search_term_string\"}}],\"inLanguage\":\"de\"},{\"@type\":\"Organization\",\"@id\":\"https:\/\/www.davidschool.com\/de\/#organization\",\"name\":\"Istituto Il David\",\"url\":\"https:\/\/www.davidschool.com\/de\/\",\"logo\":{\"@type\":\"ImageObject\",\"inLanguage\":\"de\",\"@id\":\"https:\/\/www.davidschool.com\/de\/#\/schema\/logo\/image\/\",\"url\":\"https:\/\/www.davidschool.com\/wp-content\/uploads\/2019\/05\/Il-David_logo.png\",\"contentUrl\":\"https:\/\/www.davidschool.com\/wp-content\/uploads\/2019\/05\/Il-David_logo.png\",\"width\":429,\"height\":133,\"caption\":\"Istituto Il David\"},\"image\":{\"@id\":\"https:\/\/www.davidschool.com\/de\/#\/schema\/logo\/image\/\"}}]}<\/script>\n<!-- \/ Yoast SEO plugin. -->","yoast_head_json":{"title":"Schulordnung | Institut IL DAVID | Florenz","robots":{"index":"index","follow":"follow","max-snippet":"max-snippet:-1","max-image-preview":"max-image-preview:large","max-video-preview":"max-video-preview:-1"},"canonical":"https:\/\/www.davidschool.com\/de\/schulordnung-florenz\/","og_locale":"de_DE","og_type":"article","og_title":"Schulordnung | Institut IL DAVID | Florenz","og_description":"WIE MAN SICH ANMELDET Das Ausf\u00fcllen und Absenden des Anmeldeformulars sind freiwilling und unverbindlich. Trotzdem bitten wir dich, sicher zu sein, dass du deine Anfrage vollst\u00e4ndig \u00fcberdacht hast, bevor du uns das Anmeldeformular zusendest. Details und Preise unserer Kursen sowie zus\u00e4tzlicher Services sind auf unserer Website beschrieben. Wenn du dir unsicher bist oder Fragen hast, [&hellip;]","og_url":"https:\/\/www.davidschool.com\/de\/schulordnung-florenz\/","og_site_name":"Istituto IL DAVID","article_modified_time":"2025-02-06T15:35:27+00:00","twitter_card":"summary_large_image","twitter_misc":{"Gesch\u00e4tzte Lesezeit":"9\u00a0Minuten"},"schema":{"@context":"https:\/\/schema.org","@graph":[{"@type":"WebPage","@id":"https:\/\/www.davidschool.com\/de\/schulordnung-florenz\/","url":"https:\/\/www.davidschool.com\/de\/schulordnung-florenz\/","name":"Schulordnung | Institut IL DAVID | Florenz","isPartOf":{"@id":"https:\/\/www.davidschool.com\/de\/#website"},"datePublished":"2019-07-30T11:21:05+00:00","dateModified":"2025-02-06T15:35:27+00:00","breadcrumb":{"@id":"https:\/\/www.davidschool.com\/de\/schulordnung-florenz\/#breadcrumb"},"inLanguage":"de","potentialAction":[{"@type":"ReadAction","target":["https:\/\/www.davidschool.com\/de\/schulordnung-florenz\/"]}]},{"@type":"BreadcrumbList","@id":"https:\/\/www.davidschool.com\/de\/schulordnung-florenz\/#breadcrumb","itemListElement":[{"@type":"ListItem","position":1,"name":"Home","item":"https:\/\/www.davidschool.com\/de\/"},{"@type":"ListItem","position":2,"name":"SCHULVERORDNUNG"}]},{"@type":"WebSite","@id":"https:\/\/www.davidschool.com\/de\/#website","url":"https:\/\/www.davidschool.com\/de\/","name":"Istituto IL DAVID","description":"Italian Language School","publisher":{"@id":"https:\/\/www.davidschool.com\/de\/#organization"},"potentialAction":[{"@type":"SearchAction","target":{"@type":"EntryPoint","urlTemplate":"https:\/\/www.davidschool.com\/de\/?s={search_term_string}"},"query-input":{"@type":"PropertyValueSpecification","valueRequired":true,"valueName":"search_term_string"}}],"inLanguage":"de"},{"@type":"Organization","@id":"https:\/\/www.davidschool.com\/de\/#organization","name":"Istituto Il David","url":"https:\/\/www.davidschool.com\/de\/","logo":{"@type":"ImageObject","inLanguage":"de","@id":"https:\/\/www.davidschool.com\/de\/#\/schema\/logo\/image\/","url":"https:\/\/www.davidschool.com\/wp-content\/uploads\/2019\/05\/Il-David_logo.png","contentUrl":"https:\/\/www.davidschool.com\/wp-content\/uploads\/2019\/05\/Il-David_logo.png","width":429,"height":133,"caption":"Istituto Il David"},"image":{"@id":"https:\/\/www.davidschool.com\/de\/#\/schema\/logo\/image\/"}}]}},"_links":{"self":[{"href":"https:\/\/www.davidschool.com\/de\/wp-json\/wp\/v2\/pages\/1860","targetHints":{"allow":["GET"]}}],"collection":[{"href":"https:\/\/www.davidschool.com\/de\/wp-json\/wp\/v2\/pages"}],"about":[{"href":"https:\/\/www.davidschool.com\/de\/wp-json\/wp\/v2\/types\/page"}],"author":[{"embeddable":true,"href":"https:\/\/www.davidschool.com\/de\/wp-json\/wp\/v2\/users\/1"}],"replies":[{"embeddable":true,"href":"https:\/\/www.davidschool.com\/de\/wp-json\/wp\/v2\/comments?post=1860"}],"version-history":[{"count":13,"href":"https:\/\/www.davidschool.com\/de\/wp-json\/wp\/v2\/pages\/1860\/revisions"}],"predecessor-version":[{"id":33225,"href":"https:\/\/www.davidschool.com\/de\/wp-json\/wp\/v2\/pages\/1860\/revisions\/33225"}],"wp:attachment":[{"href":"https:\/\/www.davidschool.com\/de\/wp-json\/wp\/v2\/media?parent=1860"}],"curies":[{"name":"wp","href":"https:\/\/api.w.org\/{rel}","templated":true}]}}