{"id":823,"date":"2019-06-03T16:42:30","date_gmt":"2019-06-03T14:42:30","guid":{"rendered":"http:\/\/3.122.4.63\/?page_id=823"},"modified":"2023-03-25T14:52:04","modified_gmt":"2023-03-25T13:52:04","slug":"freizeitaktivitaeten-florenz","status":"publish","type":"page","link":"https:\/\/www.davidschool.com\/de\/freizeitaktivitaeten-florenz\/","title":{"rendered":"SCHULAKTIVIT\u00c4TEN"},"content":{"rendered":"\n<h2 class=\"wp-block-heading\">Aktivit\u00e4ten, Besuche, Spazierg\u00e4nge, Spiele, Veranstaltungen, Ausfl\u00fcge und vieles mehr<\/h2>\n\n\n\n<p><strong>Florenz ist eine Stadt voller Dinge zu sehen, zu besuchen, und zu tun<\/strong>. W\u00e4hrend Ihres Aufenthalts in Florenz, w\u00e4hrend Sie an unseren <a href=\"https:\/\/www.davidschool.com\/de\/kurse\/italienischkurse\/\"><strong>Italienischkursen<\/strong><\/a> teilnehmen, k\u00f6nnen Sie Ihre Freizeit nutzen, um an unseren Nachmittags- und Wochenendaktivit\u00e4ten teilzunehmen.<br>Wir werden Ihnen helfen, <strong>Florenz und seine Denkm\u00e4ler kennenzulernen und zu bewundern<\/strong>, seine Geheimnisse und Besonderheiten zu entdecken, die verschiedenen Aspekte der reichen und abwechslungsreichen italienischen Kultur kennenzulernen und wertzusch\u00e4tzen und sich mit anderen Studenten zu treffen, um Spa\u00df zu haben und mit ihnen Kontakte kn\u00fcpfen, und auch um Ihr Italienisch zu verbessern.<\/p>\n\n\n\n<figure class=\"wp-block-image size-large\"><img loading=\"lazy\" decoding=\"async\" width=\"960\" height=\"588\" src=\"https:\/\/www.davidschool.com\/wp-content\/uploads\/2020\/05\/9.jpg\" alt=\"\" class=\"wp-image-15055\" srcset=\"https:\/\/www.davidschool.com\/wp-content\/uploads\/2020\/05\/9.jpg 960w, https:\/\/www.davidschool.com\/wp-content\/uploads\/2020\/05\/9-300x184.jpg 300w, https:\/\/www.davidschool.com\/wp-content\/uploads\/2020\/05\/9-768x470.jpg 768w, https:\/\/www.davidschool.com\/wp-content\/uploads\/2020\/05\/9-80x49.jpg 80w, https:\/\/www.davidschool.com\/wp-content\/uploads\/2020\/05\/9-270x165.jpg 270w\" sizes=\"auto, (max-width: 960px) 100vw, 960px\" \/><\/figure>\n\n\n\n<h3 class=\"wp-block-heading\">AKTIVIT\u00c4TEN DER SCHULE F\u00dcR IHRE FREIZEIT<\/h3>\n\n\n\n<p><span style=\"color: #000000;\">Die Schule bietet ein Minimum von 5 Freizeitaktivit\u00e4ten pro Woche an. Alle Aktivit\u00e4ten werden von unseren Lehrern nach der Schule und an den Wochenenden durchgef\u00fchrt, damit alle Sch\u00fcler teilnehmen k\u00f6nnen.<\/span><\/p>\n\n\n\n<h4 class=\"wp-block-heading\">Einige der kostenlosen Aktivit\u00e4ten<\/h4>\n\n\n\n<ul class=\"wp-block-list\"><li><span style=\"color: #000000;\">Rundg\u00e4nge: im Zentrum von Florenz, zum Piazzale Michelangelo, in Oltrarno usw<\/span><\/li><li><span style=\"color: #000000;\">Ausfl\u00fcge: die Certosa, Fiesole, der Park von Pratolino, Villa Petraia usw<\/span><\/li><li><span style=\"color: #000000;\">kurze Lektionen italienischer Kultur in unserer Schule: die Geschichte von Florenz, italienische K\u00fcche, Dante und die italienische Sprache, italienische K\u00f6rpersprache, italienische Gewohnheiten und Traditionen usw.<\/span><\/li><li><span style=\"color: #000000;\">Filme mit italienischen Untertiteln in der Schule<\/span><\/li><li><span style=\"color: #000000;\">italienische Musik und Karaoke in der Schule<\/span><\/li><li><span style=\"color: #000000;\">internationale Abendessen und Wassermelone auf der Terrasse<\/span><\/li><li><span style=\"color: #000000;\">Schatzsuche und Gruppenspiele<\/span><\/li><\/ul>\n\n\n\n<h4 class=\"wp-block-heading\">Einige der Aktivit\u00e4ten mit kleinem Beitrag<\/h4>\n\n\n\n<ul class=\"wp-block-list\"><li><span style=\"color: #000000;\">Lektion \u00fcber italienische Weine mit Weinprobe in der Schule<\/span><\/li><li><span style=\"color: #000000;\">Zubereitung und Verkostung von Tiramisu in der Schule<\/span><\/li><li><span style=\"color: #000000;\">Abendessen in \u00f6rtlichen Restaurants mit unseren Lehrern<\/span><\/li><li><span style=\"color: #000000;\">Besuche der wichtigsten Museen von Florenz<\/span><\/li><li><span style=\"color: #000000;\">Aperitif mit Blick auf Florenz<\/span><\/li><li><span style=\"color: #000000;\">Apericena am Pool<\/span><\/li><li><span style=\"color: #000000;\">Weinproben in Weinhandlungen<\/span><\/li><\/ul>\n\n\n\n<h4 class=\"wp-block-heading\">Einige geb\u00fchrenpflichtige Aktivit\u00e4ten<\/h4>\n\n\n\n<ul class=\"wp-block-list\"><li><span style=\"color: #000000;\">Ausfl\u00fcge in andere St\u00e4dte: Siena, Pisa, Lucca, San Gimignano und Monteriggioni, Arezzo und Cortona, Pienza und Montalcino, usw<\/span><\/li><li><span style=\"color: #000000;\">Besuch von Gutsh\u00f6fen im Chianti-Gebiet mit Weinprobe<\/span><\/li><li><span style=\"color: #000000;\">Vespa Ausfl\u00fcge<\/span><\/li><li><span style=\"color: #000000;\">Ausfl\u00fcge ans Meer: 5 Terre, Viareggio, Spiagge Bianche<\/span><\/li><li><span style=\"color: #000000;\">Oper in Verona und in Torre del Lago<\/span><\/li><li><span style=\"color: #000000;\">Palio von Siena, Calcio in costume in Florenz, Palio am Arno in Pisa, Giostra del Saracino in Arezzo.<\/span><\/li><\/ul>\n\n\n\n<figure class=\"wp-block-gallery has-nested-images columns-default is-cropped wp-block-gallery-1 is-layout-flex wp-block-gallery-is-layout-flex\">\n<figure class=\"wp-block-image size-large\"><img loading=\"lazy\" decoding=\"async\" width=\"1024\" height=\"1024\" data-id=\"15443\" src=\"https:\/\/www.davidschool.com\/wp-content\/uploads\/2019\/06\/attivit\u00e0-1-1024x1024.jpg\" alt=\"\" class=\"wp-image-15443\" srcset=\"https:\/\/www.davidschool.com\/wp-content\/uploads\/2019\/06\/attivit\u00e0-1-1024x1024.jpg 1024w, https:\/\/www.davidschool.com\/wp-content\/uploads\/2019\/06\/attivit\u00e0-1-300x300.jpg 300w, https:\/\/www.davidschool.com\/wp-content\/uploads\/2019\/06\/attivit\u00e0-1-150x150.jpg 150w, https:\/\/www.davidschool.com\/wp-content\/uploads\/2019\/06\/attivit\u00e0-1-768x768.jpg 768w, https:\/\/www.davidschool.com\/wp-content\/uploads\/2019\/06\/attivit\u00e0-1-80x80.jpg 80w, https:\/\/www.davidschool.com\/wp-content\/uploads\/2019\/06\/attivit\u00e0-1-180x180.jpg 180w, https:\/\/www.davidschool.com\/wp-content\/uploads\/2019\/06\/attivit\u00e0-1.jpg 1080w\" sizes=\"auto, (max-width: 1024px) 100vw, 1024px\" \/><\/figure>\n\n\n\n<figure class=\"wp-block-image size-large\"><img loading=\"lazy\" decoding=\"async\" width=\"720\" height=\"540\" data-id=\"15446\" src=\"https:\/\/www.davidschool.com\/wp-content\/uploads\/2019\/06\/attivit\u00e0-2.jpg\" alt=\"\" class=\"wp-image-15446\" srcset=\"https:\/\/www.davidschool.com\/wp-content\/uploads\/2019\/06\/attivit\u00e0-2.jpg 720w, https:\/\/www.davidschool.com\/wp-content\/uploads\/2019\/06\/attivit\u00e0-2-300x225.jpg 300w, https:\/\/www.davidschool.com\/wp-content\/uploads\/2019\/06\/attivit\u00e0-2-80x60.jpg 80w, https:\/\/www.davidschool.com\/wp-content\/uploads\/2019\/06\/attivit\u00e0-2-240x180.jpg 240w\" sizes=\"auto, (max-width: 720px) 100vw, 720px\" \/><\/figure>\n\n\n\n<figure class=\"wp-block-image size-large\"><img loading=\"lazy\" decoding=\"async\" width=\"1024\" height=\"575\" data-id=\"15449\" src=\"https:\/\/www.davidschool.com\/wp-content\/uploads\/2019\/06\/attivit\u00e0-3-1024x575.jpg\" alt=\"\" class=\"wp-image-15449\" srcset=\"https:\/\/www.davidschool.com\/wp-content\/uploads\/2019\/06\/attivit\u00e0-3-1024x575.jpg 1024w, https:\/\/www.davidschool.com\/wp-content\/uploads\/2019\/06\/attivit\u00e0-3-300x168.jpg 300w, https:\/\/www.davidschool.com\/wp-content\/uploads\/2019\/06\/attivit\u00e0-3-768x431.jpg 768w, https:\/\/www.davidschool.com\/wp-content\/uploads\/2019\/06\/attivit\u00e0-3-80x45.jpg 80w, https:\/\/www.davidschool.com\/wp-content\/uploads\/2019\/06\/attivit\u00e0-3-1536x862.jpg 1536w, https:\/\/www.davidschool.com\/wp-content\/uploads\/2019\/06\/attivit\u00e0-3-270x152.jpg 270w, https:\/\/www.davidschool.com\/wp-content\/uploads\/2019\/06\/attivit\u00e0-3.jpg 1600w\" sizes=\"auto, (max-width: 1024px) 100vw, 1024px\" \/><\/figure>\n\n\n\n<figure class=\"wp-block-image size-large\"><img loading=\"lazy\" decoding=\"async\" width=\"960\" height=\"720\" data-id=\"15452\" src=\"https:\/\/www.davidschool.com\/wp-content\/uploads\/2019\/06\/attivit\u00e0-5.jpg\" alt=\"\" class=\"wp-image-15452\" srcset=\"https:\/\/www.davidschool.com\/wp-content\/uploads\/2019\/06\/attivit\u00e0-5.jpg 960w, https:\/\/www.davidschool.com\/wp-content\/uploads\/2019\/06\/attivit\u00e0-5-300x225.jpg 300w, https:\/\/www.davidschool.com\/wp-content\/uploads\/2019\/06\/attivit\u00e0-5-768x576.jpg 768w, https:\/\/www.davidschool.com\/wp-content\/uploads\/2019\/06\/attivit\u00e0-5-80x60.jpg 80w, https:\/\/www.davidschool.com\/wp-content\/uploads\/2019\/06\/attivit\u00e0-5-240x180.jpg 240w\" sizes=\"auto, (max-width: 960px) 100vw, 960px\" \/><\/figure>\n\n\n\n<figure class=\"wp-block-image size-large\"><img loading=\"lazy\" decoding=\"async\" width=\"1024\" height=\"576\" data-id=\"15455\" src=\"https:\/\/www.davidschool.com\/wp-content\/uploads\/2019\/06\/attivit\u00e0-10-1024x576.jpg\" alt=\"\" class=\"wp-image-15455\" srcset=\"https:\/\/www.davidschool.com\/wp-content\/uploads\/2019\/06\/attivit\u00e0-10-1024x576.jpg 1024w, https:\/\/www.davidschool.com\/wp-content\/uploads\/2019\/06\/attivit\u00e0-10-300x169.jpg 300w, https:\/\/www.davidschool.com\/wp-content\/uploads\/2019\/06\/attivit\u00e0-10-768x432.jpg 768w, https:\/\/www.davidschool.com\/wp-content\/uploads\/2019\/06\/attivit\u00e0-10-80x45.jpg 80w, https:\/\/www.davidschool.com\/wp-content\/uploads\/2019\/06\/attivit\u00e0-10-1536x864.jpg 1536w, https:\/\/www.davidschool.com\/wp-content\/uploads\/2019\/06\/attivit\u00e0-10-270x152.jpg 270w, https:\/\/www.davidschool.com\/wp-content\/uploads\/2019\/06\/attivit\u00e0-10.jpg 1920w\" sizes=\"auto, (max-width: 1024px) 100vw, 1024px\" \/><\/figure>\n\n\n\n<figure class=\"wp-block-image size-large\"><img loading=\"lazy\" decoding=\"async\" width=\"960\" height=\"720\" data-id=\"15458\" src=\"https:\/\/www.davidschool.com\/wp-content\/uploads\/2019\/06\/attivit\u00e0-15.jpg\" alt=\"\" class=\"wp-image-15458\" srcset=\"https:\/\/www.davidschool.com\/wp-content\/uploads\/2019\/06\/attivit\u00e0-15.jpg 960w, https:\/\/www.davidschool.com\/wp-content\/uploads\/2019\/06\/attivit\u00e0-15-300x225.jpg 300w, https:\/\/www.davidschool.com\/wp-content\/uploads\/2019\/06\/attivit\u00e0-15-768x576.jpg 768w, https:\/\/www.davidschool.com\/wp-content\/uploads\/2019\/06\/attivit\u00e0-15-80x60.jpg 80w, https:\/\/www.davidschool.com\/wp-content\/uploads\/2019\/06\/attivit\u00e0-15-240x180.jpg 240w\" sizes=\"auto, (max-width: 960px) 100vw, 960px\" \/><\/figure>\n\n\n\n<figure class=\"wp-block-image size-large\"><img loading=\"lazy\" decoding=\"async\" width=\"778\" height=\"567\" data-id=\"15461\" src=\"https:\/\/www.davidschool.com\/wp-content\/uploads\/2019\/06\/attivit\u00e0-21.jpg\" alt=\"\" class=\"wp-image-15461\" srcset=\"https:\/\/www.davidschool.com\/wp-content\/uploads\/2019\/06\/attivit\u00e0-21.jpg 778w, https:\/\/www.davidschool.com\/wp-content\/uploads\/2019\/06\/attivit\u00e0-21-300x219.jpg 300w, https:\/\/www.davidschool.com\/wp-content\/uploads\/2019\/06\/attivit\u00e0-21-768x560.jpg 768w, https:\/\/www.davidschool.com\/wp-content\/uploads\/2019\/06\/attivit\u00e0-21-80x58.jpg 80w, https:\/\/www.davidschool.com\/wp-content\/uploads\/2019\/06\/attivit\u00e0-21-247x180.jpg 247w\" sizes=\"auto, (max-width: 778px) 100vw, 778px\" \/><\/figure>\n\n\n\n<figure class=\"wp-block-image size-large\"><img loading=\"lazy\" decoding=\"async\" width=\"720\" height=\"540\" data-id=\"15464\" src=\"https:\/\/www.davidschool.com\/wp-content\/uploads\/2019\/06\/attivit\u00e0-23.jpg\" alt=\"\" class=\"wp-image-15464\" srcset=\"https:\/\/www.davidschool.com\/wp-content\/uploads\/2019\/06\/attivit\u00e0-23.jpg 720w, https:\/\/www.davidschool.com\/wp-content\/uploads\/2019\/06\/attivit\u00e0-23-300x225.jpg 300w, https:\/\/www.davidschool.com\/wp-content\/uploads\/2019\/06\/attivit\u00e0-23-80x60.jpg 80w, https:\/\/www.davidschool.com\/wp-content\/uploads\/2019\/06\/attivit\u00e0-23-240x180.jpg 240w\" sizes=\"auto, (max-width: 720px) 100vw, 720px\" \/><\/figure>\n\n\n\n<figure class=\"wp-block-image size-large\"><img loading=\"lazy\" decoding=\"async\" width=\"1024\" height=\"768\" data-id=\"15467\" src=\"https:\/\/www.davidschool.com\/wp-content\/uploads\/2019\/06\/attivit\u00e0-28-1024x768.jpg\" alt=\"\" class=\"wp-image-15467\" srcset=\"https:\/\/www.davidschool.com\/wp-content\/uploads\/2019\/06\/attivit\u00e0-28-1024x768.jpg 1024w, https:\/\/www.davidschool.com\/wp-content\/uploads\/2019\/06\/attivit\u00e0-28-300x225.jpg 300w, https:\/\/www.davidschool.com\/wp-content\/uploads\/2019\/06\/attivit\u00e0-28-768x576.jpg 768w, https:\/\/www.davidschool.com\/wp-content\/uploads\/2019\/06\/attivit\u00e0-28-80x60.jpg 80w, https:\/\/www.davidschool.com\/wp-content\/uploads\/2019\/06\/attivit\u00e0-28-1536x1152.jpg 1536w, https:\/\/www.davidschool.com\/wp-content\/uploads\/2019\/06\/attivit\u00e0-28-2048x1536.jpg 2048w, https:\/\/www.davidschool.com\/wp-content\/uploads\/2019\/06\/attivit\u00e0-28-240x180.jpg 240w\" sizes=\"auto, (max-width: 1024px) 100vw, 1024px\" \/><\/figure>\n\n\n\n<figure class=\"wp-block-image size-large\"><img loading=\"lazy\" decoding=\"async\" width=\"1024\" height=\"768\" data-id=\"15470\" src=\"https:\/\/www.davidschool.com\/wp-content\/uploads\/2019\/06\/attivit\u00e0-27-1024x768.jpg\" alt=\"\" class=\"wp-image-15470\" srcset=\"https:\/\/www.davidschool.com\/wp-content\/uploads\/2019\/06\/attivit\u00e0-27-1024x768.jpg 1024w, https:\/\/www.davidschool.com\/wp-content\/uploads\/2019\/06\/attivit\u00e0-27-300x225.jpg 300w, https:\/\/www.davidschool.com\/wp-content\/uploads\/2019\/06\/attivit\u00e0-27-768x576.jpg 768w, https:\/\/www.davidschool.com\/wp-content\/uploads\/2019\/06\/attivit\u00e0-27-80x60.jpg 80w, https:\/\/www.davidschool.com\/wp-content\/uploads\/2019\/06\/attivit\u00e0-27-1536x1152.jpg 1536w, https:\/\/www.davidschool.com\/wp-content\/uploads\/2019\/06\/attivit\u00e0-27-2048x1536.jpg 2048w, https:\/\/www.davidschool.com\/wp-content\/uploads\/2019\/06\/attivit\u00e0-27-240x180.jpg 240w\" sizes=\"auto, (max-width: 1024px) 100vw, 1024px\" \/><\/figure>\n\n\n\n<figure class=\"wp-block-image size-large\"><img loading=\"lazy\" decoding=\"async\" width=\"1024\" height=\"768\" data-id=\"15473\" src=\"https:\/\/www.davidschool.com\/wp-content\/uploads\/2019\/06\/attivit\u00e0-31-1024x768.jpg\" alt=\"\" class=\"wp-image-15473\" srcset=\"https:\/\/www.davidschool.com\/wp-content\/uploads\/2019\/06\/attivit\u00e0-31-1024x768.jpg 1024w, https:\/\/www.davidschool.com\/wp-content\/uploads\/2019\/06\/attivit\u00e0-31-300x225.jpg 300w, https:\/\/www.davidschool.com\/wp-content\/uploads\/2019\/06\/attivit\u00e0-31-768x576.jpg 768w, https:\/\/www.davidschool.com\/wp-content\/uploads\/2019\/06\/attivit\u00e0-31-80x60.jpg 80w, https:\/\/www.davidschool.com\/wp-content\/uploads\/2019\/06\/attivit\u00e0-31-1536x1152.jpg 1536w, https:\/\/www.davidschool.com\/wp-content\/uploads\/2019\/06\/attivit\u00e0-31-2048x1536.jpg 2048w, https:\/\/www.davidschool.com\/wp-content\/uploads\/2019\/06\/attivit\u00e0-31-240x180.jpg 240w\" sizes=\"auto, (max-width: 1024px) 100vw, 1024px\" \/><\/figure>\n\n\n\n<figure class=\"wp-block-image size-large\"><img loading=\"lazy\" decoding=\"async\" width=\"1024\" height=\"768\" data-id=\"15476\" src=\"https:\/\/www.davidschool.com\/wp-content\/uploads\/2019\/06\/attivit\u00e0-24-1024x768.jpg\" alt=\"\" class=\"wp-image-15476\" srcset=\"https:\/\/www.davidschool.com\/wp-content\/uploads\/2019\/06\/attivit\u00e0-24-1024x768.jpg 1024w, https:\/\/www.davidschool.com\/wp-content\/uploads\/2019\/06\/attivit\u00e0-24-300x225.jpg 300w, https:\/\/www.davidschool.com\/wp-content\/uploads\/2019\/06\/attivit\u00e0-24-768x576.jpg 768w, https:\/\/www.davidschool.com\/wp-content\/uploads\/2019\/06\/attivit\u00e0-24-80x60.jpg 80w, https:\/\/www.davidschool.com\/wp-content\/uploads\/2019\/06\/attivit\u00e0-24-1536x1152.jpg 1536w, https:\/\/www.davidschool.com\/wp-content\/uploads\/2019\/06\/attivit\u00e0-24-240x180.jpg 240w, https:\/\/www.davidschool.com\/wp-content\/uploads\/2019\/06\/attivit\u00e0-24.jpg 2048w\" sizes=\"auto, (max-width: 1024px) 100vw, 1024px\" \/><\/figure>\n<\/figure>\n","protected":false},"excerpt":{"rendered":"<p>Aktivit\u00e4ten, Besuche, Spazierg\u00e4nge, Spiele, Veranstaltungen, Ausfl\u00fcge und vieles mehr Florenz ist eine Stadt voller Dinge zu sehen, zu besuchen, und zu tun. W\u00e4hrend Ihres Aufenthalts in Florenz, w\u00e4hrend Sie an unseren Italienischkursen teilnehmen, k\u00f6nnen Sie Ihre Freizeit nutzen, um an unseren Nachmittags- und Wochenendaktivit\u00e4ten teilzunehmen.Wir werden Ihnen helfen, Florenz und seine Denkm\u00e4ler kennenzulernen und zu [&hellip;]<\/p>\n","protected":false},"author":1,"featured_media":0,"parent":0,"menu_order":0,"comment_status":"closed","ping_status":"closed","template":"","meta":{"footnotes":""},"class_list":["post-823","page","type-page","status-publish","hentry"],"yoast_head":"<!-- This site is optimized with the Yoast SEO plugin v27.4 - https:\/\/yoast.com\/product\/yoast-seo-wordpress\/ -->\n<title>Aktivit\u00e4ten f\u00fcr Studenten in der Schule und in Florenz | Istituto IL DAVID<\/title>\n<meta name=\"description\" content=\"Viele Aktivit\u00e4ten nach Italienisch Sprachkursen mit unseren Lehrern und mit anderen Studenten. Spazierg\u00e4nge, Besuche, Ausfl\u00fcge und vieles mehr\" \/>\n<meta name=\"robots\" content=\"index, follow, max-snippet:-1, max-image-preview:large, max-video-preview:-1\" \/>\n<link rel=\"canonical\" href=\"https:\/\/www.davidschool.com\/de\/freizeitaktivitaeten-florenz\/\" \/>\n<meta property=\"og:locale\" content=\"de_DE\" \/>\n<meta property=\"og:type\" content=\"article\" \/>\n<meta property=\"og:title\" content=\"Aktivit\u00e4ten f\u00fcr Studenten in der Schule und in Florenz | Istituto IL DAVID\" \/>\n<meta property=\"og:description\" content=\"Viele Aktivit\u00e4ten nach Italienisch Sprachkursen mit unseren Lehrern und mit anderen Studenten. Spazierg\u00e4nge, Besuche, Ausfl\u00fcge und vieles mehr\" \/>\n<meta property=\"og:url\" content=\"https:\/\/www.davidschool.com\/de\/freizeitaktivitaeten-florenz\/\" \/>\n<meta property=\"og:site_name\" content=\"Istituto IL DAVID\" \/>\n<meta property=\"article:modified_time\" content=\"2023-03-25T13:52:04+00:00\" \/>\n<meta property=\"og:image\" content=\"https:\/\/www.davidschool.com\/wp-content\/uploads\/2020\/05\/9.jpg\" \/>\n<meta name=\"twitter:card\" content=\"summary_large_image\" \/>\n<meta name=\"twitter:label1\" content=\"Gesch\u00e4tzte Lesezeit\" \/>\n\t<meta name=\"twitter:data1\" content=\"5\u00a0Minuten\" \/>\n<script type=\"application\/ld+json\" class=\"yoast-schema-graph\">{\"@context\":\"https:\\\/\\\/schema.org\",\"@graph\":[{\"@type\":\"WebPage\",\"@id\":\"https:\\\/\\\/www.davidschool.com\\\/de\\\/freizeitaktivitaeten-florenz\\\/\",\"url\":\"https:\\\/\\\/www.davidschool.com\\\/de\\\/freizeitaktivitaeten-florenz\\\/\",\"name\":\"Aktivit\u00e4ten f\u00fcr Studenten in der Schule und in Florenz | Istituto IL DAVID\",\"isPartOf\":{\"@id\":\"https:\\\/\\\/www.davidschool.com\\\/de\\\/#website\"},\"primaryImageOfPage\":{\"@id\":\"https:\\\/\\\/www.davidschool.com\\\/de\\\/freizeitaktivitaeten-florenz\\\/#primaryimage\"},\"image\":{\"@id\":\"https:\\\/\\\/www.davidschool.com\\\/de\\\/freizeitaktivitaeten-florenz\\\/#primaryimage\"},\"thumbnailUrl\":\"https:\\\/\\\/www.davidschool.com\\\/wp-content\\\/uploads\\\/2020\\\/05\\\/9.jpg\",\"datePublished\":\"2019-06-03T14:42:30+00:00\",\"dateModified\":\"2023-03-25T13:52:04+00:00\",\"description\":\"Viele Aktivit\u00e4ten nach Italienisch Sprachkursen mit unseren Lehrern und mit anderen Studenten. Spazierg\u00e4nge, Besuche, Ausfl\u00fcge und vieles mehr\",\"breadcrumb\":{\"@id\":\"https:\\\/\\\/www.davidschool.com\\\/de\\\/freizeitaktivitaeten-florenz\\\/#breadcrumb\"},\"inLanguage\":\"de\",\"potentialAction\":[{\"@type\":\"ReadAction\",\"target\":[\"https:\\\/\\\/www.davidschool.com\\\/de\\\/freizeitaktivitaeten-florenz\\\/\"]}]},{\"@type\":\"ImageObject\",\"inLanguage\":\"de\",\"@id\":\"https:\\\/\\\/www.davidschool.com\\\/de\\\/freizeitaktivitaeten-florenz\\\/#primaryimage\",\"url\":\"https:\\\/\\\/www.davidschool.com\\\/wp-content\\\/uploads\\\/2020\\\/05\\\/9.jpg\",\"contentUrl\":\"https:\\\/\\\/www.davidschool.com\\\/wp-content\\\/uploads\\\/2020\\\/05\\\/9.jpg\"},{\"@type\":\"BreadcrumbList\",\"@id\":\"https:\\\/\\\/www.davidschool.com\\\/de\\\/freizeitaktivitaeten-florenz\\\/#breadcrumb\",\"itemListElement\":[{\"@type\":\"ListItem\",\"position\":1,\"name\":\"Home\",\"item\":\"https:\\\/\\\/www.davidschool.com\\\/de\\\/\"},{\"@type\":\"ListItem\",\"position\":2,\"name\":\"SCHULAKTIVIT\u00c4TEN\"}]},{\"@type\":\"WebSite\",\"@id\":\"https:\\\/\\\/www.davidschool.com\\\/de\\\/#website\",\"url\":\"https:\\\/\\\/www.davidschool.com\\\/de\\\/\",\"name\":\"Istituto IL DAVID\",\"description\":\"Italian Language School\",\"publisher\":{\"@id\":\"https:\\\/\\\/www.davidschool.com\\\/de\\\/#organization\"},\"potentialAction\":[{\"@type\":\"SearchAction\",\"target\":{\"@type\":\"EntryPoint\",\"urlTemplate\":\"https:\\\/\\\/www.davidschool.com\\\/de\\\/?s={search_term_string}\"},\"query-input\":{\"@type\":\"PropertyValueSpecification\",\"valueRequired\":true,\"valueName\":\"search_term_string\"}}],\"inLanguage\":\"de\"},{\"@type\":\"Organization\",\"@id\":\"https:\\\/\\\/www.davidschool.com\\\/de\\\/#organization\",\"name\":\"Istituto Il David\",\"url\":\"https:\\\/\\\/www.davidschool.com\\\/de\\\/\",\"logo\":{\"@type\":\"ImageObject\",\"inLanguage\":\"de\",\"@id\":\"https:\\\/\\\/www.davidschool.com\\\/de\\\/#\\\/schema\\\/logo\\\/image\\\/\",\"url\":\"https:\\\/\\\/www.davidschool.com\\\/wp-content\\\/uploads\\\/2019\\\/05\\\/Il-David_logo.png\",\"contentUrl\":\"https:\\\/\\\/www.davidschool.com\\\/wp-content\\\/uploads\\\/2019\\\/05\\\/Il-David_logo.png\",\"width\":429,\"height\":133,\"caption\":\"Istituto Il David\"},\"image\":{\"@id\":\"https:\\\/\\\/www.davidschool.com\\\/de\\\/#\\\/schema\\\/logo\\\/image\\\/\"}}]}<\/script>\n<!-- \/ Yoast SEO plugin. -->","yoast_head_json":{"title":"Aktivit\u00e4ten f\u00fcr Studenten in der Schule und in Florenz | Istituto IL DAVID","description":"Viele Aktivit\u00e4ten nach Italienisch Sprachkursen mit unseren Lehrern und mit anderen Studenten. Spazierg\u00e4nge, Besuche, Ausfl\u00fcge und vieles mehr","robots":{"index":"index","follow":"follow","max-snippet":"max-snippet:-1","max-image-preview":"max-image-preview:large","max-video-preview":"max-video-preview:-1"},"canonical":"https:\/\/www.davidschool.com\/de\/freizeitaktivitaeten-florenz\/","og_locale":"de_DE","og_type":"article","og_title":"Aktivit\u00e4ten f\u00fcr Studenten in der Schule und in Florenz | Istituto IL DAVID","og_description":"Viele Aktivit\u00e4ten nach Italienisch Sprachkursen mit unseren Lehrern und mit anderen Studenten. Spazierg\u00e4nge, Besuche, Ausfl\u00fcge und vieles mehr","og_url":"https:\/\/www.davidschool.com\/de\/freizeitaktivitaeten-florenz\/","og_site_name":"Istituto IL DAVID","article_modified_time":"2023-03-25T13:52:04+00:00","og_image":[{"url":"https:\/\/www.davidschool.com\/wp-content\/uploads\/2020\/05\/9.jpg","type":"","width":"","height":""}],"twitter_card":"summary_large_image","twitter_misc":{"Gesch\u00e4tzte Lesezeit":"5\u00a0Minuten"},"schema":{"@context":"https:\/\/schema.org","@graph":[{"@type":"WebPage","@id":"https:\/\/www.davidschool.com\/de\/freizeitaktivitaeten-florenz\/","url":"https:\/\/www.davidschool.com\/de\/freizeitaktivitaeten-florenz\/","name":"Aktivit\u00e4ten f\u00fcr Studenten in der Schule und in Florenz | Istituto IL DAVID","isPartOf":{"@id":"https:\/\/www.davidschool.com\/de\/#website"},"primaryImageOfPage":{"@id":"https:\/\/www.davidschool.com\/de\/freizeitaktivitaeten-florenz\/#primaryimage"},"image":{"@id":"https:\/\/www.davidschool.com\/de\/freizeitaktivitaeten-florenz\/#primaryimage"},"thumbnailUrl":"https:\/\/www.davidschool.com\/wp-content\/uploads\/2020\/05\/9.jpg","datePublished":"2019-06-03T14:42:30+00:00","dateModified":"2023-03-25T13:52:04+00:00","description":"Viele Aktivit\u00e4ten nach Italienisch Sprachkursen mit unseren Lehrern und mit anderen Studenten. Spazierg\u00e4nge, Besuche, Ausfl\u00fcge und vieles mehr","breadcrumb":{"@id":"https:\/\/www.davidschool.com\/de\/freizeitaktivitaeten-florenz\/#breadcrumb"},"inLanguage":"de","potentialAction":[{"@type":"ReadAction","target":["https:\/\/www.davidschool.com\/de\/freizeitaktivitaeten-florenz\/"]}]},{"@type":"ImageObject","inLanguage":"de","@id":"https:\/\/www.davidschool.com\/de\/freizeitaktivitaeten-florenz\/#primaryimage","url":"https:\/\/www.davidschool.com\/wp-content\/uploads\/2020\/05\/9.jpg","contentUrl":"https:\/\/www.davidschool.com\/wp-content\/uploads\/2020\/05\/9.jpg"},{"@type":"BreadcrumbList","@id":"https:\/\/www.davidschool.com\/de\/freizeitaktivitaeten-florenz\/#breadcrumb","itemListElement":[{"@type":"ListItem","position":1,"name":"Home","item":"https:\/\/www.davidschool.com\/de\/"},{"@type":"ListItem","position":2,"name":"SCHULAKTIVIT\u00c4TEN"}]},{"@type":"WebSite","@id":"https:\/\/www.davidschool.com\/de\/#website","url":"https:\/\/www.davidschool.com\/de\/","name":"Istituto IL DAVID","description":"Italian Language School","publisher":{"@id":"https:\/\/www.davidschool.com\/de\/#organization"},"potentialAction":[{"@type":"SearchAction","target":{"@type":"EntryPoint","urlTemplate":"https:\/\/www.davidschool.com\/de\/?s={search_term_string}"},"query-input":{"@type":"PropertyValueSpecification","valueRequired":true,"valueName":"search_term_string"}}],"inLanguage":"de"},{"@type":"Organization","@id":"https:\/\/www.davidschool.com\/de\/#organization","name":"Istituto Il David","url":"https:\/\/www.davidschool.com\/de\/","logo":{"@type":"ImageObject","inLanguage":"de","@id":"https:\/\/www.davidschool.com\/de\/#\/schema\/logo\/image\/","url":"https:\/\/www.davidschool.com\/wp-content\/uploads\/2019\/05\/Il-David_logo.png","contentUrl":"https:\/\/www.davidschool.com\/wp-content\/uploads\/2019\/05\/Il-David_logo.png","width":429,"height":133,"caption":"Istituto Il David"},"image":{"@id":"https:\/\/www.davidschool.com\/de\/#\/schema\/logo\/image\/"}}]}},"_links":{"self":[{"href":"https:\/\/www.davidschool.com\/de\/wp-json\/wp\/v2\/pages\/823","targetHints":{"allow":["GET"]}}],"collection":[{"href":"https:\/\/www.davidschool.com\/de\/wp-json\/wp\/v2\/pages"}],"about":[{"href":"https:\/\/www.davidschool.com\/de\/wp-json\/wp\/v2\/types\/page"}],"author":[{"embeddable":true,"href":"https:\/\/www.davidschool.com\/de\/wp-json\/wp\/v2\/users\/1"}],"replies":[{"embeddable":true,"href":"https:\/\/www.davidschool.com\/de\/wp-json\/wp\/v2\/comments?post=823"}],"version-history":[{"count":9,"href":"https:\/\/www.davidschool.com\/de\/wp-json\/wp\/v2\/pages\/823\/revisions"}],"predecessor-version":[{"id":29141,"href":"https:\/\/www.davidschool.com\/de\/wp-json\/wp\/v2\/pages\/823\/revisions\/29141"}],"wp:attachment":[{"href":"https:\/\/www.davidschool.com\/de\/wp-json\/wp\/v2\/media?parent=823"}],"curies":[{"name":"wp","href":"https:\/\/api.w.org\/{rel}","templated":true}]}}