{"id":834,"date":"2019-06-03T16:52:06","date_gmt":"2019-06-03T14:52:06","guid":{"rendered":"http:\/\/3.122.4.63\/?page_id=834"},"modified":"2026-03-27T15:03:37","modified_gmt":"2026-03-27T14:03:37","slug":"sprachschule-dienstleistungen-florenz","status":"publish","type":"page","link":"https:\/\/www.davidschool.com\/de\/sprachschule-dienstleistungen-florenz\/","title":{"rendered":"DIENSTLEISTUNGEN DER SCHULE"},"content":{"rendered":"\n<figure class=\"wp-block-image size-large\"><img loading=\"lazy\" decoding=\"async\" width=\"883\" height=\"378\" src=\"https:\/\/www.davidschool.com\/wp-content\/uploads\/2020\/05\/10.jpg\" alt=\"\" class=\"wp-image-15063\" srcset=\"https:\/\/www.davidschool.com\/wp-content\/uploads\/2020\/05\/10.jpg 883w, https:\/\/www.davidschool.com\/wp-content\/uploads\/2020\/05\/10-300x128.jpg 300w, https:\/\/www.davidschool.com\/wp-content\/uploads\/2020\/05\/10-768x329.jpg 768w, https:\/\/www.davidschool.com\/wp-content\/uploads\/2020\/05\/10-80x34.jpg 80w, https:\/\/www.davidschool.com\/wp-content\/uploads\/2020\/05\/10-270x116.jpg 270w\" sizes=\"auto, (max-width: 883px) 100vw, 883px\" \/><\/figure>\n\n\n\n<h2 class=\"wp-block-heading\">Dienstleistungen und Unterst\u00fctzung f\u00fcr Studenten vor, w\u00e4hrend und nach dem Kurs<\/h2>\n\n\n\n<h3 class=\"wp-block-heading\">BILDUNGSURLAUB<\/h3>\n\n\n\n<p><span style=\"color: #000000;\">Das Institut ist als Institution f\u00fcr den Bildungsurlaub in Baden-W\u00fcrttemberg<\/span>, <span style=\"color: #000000;\">Berlin, Hamburg, Hessen,  Niedersachsen, Rheinland-Pfalz, Saarland und Schleswig-Holstein anerkannt, f\u00fcr den Fall, dass ein Student einen Antrag stellen m\u00f6chte.<\/span><br>F\u00fcr Teilnehmer am Bildungsurlaub in Bundesl\u00e4ndern, in denen 30 Vollstunden vorgeschrieben sind, sind die optionalen kultur- und geschichtlichen Unterrichtseinheiten, die nachmittags angeboten werden, verpflichtend, um die erforderlichen 30 Wochenstunden zu erreichen.<\/p>\n\n\n\n<h3 class=\"wp-block-heading\">UNTERST\u00dcTZUNG<\/h3>\n\n\n\n<p><span style=\"color: #000000;\">Die Schule bietet ihren Studenten kostenlose Hilfe f\u00fcr Visum, Aufenthaltsgenehmigungen, Krankenversicherung, Bankkontoer\u00f6ffnung, Steuernummeranfrage, Immobilienvertr\u00e4ge und Praktika an.<\/span><\/p>\n\n\n\n<h3 class=\"wp-block-heading\">STUDIENVISUM<\/h3>\n\n\n\n<p>Kursteilnehmer, die aus Nicht-EU-Mitgliedsstaaten kommen und l\u00e4nger als drei Monate in Italien bleiben m\u00f6chten, m\u00fcssen sich ein Studienvisum (Visa) in der Italienischen Botschaft ihres Landes besorgen. Um ein Studienvisum zu erhalten, m\u00fcssen die Kursteilnehmer die Einschreibebescheinigung f\u00fcr die Kurse der Schule und andere Dokumente, die von der Botschaft verlangt werden, vorlegen.<br>Diese Dokumente werden von unserem Institut zugeschickt, nachdem wir die Anzahlung erhalten und die Einschreibung best\u00e4tigt haben. Da es in einigen L\u00e4ndern andere Bestimmungen gibt, raten wir den Kursteilnehmern, sich in jedem Fall bei der Italienischen Botschaft in ihrem Land zu informieren, bevor sie Reservierungen vornehmen und die Reise buchen.<br>Besuchen Sie unsere Seite <strong><a href=\"https:\/\/www.davidschool.com\/en\/student-visa\/\">Studienvisum<\/a><\/strong> f\u00fcr weitere Informationen.<\/p>\n\n\n\n<h3 class=\"wp-block-heading\">MEDIZINISCHE HILFE UND KRANKENVERSICHERUNG<\/h3>\n\n\n\n<p>Unsere Schule arbeitet mit \u00e4rztlichen und zahn\u00e4rztlichen Praxen in der N\u00e4he der Schule zusammen, die unseren Sch\u00fclern bei Bedarf sofort helfen k\u00f6nnen. Studenten aus L\u00e4ndern, die der Europ\u00e4ischen Union angeh\u00f6ren, k\u00f6nnen mit der Europ\u00e4ischen Krankenversicherungskarte (EKVK) alle Gesundheitsleistungen in Anspruch nehmen.<br>F\u00fcr Studenten, die nicht in L\u00e4ndern der Europ\u00e4ischen Union wohnen, ist bei Aufenthalten von weniger als drei Monaten eine Krankenversicherung nicht obligatorisch, aber empfohlen.<br>F\u00fcr Studenten aus Nicht-EU-L\u00e4ndern, die sich l\u00e4nger als drei Monate in Italien aufhalten, ist es f\u00fcr den Erhalt eines Studienvisums obligatorisch, eine pers\u00f6nliche Krankenversicherung abzuschlie\u00dfen. Sie haben drei Optionen zur Verf\u00fcgung. Sie k\u00f6nnen eine private Versicherung in Ihrem Land abschlie\u00dfen, ansonsten kann die Schule diesen Service f\u00fcr Sie \u00fcbernehmen. Sie k\u00f6nnen eine private Versicherung oder eine \u00f6ffentliche Versicherung des italienischen Staatlichen Gesundheitsdienstes (SSN) w\u00e4hlen.<\/p>\n\n\n\n<h3 class=\"wp-block-heading\">KURS UND UNTERKUNFT R\u00dcCKTRITTSVERSICHERUNG<\/h3>\n\n\n\n<p>Auf Wunsch, bietet die Schule eine Versicherung f\u00fcr volle R\u00fcckerstattung im Falle einer Stornierung innerhalb von zwei Tagen vor der Ankunft des Studenten in Florenz.<\/p>\n\n\n\n<h3 class=\"wp-block-heading\">UNTERK\u00dcNFTE<\/h3>\n\n\n\n<p>Die Schule bietet ihren Studenten einen kostenlosen Service zur Unterkunftssuche f\u00fcr jede Art von Anfrage und f\u00fcr die gesamte Dauer des Aufenthalts in Florenz. <br>Besuchen Sie unsere Unterkunftsseite, um Merkmale und Preise zu sehen. <a href=\"https:\/\/www.davidschool.com\/de\/unterkunft-in-florenz\/\">Klicken Sie hier<\/a>.<\/p>\n\n\n\n<h3 class=\"wp-block-heading\">FREIZEITAKTIVIT\u00c4TEN<\/h3>\n\n\n\n<p>Die Schule bietet mindestens 5 Freizeitaktivit\u00e4ten pro Woche an. Alle Aktivit\u00e4ten werden mit unseren Lehrerinnen nach dem Unterricht und an den Wochenenden durchgef\u00fchrt, so dass alle Sch\u00fcler teilnehmen k\u00f6nnen. Besuchen <br>Sie unsere Seite Florenz besuchen, um alle Aktivit\u00e4ten zu sehen. <a href=\"https:\/\/www.davidschool.com\/de\/freizeitaktivitaeten-florenz\/\">Klicken Sie hier<\/a>.<\/p>\n\n\n\n<h3 class=\"wp-block-heading\">TRANSFER<\/h3>\n\n\n\n<p><span style=\"color: #000000;\">Die Schule bietet einen professionellen Transferservice vom Flughafen Florenz oder vom Hauptbahnhof zur gebuchten Wohnung an. Ein individueller und sicherer Service bei deiner Ankunft.<\/span><\/p>\n\n\n\n<h3 class=\"wp-block-heading\">BESCHEINIGUNGEN F\u00dcR DIE AUFENTHALTSGENEHMIGUNG<\/h3>\n\n\n\n<p>Wenn Sie die Nationalit\u00e4t eines Nicht-EU-Landes haben und ein Studienvisum f\u00fcr einen Zeitraum von mehr als 90 Tagen erhalten haben, m\u00fcssen Sie innerhalb von 8 Tagen nach Ihrer Einreise nach Italien eine Aufenthaltsgenehmigung beantragen. Wenn Sie in der Schule ankommen, geben wir Ihnen die notwendige Hilfe und n\u00fctzliche Informationen f\u00fcr die Antragstellung im Postamt in der N\u00e4he der Schule.<br>Wenn Sie planen, sich nach Ablauf Ihres Studienvisums noch eine Zeit lang in Italien aufzuhalten, m\u00fcssen Sie die Verl\u00e4ngerung Ihrer Aufenthaltsgenehmigung mindestens einen Monat vor dem Ablaufdatum beantragen. Um Ihre Aufenthaltsgenehmigung zu verl\u00e4ngern, m\u00fcssen Sie sich f\u00fcr einen Kurs an der Schule anmelden und Ihre neue Einschreibebescheinigung vorlegen.<\/p>\n\n\n\n<h3 class=\"wp-block-heading\">BENUTZUNG DER R\u00c4UMLICHKEITEN UNSERER SCHULE<\/h3>\n\n\n\n<p>Die Kursteilnehmer k\u00f6nnen alle verf\u00fcgbaren Klassenzimmer und R\u00e4umlichkeiten der Schule von 9 Uhr bis 18 Uhr nutzen um zu lernen, Filme anzuschauen usw.<\/p>\n\n\n\n<h3 class=\"wp-block-heading\">MITTAGESSEN<\/h3>\n\n\n\n<p><span style=\"color: #000000;\">Die Schule hat eine Vereinbarung mit einem Selbstbedienungsrestaurant, eine Minute zu Fu\u00df von der Schule entfernt, das in der Mittagspause einen Rabatt f\u00fcr die Studenten der Schule bietet.<\/span> Nah, schnell, g\u00fcnstig, gutes Essen, Auswahl an Gerichten.<\/p>\n\n\n\n<h3 class=\"wp-block-heading\">RESERVIERUNG VON MUSEEN<\/h3>\n\n\n\n<p><span style=\"color: #000000;\">Die Schule bietet einen kostenlosen Buchungsservice f\u00fcr Museen in Florenz.<\/span><\/p>\n\n\n\n<h3 class=\"wp-block-heading\">SPORT<\/h3>\n\n\n\n<p>Die Schule hat eine Vereinbarung mit einigen Fitness-Studios in der Innenstadt von Florenz. Im Zentrum ist es m\u00f6glich, Tennis und Tanzunterricht zu buchen. Au\u00dferhalb des Zentrums kann man jede Art von Sport machen.<\/p>\n\n\n\n<h3 class=\"wp-block-heading\">STIPENDIEN<\/h3>\n\n\n\n<p>Das Istituto Il David stellt j\u00e4hrlich einige Stipendien zur Verf\u00fcgung, die ausschlie\u00dflich \u00fcber die Italienischen Kulturinstitute in den Gro\u00dfst\u00e4dten aller L\u00e4nder der Welt und \u00fcber einige internationale Universit\u00e4ten vergeben werden. Die Anfrage muss direkt beim Italienischen Kulturinstitut oder bei der Universit\u00e4t eingerichtet werden.<\/p>\n","protected":false},"excerpt":{"rendered":"<p>Dienstleistungen und Unterst\u00fctzung f\u00fcr Studenten vor, w\u00e4hrend und nach dem Kurs BILDUNGSURLAUB Das Institut ist als Institution f\u00fcr den Bildungsurlaub in Baden-W\u00fcrttemberg, Berlin, Hamburg, Hessen, Niedersachsen, Rheinland-Pfalz, Saarland und Schleswig-Holstein anerkannt, f\u00fcr den Fall, dass ein Student einen Antrag stellen m\u00f6chte.F\u00fcr Teilnehmer am Bildungsurlaub in Bundesl\u00e4ndern, in denen 30 Vollstunden vorgeschrieben sind, sind die optionalen [&hellip;]<\/p>\n","protected":false},"author":1,"featured_media":0,"parent":0,"menu_order":0,"comment_status":"closed","ping_status":"closed","template":"","meta":{"footnotes":""},"class_list":["post-834","page","type-page","status-publish","hentry"],"yoast_head":"<!-- This site is optimized with the Yoast SEO plugin v27.4 - https:\/\/yoast.com\/product\/yoast-seo-wordpress\/ -->\n<title>Dienstleistungen und Assistenz f\u00fcr Studenten in Florenz | Istituto IL DAVID<\/title>\n<meta name=\"description\" content=\"Dienstleistungen und Assistenz f\u00fcr Studenten der Italienische Sprachschule. Bescheinigungen f\u00fcr den Erhalt eines Studienvisums in Italien und einer Aufenthaltserlaubnis in Florenz.\" \/>\n<meta name=\"robots\" content=\"index, follow, max-snippet:-1, max-image-preview:large, max-video-preview:-1\" \/>\n<link rel=\"canonical\" href=\"https:\/\/www.davidschool.com\/de\/sprachschule-dienstleistungen-florenz\/\" \/>\n<meta property=\"og:locale\" content=\"de_DE\" \/>\n<meta property=\"og:type\" content=\"article\" \/>\n<meta property=\"og:title\" content=\"Dienstleistungen und Assistenz f\u00fcr Studenten in Florenz | Istituto IL DAVID\" \/>\n<meta property=\"og:description\" content=\"Dienstleistungen und Assistenz f\u00fcr Studenten der Italienische Sprachschule. Bescheinigungen f\u00fcr den Erhalt eines Studienvisums in Italien und einer Aufenthaltserlaubnis in Florenz.\" \/>\n<meta property=\"og:url\" content=\"https:\/\/www.davidschool.com\/de\/sprachschule-dienstleistungen-florenz\/\" \/>\n<meta property=\"og:site_name\" content=\"Istituto IL DAVID\" \/>\n<meta property=\"article:modified_time\" content=\"2026-03-27T14:03:37+00:00\" \/>\n<meta property=\"og:image\" content=\"https:\/\/www.davidschool.com\/wp-content\/uploads\/2020\/05\/10.jpg\" \/>\n\t<meta property=\"og:image:width\" content=\"883\" \/>\n\t<meta property=\"og:image:height\" content=\"378\" \/>\n\t<meta property=\"og:image:type\" content=\"image\/jpeg\" \/>\n<meta name=\"twitter:card\" content=\"summary_large_image\" \/>\n<meta name=\"twitter:label1\" content=\"Gesch\u00e4tzte Lesezeit\" \/>\n\t<meta name=\"twitter:data1\" content=\"4\u00a0Minuten\" \/>\n<script type=\"application\/ld+json\" class=\"yoast-schema-graph\">{\"@context\":\"https:\\\/\\\/schema.org\",\"@graph\":[{\"@type\":\"WebPage\",\"@id\":\"https:\\\/\\\/www.davidschool.com\\\/de\\\/sprachschule-dienstleistungen-florenz\\\/\",\"url\":\"https:\\\/\\\/www.davidschool.com\\\/de\\\/sprachschule-dienstleistungen-florenz\\\/\",\"name\":\"Dienstleistungen und Assistenz f\u00fcr Studenten in Florenz | Istituto IL DAVID\",\"isPartOf\":{\"@id\":\"https:\\\/\\\/www.davidschool.com\\\/de\\\/#website\"},\"primaryImageOfPage\":{\"@id\":\"https:\\\/\\\/www.davidschool.com\\\/de\\\/sprachschule-dienstleistungen-florenz\\\/#primaryimage\"},\"image\":{\"@id\":\"https:\\\/\\\/www.davidschool.com\\\/de\\\/sprachschule-dienstleistungen-florenz\\\/#primaryimage\"},\"thumbnailUrl\":\"https:\\\/\\\/www.davidschool.com\\\/wp-content\\\/uploads\\\/2020\\\/05\\\/10.jpg\",\"datePublished\":\"2019-06-03T14:52:06+00:00\",\"dateModified\":\"2026-03-27T14:03:37+00:00\",\"description\":\"Dienstleistungen und Assistenz f\u00fcr Studenten der Italienische Sprachschule. Bescheinigungen f\u00fcr den Erhalt eines Studienvisums in Italien und einer Aufenthaltserlaubnis in Florenz.\",\"breadcrumb\":{\"@id\":\"https:\\\/\\\/www.davidschool.com\\\/de\\\/sprachschule-dienstleistungen-florenz\\\/#breadcrumb\"},\"inLanguage\":\"de\",\"potentialAction\":[{\"@type\":\"ReadAction\",\"target\":[\"https:\\\/\\\/www.davidschool.com\\\/de\\\/sprachschule-dienstleistungen-florenz\\\/\"]}]},{\"@type\":\"ImageObject\",\"inLanguage\":\"de\",\"@id\":\"https:\\\/\\\/www.davidschool.com\\\/de\\\/sprachschule-dienstleistungen-florenz\\\/#primaryimage\",\"url\":\"https:\\\/\\\/www.davidschool.com\\\/wp-content\\\/uploads\\\/2020\\\/05\\\/10.jpg\",\"contentUrl\":\"https:\\\/\\\/www.davidschool.com\\\/wp-content\\\/uploads\\\/2020\\\/05\\\/10.jpg\"},{\"@type\":\"BreadcrumbList\",\"@id\":\"https:\\\/\\\/www.davidschool.com\\\/de\\\/sprachschule-dienstleistungen-florenz\\\/#breadcrumb\",\"itemListElement\":[{\"@type\":\"ListItem\",\"position\":1,\"name\":\"Home\",\"item\":\"https:\\\/\\\/www.davidschool.com\\\/de\\\/\"},{\"@type\":\"ListItem\",\"position\":2,\"name\":\"DIENSTLEISTUNGEN DER SCHULE\"}]},{\"@type\":\"WebSite\",\"@id\":\"https:\\\/\\\/www.davidschool.com\\\/de\\\/#website\",\"url\":\"https:\\\/\\\/www.davidschool.com\\\/de\\\/\",\"name\":\"Istituto IL DAVID\",\"description\":\"Italian Language School\",\"publisher\":{\"@id\":\"https:\\\/\\\/www.davidschool.com\\\/de\\\/#organization\"},\"potentialAction\":[{\"@type\":\"SearchAction\",\"target\":{\"@type\":\"EntryPoint\",\"urlTemplate\":\"https:\\\/\\\/www.davidschool.com\\\/de\\\/?s={search_term_string}\"},\"query-input\":{\"@type\":\"PropertyValueSpecification\",\"valueRequired\":true,\"valueName\":\"search_term_string\"}}],\"inLanguage\":\"de\"},{\"@type\":\"Organization\",\"@id\":\"https:\\\/\\\/www.davidschool.com\\\/de\\\/#organization\",\"name\":\"Istituto Il David\",\"url\":\"https:\\\/\\\/www.davidschool.com\\\/de\\\/\",\"logo\":{\"@type\":\"ImageObject\",\"inLanguage\":\"de\",\"@id\":\"https:\\\/\\\/www.davidschool.com\\\/de\\\/#\\\/schema\\\/logo\\\/image\\\/\",\"url\":\"https:\\\/\\\/www.davidschool.com\\\/wp-content\\\/uploads\\\/2019\\\/05\\\/Il-David_logo.png\",\"contentUrl\":\"https:\\\/\\\/www.davidschool.com\\\/wp-content\\\/uploads\\\/2019\\\/05\\\/Il-David_logo.png\",\"width\":429,\"height\":133,\"caption\":\"Istituto Il David\"},\"image\":{\"@id\":\"https:\\\/\\\/www.davidschool.com\\\/de\\\/#\\\/schema\\\/logo\\\/image\\\/\"}}]}<\/script>\n<!-- \/ Yoast SEO plugin. -->","yoast_head_json":{"title":"Dienstleistungen und Assistenz f\u00fcr Studenten in Florenz | Istituto IL DAVID","description":"Dienstleistungen und Assistenz f\u00fcr Studenten der Italienische Sprachschule. Bescheinigungen f\u00fcr den Erhalt eines Studienvisums in Italien und einer Aufenthaltserlaubnis in Florenz.","robots":{"index":"index","follow":"follow","max-snippet":"max-snippet:-1","max-image-preview":"max-image-preview:large","max-video-preview":"max-video-preview:-1"},"canonical":"https:\/\/www.davidschool.com\/de\/sprachschule-dienstleistungen-florenz\/","og_locale":"de_DE","og_type":"article","og_title":"Dienstleistungen und Assistenz f\u00fcr Studenten in Florenz | Istituto IL DAVID","og_description":"Dienstleistungen und Assistenz f\u00fcr Studenten der Italienische Sprachschule. Bescheinigungen f\u00fcr den Erhalt eines Studienvisums in Italien und einer Aufenthaltserlaubnis in Florenz.","og_url":"https:\/\/www.davidschool.com\/de\/sprachschule-dienstleistungen-florenz\/","og_site_name":"Istituto IL DAVID","article_modified_time":"2026-03-27T14:03:37+00:00","og_image":[{"width":883,"height":378,"url":"https:\/\/www.davidschool.com\/wp-content\/uploads\/2020\/05\/10.jpg","type":"image\/jpeg"}],"twitter_card":"summary_large_image","twitter_misc":{"Gesch\u00e4tzte Lesezeit":"4\u00a0Minuten"},"schema":{"@context":"https:\/\/schema.org","@graph":[{"@type":"WebPage","@id":"https:\/\/www.davidschool.com\/de\/sprachschule-dienstleistungen-florenz\/","url":"https:\/\/www.davidschool.com\/de\/sprachschule-dienstleistungen-florenz\/","name":"Dienstleistungen und Assistenz f\u00fcr Studenten in Florenz | Istituto IL DAVID","isPartOf":{"@id":"https:\/\/www.davidschool.com\/de\/#website"},"primaryImageOfPage":{"@id":"https:\/\/www.davidschool.com\/de\/sprachschule-dienstleistungen-florenz\/#primaryimage"},"image":{"@id":"https:\/\/www.davidschool.com\/de\/sprachschule-dienstleistungen-florenz\/#primaryimage"},"thumbnailUrl":"https:\/\/www.davidschool.com\/wp-content\/uploads\/2020\/05\/10.jpg","datePublished":"2019-06-03T14:52:06+00:00","dateModified":"2026-03-27T14:03:37+00:00","description":"Dienstleistungen und Assistenz f\u00fcr Studenten der Italienische Sprachschule. Bescheinigungen f\u00fcr den Erhalt eines Studienvisums in Italien und einer Aufenthaltserlaubnis in Florenz.","breadcrumb":{"@id":"https:\/\/www.davidschool.com\/de\/sprachschule-dienstleistungen-florenz\/#breadcrumb"},"inLanguage":"de","potentialAction":[{"@type":"ReadAction","target":["https:\/\/www.davidschool.com\/de\/sprachschule-dienstleistungen-florenz\/"]}]},{"@type":"ImageObject","inLanguage":"de","@id":"https:\/\/www.davidschool.com\/de\/sprachschule-dienstleistungen-florenz\/#primaryimage","url":"https:\/\/www.davidschool.com\/wp-content\/uploads\/2020\/05\/10.jpg","contentUrl":"https:\/\/www.davidschool.com\/wp-content\/uploads\/2020\/05\/10.jpg"},{"@type":"BreadcrumbList","@id":"https:\/\/www.davidschool.com\/de\/sprachschule-dienstleistungen-florenz\/#breadcrumb","itemListElement":[{"@type":"ListItem","position":1,"name":"Home","item":"https:\/\/www.davidschool.com\/de\/"},{"@type":"ListItem","position":2,"name":"DIENSTLEISTUNGEN DER SCHULE"}]},{"@type":"WebSite","@id":"https:\/\/www.davidschool.com\/de\/#website","url":"https:\/\/www.davidschool.com\/de\/","name":"Istituto IL DAVID","description":"Italian Language School","publisher":{"@id":"https:\/\/www.davidschool.com\/de\/#organization"},"potentialAction":[{"@type":"SearchAction","target":{"@type":"EntryPoint","urlTemplate":"https:\/\/www.davidschool.com\/de\/?s={search_term_string}"},"query-input":{"@type":"PropertyValueSpecification","valueRequired":true,"valueName":"search_term_string"}}],"inLanguage":"de"},{"@type":"Organization","@id":"https:\/\/www.davidschool.com\/de\/#organization","name":"Istituto Il David","url":"https:\/\/www.davidschool.com\/de\/","logo":{"@type":"ImageObject","inLanguage":"de","@id":"https:\/\/www.davidschool.com\/de\/#\/schema\/logo\/image\/","url":"https:\/\/www.davidschool.com\/wp-content\/uploads\/2019\/05\/Il-David_logo.png","contentUrl":"https:\/\/www.davidschool.com\/wp-content\/uploads\/2019\/05\/Il-David_logo.png","width":429,"height":133,"caption":"Istituto Il David"},"image":{"@id":"https:\/\/www.davidschool.com\/de\/#\/schema\/logo\/image\/"}}]}},"_links":{"self":[{"href":"https:\/\/www.davidschool.com\/de\/wp-json\/wp\/v2\/pages\/834","targetHints":{"allow":["GET"]}}],"collection":[{"href":"https:\/\/www.davidschool.com\/de\/wp-json\/wp\/v2\/pages"}],"about":[{"href":"https:\/\/www.davidschool.com\/de\/wp-json\/wp\/v2\/types\/page"}],"author":[{"embeddable":true,"href":"https:\/\/www.davidschool.com\/de\/wp-json\/wp\/v2\/users\/1"}],"replies":[{"embeddable":true,"href":"https:\/\/www.davidschool.com\/de\/wp-json\/wp\/v2\/comments?post=834"}],"version-history":[{"count":15,"href":"https:\/\/www.davidschool.com\/de\/wp-json\/wp\/v2\/pages\/834\/revisions"}],"predecessor-version":[{"id":35423,"href":"https:\/\/www.davidschool.com\/de\/wp-json\/wp\/v2\/pages\/834\/revisions\/35423"}],"wp:attachment":[{"href":"https:\/\/www.davidschool.com\/de\/wp-json\/wp\/v2\/media?parent=834"}],"curies":[{"name":"wp","href":"https:\/\/api.w.org\/{rel}","templated":true}]}}