{"id":846,"date":"2019-06-03T16:59:46","date_gmt":"2019-06-03T14:59:46","guid":{"rendered":"http:\/\/3.122.4.63\/?page_id=846"},"modified":"2021-03-13T18:02:46","modified_gmt":"2021-03-13T17:02:46","slug":"italienisch-lernen-in-florenz","status":"publish","type":"page","link":"https:\/\/www.davidschool.com\/de\/italienisch-lernen-in-florenz\/","title":{"rendered":"ITALIENISCH LERNEN IN FLORENZ"},"content":{"rendered":"\n<h2 class=\"wp-block-heading\">Florenz: der richtige Ort um Italienisch in Italien zu lernen<\/h2>\n\n\n\n<p><\/p>\n\n\n\n<figure class=\"wp-block-image size-large\"><img loading=\"lazy\" decoding=\"async\" width=\"1024\" height=\"394\" src=\"https:\/\/www.davidschool.com\/wp-content\/uploads\/2021\/03\/FIrenze_Ponte_Vecchio_57_Carlo-Copia-1024x394.jpg\" alt=\"\" class=\"wp-image-24211\" srcset=\"https:\/\/www.davidschool.com\/wp-content\/uploads\/2021\/03\/FIrenze_Ponte_Vecchio_57_Carlo-Copia-1024x394.jpg 1024w, https:\/\/www.davidschool.com\/wp-content\/uploads\/2021\/03\/FIrenze_Ponte_Vecchio_57_Carlo-Copia-300x115.jpg 300w, https:\/\/www.davidschool.com\/wp-content\/uploads\/2021\/03\/FIrenze_Ponte_Vecchio_57_Carlo-Copia-768x296.jpg 768w, https:\/\/www.davidschool.com\/wp-content\/uploads\/2021\/03\/FIrenze_Ponte_Vecchio_57_Carlo-Copia-80x31.jpg 80w, https:\/\/www.davidschool.com\/wp-content\/uploads\/2021\/03\/FIrenze_Ponte_Vecchio_57_Carlo-Copia-1536x591.jpg 1536w, https:\/\/www.davidschool.com\/wp-content\/uploads\/2021\/03\/FIrenze_Ponte_Vecchio_57_Carlo-Copia-2048x788.jpg 2048w, https:\/\/www.davidschool.com\/wp-content\/uploads\/2021\/03\/FIrenze_Ponte_Vecchio_57_Carlo-Copia-270x104.jpg 270w\" sizes=\"auto, (max-width: 1024px) 100vw, 1024px\" \/><\/figure>\n\n\n\n<p><span style=\"color: #000000;\">Aus vielen Gr\u00fcnden ist Florenz der ideale Ort f\u00fcr diejenigen, die<strong> Italienisch lernen<\/strong> oder ihre Sprachkenntnisse verbessern wollen. <\/span><br>Es ist die Stadt, in der die italienische Sprache entstand und in der sie sich entwickelt hat. Deshalb ist es hier, wo das reinste Italienisch Italiens gesprochen wird \u2013 wenn auch mit einem einzigartigen dialektalen Tonfall. <\/p>\n\n\n\n<p>Florenz ist in der ganzen Welt bekannt, weil es <strong>die Stadt der Kunst<\/strong>, die <strong>Hauptstadt der Renaissance<\/strong> und eines der wichtigsten Zentren der literarischen und wissenschaftlichen Kultur ist.<br>Das historische Zentrum von Florenz ist eines der gr\u00f6\u00dften der Welt. Es verf\u00fcgt \u00fcber eine solche Dichte an Denkm\u00e4lern und Kunstwerken, dass man das Gef\u00fchl hat, es nie v\u00f6llig besuchen und kennen lernen zu k\u00f6nnen.<br>Dank seiner reichen Kunstsch\u00e4tze ist Florenz zu einem der wichtigsten k\u00fcnstlerischen und kulturellen Zentren der Welt geworden. <\/p>\n\n\n\n<p>Die Stadt befindet sich im <strong>Zentrum der Toskana<\/strong> und in weniger als einer Stunde kann man St\u00e4dte wie Siena, Lucca, Pisa, Arezzo, San Gimignano, Cortona, Pienza, Volterra und die K\u00fcste des Tyrrhenischen Meeres erreichen.<\/p>\n\n\n\n<p>Florenz ist eine ziemlich kleine Universit\u00e4ts- und Fremdenverkehrsstadt, deren historisches Zentrum fernab vom Verkehr und dem Industriegebiet des Stadtrandes gelegen ist. Aus diesem Grund bietet Florenz die <strong>ideale Atmosph\u00e4re zum Lernen und Studieren<\/strong>. Es ist eine ruhige Stadt mit einer niedrigen Kriminalit\u00e4tsrate.<\/p>\n\n\n\n<p>In Florenz k\u00f6nnen Sie <strong>Studenten aus der ganzen Welt treffen<\/strong>, die die gleichen kulturellen und pers\u00f6nlichen Interessen haben wie Sie. <br>Florenz bietet auch gute <strong>Arbeitsm\u00f6glichkeiten und berufliche Perspektiven<\/strong> in den Bereichen Tourismus, Kunst, Mode und Kultur im Allgemeinen.<\/p>\n\n\n\n<div class=\"wp-block-image\"><figure class=\"aligncenter size-large is-resized\"><img loading=\"lazy\" decoding=\"async\" src=\"https:\/\/www.davidschool.com\/wp-content\/uploads\/2020\/05\/12.jpg\" alt=\"\" class=\"wp-image-15070\" width=\"872\" height=\"490\" srcset=\"https:\/\/www.davidschool.com\/wp-content\/uploads\/2020\/05\/12.jpg 832w, https:\/\/www.davidschool.com\/wp-content\/uploads\/2020\/05\/12-300x169.jpg 300w, https:\/\/www.davidschool.com\/wp-content\/uploads\/2020\/05\/12-768x432.jpg 768w, https:\/\/www.davidschool.com\/wp-content\/uploads\/2020\/05\/12-80x45.jpg 80w, https:\/\/www.davidschool.com\/wp-content\/uploads\/2020\/05\/12-270x152.jpg 270w\" sizes=\"auto, (max-width: 872px) 100vw, 872px\" \/><\/figure><\/div>\n\n\n\n<p><span style=\"color: #000000;\">Die Stadt ist nicht nur reich an ber\u00fchmten Museen, Kirchen und Denkm\u00e4lern, sondern auch an typischen kleinen Restaurants (\u201eTrattorie\u201c), in denen man die k\u00f6stliche Toskanische K\u00fcche probieren kann, an zahlreichen charakteristischen Lokalen, in denen man Leute treffen und sich unterhalten kann, an Konzerten und Auff\u00fchrungen zu jeder Jahreszeit sowie an Parks und G\u00e4rten, in denen man sich entspannen kann. Des Weiteren findet man die Model\u00e4den der ber\u00fchmtesten Modedesigner der Welt sowie typische Werkst\u00e4tten, in denen es noch m\u00f6glich ist, Maler und K\u00fcnstler bei ihrer Arbeit zu bewundern. W\u00e4hrend der historischen und traditionellen Veranstaltungen hat man das Gef\u00fchl, in die Zeit von Dante oder Michelangelo versetzt zu werden. Gegenwart und Vergangenheit verschmelzen in den eigent\u00fcmlichen Gassen dieser wundersch\u00f6nen Stadt.<\/span><\/p>\n\n\n\n<div class=\"wp-block-group is-layout-flow wp-block-group-is-layout-flow\"><div class=\"wp-block-group__inner-container\"><\/div><\/div>\n\n\n\n<p><span style=\"color: #000000;\">Aus diesen Gr\u00fcnden kommen immer mehr Touristen und Studenten in diese Stadt, um dort ihren Urlaub zu verbringen und <strong>Italienisch in einer Italienisch-Sprachschule in Florenz<\/strong> zu lernen und sorgen so f\u00fcr das Zustandekommen eines sehr intensiven interkulturellen Austausches. Italienisch in einer Sprachschule in Italien zu lernen bedeutet, die M\u00f6glichkeit zu bekommen, die italienische Kultur jeden Tag zu erleben und die italienische Sprache rund um die Uhr zu praktizieren.<\/span><\/p>\n\n\n\n<figure class=\"wp-block-gallery columns-1 is-cropped wp-block-gallery-1 is-layout-flex wp-block-gallery-is-layout-flex\"><ul class=\"blocks-gallery-grid\"><li class=\"blocks-gallery-item\"><figure><img loading=\"lazy\" decoding=\"async\" width=\"1024\" height=\"392\" src=\"https:\/\/www.davidschool.com\/wp-content\/uploads\/2021\/01\/P1050132-Copia-1024x392.jpg\" alt=\"\" data-id=\"18503\" data-full-url=\"https:\/\/www.davidschool.com\/wp-content\/uploads\/2021\/01\/P1050132-Copia.jpg\" data-link=\"https:\/\/www.davidschool.com\/de\/p1050132-copia-2\/\" class=\"wp-image-18503\" srcset=\"https:\/\/www.davidschool.com\/wp-content\/uploads\/2021\/01\/P1050132-Copia-1024x392.jpg 1024w, https:\/\/www.davidschool.com\/wp-content\/uploads\/2021\/01\/P1050132-Copia-300x115.jpg 300w, https:\/\/www.davidschool.com\/wp-content\/uploads\/2021\/01\/P1050132-Copia-768x294.jpg 768w, https:\/\/www.davidschool.com\/wp-content\/uploads\/2021\/01\/P1050132-Copia-80x31.jpg 80w, https:\/\/www.davidschool.com\/wp-content\/uploads\/2021\/01\/P1050132-Copia-1536x588.jpg 1536w, https:\/\/www.davidschool.com\/wp-content\/uploads\/2021\/01\/P1050132-Copia-2048x784.jpg 2048w, https:\/\/www.davidschool.com\/wp-content\/uploads\/2021\/01\/P1050132-Copia-270x103.jpg 270w\" sizes=\"auto, (max-width: 1024px) 100vw, 1024px\" \/><\/figure><\/li><\/ul><\/figure>\n\n\n\n<p><span style=\"color: #000000;\">Italienisch in einer Sprachschule in Florenz zu lernen bedeutet auch, eine unvergessliche Erfahrung in der Stadt zu machen, in der Italienisch entstand und in der noch heute die reinste Sprache gesprochen wird. Auch aus diesem Grund beschlie\u00dfen jedes Jahr etwa 40% der Studenten, die sich in den Italienisch-Sprachschulen in Italien angemeldet haben, einen Kurs in einer Schule in Florenz zu besuchen.<\/span><\/p>\n\n\n\n<p>Lerne Italienisch in unserer Schule in Florenz mit unseren <a href=\"https:\/\/www.davidschool.com\/de\/kurse\/italienischkurse\/\"><strong>Italienischen Sprachkursen<\/strong><\/a> zusammen mit Studenten aus der ganzen Welt und entdecke Florenz!<\/p>\n\n\n\n<div class=\"wp-block-image\"><figure class=\"aligncenter size-large\"><img loading=\"lazy\" decoding=\"async\" width=\"960\" height=\"720\" src=\"https:\/\/www.davidschool.com\/wp-content\/uploads\/2021\/01\/foto-roox-giugno-2015-42.jpg\" alt=\"\" class=\"wp-image-18497\" srcset=\"https:\/\/www.davidschool.com\/wp-content\/uploads\/2021\/01\/foto-roox-giugno-2015-42.jpg 960w, https:\/\/www.davidschool.com\/wp-content\/uploads\/2021\/01\/foto-roox-giugno-2015-42-300x225.jpg 300w, https:\/\/www.davidschool.com\/wp-content\/uploads\/2021\/01\/foto-roox-giugno-2015-42-768x576.jpg 768w, https:\/\/www.davidschool.com\/wp-content\/uploads\/2021\/01\/foto-roox-giugno-2015-42-80x60.jpg 80w, https:\/\/www.davidschool.com\/wp-content\/uploads\/2021\/01\/foto-roox-giugno-2015-42-240x180.jpg 240w\" sizes=\"auto, (max-width: 960px) 100vw, 960px\" \/><\/figure><\/div>\n\n\n\n<hr class=\"wp-block-separator\"\/>\n\n\n\n<p>Lesen Sie mehr Informationen \u00fcber Florenz auf der Seite <strong><a href=\"https:\/\/www.davidschool.com\/de\/informationen-ueber-florenz\/\">Reise nach Florenz<\/a><\/strong><\/p>\n","protected":false},"excerpt":{"rendered":"<p>Florenz: der richtige Ort um Italienisch in Italien zu lernen Aus vielen Gr\u00fcnden ist Florenz der ideale Ort f\u00fcr diejenigen, die Italienisch lernen oder ihre Sprachkenntnisse verbessern wollen. Es ist die Stadt, in der die italienische Sprache entstand und in der sie sich entwickelt hat. Deshalb ist es hier, wo das reinste Italienisch Italiens gesprochen [&hellip;]<\/p>\n","protected":false},"author":1,"featured_media":0,"parent":0,"menu_order":0,"comment_status":"closed","ping_status":"closed","template":"","meta":{"footnotes":""},"class_list":["post-846","page","type-page","status-publish","hentry"],"yoast_head":"<!-- This site is optimized with the Yoast SEO plugin v27.4 - https:\/\/yoast.com\/product\/yoast-seo-wordpress\/ -->\n<title>Florenz: der richtige Ort um Italienisch in Italien zu lernen | Istituto IL DAVID<\/title>\n<meta name=\"description\" content=\"Florenz ist der richtige Ort, um die italienische Sprache zu lernen oder zu verbessern. Es ist eine wunderbare Stadt, in der die italienische Sprache geboren wurde.\" \/>\n<meta name=\"robots\" content=\"index, follow, max-snippet:-1, max-image-preview:large, max-video-preview:-1\" \/>\n<link rel=\"canonical\" href=\"https:\/\/www.davidschool.com\/de\/italienisch-lernen-in-florenz\/\" \/>\n<meta property=\"og:locale\" content=\"de_DE\" \/>\n<meta property=\"og:type\" content=\"article\" \/>\n<meta property=\"og:title\" content=\"Florenz: der richtige Ort um Italienisch in Italien zu lernen | Istituto IL DAVID\" \/>\n<meta property=\"og:description\" content=\"Florenz ist der richtige Ort, um die italienische Sprache zu lernen oder zu verbessern. Es ist eine wunderbare Stadt, in der die italienische Sprache geboren wurde.\" \/>\n<meta property=\"og:url\" content=\"https:\/\/www.davidschool.com\/de\/italienisch-lernen-in-florenz\/\" \/>\n<meta property=\"og:site_name\" content=\"Istituto IL DAVID\" \/>\n<meta property=\"article:modified_time\" content=\"2021-03-13T17:02:46+00:00\" \/>\n<meta property=\"og:image\" content=\"https:\/\/www.davidschool.com\/wp-content\/uploads\/2021\/03\/FIrenze_Ponte_Vecchio_57_Carlo-Copia-1024x394.jpg\" \/>\n<meta name=\"twitter:card\" content=\"summary_large_image\" \/>\n<meta name=\"twitter:label1\" content=\"Gesch\u00e4tzte Lesezeit\" \/>\n\t<meta name=\"twitter:data1\" content=\"4\u00a0Minuten\" \/>\n<script type=\"application\/ld+json\" class=\"yoast-schema-graph\">{\"@context\":\"https:\\\/\\\/schema.org\",\"@graph\":[{\"@type\":\"WebPage\",\"@id\":\"https:\\\/\\\/www.davidschool.com\\\/de\\\/italienisch-lernen-in-florenz\\\/\",\"url\":\"https:\\\/\\\/www.davidschool.com\\\/de\\\/italienisch-lernen-in-florenz\\\/\",\"name\":\"Florenz: der richtige Ort um Italienisch in Italien zu lernen | Istituto IL DAVID\",\"isPartOf\":{\"@id\":\"https:\\\/\\\/www.davidschool.com\\\/de\\\/#website\"},\"primaryImageOfPage\":{\"@id\":\"https:\\\/\\\/www.davidschool.com\\\/de\\\/italienisch-lernen-in-florenz\\\/#primaryimage\"},\"image\":{\"@id\":\"https:\\\/\\\/www.davidschool.com\\\/de\\\/italienisch-lernen-in-florenz\\\/#primaryimage\"},\"thumbnailUrl\":\"https:\\\/\\\/www.davidschool.com\\\/wp-content\\\/uploads\\\/2021\\\/03\\\/FIrenze_Ponte_Vecchio_57_Carlo-Copia-1024x394.jpg\",\"datePublished\":\"2019-06-03T14:59:46+00:00\",\"dateModified\":\"2021-03-13T17:02:46+00:00\",\"description\":\"Florenz ist der richtige Ort, um die italienische Sprache zu lernen oder zu verbessern. Es ist eine wunderbare Stadt, in der die italienische Sprache geboren wurde.\",\"breadcrumb\":{\"@id\":\"https:\\\/\\\/www.davidschool.com\\\/de\\\/italienisch-lernen-in-florenz\\\/#breadcrumb\"},\"inLanguage\":\"de\",\"potentialAction\":[{\"@type\":\"ReadAction\",\"target\":[\"https:\\\/\\\/www.davidschool.com\\\/de\\\/italienisch-lernen-in-florenz\\\/\"]}]},{\"@type\":\"ImageObject\",\"inLanguage\":\"de\",\"@id\":\"https:\\\/\\\/www.davidschool.com\\\/de\\\/italienisch-lernen-in-florenz\\\/#primaryimage\",\"url\":\"https:\\\/\\\/www.davidschool.com\\\/wp-content\\\/uploads\\\/2021\\\/03\\\/FIrenze_Ponte_Vecchio_57_Carlo-Copia-1024x394.jpg\",\"contentUrl\":\"https:\\\/\\\/www.davidschool.com\\\/wp-content\\\/uploads\\\/2021\\\/03\\\/FIrenze_Ponte_Vecchio_57_Carlo-Copia-1024x394.jpg\"},{\"@type\":\"BreadcrumbList\",\"@id\":\"https:\\\/\\\/www.davidschool.com\\\/de\\\/italienisch-lernen-in-florenz\\\/#breadcrumb\",\"itemListElement\":[{\"@type\":\"ListItem\",\"position\":1,\"name\":\"Home\",\"item\":\"https:\\\/\\\/www.davidschool.com\\\/de\\\/\"},{\"@type\":\"ListItem\",\"position\":2,\"name\":\"ITALIENISCH LERNEN IN FLORENZ\"}]},{\"@type\":\"WebSite\",\"@id\":\"https:\\\/\\\/www.davidschool.com\\\/de\\\/#website\",\"url\":\"https:\\\/\\\/www.davidschool.com\\\/de\\\/\",\"name\":\"Istituto IL DAVID\",\"description\":\"Italian Language School\",\"publisher\":{\"@id\":\"https:\\\/\\\/www.davidschool.com\\\/de\\\/#organization\"},\"potentialAction\":[{\"@type\":\"SearchAction\",\"target\":{\"@type\":\"EntryPoint\",\"urlTemplate\":\"https:\\\/\\\/www.davidschool.com\\\/de\\\/?s={search_term_string}\"},\"query-input\":{\"@type\":\"PropertyValueSpecification\",\"valueRequired\":true,\"valueName\":\"search_term_string\"}}],\"inLanguage\":\"de\"},{\"@type\":\"Organization\",\"@id\":\"https:\\\/\\\/www.davidschool.com\\\/de\\\/#organization\",\"name\":\"Istituto Il David\",\"url\":\"https:\\\/\\\/www.davidschool.com\\\/de\\\/\",\"logo\":{\"@type\":\"ImageObject\",\"inLanguage\":\"de\",\"@id\":\"https:\\\/\\\/www.davidschool.com\\\/de\\\/#\\\/schema\\\/logo\\\/image\\\/\",\"url\":\"https:\\\/\\\/www.davidschool.com\\\/wp-content\\\/uploads\\\/2019\\\/05\\\/Il-David_logo.png\",\"contentUrl\":\"https:\\\/\\\/www.davidschool.com\\\/wp-content\\\/uploads\\\/2019\\\/05\\\/Il-David_logo.png\",\"width\":429,\"height\":133,\"caption\":\"Istituto Il David\"},\"image\":{\"@id\":\"https:\\\/\\\/www.davidschool.com\\\/de\\\/#\\\/schema\\\/logo\\\/image\\\/\"}}]}<\/script>\n<!-- \/ Yoast SEO plugin. -->","yoast_head_json":{"title":"Florenz: der richtige Ort um Italienisch in Italien zu lernen | Istituto IL DAVID","description":"Florenz ist der richtige Ort, um die italienische Sprache zu lernen oder zu verbessern. Es ist eine wunderbare Stadt, in der die italienische Sprache geboren wurde.","robots":{"index":"index","follow":"follow","max-snippet":"max-snippet:-1","max-image-preview":"max-image-preview:large","max-video-preview":"max-video-preview:-1"},"canonical":"https:\/\/www.davidschool.com\/de\/italienisch-lernen-in-florenz\/","og_locale":"de_DE","og_type":"article","og_title":"Florenz: der richtige Ort um Italienisch in Italien zu lernen | Istituto IL DAVID","og_description":"Florenz ist der richtige Ort, um die italienische Sprache zu lernen oder zu verbessern. Es ist eine wunderbare Stadt, in der die italienische Sprache geboren wurde.","og_url":"https:\/\/www.davidschool.com\/de\/italienisch-lernen-in-florenz\/","og_site_name":"Istituto IL DAVID","article_modified_time":"2021-03-13T17:02:46+00:00","og_image":[{"url":"https:\/\/www.davidschool.com\/wp-content\/uploads\/2021\/03\/FIrenze_Ponte_Vecchio_57_Carlo-Copia-1024x394.jpg","type":"","width":"","height":""}],"twitter_card":"summary_large_image","twitter_misc":{"Gesch\u00e4tzte Lesezeit":"4\u00a0Minuten"},"schema":{"@context":"https:\/\/schema.org","@graph":[{"@type":"WebPage","@id":"https:\/\/www.davidschool.com\/de\/italienisch-lernen-in-florenz\/","url":"https:\/\/www.davidschool.com\/de\/italienisch-lernen-in-florenz\/","name":"Florenz: der richtige Ort um Italienisch in Italien zu lernen | Istituto IL DAVID","isPartOf":{"@id":"https:\/\/www.davidschool.com\/de\/#website"},"primaryImageOfPage":{"@id":"https:\/\/www.davidschool.com\/de\/italienisch-lernen-in-florenz\/#primaryimage"},"image":{"@id":"https:\/\/www.davidschool.com\/de\/italienisch-lernen-in-florenz\/#primaryimage"},"thumbnailUrl":"https:\/\/www.davidschool.com\/wp-content\/uploads\/2021\/03\/FIrenze_Ponte_Vecchio_57_Carlo-Copia-1024x394.jpg","datePublished":"2019-06-03T14:59:46+00:00","dateModified":"2021-03-13T17:02:46+00:00","description":"Florenz ist der richtige Ort, um die italienische Sprache zu lernen oder zu verbessern. Es ist eine wunderbare Stadt, in der die italienische Sprache geboren wurde.","breadcrumb":{"@id":"https:\/\/www.davidschool.com\/de\/italienisch-lernen-in-florenz\/#breadcrumb"},"inLanguage":"de","potentialAction":[{"@type":"ReadAction","target":["https:\/\/www.davidschool.com\/de\/italienisch-lernen-in-florenz\/"]}]},{"@type":"ImageObject","inLanguage":"de","@id":"https:\/\/www.davidschool.com\/de\/italienisch-lernen-in-florenz\/#primaryimage","url":"https:\/\/www.davidschool.com\/wp-content\/uploads\/2021\/03\/FIrenze_Ponte_Vecchio_57_Carlo-Copia-1024x394.jpg","contentUrl":"https:\/\/www.davidschool.com\/wp-content\/uploads\/2021\/03\/FIrenze_Ponte_Vecchio_57_Carlo-Copia-1024x394.jpg"},{"@type":"BreadcrumbList","@id":"https:\/\/www.davidschool.com\/de\/italienisch-lernen-in-florenz\/#breadcrumb","itemListElement":[{"@type":"ListItem","position":1,"name":"Home","item":"https:\/\/www.davidschool.com\/de\/"},{"@type":"ListItem","position":2,"name":"ITALIENISCH LERNEN IN FLORENZ"}]},{"@type":"WebSite","@id":"https:\/\/www.davidschool.com\/de\/#website","url":"https:\/\/www.davidschool.com\/de\/","name":"Istituto IL DAVID","description":"Italian Language School","publisher":{"@id":"https:\/\/www.davidschool.com\/de\/#organization"},"potentialAction":[{"@type":"SearchAction","target":{"@type":"EntryPoint","urlTemplate":"https:\/\/www.davidschool.com\/de\/?s={search_term_string}"},"query-input":{"@type":"PropertyValueSpecification","valueRequired":true,"valueName":"search_term_string"}}],"inLanguage":"de"},{"@type":"Organization","@id":"https:\/\/www.davidschool.com\/de\/#organization","name":"Istituto Il David","url":"https:\/\/www.davidschool.com\/de\/","logo":{"@type":"ImageObject","inLanguage":"de","@id":"https:\/\/www.davidschool.com\/de\/#\/schema\/logo\/image\/","url":"https:\/\/www.davidschool.com\/wp-content\/uploads\/2019\/05\/Il-David_logo.png","contentUrl":"https:\/\/www.davidschool.com\/wp-content\/uploads\/2019\/05\/Il-David_logo.png","width":429,"height":133,"caption":"Istituto Il David"},"image":{"@id":"https:\/\/www.davidschool.com\/de\/#\/schema\/logo\/image\/"}}]}},"_links":{"self":[{"href":"https:\/\/www.davidschool.com\/de\/wp-json\/wp\/v2\/pages\/846","targetHints":{"allow":["GET"]}}],"collection":[{"href":"https:\/\/www.davidschool.com\/de\/wp-json\/wp\/v2\/pages"}],"about":[{"href":"https:\/\/www.davidschool.com\/de\/wp-json\/wp\/v2\/types\/page"}],"author":[{"embeddable":true,"href":"https:\/\/www.davidschool.com\/de\/wp-json\/wp\/v2\/users\/1"}],"replies":[{"embeddable":true,"href":"https:\/\/www.davidschool.com\/de\/wp-json\/wp\/v2\/comments?post=846"}],"version-history":[{"count":23,"href":"https:\/\/www.davidschool.com\/de\/wp-json\/wp\/v2\/pages\/846\/revisions"}],"predecessor-version":[{"id":24306,"href":"https:\/\/www.davidschool.com\/de\/wp-json\/wp\/v2\/pages\/846\/revisions\/24306"}],"wp:attachment":[{"href":"https:\/\/www.davidschool.com\/de\/wp-json\/wp\/v2\/media?parent=846"}],"curies":[{"name":"wp","href":"https:\/\/api.w.org\/{rel}","templated":true}]}}