{"id":860,"date":"2019-06-05T14:52:45","date_gmt":"2019-06-05T12:52:45","guid":{"rendered":"http:\/\/3.122.4.63\/?page_id=860"},"modified":"2021-06-18T19:10:18","modified_gmt":"2021-06-18T17:10:18","slug":"informationen-ueber-florenz","status":"publish","type":"page","link":"https:\/\/www.davidschool.com\/de\/informationen-ueber-florenz\/","title":{"rendered":"REISE NACH FLORENZ"},"content":{"rendered":"\n<h2 class=\"wp-block-heading\">Eine wunderbare Erfahrung in einer der sch\u00f6nsten St\u00e4dte der Welt<\/h2>\n\n\n\n<p>Reisen \u00f6ffnet den Geist, erweitert unseren Horizont, verbessert unsere Stimmung und unser Selbstwertgef\u00fchl, bereichert unsere Kultur, unsere Pers\u00f6nlichkeit und unsere Intelligenz.<br>Eine <strong>Reise nach Florenz<\/strong> ist immer aufregend. Florenz ist ein Reiseziel, das man sich nicht entgehen lassen sollte, besonders wenn man sich f\u00fcr italienische Kunst und Kultur begeistert.<br>Wenn die Leidenschaft f\u00fcr <strong>italienische Kunst und Kultur<\/strong> mit der Leidenschaft oder N\u00fctzlichkeit des <strong>Lernens und Sprechens der italienischen Sprache<\/strong> kombiniert wird, wird es eine perfekte Reise.<\/p>\n\n\n\n<figure class=\"wp-block-image size-large\"><img loading=\"lazy\" decoding=\"async\" width=\"1024\" height=\"555\" src=\"https:\/\/www.davidschool.com\/wp-content\/uploads\/2020\/05\/14-1-1024x555.jpg\" alt=\"\" class=\"wp-image-15135\" srcset=\"https:\/\/www.davidschool.com\/wp-content\/uploads\/2020\/05\/14-1-1024x555.jpg 1024w, https:\/\/www.davidschool.com\/wp-content\/uploads\/2020\/05\/14-1-300x162.jpg 300w, https:\/\/www.davidschool.com\/wp-content\/uploads\/2020\/05\/14-1-768x416.jpg 768w, https:\/\/www.davidschool.com\/wp-content\/uploads\/2020\/05\/14-1-80x43.jpg 80w, https:\/\/www.davidschool.com\/wp-content\/uploads\/2020\/05\/14-1-1536x832.jpg 1536w, https:\/\/www.davidschool.com\/wp-content\/uploads\/2020\/05\/14-1-2048x1109.jpg 2048w, https:\/\/www.davidschool.com\/wp-content\/uploads\/2020\/05\/14-1-270x146.jpg 270w\" sizes=\"auto, (max-width: 1024px) 100vw, 1024px\" \/><\/figure>\n\n\n\n<h3 class=\"wp-block-heading\">Wann man nach Florenz reisen soll<\/h3>\n\n\n\n<p>Wann ist die beste Zeit f\u00fcr eine Studienreise nach Florenz?<br>Zu jeder Jahreszeit kann man nach <strong>Florenz reisen<\/strong>, aber wenn man die Freiheit hat, sich zu entscheiden, lohnt es sich, einige Unterschiede zu beschreiben.<br>W\u00e4hrend der Hochsaison der Touristen (von April bis Oktober) ist das Klima milder, so dass der <strong>Besuch von Florenz<\/strong> angenehmer ist, aber die gro\u00dfe Anwesenheit von Touristen bringt einige Schwierigkeiten mit sich: sehr \u00fcberf\u00fcllte Orte, Warteschlangen vor Museen und Denkm\u00e4lern, h\u00f6here Preise.<br>W\u00e4hrend der anderen Perioden und in der Nebensaison kann das Klima kalt und regnerisch sein (von November bis M\u00e4rz) oder sehr hei\u00df (Juli und August), aber die geringere Anwesenheit von Touristen f\u00fchrt zu weniger Verwirrung, wenige Warteschlangen vor den Museen, wirtschaftlichere Preise.<br>In unserer <a href=\"https:\/\/www.davidschool.com\/de\/\"><strong>italienischen Schule<\/strong><\/a> ist die gr\u00f6\u00dfte Anzahl ausl\u00e4ndischer Sch\u00fcler von Juni bis Oktober, w\u00e4hrend die Situation von November bis Februar ruhiger ist.<\/p>\n\n\n\n<h3 class=\"wp-block-heading\">Dauer der Urlaube in Florenz<\/h3>\n\n\n\n<p>Wie viel Zeit man soll im Urlaub in Florenz verbringen?<br>Es ist schwer, eine genaue Antwort auf die Frage zu geben, wie lange im <strong>Urlaub in Florenz<\/strong> zu bleiben. Dies h\u00e4ngt von der Verf\u00fcgbarkeit der Zeit und den Bed\u00fcrfnissen der einzelnen ab. Aufenthalte variieren von einer Woche bis zu einem Jahr.<br>Wenn Sie in Florenz sind, um <a href=\"https:\/\/www.davidschool.com\/de\/italienisch-lernen-in-florenz\/\"><strong>Italienisch zu lernen<\/strong><\/a>, h\u00e4ngt es von dem Ausgangsniveau und dem ab, was Sie erreichen m\u00f6chten.<br>Wenn Sie in Florenz sind, um die <strong>Stadt zu besuchen<\/strong>, dauert es m\u00f6glicherweise nur eine Woche, um die wichtigsten k\u00fcnstlerischen und architektonischen St\u00e4tten in Florenz zu besuchen.<br>F\u00fcr diejenigen, die sich f\u00fcr <strong>italienische Kunst und Kultur<\/strong> begeistern, dauert es zwei oder mehr Wochen.<br>F\u00fcr diejenigen, die andere <strong>Orte in der Toskana<\/strong> besuchen m\u00f6chten (Siena, Pisa, Lucca, S.Gimignano usw.) und andere Erfahrungen machen m\u00f6chten, sind Aufenthalte von 4 oder mehr Wochen vorzuziehen.<br>F\u00fcr diejenigen, die sich entscheiden, ein <strong>komplettes Erlebnis<\/strong> zu erleben, um die verschiedenen Aspekte der <strong>italienischen Kultur zu erkunden und andere Orte in Italien<\/strong> zu besuchen, kann der Aufenthalt zwischen 4 und 12 Monaten dauern.<\/p>\n\n\n\n<h3 class=\"wp-block-heading\">Wie lange Zeit vorher soll man eine Reise nach Florenz buchen<\/h3>\n\n\n\n<p>Es ist ratsam und bequem, fr\u00fchzeitig zu buchen.<br>Um unvorhergesehene Ereignisse zu vermeiden, ist es immer am besten, so fr\u00fch wie m\u00f6glich zu buchen, wenn Sie eine Reise in der Hochsaison buchen. In der Nebensaison gibt es keine Eile. Im Durchschnitt ist es jedoch vorzuziehen, zwischen 5 und 2 Monaten vor Anreise zu buchen.<\/p>\n\n\n\n<h3 class=\"wp-block-heading\">Welche Dokumente sind notwendig, um in Italien zu Reisen und zu bleiben<\/h3>\n\n\n\n<p>Personalausweis, Reisepass, Touristenvisum, Studienvisum, Gesundheitskarte, Anwesenheitserkl\u00e4rung, Aufenthaltsgenehmigung.<\/p>\n\n\n\n<p>B\u00fcrger der L\u00e4nder der Europ\u00e4ischen Union (EU)<br>Wenn Ihre Nationalit\u00e4t zu einem Land der Europ\u00e4ischen Union (Schengen-Raum) geh\u00f6rt, brauchen Sie f\u00fcr die Einreise und den Aufenthalt in Italien keine Genehmigung oder ein Visum.<br>Sie m\u00fcssen nur einen Personalausweis und die Europ\u00e4ische Krankenversicherungskarte (EKVK) mitbringen, die Sie im Bedarfsfall zu einer kostenlosen medizinischen Versorgung in italienischen Krankenh\u00e4usern berechtigt. Wenn Ihre Nationalit\u00e4t nicht zu einem Land der Europ\u00e4ischen Union geh\u00f6rt, \u00fcberpr\u00fcfen Sie die notwendigen Informationen f\u00fcr die Einreise und den Aufenthalt in Italien, um Italienisch f\u00fcr einen Zeitraum von mehr als drei Monaten zu lernen. Besuchen Sie unsere Seite <strong><a href=\"https:\/\/www.davidschool.com\/en\/student-visa\/\">Studienvisum<\/a><\/strong>.<\/p>\n\n\n\n<h3 class=\"wp-block-heading\">Wie man Florenz erreichen kann<\/h3>\n\n\n\n<svg xmlns=\"http:\/\/www.w3.org\/2000\/svg\" aria-hidden=\"true\" data-prefix=\"fas\" data-icon=\"plane\" class=\"svg-inline--fa fa-plane fa-w-18\" role=\"img\" viewBox=\"0 0 576 512\"><path fill=\"#003146\" d=\"M480 192H365.71L260.61 8.06A16.014 16.014 0 0 0 246.71 0h-65.5c-10.63 0-18.3 10.17-15.38 20.39L214.86 192H112l-43.2-57.6c-3.02-4.03-7.77-6.4-12.8-6.4H16.01C5.6 128-2.04 137.78.49 147.88L32 256 .49 364.12C-2.04 374.22 5.6 384 16.01 384H56c5.04 0 9.78-2.37 12.8-6.4L112 320h102.86l-49.03 171.6c-2.92 10.22 4.75 20.4 15.38 20.4h65.5c5.74 0 11.04-3.08 13.89-8.06L365.71 320H480c35.35 0 96-28.65 96-64s-60.65-64-96-64z\"><\/path><\/svg>\n\n\n\n<p><strong>Mit dem Flugzeug:<\/strong> aus Europa zu den Flugh\u00e4fen von Florenz, Pisa, oder Bologna, von anderen Kontinenten zu den Flugh\u00e4fen von Rom oder Mailand.<strong> <br>Florenz:<\/strong> der Peretola (Amerigo Vespucci)-Flughafen ist klein, aber sehr funktionell. Er ist etwa 5 km vom historischen Zentrum entfernt. Um ins Zentrum von Florenz zu gelangen, kann man die Stra\u00dfenbahn zum Hauptbahnhof (ca. 20 Minuten) oder das Taxi nehmen.<strong> <br>Pisa:<\/strong> vom Galileo-Galilei-Flughafen kann man den Bus nach Florenz nehmen (ca. 1 Stunde) oder den Bahnhof von Pisa mit dem Bus (ca. 5 Minuten) oder dem Taxi erreichen und dann mit dem Zug nach Florenz fahren (ca. 50 Minuten). <br><strong>Bologna<\/strong>: vom Guglielmo Marconi-Flughafen muss man den Hauptbahnhof von Bologna erreichen (ca. 25 Minuten) und dann mit dem Zug nach Florenz fahren (ca. 40 Minuten).<br><strong>Rom:<\/strong> vom Fiumicino (Leonardo da Vinci)-Flughafen muss man den Zug zum Hauptbahnhof von Roma Termini (ca. 30 Minuten) und dann einen Zug nach Florenz (ca. 1 Stunde und 40 Minuten) nehmen. <br><strong>Mailand:<\/strong> vom Malpensa-Flughafen gibt es Busse in Richtung des Hauptbahnhofes von Mailand (ca. 1 Stunde). Dann kann man einen Zug nach Florenz (ca. 1 Stunde und 40 Minuten) nehmen.<\/p>\n\n\n\n<div class=\"wp-block-columns is-layout-flex wp-container-core-columns-is-layout-9d6595d7 wp-block-columns-is-layout-flex\">\n<div class=\"wp-block-column is-layout-flow wp-block-column-is-layout-flow\">\n<svg xmlns=\"http:\/\/www.w3.org\/2000\/svg\" aria-hidden=\"true\" data-prefix=\"fas\" data-icon=\"train\" class=\"svg-inline--fa fa-train fa-w-14\" role=\"img\" viewBox=\"0 0 448 512\"><path fill=\"#003146\" d=\"M448 96v256c0 51.815-61.624 96-130.022 96l62.98 49.721C386.905 502.417 383.562 512 376 512H72c-7.578 0-10.892-9.594-4.957-14.279L130.022 448C61.82 448 0 403.954 0 352V96C0 42.981 64 0 128 0h192c65 0 128 42.981 128 96zm-48 136V120c0-13.255-10.745-24-24-24H72c-13.255 0-24 10.745-24 24v112c0 13.255 10.745 24 24 24h304c13.255 0 24-10.745 24-24zm-176 64c-30.928 0-56 25.072-56 56s25.072 56 56 56 56-25.072 56-56-25.072-56-56-56z\"><\/path><\/svg>\n\n\n\n<p> <strong>Mit dem Zug:<\/strong> von den wichtigsten italienischen und europ\u00e4ischen Bahnh\u00f6fen aus zum Hauptbahnhof von Florenz Santa Maria Novella. <\/p>\n<\/div>\n\n\n\n<div class=\"wp-block-column is-layout-flow wp-block-column-is-layout-flow\">\n<svg xmlns=\"http:\/\/www.w3.org\/2000\/svg\" aria-hidden=\"true\" data-prefix=\"fas\" data-icon=\"bus\" class=\"svg-inline--fa fa-bus fa-w-16\" role=\"img\" viewBox=\"0 0 512 512\"><path fill=\"#003146\" d=\"M488 128h-8V80c0-44.8-99.2-80-224-80S32 35.2 32 80v48h-8c-13.25 0-24 10.74-24 24v80c0 13.25 10.75 24 24 24h8v160c0 17.67 14.33 32 32 32v32c0 17.67 14.33 32 32 32h32c17.67 0 32-14.33 32-32v-32h192v32c0 17.67 14.33 32 32 32h32c17.67 0 32-14.33 32-32v-32h6.4c16 0 25.6-12.8 25.6-25.6V256h8c13.25 0 24-10.75 24-24v-80c0-13.26-10.75-24-24-24zM112 400c-17.67 0-32-14.33-32-32s14.33-32 32-32 32 14.33 32 32-14.33 32-32 32zm16-112c-17.67 0-32-14.33-32-32V128c0-17.67 14.33-32 32-32h256c17.67 0 32 14.33 32 32v128c0 17.67-14.33 32-32 32H128zm272 112c-17.67 0-32-14.33-32-32s14.33-32 32-32 32 14.33 32 32-14.33 32-32 32z\"><\/path><\/svg>\n\n\n\n<p> <strong>Mit dem Bus<\/strong>: : von vielen europ\u00e4ischen St\u00e4dten aus gibt es Buslinien in Richtung Florenz. Die bekannteste sind Eurolines und Flixbus. <\/p>\n<\/div>\n\n\n\n<div class=\"wp-block-column is-layout-flow wp-block-column-is-layout-flow\">\n<svg xmlns=\"http:\/\/www.w3.org\/2000\/svg\" aria-hidden=\"true\" data-prefix=\"fas\" data-icon=\"car\" class=\"svg-inline--fa fa-car fa-w-16\" role=\"img\" viewBox=\"0 0 512 512\"><path fill=\"#003146\" d=\"M499.99 176h-59.87l-16.64-41.6C406.38 91.63 365.57 64 319.5 64h-127c-46.06 0-86.88 27.63-103.99 70.4L71.87 176H12.01C4.2 176-1.53 183.34.37 190.91l6 24C7.7 220.25 12.5 224 18.01 224h20.07C24.65 235.73 16 252.78 16 272v48c0 16.12 6.16 30.67 16 41.93V416c0 17.67 14.33 32 32 32h32c17.67 0 32-14.33 32-32v-32h256v32c0 17.67 14.33 32 32 32h32c17.67 0 32-14.33 32-32v-54.07c9.84-11.25 16-25.8 16-41.93v-48c0-19.22-8.65-36.27-22.07-48H494c5.51 0 10.31-3.75 11.64-9.09l6-24c1.89-7.57-3.84-14.91-11.65-14.91zm-352.06-17.83c7.29-18.22 24.94-30.17 44.57-30.17h127c19.63 0 37.28 11.95 44.57 30.17L384 208H128l19.93-49.83zM96 319.8c-19.2 0-32-12.76-32-31.9S76.8 256 96 256s48 28.71 48 47.85-28.8 15.95-48 15.95zm320 0c-19.2 0-48 3.19-48-15.95S396.8 256 416 256s32 12.76 32 31.9-12.8 31.9-32 31.9z\"><\/path><\/svg>\n\n\n\n<p> <strong>Mit dem Auto<\/strong>: von den italienischen Autobahnen die Ausfahrten Firenze Nord (aus Bologna kommend), Firenze Mare (aus Pisa kommend), Firenze Sud oder Firenze Impruneta (aus Rom kommend) nehmen.<br> <\/p>\n<\/div>\n<\/div>\n\n\n\n<h3 class=\"wp-block-heading\">Wetter in Florenz<\/h3>\n\n\n\n<p><strong>Dezember, Januar, Februar:<\/strong> 0-10\u00b0 C. wechselhaft und wolkig <br><strong>M\u00e4rz:<\/strong> 10-20\u00b0 C. wechselhaft, windig und regnerisch <br><strong>April, Mai:<\/strong> 15-25\u00b0 C. sonnig und mild <br><strong>Juni, Juli, August<\/strong>: 25-35\u00b0 C. sonnig und feuchtwarm <br><strong>September, Oktober:<\/strong> 15-25\u00b0 C. sonnig, windig und mild <br><strong>November:<\/strong> 10-20\u00b0 C. regnerisch<\/p>\n\n\n\n<h3 class=\"wp-block-heading\">Entfernungen von Florenz<\/h3>\n\n\n\n<p>Siena 70 Km. <br>Lucca 75 Km. <br>Arezzo 80 Km. <br>Pisa 90 Km. <br>Viareggio 100 Km. <br>Bologna 110 Km. <br>Perugia 160 Km. <br>Orbetello 200 Km.<br>Rimini 230 km. <br>Venedig 270 Km. <br>Rom 280 Km. <br>Mailand 300 Km.<\/p>\n\n\n\n<hr class=\"wp-block-separator\"\/>\n\n\n\n<p>Lesen Sie mehr Informationen \u00fcber Florenz auf der Seite <a href=\"https:\/\/www.davidschool.com\/de\/italienisch-lernen-in-florenz\/\"><strong>Italienisch lernen in Florenz<\/strong><\/a><\/p>\n","protected":false},"excerpt":{"rendered":"<p>Eine wunderbare Erfahrung in einer der sch\u00f6nsten St\u00e4dte der Welt Reisen \u00f6ffnet den Geist, erweitert unseren Horizont, verbessert unsere Stimmung und unser Selbstwertgef\u00fchl, bereichert unsere Kultur, unsere Pers\u00f6nlichkeit und unsere Intelligenz.Eine Reise nach Florenz ist immer aufregend. Florenz ist ein Reiseziel, das man sich nicht entgehen lassen sollte, besonders wenn man sich f\u00fcr italienische Kunst [&hellip;]<\/p>\n","protected":false},"author":1,"featured_media":0,"parent":0,"menu_order":0,"comment_status":"closed","ping_status":"closed","template":"","meta":{"footnotes":""},"class_list":["post-860","page","type-page","status-publish","hentry"],"yoast_head":"<!-- This site is optimized with the Yoast SEO plugin v27.4 - https:\/\/yoast.com\/product\/yoast-seo-wordpress\/ -->\n<title>Einen Studienurlaub in Florenz zu machen | Istituto IL DAVID<\/title>\n<meta name=\"description\" content=\"Besuchen Sie eine der sch\u00f6nsten St\u00e4dte der Welt und belegen Sie einen Italienischkurs in Florenz. Lesen Sie unsere n\u00fctzlichen Tipps, bevor Sie nach Florenz und in die Toskana reisen\" \/>\n<meta name=\"robots\" content=\"index, follow, max-snippet:-1, max-image-preview:large, max-video-preview:-1\" \/>\n<link rel=\"canonical\" href=\"https:\/\/www.davidschool.com\/de\/informationen-ueber-florenz\/\" \/>\n<meta property=\"og:locale\" content=\"de_DE\" \/>\n<meta property=\"og:type\" content=\"article\" \/>\n<meta property=\"og:title\" content=\"Einen Studienurlaub in Florenz zu machen | Istituto IL DAVID\" \/>\n<meta property=\"og:description\" content=\"Besuchen Sie eine der sch\u00f6nsten St\u00e4dte der Welt und belegen Sie einen Italienischkurs in Florenz. Lesen Sie unsere n\u00fctzlichen Tipps, bevor Sie nach Florenz und in die Toskana reisen\" \/>\n<meta property=\"og:url\" content=\"https:\/\/www.davidschool.com\/de\/informationen-ueber-florenz\/\" \/>\n<meta property=\"og:site_name\" content=\"Istituto IL DAVID\" \/>\n<meta property=\"article:modified_time\" content=\"2021-06-18T17:10:18+00:00\" \/>\n<meta property=\"og:image\" content=\"https:\/\/www.davidschool.com\/wp-content\/uploads\/2020\/05\/14-1-1024x555.jpg\" \/>\n<meta name=\"twitter:card\" content=\"summary_large_image\" \/>\n<meta name=\"twitter:label1\" content=\"Gesch\u00e4tzte Lesezeit\" \/>\n\t<meta name=\"twitter:data1\" content=\"5\u00a0Minuten\" \/>\n<script type=\"application\/ld+json\" class=\"yoast-schema-graph\">{\"@context\":\"https:\\\/\\\/schema.org\",\"@graph\":[{\"@type\":\"WebPage\",\"@id\":\"https:\\\/\\\/www.davidschool.com\\\/de\\\/informationen-ueber-florenz\\\/\",\"url\":\"https:\\\/\\\/www.davidschool.com\\\/de\\\/informationen-ueber-florenz\\\/\",\"name\":\"Einen Studienurlaub in Florenz zu machen | Istituto IL DAVID\",\"isPartOf\":{\"@id\":\"https:\\\/\\\/www.davidschool.com\\\/de\\\/#website\"},\"primaryImageOfPage\":{\"@id\":\"https:\\\/\\\/www.davidschool.com\\\/de\\\/informationen-ueber-florenz\\\/#primaryimage\"},\"image\":{\"@id\":\"https:\\\/\\\/www.davidschool.com\\\/de\\\/informationen-ueber-florenz\\\/#primaryimage\"},\"thumbnailUrl\":\"https:\\\/\\\/www.davidschool.com\\\/wp-content\\\/uploads\\\/2020\\\/05\\\/14-1-1024x555.jpg\",\"datePublished\":\"2019-06-05T12:52:45+00:00\",\"dateModified\":\"2021-06-18T17:10:18+00:00\",\"description\":\"Besuchen Sie eine der sch\u00f6nsten St\u00e4dte der Welt und belegen Sie einen Italienischkurs in Florenz. Lesen Sie unsere n\u00fctzlichen Tipps, bevor Sie nach Florenz und in die Toskana reisen\",\"breadcrumb\":{\"@id\":\"https:\\\/\\\/www.davidschool.com\\\/de\\\/informationen-ueber-florenz\\\/#breadcrumb\"},\"inLanguage\":\"de\",\"potentialAction\":[{\"@type\":\"ReadAction\",\"target\":[\"https:\\\/\\\/www.davidschool.com\\\/de\\\/informationen-ueber-florenz\\\/\"]}]},{\"@type\":\"ImageObject\",\"inLanguage\":\"de\",\"@id\":\"https:\\\/\\\/www.davidschool.com\\\/de\\\/informationen-ueber-florenz\\\/#primaryimage\",\"url\":\"https:\\\/\\\/www.davidschool.com\\\/wp-content\\\/uploads\\\/2020\\\/05\\\/14-1-1024x555.jpg\",\"contentUrl\":\"https:\\\/\\\/www.davidschool.com\\\/wp-content\\\/uploads\\\/2020\\\/05\\\/14-1-1024x555.jpg\"},{\"@type\":\"BreadcrumbList\",\"@id\":\"https:\\\/\\\/www.davidschool.com\\\/de\\\/informationen-ueber-florenz\\\/#breadcrumb\",\"itemListElement\":[{\"@type\":\"ListItem\",\"position\":1,\"name\":\"Home\",\"item\":\"https:\\\/\\\/www.davidschool.com\\\/de\\\/\"},{\"@type\":\"ListItem\",\"position\":2,\"name\":\"REISE NACH FLORENZ\"}]},{\"@type\":\"WebSite\",\"@id\":\"https:\\\/\\\/www.davidschool.com\\\/de\\\/#website\",\"url\":\"https:\\\/\\\/www.davidschool.com\\\/de\\\/\",\"name\":\"Istituto IL DAVID\",\"description\":\"Italian Language School\",\"publisher\":{\"@id\":\"https:\\\/\\\/www.davidschool.com\\\/de\\\/#organization\"},\"potentialAction\":[{\"@type\":\"SearchAction\",\"target\":{\"@type\":\"EntryPoint\",\"urlTemplate\":\"https:\\\/\\\/www.davidschool.com\\\/de\\\/?s={search_term_string}\"},\"query-input\":{\"@type\":\"PropertyValueSpecification\",\"valueRequired\":true,\"valueName\":\"search_term_string\"}}],\"inLanguage\":\"de\"},{\"@type\":\"Organization\",\"@id\":\"https:\\\/\\\/www.davidschool.com\\\/de\\\/#organization\",\"name\":\"Istituto Il David\",\"url\":\"https:\\\/\\\/www.davidschool.com\\\/de\\\/\",\"logo\":{\"@type\":\"ImageObject\",\"inLanguage\":\"de\",\"@id\":\"https:\\\/\\\/www.davidschool.com\\\/de\\\/#\\\/schema\\\/logo\\\/image\\\/\",\"url\":\"https:\\\/\\\/www.davidschool.com\\\/wp-content\\\/uploads\\\/2019\\\/05\\\/Il-David_logo.png\",\"contentUrl\":\"https:\\\/\\\/www.davidschool.com\\\/wp-content\\\/uploads\\\/2019\\\/05\\\/Il-David_logo.png\",\"width\":429,\"height\":133,\"caption\":\"Istituto Il David\"},\"image\":{\"@id\":\"https:\\\/\\\/www.davidschool.com\\\/de\\\/#\\\/schema\\\/logo\\\/image\\\/\"}}]}<\/script>\n<!-- \/ Yoast SEO plugin. -->","yoast_head_json":{"title":"Einen Studienurlaub in Florenz zu machen | Istituto IL DAVID","description":"Besuchen Sie eine der sch\u00f6nsten St\u00e4dte der Welt und belegen Sie einen Italienischkurs in Florenz. Lesen Sie unsere n\u00fctzlichen Tipps, bevor Sie nach Florenz und in die Toskana reisen","robots":{"index":"index","follow":"follow","max-snippet":"max-snippet:-1","max-image-preview":"max-image-preview:large","max-video-preview":"max-video-preview:-1"},"canonical":"https:\/\/www.davidschool.com\/de\/informationen-ueber-florenz\/","og_locale":"de_DE","og_type":"article","og_title":"Einen Studienurlaub in Florenz zu machen | Istituto IL DAVID","og_description":"Besuchen Sie eine der sch\u00f6nsten St\u00e4dte der Welt und belegen Sie einen Italienischkurs in Florenz. Lesen Sie unsere n\u00fctzlichen Tipps, bevor Sie nach Florenz und in die Toskana reisen","og_url":"https:\/\/www.davidschool.com\/de\/informationen-ueber-florenz\/","og_site_name":"Istituto IL DAVID","article_modified_time":"2021-06-18T17:10:18+00:00","og_image":[{"url":"https:\/\/www.davidschool.com\/wp-content\/uploads\/2020\/05\/14-1-1024x555.jpg","type":"","width":"","height":""}],"twitter_card":"summary_large_image","twitter_misc":{"Gesch\u00e4tzte Lesezeit":"5\u00a0Minuten"},"schema":{"@context":"https:\/\/schema.org","@graph":[{"@type":"WebPage","@id":"https:\/\/www.davidschool.com\/de\/informationen-ueber-florenz\/","url":"https:\/\/www.davidschool.com\/de\/informationen-ueber-florenz\/","name":"Einen Studienurlaub in Florenz zu machen | Istituto IL DAVID","isPartOf":{"@id":"https:\/\/www.davidschool.com\/de\/#website"},"primaryImageOfPage":{"@id":"https:\/\/www.davidschool.com\/de\/informationen-ueber-florenz\/#primaryimage"},"image":{"@id":"https:\/\/www.davidschool.com\/de\/informationen-ueber-florenz\/#primaryimage"},"thumbnailUrl":"https:\/\/www.davidschool.com\/wp-content\/uploads\/2020\/05\/14-1-1024x555.jpg","datePublished":"2019-06-05T12:52:45+00:00","dateModified":"2021-06-18T17:10:18+00:00","description":"Besuchen Sie eine der sch\u00f6nsten St\u00e4dte der Welt und belegen Sie einen Italienischkurs in Florenz. Lesen Sie unsere n\u00fctzlichen Tipps, bevor Sie nach Florenz und in die Toskana reisen","breadcrumb":{"@id":"https:\/\/www.davidschool.com\/de\/informationen-ueber-florenz\/#breadcrumb"},"inLanguage":"de","potentialAction":[{"@type":"ReadAction","target":["https:\/\/www.davidschool.com\/de\/informationen-ueber-florenz\/"]}]},{"@type":"ImageObject","inLanguage":"de","@id":"https:\/\/www.davidschool.com\/de\/informationen-ueber-florenz\/#primaryimage","url":"https:\/\/www.davidschool.com\/wp-content\/uploads\/2020\/05\/14-1-1024x555.jpg","contentUrl":"https:\/\/www.davidschool.com\/wp-content\/uploads\/2020\/05\/14-1-1024x555.jpg"},{"@type":"BreadcrumbList","@id":"https:\/\/www.davidschool.com\/de\/informationen-ueber-florenz\/#breadcrumb","itemListElement":[{"@type":"ListItem","position":1,"name":"Home","item":"https:\/\/www.davidschool.com\/de\/"},{"@type":"ListItem","position":2,"name":"REISE NACH FLORENZ"}]},{"@type":"WebSite","@id":"https:\/\/www.davidschool.com\/de\/#website","url":"https:\/\/www.davidschool.com\/de\/","name":"Istituto IL DAVID","description":"Italian Language School","publisher":{"@id":"https:\/\/www.davidschool.com\/de\/#organization"},"potentialAction":[{"@type":"SearchAction","target":{"@type":"EntryPoint","urlTemplate":"https:\/\/www.davidschool.com\/de\/?s={search_term_string}"},"query-input":{"@type":"PropertyValueSpecification","valueRequired":true,"valueName":"search_term_string"}}],"inLanguage":"de"},{"@type":"Organization","@id":"https:\/\/www.davidschool.com\/de\/#organization","name":"Istituto Il David","url":"https:\/\/www.davidschool.com\/de\/","logo":{"@type":"ImageObject","inLanguage":"de","@id":"https:\/\/www.davidschool.com\/de\/#\/schema\/logo\/image\/","url":"https:\/\/www.davidschool.com\/wp-content\/uploads\/2019\/05\/Il-David_logo.png","contentUrl":"https:\/\/www.davidschool.com\/wp-content\/uploads\/2019\/05\/Il-David_logo.png","width":429,"height":133,"caption":"Istituto Il David"},"image":{"@id":"https:\/\/www.davidschool.com\/de\/#\/schema\/logo\/image\/"}}]}},"_links":{"self":[{"href":"https:\/\/www.davidschool.com\/de\/wp-json\/wp\/v2\/pages\/860","targetHints":{"allow":["GET"]}}],"collection":[{"href":"https:\/\/www.davidschool.com\/de\/wp-json\/wp\/v2\/pages"}],"about":[{"href":"https:\/\/www.davidschool.com\/de\/wp-json\/wp\/v2\/types\/page"}],"author":[{"embeddable":true,"href":"https:\/\/www.davidschool.com\/de\/wp-json\/wp\/v2\/users\/1"}],"replies":[{"embeddable":true,"href":"https:\/\/www.davidschool.com\/de\/wp-json\/wp\/v2\/comments?post=860"}],"version-history":[{"count":16,"href":"https:\/\/www.davidschool.com\/de\/wp-json\/wp\/v2\/pages\/860\/revisions"}],"predecessor-version":[{"id":24964,"href":"https:\/\/www.davidschool.com\/de\/wp-json\/wp\/v2\/pages\/860\/revisions\/24964"}],"wp:attachment":[{"href":"https:\/\/www.davidschool.com\/de\/wp-json\/wp\/v2\/media?parent=860"}],"curies":[{"name":"wp","href":"https:\/\/api.w.org\/{rel}","templated":true}]}}