{"id":1917,"date":"2019-05-08T10:40:23","date_gmt":"2019-05-08T08:40:23","guid":{"rendered":"http:\/\/3.122.4.63\/?page_id=1917"},"modified":"2021-01-21T17:50:43","modified_gmt":"2021-01-21T16:50:43","slug":"contacto-con-la-escuela","status":"publish","type":"page","link":"https:\/\/www.davidschool.com\/es\/contacto-con-la-escuela\/","title":{"rendered":"CONTACTO"},"content":{"rendered":"<p>[et_pb_section fb_built=\u00bb1&#8243; specialty=\u00bbon\u00bb _builder_version=\u00bb3.22&#8243; inner_max_width=\u00bbnone\u00bb][et_pb_column type=\u00bb3_4&#8243; specialty_columns=\u00bb3&#8243; _builder_version=\u00bb3.25&#8243; custom_padding=\u00bb|||\u00bb custom_padding__hover=\u00bb|||\u00bb][et_pb_row_inner admin_label=\u00bbRiga\u00bb _builder_version=\u00bb3.25&#8243; z_index_tablet=\u00bb500&#8243; border_color_all=\u00bb#004058&#8243;][et_pb_column_inner saved_specialty_column_type=\u00bb3_4&#8243; _builder_version=\u00bb3.25&#8243; custom_padding=\u00bb|||\u00bb custom_padding__hover=\u00bb|||\u00bb][et_pb_text _builder_version=\u00bb3.27.4&#8243; z_index_tablet=\u00bb500&#8243;]<\/p>\n<h1>CONTACTO<\/h1>\n<p>[\/et_pb_text][et_pb_text _builder_version=\u00bb4.3.2&#8243; hover_enabled=\u00bb0&#8243; z_index_tablet=\u00bb500&#8243;]<\/p>\n<h3><strong>Solicitud de informaci\u00f3n al Istituto Il David<\/strong><\/h3>\n<p><form class=\"pwf_contact_form twocolumns   m-0 justify-content-center\" method=\"post\" action=\"https:\/\/www.davidschool.com\/wp-admin\/admin-ajax.php\" name=\"contactform\" id=\"contact_form_standard\" enctype=\"multipart\/form-data\" data-locale=\"es_ES\"><div class=\"row col-8home\">\n  <div class=\"inputfield form-style col-md-6  col-sm-12 col-sm-12 col-12\">\n     <input name=\"_pwf_name\" id=\"_pwf_name_standard\" type=\"text\" placeholder=\"Escribe tu nombre\" aria-required=\"true\" size=\"30\" class=\"form-control\" value=\"\">\n    <label for=\"_pwf_name_standard\">\n      Nombre    <\/label>\n  <\/div>\n  <div class=\"inputfield form-style col-md-6  col-sm-12 col-12\">\n     <input name=\"_pwf_email\" id=\"_pwf_email_standard\" type=\"text\" placeholder=\"Escriba su direcci\u00f3n de correo electr\u00f3nico\" aria-required=\"true\" size=\"30\" class=\"form-control\" value=\"\">\n    <label for=\"_pwf_email_standard\">\n      E-mail    <\/label>\n  <\/div>  \n  <div class=\"inputfield form-style col-sm-12 col-12\">\n    <input name=\"_pwf_nationality\" placeholder=\"Escriba su nacionalidad\" type=\"text\" id=\"_pwf_nationalitystandard\" class=\"form-control\" value=\"\">\n    <label for=\"_pwf_nationality_standard\">\n      Nacionalidad    <\/label>\n  <\/div>\n  <div class=\"inputfield form-style col-sm-12 col-12\">\n    <textarea name=\"_pwf_message\" class=\"message form-control\" required placeholder=\"Mensaje\" style=\"height: 150px;\"><\/textarea>\n    <label for=\"_pwf_message_standard\">\n      D\u00e9janos un mensaje    <\/label>\n  <\/div>\n<\/div>\n<div class=\"submit-block inputfield form-style row col-md-5 col-sm-12 col-12\">\n  <label class=\"align-items-center d-flex justify-content-center sub-title toggleButton\"> <span class=\"col-9 font-12 lineheight-12\">He le\u00eddo, entendido y aceptado la <a href=\"https:\/\/www.davidschool.com\/es\/privacy-policy-5\/\" target=\"_blank\">pol\u00edtica<\/a> de privacidad de este sitio web<\/span> <span class=\"col-3\">\n    <input type=\"checkbox\" name=\"_pwf_privacy\" id=\"_pwf_privacy_newsletter\" value=\"1\">\n    <span class=\"colored\">\n    <svg viewBox=\"0 0 44 44\">\n      <path d=\"M14,24 L21,31 L39.7428882,11.5937758 C35.2809627,6.53125861 30.0333333,4 24,4 C12.95,4 4,12.95 4,24 C4,35.05 12.95,44 24,44 C35.05,44 44,35.05 44,24 C44,19.3 42.5809627,15.1645919 39.7428882,11.5937758\" transform=\"translate(-2.000000, -2.000000)\"><\/path>\n    <\/svg>\n    <\/span> <\/span> <\/label>\n<\/div>\n<div class=\"inputfield form-style col-sm-12 col-12\">\n  <input type=\"hidden\" name=\"_pwf_type\" value=\"contact\"\/>\n  <input type=\"hidden\" name=\"_pwf_page\" value=\"home\"\/>\n  <input type=\"hidden\" name=\"_pwf_language\" value=\"Spanish\"\/>\n  <input type=\"hidden\" name=\"_pwf_language_code\" value=\"es\"\/>\n          <button class=\"btn btn-medium btn--breez btn-hover-shadow\" id=\"_pwf_submitstandard\" type=\"submit\" name=\"contact_submit\"> <span id=\"wait\">\n  Enviando  <\/span> <span class=\"text\" id=\"buttontext\">\n  Enviar  <\/span> <span class=\"semicircle\"><\/span> <\/button>\n  <div id=\"messages\"><\/div>\n<\/div>\n<\/form>[\/et_pb_text][et_pb_divider show_divider=\u00bboff\u00bb _builder_version=\u00bb3.22.7&#8243; z_index_tablet=\u00bb500&#8243;][\/et_pb_divider][et_pb_text _builder_version=\u00bb3.27.4&#8243; text_font=\u00bb|600|||||||\u00bb text_text_color=\u00bb#004058&#8243; custom_padding=\u00bb5px||5px|\u00bb animation_style=\u00bbroll\u00bb z_index_tablet=\u00bb500&#8243; border_radii=\u00bbon|32px|32px|32px|32px\u00bb border_width_all=\u00bb2px\u00bb border_color_all=\u00bb#fa8072&#8243; border_style_all=\u00bbdotted\u00bb box_shadow_style=\u00bbpreset1&#8243; box_shadow_vertical=\u00bb1px\u00bb]<\/p>\n<p style=\"text-align: center;\">Est\u00e1s en Florencia ahora?<br \/><strong> Ven a nuestra escuela.<\/strong><br \/>Estamos a pocos pasos de la estaci\u00f3n central y del Duomo, en Via de&#8217; Vecchietti 1.<br \/>Estamos abiertos de lunes a viernes de 9:00 a 17:00. <\/p>\n<p>[\/et_pb_text][\/et_pb_column_inner][\/et_pb_row_inner][et_pb_row_inner admin_label=\u00bbRiga\u00bb _builder_version=\u00bb3.25&#8243;][et_pb_column_inner saved_specialty_column_type=\u00bb3_4&#8243; _builder_version=\u00bb3.25&#8243; custom_padding=\u00bb|||\u00bb custom_padding__hover=\u00bb|||\u00bb][et_pb_map address=\u00bbVia de&#8217; Vecchietti, 1, 50123 Firenze FI, Italia\u00bb zoom_level=\u00bb14&#8243; address_lat=\u00bb43.77314178841234&#8243; address_lng=\u00bb11.25322361481936&#8243; _builder_version=\u00bb3.22.7&#8243; z_index_tablet=\u00bb500&#8243;][et_pb_map_pin title=\u00bbIstituto Il David &#8211; Italian Language School\u00bb pin_address=\u00bbVia de&#8217; Vecchietti, 1, 50123 Firenze FI, Italia\u00bb pin_address_lat=\u00bb43.7717163&#8243; pin_address_lng=\u00bb11.25262280000004&#8243; _builder_version=\u00bb3.22.7&#8243;]<\/p>\n<p>Via de&#8217; Vecchietti, 1, 50123 Firenze&nbsp;<\/p>\n<p>[\/et_pb_map_pin][et_pb_map_pin title=\u00bbFirenze S.M.N.\u00bb pin_address=\u00bbPiazza di Santa Maria Novella, 50123 Firenze FI, Italia\u00bb pin_address_lat=\u00bb43.77313909999999&#8243; pin_address_lng=\u00bb11.249619800000005&#8243; _builder_version=\u00bb3.22.7&#8243;]<\/p>\n<p>Central Train Station S.M.Novella<br \/>Piazza di Santa Maria Novella, 50123 Firenze<\/p>\n<p>[\/et_pb_map_pin][et_pb_map_pin title=\u00bbPonte Vecchio\u00bb pin_address=\u00bbPonte Vecchio, Ponte Vecchio, 50125 Firenze FI, Italia\u00bb pin_address_lat=\u00bb43.767925&#8243; pin_address_lng=\u00bb11.253143499999965&#8243; _builder_version=\u00bb3.22.7&#8243;]<\/p>\n<p>Ponte Vecchio, 50125 Firenze<\/p>\n<p>[\/et_pb_map_pin][et_pb_map_pin title=\u00bbPiazza della Signoria\u00bb pin_address=\u00bbPiazza della Signoria, 50122 Firenze FI, Italia\u00bb pin_address_lat=\u00bb43.7696855&#8243; pin_address_lng=\u00bb11.255642200000011&#8243; _builder_version=\u00bb3.22.7&#8243;]<\/p>\n<p>Piazza della Signoria, 50122 Firenze&nbsp;<\/p>\n<p>[\/et_pb_map_pin][et_pb_map_pin title=\u00bbPiazza del Duomo\u00bb pin_address=\u00bbPiazza del Duomo, 50122 Firenze FI, Italia\u00bb pin_address_lat=\u00bb43.7734385&#8243; pin_address_lng=\u00bb11.256550100000027&#8243; _builder_version=\u00bb3.22.7&#8243;]<\/p>\n<p>Piazza del Duomo, 50122 Firenze<\/p>\n<p>[\/et_pb_map_pin][\/et_pb_map][\/et_pb_column_inner][\/et_pb_row_inner][\/et_pb_column][et_pb_column type=\u00bb1_4&#8243; _builder_version=\u00bb3.25&#8243; custom_padding=\u00bb|||\u00bb custom_padding__hover=\u00bb|||\u00bb][et_pb_sidebar module_id=\u00bbpagesidebar\u00bb _builder_version=\u00bb4.3.2&#8243; hover_enabled=\u00bb0&#8243;][\/et_pb_sidebar][\/et_pb_column][\/et_pb_section]<\/p>\n","protected":false},"excerpt":{"rendered":"<p>[et_pb_section fb_built=\u00bb1&#8243; specialty=\u00bbon\u00bb _builder_version=\u00bb3.22&#8243; inner_max_width=\u00bbnone\u00bb][et_pb_column type=\u00bb3_4&#8243; specialty_columns=\u00bb3&#8243; _builder_version=\u00bb3.25&#8243; custom_padding=\u00bb|||\u00bb custom_padding__hover=\u00bb|||\u00bb][et_pb_row_inner admin_label=\u00bbRiga\u00bb _builder_version=\u00bb3.25&#8243; z_index_tablet=\u00bb500&#8243; border_color_all=\u00bb#004058&#8243;][et_pb_column_inner saved_specialty_column_type=\u00bb3_4&#8243; _builder_version=\u00bb3.25&#8243; custom_padding=\u00bb|||\u00bb custom_padding__hover=\u00bb|||\u00bb][et_pb_text _builder_version=\u00bb3.27.4&#8243; z_index_tablet=\u00bb500&#8243;] CONTACTO [\/et_pb_text][et_pb_text _builder_version=\u00bb4.3.2&#8243; hover_enabled=\u00bb0&#8243; z_index_tablet=\u00bb500&#8243;] Solicitud de informaci\u00f3n al Istituto Il David [\/et_pb_text][et_pb_divider show_divider=\u00bboff\u00bb _builder_version=\u00bb3.22.7&#8243; z_index_tablet=\u00bb500&#8243;][\/et_pb_divider][et_pb_text _builder_version=\u00bb3.27.4&#8243; text_font=\u00bb|600|||||||\u00bb text_text_color=\u00bb#004058&#8243; custom_padding=\u00bb5px||5px|\u00bb animation_style=\u00bbroll\u00bb z_index_tablet=\u00bb500&#8243; border_radii=\u00bbon|32px|32px|32px|32px\u00bb border_width_all=\u00bb2px\u00bb border_color_all=\u00bb#fa8072&#8243; border_style_all=\u00bbdotted\u00bb box_shadow_style=\u00bbpreset1&#8243; box_shadow_vertical=\u00bb1px\u00bb] Est\u00e1s en Florencia ahora? Ven a nuestra [&hellip;]<\/p>\n","protected":false},"author":1,"featured_media":0,"parent":0,"menu_order":0,"comment_status":"closed","ping_status":"closed","template":"page-contacts.php","meta":{"footnotes":""},"class_list":["post-1917","page","type-page","status-publish","hentry"],"yoast_head":"<!-- This site is optimized with the Yoast SEO plugin v27.2 - https:\/\/yoast.com\/product\/yoast-seo-wordpress\/ -->\n<title>Contacta la escuela de italiano en Florencia | Istituto IL DAVID<\/title>\n<meta name=\"description\" content=\"\u00bfQuieres aprender italiano? Cont\u00e1ctenos y solicite informaci\u00f3n sobre cursos de italiano en nuestra escuela. Si est\u00e1s en Florencia, ven a visitarnos de lunes a viernes.\" \/>\n<meta name=\"robots\" content=\"index, follow, max-snippet:-1, max-image-preview:large, max-video-preview:-1\" \/>\n<link rel=\"canonical\" href=\"https:\/\/www.davidschool.com\/es\/contacto-con-la-escuela\/\" \/>\n<meta property=\"og:locale\" content=\"es_ES\" \/>\n<meta property=\"og:type\" content=\"article\" \/>\n<meta property=\"og:title\" content=\"Contacta la escuela de italiano en Florencia | Istituto IL DAVID\" \/>\n<meta property=\"og:description\" content=\"\u00bfQuieres aprender italiano? Cont\u00e1ctenos y solicite informaci\u00f3n sobre cursos de italiano en nuestra escuela. Si est\u00e1s en Florencia, ven a visitarnos de lunes a viernes.\" \/>\n<meta property=\"og:url\" content=\"https:\/\/www.davidschool.com\/es\/contacto-con-la-escuela\/\" \/>\n<meta property=\"og:site_name\" content=\"Istituto IL DAVID\" \/>\n<meta property=\"article:modified_time\" content=\"2021-01-21T16:50:43+00:00\" \/>\n<meta name=\"twitter:card\" content=\"summary_large_image\" \/>\n<meta name=\"twitter:label1\" content=\"Tiempo de lectura\" \/>\n\t<meta name=\"twitter:data1\" content=\"2 minutos\" \/>\n<script type=\"application\/ld+json\" class=\"yoast-schema-graph\">{\"@context\":\"https:\/\/schema.org\",\"@graph\":[{\"@type\":\"WebPage\",\"@id\":\"https:\/\/www.davidschool.com\/es\/contacto-con-la-escuela\/\",\"url\":\"https:\/\/www.davidschool.com\/es\/contacto-con-la-escuela\/\",\"name\":\"Contacta la escuela de italiano en Florencia | Istituto IL DAVID\",\"isPartOf\":{\"@id\":\"https:\/\/www.davidschool.com\/es\/#website\"},\"datePublished\":\"2019-05-08T08:40:23+00:00\",\"dateModified\":\"2021-01-21T16:50:43+00:00\",\"description\":\"\u00bfQuieres aprender italiano? Cont\u00e1ctenos y solicite informaci\u00f3n sobre cursos de italiano en nuestra escuela. Si est\u00e1s en Florencia, ven a visitarnos de lunes a viernes.\",\"breadcrumb\":{\"@id\":\"https:\/\/www.davidschool.com\/es\/contacto-con-la-escuela\/#breadcrumb\"},\"inLanguage\":\"es\",\"potentialAction\":[{\"@type\":\"ReadAction\",\"target\":[\"https:\/\/www.davidschool.com\/es\/contacto-con-la-escuela\/\"]}]},{\"@type\":\"BreadcrumbList\",\"@id\":\"https:\/\/www.davidschool.com\/es\/contacto-con-la-escuela\/#breadcrumb\",\"itemListElement\":[{\"@type\":\"ListItem\",\"position\":1,\"name\":\"Home\",\"item\":\"https:\/\/www.davidschool.com\/es\/\"},{\"@type\":\"ListItem\",\"position\":2,\"name\":\"CONTACTO\"}]},{\"@type\":\"WebSite\",\"@id\":\"https:\/\/www.davidschool.com\/es\/#website\",\"url\":\"https:\/\/www.davidschool.com\/es\/\",\"name\":\"Istituto IL DAVID\",\"description\":\"Italian Language School\",\"publisher\":{\"@id\":\"https:\/\/www.davidschool.com\/es\/#organization\"},\"potentialAction\":[{\"@type\":\"SearchAction\",\"target\":{\"@type\":\"EntryPoint\",\"urlTemplate\":\"https:\/\/www.davidschool.com\/es\/?s={search_term_string}\"},\"query-input\":{\"@type\":\"PropertyValueSpecification\",\"valueRequired\":true,\"valueName\":\"search_term_string\"}}],\"inLanguage\":\"es\"},{\"@type\":\"Organization\",\"@id\":\"https:\/\/www.davidschool.com\/es\/#organization\",\"name\":\"Istituto Il David\",\"url\":\"https:\/\/www.davidschool.com\/es\/\",\"logo\":{\"@type\":\"ImageObject\",\"inLanguage\":\"es\",\"@id\":\"https:\/\/www.davidschool.com\/es\/#\/schema\/logo\/image\/\",\"url\":\"https:\/\/www.davidschool.com\/wp-content\/uploads\/2019\/05\/Il-David_logo.png\",\"contentUrl\":\"https:\/\/www.davidschool.com\/wp-content\/uploads\/2019\/05\/Il-David_logo.png\",\"width\":429,\"height\":133,\"caption\":\"Istituto Il David\"},\"image\":{\"@id\":\"https:\/\/www.davidschool.com\/es\/#\/schema\/logo\/image\/\"}}]}<\/script>\n<!-- \/ Yoast SEO plugin. -->","yoast_head_json":{"title":"Contacta la escuela de italiano en Florencia | Istituto IL DAVID","description":"\u00bfQuieres aprender italiano? Cont\u00e1ctenos y solicite informaci\u00f3n sobre cursos de italiano en nuestra escuela. Si est\u00e1s en Florencia, ven a visitarnos de lunes a viernes.","robots":{"index":"index","follow":"follow","max-snippet":"max-snippet:-1","max-image-preview":"max-image-preview:large","max-video-preview":"max-video-preview:-1"},"canonical":"https:\/\/www.davidschool.com\/es\/contacto-con-la-escuela\/","og_locale":"es_ES","og_type":"article","og_title":"Contacta la escuela de italiano en Florencia | Istituto IL DAVID","og_description":"\u00bfQuieres aprender italiano? Cont\u00e1ctenos y solicite informaci\u00f3n sobre cursos de italiano en nuestra escuela. Si est\u00e1s en Florencia, ven a visitarnos de lunes a viernes.","og_url":"https:\/\/www.davidschool.com\/es\/contacto-con-la-escuela\/","og_site_name":"Istituto IL DAVID","article_modified_time":"2021-01-21T16:50:43+00:00","twitter_card":"summary_large_image","twitter_misc":{"Tiempo de lectura":"2 minutos"},"schema":{"@context":"https:\/\/schema.org","@graph":[{"@type":"WebPage","@id":"https:\/\/www.davidschool.com\/es\/contacto-con-la-escuela\/","url":"https:\/\/www.davidschool.com\/es\/contacto-con-la-escuela\/","name":"Contacta la escuela de italiano en Florencia | Istituto IL DAVID","isPartOf":{"@id":"https:\/\/www.davidschool.com\/es\/#website"},"datePublished":"2019-05-08T08:40:23+00:00","dateModified":"2021-01-21T16:50:43+00:00","description":"\u00bfQuieres aprender italiano? Cont\u00e1ctenos y solicite informaci\u00f3n sobre cursos de italiano en nuestra escuela. Si est\u00e1s en Florencia, ven a visitarnos de lunes a viernes.","breadcrumb":{"@id":"https:\/\/www.davidschool.com\/es\/contacto-con-la-escuela\/#breadcrumb"},"inLanguage":"es","potentialAction":[{"@type":"ReadAction","target":["https:\/\/www.davidschool.com\/es\/contacto-con-la-escuela\/"]}]},{"@type":"BreadcrumbList","@id":"https:\/\/www.davidschool.com\/es\/contacto-con-la-escuela\/#breadcrumb","itemListElement":[{"@type":"ListItem","position":1,"name":"Home","item":"https:\/\/www.davidschool.com\/es\/"},{"@type":"ListItem","position":2,"name":"CONTACTO"}]},{"@type":"WebSite","@id":"https:\/\/www.davidschool.com\/es\/#website","url":"https:\/\/www.davidschool.com\/es\/","name":"Istituto IL DAVID","description":"Italian Language School","publisher":{"@id":"https:\/\/www.davidschool.com\/es\/#organization"},"potentialAction":[{"@type":"SearchAction","target":{"@type":"EntryPoint","urlTemplate":"https:\/\/www.davidschool.com\/es\/?s={search_term_string}"},"query-input":{"@type":"PropertyValueSpecification","valueRequired":true,"valueName":"search_term_string"}}],"inLanguage":"es"},{"@type":"Organization","@id":"https:\/\/www.davidschool.com\/es\/#organization","name":"Istituto Il David","url":"https:\/\/www.davidschool.com\/es\/","logo":{"@type":"ImageObject","inLanguage":"es","@id":"https:\/\/www.davidschool.com\/es\/#\/schema\/logo\/image\/","url":"https:\/\/www.davidschool.com\/wp-content\/uploads\/2019\/05\/Il-David_logo.png","contentUrl":"https:\/\/www.davidschool.com\/wp-content\/uploads\/2019\/05\/Il-David_logo.png","width":429,"height":133,"caption":"Istituto Il David"},"image":{"@id":"https:\/\/www.davidschool.com\/es\/#\/schema\/logo\/image\/"}}]}},"_links":{"self":[{"href":"https:\/\/www.davidschool.com\/es\/wp-json\/wp\/v2\/pages\/1917","targetHints":{"allow":["GET"]}}],"collection":[{"href":"https:\/\/www.davidschool.com\/es\/wp-json\/wp\/v2\/pages"}],"about":[{"href":"https:\/\/www.davidschool.com\/es\/wp-json\/wp\/v2\/types\/page"}],"author":[{"embeddable":true,"href":"https:\/\/www.davidschool.com\/es\/wp-json\/wp\/v2\/users\/1"}],"replies":[{"embeddable":true,"href":"https:\/\/www.davidschool.com\/es\/wp-json\/wp\/v2\/comments?post=1917"}],"version-history":[{"count":5,"href":"https:\/\/www.davidschool.com\/es\/wp-json\/wp\/v2\/pages\/1917\/revisions"}],"predecessor-version":[{"id":19349,"href":"https:\/\/www.davidschool.com\/es\/wp-json\/wp\/v2\/pages\/1917\/revisions\/19349"}],"wp:attachment":[{"href":"https:\/\/www.davidschool.com\/es\/wp-json\/wp\/v2\/media?parent=1917"}],"curies":[{"name":"wp","href":"https:\/\/api.w.org\/{rel}","templated":true}]}}