{"id":24423,"date":"2021-03-30T16:24:42","date_gmt":"2021-03-30T14:24:42","guid":{"rendered":"http:\/\/3.122.4.63\/?page_id=24423"},"modified":"2026-04-01T12:39:59","modified_gmt":"2026-04-01T10:39:59","slug":"visado-estudios","status":"publish","type":"page","link":"https:\/\/www.davidschool.com\/es\/visado-estudios\/","title":{"rendered":"VISADO DE ESTUDIOS PARA ITALIA"},"content":{"rendered":"\n<h2 class=\"wp-block-heading\">QU\u00c9 DOCUMENTOS SON NECESARIOS PARA IR Y PERMANECER EN ITALIA<\/h2>\n\n\n\n<figure class=\"wp-block-image size-large\"><img loading=\"lazy\" decoding=\"async\" width=\"1024\" height=\"683\" src=\"https:\/\/www.davidschool.com\/wp-content\/uploads\/2025\/10\/passaporto-1024x683.png\" alt=\"\" class=\"wp-image-34749\" srcset=\"https:\/\/www.davidschool.com\/wp-content\/uploads\/2025\/10\/passaporto-1024x683.png 1024w, https:\/\/www.davidschool.com\/wp-content\/uploads\/2025\/10\/passaporto-300x200.png 300w, https:\/\/www.davidschool.com\/wp-content\/uploads\/2025\/10\/passaporto-768x512.png 768w, https:\/\/www.davidschool.com\/wp-content\/uploads\/2025\/10\/passaporto-80x53.png 80w, https:\/\/www.davidschool.com\/wp-content\/uploads\/2025\/10\/passaporto-270x180.png 270w, https:\/\/www.davidschool.com\/wp-content\/uploads\/2025\/10\/passaporto.png 1536w\" sizes=\"auto, (max-width: 1024px) 100vw, 1024px\" \/><\/figure>\n\n\n\n<p>Documento de identidad, pasaporte, visado de turismo, visado de estudios, tarjeta sanitaria, declaraci\u00f3n de presencia, permiso de residencia.<\/p>\n\n\n\n<h3 class=\"wp-block-heading\"><strong>Qu\u00e9 es un visado de estudios<\/strong><\/h3>\n\n\n\n<p>El <strong>visado de estudios<\/strong> es un documento necesario s\u00f3lo para los estudiantes residentes en <strong>pa\u00edses no pertenecientes a la UE<\/strong> que decidan asistir a un <strong><a href=\"https:\/\/www.davidschool.com\/es\/cursos\/cursos-de-italiano\/\">curso de italiano<\/a><\/strong> y permanecer en Italia durante un per\u00edodo <strong>superior a tres meses.<\/strong><br>Tenga en cuenta que s\u00f3lo las <strong><a href=\"https:\/\/www.esteri.it\/en\/ministero\/struttura\/laretediplomatica\" target=\"_blank\" rel=\"noreferrer noopener nofollow\">oficinas consulares italianas<\/a><\/strong> en el extranjero est\u00e1n autorizadas a conceder cualquier tipo de visado para Italia (incluido el visado de estudios). Por este motivo, la solicitud de visado s\u00f3lo puede realizarse en el consulado italiano de su pa\u00eds. La decisi\u00f3n de conceder el visado corresponde exclusivamente a la <strong>oficina de visados<\/strong> del consulado italiano en el extranjero.<br>Nuestra escuela s\u00f3lo puede asesorarte para que tengas <strong>m\u00e1s posibilidades de obtener el visado<\/strong>, enviarte los certificados necesarios exigidos por las autoridades consulares italianas para solicitar el visado de estudios y asistirte en el <strong>procedimiento de solicitud del visado<\/strong> o en caso de problemas inesperados.<br>A continuaci\u00f3n analizamos todos los casos seg\u00fan la nacionalidad de los estudiantes y la duraci\u00f3n de su <strong>estancia en Italia<\/strong>.<\/p>\n\n\n\n<h4 class=\"wp-block-heading\"><strong>Per\u00edodos de estancia en Italia inferiores a tres meses (-90 d\u00edas)<\/strong><\/h4>\n\n\n\n<p>Si su nacionalidad <strong>no pertenece a un pa\u00eds de la Uni\u00f3n Europea<\/strong> (<strong><a href=\"https:\/\/www.europarl.europa.eu\/topics\/es\/article\/20190612STO54307\/schengen-la-zona-sin-fronteras-interiores-explicada\" target=\"_blank\" rel=\"noreferrer noopener nofollow\">espacio Schengen<\/a><\/strong>) es siempre obligatorio tener un <strong>pasaporte v\u00e1lido<\/strong> para cualquier per\u00edodo de estancia en Italia.<br>Las autoridades italianas consideran que una estancia en Italia de menos de 90 d\u00edas es <strong>turismo<\/strong>, incluso si el motivo de su viaje es asistir a un <strong>curso de italiano<\/strong> en una escuela de idioma italiano para estudiantes extranjeros.<br>Si tiene intenci\u00f3n de permanecer en Italia <strong>menos de tres meses<\/strong>, los documentos obligatorios y el procedimiento de entrada en Italia son diferentes para cada pa\u00eds. Por este motivo, le sugerimos que pida informaci\u00f3n a la <strong>embajada italiana<\/strong> de su pa\u00eds. <br>Seg\u00fan nuestra experiencia, estas son las diferentes situaciones.<\/p>\n\n\n\n<ul class=\"wp-block-list\">\n<li>Desde algunos pa\u00edses del mundo es posible llegar y permanecer en Italia sin <strong>ning\u00fan documento en particular<\/strong>.<\/li>\n\n\n\n<li>Desde algunos pa\u00edses, al llegar al aeropuerto de Italia, es suficiente declarar que se va a permanecer en Italia por motivos de estudio y mostrar nuestro <strong>certificado de inscripci\u00f3n<\/strong>.<\/li>\n\n\n\n<li>Para algunos pa\u00edses es necesario solicitar un <strong>visado de turista<\/strong> en la Embajada de Italia. Para obtenerlo deber\u00e1 presentar su certificado de inscripci\u00f3n en los cursos de nuestra escuela.<\/li>\n\n\n\n<li>Para los pa\u00edses considerados por el <strong>Ministerio del Interior italiano<\/strong> como de alto riesgo de inmigraci\u00f3n, se requieren procedimientos m\u00e1s complejos y, a menudo, no es posible obtener <strong>ning\u00fan tipo de visa<\/strong>.<br>Puede consultar en la p\u00e1gina web del <strong><a href=\"https:\/\/vistoperitalia.esteri.it\/?lang=it_IT\" type=\"link\" id=\"https:\/\/vistoperitalia.esteri.it\/?lang=it_IT\" target=\"_blank\" rel=\"noreferrer noopener\">Ministerio de Asuntos Exteriores italiano<\/a><\/strong> si necesita una visa para venir a Italia.<br>ATENCI\u00d3N Para cualquier pa\u00eds, sin visado, generalmente no es posible permanecer en Italia m\u00e1s de tres meses, y normalmente no es posible hacer o renovar un visado en Italia.<br>ATENCI\u00d3N Aunque la asistencia sanitaria para enfermedades y lesiones graves es gratuita en Italia, le recomendamos que contrate un <strong>seguro m\u00e9dico personal <\/strong>en su pa\u00eds que cubra cualquier tipo de necesidad no grave.<\/li>\n<\/ul>\n\n\n\n<h4 class=\"wp-block-heading\"><strong>Per\u00edodos de estancia en Italia superiores a tres meses (+90 d\u00edas)<\/strong><\/h4>\n\n\n\n<p>Si tiene intenci\u00f3n de permanecer en Italia durante un per\u00edodo <strong>superior a tres meses<\/strong> y su nacionalidad <strong>no pertenece a los pa\u00edses de la Uni\u00f3n Europea<\/strong> (<strong><a href=\"https:\/\/ec.europa.eu\/home-affairs\/sites\/default\/files\/e-library\/docs\/schengen_brochure\/schengen_brochure_dr3111126_es.pdf\" target=\"_blank\" rel=\"noreferrer noopener nofollow\">espacio Schengen<\/a><\/strong>), es obligatorio tener un pasaporte v\u00e1lido para los pa\u00edses extranjeros y obtener un <strong>visado de estudios<\/strong> en la embajada italiana de su pa\u00eds.<\/p>\n\n\n\n<h4 class=\"wp-block-heading\"><strong>Nivel de italiano para obtener una visa de estudio<\/strong><\/h4>\n\n\n\n<p>Para la mayor\u00eda de los pa\u00edses, las embajadas conceden una visa de estudio s\u00f3lo si el estudiante ya ha estudiado italiano y tiene al menos un nivel A2 (en algunos casos B1).<br>El estudiante debe acreditar haber estudiado italiano y entregar al consulado italiano una copia del certificado de asistencia a un curso en una escuela que describa su nivel de italiano.<br>En algunos casos puede ser suficiente presentar un certificado de estudios compatibles con la lengua y la cultura italiana.<br>A falta de un certificado, en algunos casos puede ser suficiente tener una entrevista con un funcionario para demostrar que tienes al menos conocimientos de italiano A2-B1.<br>Si eres principiante o tienes pocos conocimientos de italiano y el consulado no puede darte una visa de estudios, tienes dos opciones.<br>Asiste a un curso de italiano en tu pa\u00eds y alcanza al menos un nivel A2.<br>Ven a Italia por menos de tres meses con visa de turista, asiste a cursos de italiano en nuestra escuela, regresa a tu pa\u00eds y solicita una visa de estudio de 4 a 12 meses.<\/p>\n\n\n\n<h4 class=\"wp-block-heading\"><strong>Qu\u00e9 hacer antes de planificar un viaje de estudios a Italia por un per\u00edodo superior a tres meses<\/strong><\/h4>\n\n\n\n<ul class=\"wp-block-list\">\n<li>Decida las <strong>fechas de su estancia<\/strong> en Italia.<\/li>\n\n\n\n<li>Env\u00ede un <strong><a href=\"mailto:info@davidschool.com\">correo electr\u00f3nico<\/a><\/strong> a la escuela describiendo sus intenciones de inscribirse en un <strong>curso de italiano<\/strong> de m\u00e1s de tres meses. De este modo, podremos darle consejos \u00fatiles sobre el procedimiento de visado y sobre su viaje a Florencia.<\/li>\n\n\n\n<li>Inscribirse en un curso de al menos <strong>20 horas por semana<\/strong> (el m\u00ednimo permitido para obtener un visado). Para un visado de estudios posterior, se permiten ocasionalmente 10 horas por semana.<\/li>\n\n\n\n<li>Rellenar y enviar el <strong><a href=\"https:\/\/www.davidschool.com\/es\/reservar-ahora-florencia\/\">formulario de inscripci\u00f3n<\/a><\/strong><\/li>\n\n\n\n<li>P\u00f3ngase en contacto con el <strong>consulado italiano<\/strong> en su pa\u00eds para declarar sus intenciones de realizar un <strong><a href=\"https:\/\/www.davidschool.com\/es\/cursos\/cursos-de-italiano\/\">curso de italiano en Italia<\/a><\/strong>, preguntar si est\u00e1 en las condiciones necesarias para obtener un visado de estudios y qu\u00e9 documentos son necesarios.<\/li>\n\n\n\n<li>Recuerde que antes de reservar su billete de avi\u00f3n, debe asegurarse de obtener su visado de estudios.<br>Puede encontrar los contactos de las <strong><a href=\"https:\/\/www.esteri.it\/en\/ministero\/struttura\/laretediplomatica\" target=\"_blank\" rel=\"noreferrer noopener nofollow\">embajadas y consulados italianos<\/a><\/strong> en el extranjero en la p\u00e1gina web del Ministerio de Asuntos Exteriores italiano<\/li>\n\n\n\n<li><strong>Reservar una cita<\/strong> en el consulado italiano para recibir el visado<br>ATENCI\u00d3N Dado que para algunos pa\u00edses el procedimiento para obtener un visado de estudios puede ser largo y complicado, le recomendamos que decida las fechas de su estancia en Italia al menos <strong>dos o tres meses antes<\/strong> de su llegada a Italia (preferiblemente 4 o 5 meses antes).<br>ATENCI\u00d3N El visado de estudios para Italia le permite viajar legalmente por todos los pa\u00edses de la UE (espacio Shengen) durante la duraci\u00f3n de su visado.<\/li>\n<\/ul>\n\n\n\n<p>Si el consulado ha evaluado positivamente su situaci\u00f3n para concederle un visado de estudios, estos son los <strong>requisitos obligatorios<\/strong> para solicitar el visado:<\/p>\n\n\n\n<ul class=\"wp-block-list\">\n<li>tener un <strong>pasaporte v\u00e1lido<\/strong><\/li>\n\n\n\n<li>presentar el <strong>certificado de inscripci\u00f3n<\/strong> de la escuela y el documento de que la escuela est\u00e1 reconocida por el <strong>Ministerio de Educaci\u00f3n italiano<\/strong><\/li>\n\n\n\n<li>demostrar que ha <strong>pagado la totalidad<\/strong> del curso reservado (exigido por la ley italiana)<\/li>\n\n\n\n<li>demostrar que ha <strong>reservado realmente el alojamiento<\/strong>. Si reserva el alojamiento con la escuela, le daremos el documento de la declaraci\u00f3n de reserva de alojamiento.<\/li>\n\n\n\n<li>demostrar que tiene <strong>capacidad financiera <\/strong>suficiente para mantenerse durante el periodo de su estad\u00eda en Italia.<\/li>\n\n\n\n<li>mostrar el recibo de un <strong>seguro de salud personal<\/strong> (ver m\u00e1s abajo para m\u00e1s informaci\u00f3n) v\u00e1lido para el extranjero.<\/li>\n\n\n\n<li>presentar una <strong>carta de motivaci\u00f3n<\/strong> y tener una entrevista con un funcionario de visados.<\/li>\n\n\n\n<li><strong>billetes de avi\u00f3n de ida y vuelta<\/strong><\/li>\n<\/ul>\n\n\n\n<h4 class=\"wp-block-heading\"><strong>Seguro de salud<\/strong><\/h4>\n\n\n\n<p><strong>C\u00f3mo hacer un seguro de salud personal para Italia<\/strong><br>Para las estancias de estudio en Italia superiores a tres meses es obligatorio contratar un seguro de salud personal. Tienes tres opciones disponibles: contratar un seguro privado en su pa\u00eds, pedir a nuestra escuela que le haga un seguro. En este caso, puede elegir un seguro privado o un seguro p\u00fablico con el <strong>Servicio Sanitario Nacional<\/strong> italiano (<strong>SSN<\/strong>).<br>Para la emisi\u00f3n del seguro de salud privado, nuestra escuela ha firmado un acuerdo con la <strong>Welcome Association Italy<\/strong> (<strong>WAI<\/strong>). Al inscribirse en WAI (<a href=\"https:\/\/www.waitaly.net\/es\/\" target=\"_blank\" rel=\"noreferrer noopener sponsored nofollow\">www.waitaly.net<\/a>) tendr\u00e1 acceso al seguro de salud de Generali Italia, reconocido por las embajadas y consulados italianos para la expedici\u00f3n de visados de estudios y por la polic\u00eda para la expedici\u00f3n de permisos de residencia.<\/p>\n\n\n\n<h4 class=\"wp-block-heading\"><strong>Permiso de residencia<\/strong><\/h4>\n\n\n\n<p><strong>Qu\u00e9 es el permiso de residencia<\/strong><br>El permiso de residencia es un documento que permite a los ciudadanos extracomunitarios permanecer legalmente en Italia durante per\u00edodos prolongados (m\u00e1s de tres meses). Su duraci\u00f3n es igual a las fechas del curso de estudio.<br><strong>Permiso de residencia en Italia<\/strong><br>Si su nacionalidad es de un pa\u00eds no perteneciente a la UE y ha recibido un visado de estudios por un per\u00edodo superior a 90 d\u00edas, deber\u00e1 solicitar un permiso de residencia en los 8 d\u00edas siguientes a su llegada a Italia. Cuando llegue a la escuela, le daremos la asistencia necesaria y la informaci\u00f3n \u00fatil para la solicitud que debe realizar en la oficina de correos cercana a la escuela.<\/p>\n\n\n\n<h4 class=\"wp-block-heading\"><strong>Renovaci\u00f3n del permiso de residencia en Italia<\/strong><\/h4>\n\n\n\n<p>Si est\u00e1 en posesi\u00f3n de un visado de estudios, es posible prolongar su estancia en Italia despu\u00e9s de la expiraci\u00f3n de su visado, haciendo de nuevo el procedimiento de renovaci\u00f3n de su permiso de residencia. En este caso, deber\u00e1 inscribirse en nuestros cursos y presentar un nuevo certificado de inscripci\u00f3n. Recuerde que debe presentarse dentro de los 60 d\u00edas anteriores a la expiraci\u00f3n del anterior permiso de residencia.<\/p>\n\n\n\n<p>Si quieres viajar a Italia y necesitas m\u00e1s informaci\u00f3n sobre la visa, <strong>\u00a1<a href=\"https:\/\/www.davidschool.com\/es\/contacto-con-la-escuela\/\">cont\u00e1ctanos<\/a>!<\/strong><\/p>\n","protected":false},"excerpt":{"rendered":"<p>QU\u00c9 DOCUMENTOS SON NECESARIOS PARA IR Y PERMANECER EN ITALIA Documento de identidad, pasaporte, visado de turismo, visado de estudios, tarjeta sanitaria, declaraci\u00f3n de presencia, permiso de residencia. Qu\u00e9 es un visado de estudios El visado de estudios es un documento necesario s\u00f3lo para los estudiantes residentes en pa\u00edses no pertenecientes a la UE que [&hellip;]<\/p>\n","protected":false},"author":2,"featured_media":0,"parent":0,"menu_order":0,"comment_status":"closed","ping_status":"closed","template":"","meta":{"footnotes":""},"class_list":["post-24423","page","type-page","status-publish","hentry"],"yoast_head":"<!-- This site is optimized with the Yoast SEO plugin v27.4 - https:\/\/yoast.com\/product\/yoast-seo-wordpress\/ -->\n<title>Visado de estudios y permiso de residencia en Italia | Istituto IL DAVID<\/title>\n<meta name=\"description\" content=\"Estudiar en Italia con un visado de estudios, los documentos necesarios para ir y permanecer en Italia y hacer un curso de italiano durante m\u00e1s de tres meses\" \/>\n<meta name=\"robots\" content=\"index, follow, max-snippet:-1, max-image-preview:large, max-video-preview:-1\" \/>\n<link rel=\"canonical\" href=\"https:\/\/www.davidschool.com\/es\/visado-estudios\/\" \/>\n<meta property=\"og:locale\" content=\"es_ES\" \/>\n<meta property=\"og:type\" content=\"article\" \/>\n<meta property=\"og:title\" content=\"Visado de estudios y permiso de residencia en Italia | Istituto IL DAVID\" \/>\n<meta property=\"og:description\" content=\"Estudiar en Italia con un visado de estudios, los documentos necesarios para ir y permanecer en Italia y hacer un curso de italiano durante m\u00e1s de tres meses\" \/>\n<meta property=\"og:url\" content=\"https:\/\/www.davidschool.com\/es\/visado-estudios\/\" \/>\n<meta property=\"og:site_name\" content=\"Istituto IL DAVID\" \/>\n<meta property=\"article:modified_time\" content=\"2026-04-01T10:39:59+00:00\" \/>\n<meta property=\"og:image\" content=\"https:\/\/www.davidschool.com\/wp-content\/uploads\/2025\/10\/passaporto-1024x683.png\" \/>\n\t<meta property=\"og:image:width\" content=\"1024\" \/>\n\t<meta property=\"og:image:height\" content=\"683\" \/>\n\t<meta property=\"og:image:type\" content=\"image\/png\" \/>\n<meta name=\"twitter:card\" content=\"summary_large_image\" \/>\n<meta name=\"twitter:label1\" content=\"Tiempo de lectura\" \/>\n\t<meta name=\"twitter:data1\" content=\"7 minutos\" \/>\n<script type=\"application\/ld+json\" class=\"yoast-schema-graph\">{\"@context\":\"https:\\\/\\\/schema.org\",\"@graph\":[{\"@type\":\"WebPage\",\"@id\":\"https:\\\/\\\/www.davidschool.com\\\/es\\\/visado-estudios\\\/\",\"url\":\"https:\\\/\\\/www.davidschool.com\\\/es\\\/visado-estudios\\\/\",\"name\":\"Visado de estudios y permiso de residencia en Italia | Istituto IL DAVID\",\"isPartOf\":{\"@id\":\"https:\\\/\\\/www.davidschool.com\\\/es\\\/#website\"},\"primaryImageOfPage\":{\"@id\":\"https:\\\/\\\/www.davidschool.com\\\/es\\\/visado-estudios\\\/#primaryimage\"},\"image\":{\"@id\":\"https:\\\/\\\/www.davidschool.com\\\/es\\\/visado-estudios\\\/#primaryimage\"},\"thumbnailUrl\":\"https:\\\/\\\/www.davidschool.com\\\/wp-content\\\/uploads\\\/2025\\\/10\\\/passaporto-1024x683.png\",\"datePublished\":\"2021-03-30T14:24:42+00:00\",\"dateModified\":\"2026-04-01T10:39:59+00:00\",\"description\":\"Estudiar en Italia con un visado de estudios, los documentos necesarios para ir y permanecer en Italia y hacer un curso de italiano durante m\u00e1s de tres meses\",\"breadcrumb\":{\"@id\":\"https:\\\/\\\/www.davidschool.com\\\/es\\\/visado-estudios\\\/#breadcrumb\"},\"inLanguage\":\"es\",\"potentialAction\":[{\"@type\":\"ReadAction\",\"target\":[\"https:\\\/\\\/www.davidschool.com\\\/es\\\/visado-estudios\\\/\"]}]},{\"@type\":\"ImageObject\",\"inLanguage\":\"es\",\"@id\":\"https:\\\/\\\/www.davidschool.com\\\/es\\\/visado-estudios\\\/#primaryimage\",\"url\":\"https:\\\/\\\/www.davidschool.com\\\/wp-content\\\/uploads\\\/2025\\\/10\\\/passaporto-1024x683.png\",\"contentUrl\":\"https:\\\/\\\/www.davidschool.com\\\/wp-content\\\/uploads\\\/2025\\\/10\\\/passaporto-1024x683.png\"},{\"@type\":\"BreadcrumbList\",\"@id\":\"https:\\\/\\\/www.davidschool.com\\\/es\\\/visado-estudios\\\/#breadcrumb\",\"itemListElement\":[{\"@type\":\"ListItem\",\"position\":1,\"name\":\"Home\",\"item\":\"https:\\\/\\\/www.davidschool.com\\\/es\\\/\"},{\"@type\":\"ListItem\",\"position\":2,\"name\":\"VISADO DE ESTUDIOS PARA ITALIA\"}]},{\"@type\":\"WebSite\",\"@id\":\"https:\\\/\\\/www.davidschool.com\\\/es\\\/#website\",\"url\":\"https:\\\/\\\/www.davidschool.com\\\/es\\\/\",\"name\":\"Istituto IL DAVID\",\"description\":\"Italian Language School\",\"publisher\":{\"@id\":\"https:\\\/\\\/www.davidschool.com\\\/es\\\/#organization\"},\"potentialAction\":[{\"@type\":\"SearchAction\",\"target\":{\"@type\":\"EntryPoint\",\"urlTemplate\":\"https:\\\/\\\/www.davidschool.com\\\/es\\\/?s={search_term_string}\"},\"query-input\":{\"@type\":\"PropertyValueSpecification\",\"valueRequired\":true,\"valueName\":\"search_term_string\"}}],\"inLanguage\":\"es\"},{\"@type\":\"Organization\",\"@id\":\"https:\\\/\\\/www.davidschool.com\\\/es\\\/#organization\",\"name\":\"Istituto Il David\",\"url\":\"https:\\\/\\\/www.davidschool.com\\\/es\\\/\",\"logo\":{\"@type\":\"ImageObject\",\"inLanguage\":\"es\",\"@id\":\"https:\\\/\\\/www.davidschool.com\\\/es\\\/#\\\/schema\\\/logo\\\/image\\\/\",\"url\":\"https:\\\/\\\/www.davidschool.com\\\/wp-content\\\/uploads\\\/2019\\\/05\\\/Il-David_logo.png\",\"contentUrl\":\"https:\\\/\\\/www.davidschool.com\\\/wp-content\\\/uploads\\\/2019\\\/05\\\/Il-David_logo.png\",\"width\":429,\"height\":133,\"caption\":\"Istituto Il David\"},\"image\":{\"@id\":\"https:\\\/\\\/www.davidschool.com\\\/es\\\/#\\\/schema\\\/logo\\\/image\\\/\"}}]}<\/script>\n<!-- \/ Yoast SEO plugin. -->","yoast_head_json":{"title":"Visado de estudios y permiso de residencia en Italia | Istituto IL DAVID","description":"Estudiar en Italia con un visado de estudios, los documentos necesarios para ir y permanecer en Italia y hacer un curso de italiano durante m\u00e1s de tres meses","robots":{"index":"index","follow":"follow","max-snippet":"max-snippet:-1","max-image-preview":"max-image-preview:large","max-video-preview":"max-video-preview:-1"},"canonical":"https:\/\/www.davidschool.com\/es\/visado-estudios\/","og_locale":"es_ES","og_type":"article","og_title":"Visado de estudios y permiso de residencia en Italia | Istituto IL DAVID","og_description":"Estudiar en Italia con un visado de estudios, los documentos necesarios para ir y permanecer en Italia y hacer un curso de italiano durante m\u00e1s de tres meses","og_url":"https:\/\/www.davidschool.com\/es\/visado-estudios\/","og_site_name":"Istituto IL DAVID","article_modified_time":"2026-04-01T10:39:59+00:00","og_image":[{"width":1024,"height":683,"url":"https:\/\/www.davidschool.com\/wp-content\/uploads\/2025\/10\/passaporto-1024x683.png","type":"image\/png"}],"twitter_card":"summary_large_image","twitter_misc":{"Tiempo de lectura":"7 minutos"},"schema":{"@context":"https:\/\/schema.org","@graph":[{"@type":"WebPage","@id":"https:\/\/www.davidschool.com\/es\/visado-estudios\/","url":"https:\/\/www.davidschool.com\/es\/visado-estudios\/","name":"Visado de estudios y permiso de residencia en Italia | Istituto IL DAVID","isPartOf":{"@id":"https:\/\/www.davidschool.com\/es\/#website"},"primaryImageOfPage":{"@id":"https:\/\/www.davidschool.com\/es\/visado-estudios\/#primaryimage"},"image":{"@id":"https:\/\/www.davidschool.com\/es\/visado-estudios\/#primaryimage"},"thumbnailUrl":"https:\/\/www.davidschool.com\/wp-content\/uploads\/2025\/10\/passaporto-1024x683.png","datePublished":"2021-03-30T14:24:42+00:00","dateModified":"2026-04-01T10:39:59+00:00","description":"Estudiar en Italia con un visado de estudios, los documentos necesarios para ir y permanecer en Italia y hacer un curso de italiano durante m\u00e1s de tres meses","breadcrumb":{"@id":"https:\/\/www.davidschool.com\/es\/visado-estudios\/#breadcrumb"},"inLanguage":"es","potentialAction":[{"@type":"ReadAction","target":["https:\/\/www.davidschool.com\/es\/visado-estudios\/"]}]},{"@type":"ImageObject","inLanguage":"es","@id":"https:\/\/www.davidschool.com\/es\/visado-estudios\/#primaryimage","url":"https:\/\/www.davidschool.com\/wp-content\/uploads\/2025\/10\/passaporto-1024x683.png","contentUrl":"https:\/\/www.davidschool.com\/wp-content\/uploads\/2025\/10\/passaporto-1024x683.png"},{"@type":"BreadcrumbList","@id":"https:\/\/www.davidschool.com\/es\/visado-estudios\/#breadcrumb","itemListElement":[{"@type":"ListItem","position":1,"name":"Home","item":"https:\/\/www.davidschool.com\/es\/"},{"@type":"ListItem","position":2,"name":"VISADO DE ESTUDIOS PARA ITALIA"}]},{"@type":"WebSite","@id":"https:\/\/www.davidschool.com\/es\/#website","url":"https:\/\/www.davidschool.com\/es\/","name":"Istituto IL DAVID","description":"Italian Language School","publisher":{"@id":"https:\/\/www.davidschool.com\/es\/#organization"},"potentialAction":[{"@type":"SearchAction","target":{"@type":"EntryPoint","urlTemplate":"https:\/\/www.davidschool.com\/es\/?s={search_term_string}"},"query-input":{"@type":"PropertyValueSpecification","valueRequired":true,"valueName":"search_term_string"}}],"inLanguage":"es"},{"@type":"Organization","@id":"https:\/\/www.davidschool.com\/es\/#organization","name":"Istituto Il David","url":"https:\/\/www.davidschool.com\/es\/","logo":{"@type":"ImageObject","inLanguage":"es","@id":"https:\/\/www.davidschool.com\/es\/#\/schema\/logo\/image\/","url":"https:\/\/www.davidschool.com\/wp-content\/uploads\/2019\/05\/Il-David_logo.png","contentUrl":"https:\/\/www.davidschool.com\/wp-content\/uploads\/2019\/05\/Il-David_logo.png","width":429,"height":133,"caption":"Istituto Il David"},"image":{"@id":"https:\/\/www.davidschool.com\/es\/#\/schema\/logo\/image\/"}}]}},"_links":{"self":[{"href":"https:\/\/www.davidschool.com\/es\/wp-json\/wp\/v2\/pages\/24423","targetHints":{"allow":["GET"]}}],"collection":[{"href":"https:\/\/www.davidschool.com\/es\/wp-json\/wp\/v2\/pages"}],"about":[{"href":"https:\/\/www.davidschool.com\/es\/wp-json\/wp\/v2\/types\/page"}],"author":[{"embeddable":true,"href":"https:\/\/www.davidschool.com\/es\/wp-json\/wp\/v2\/users\/2"}],"replies":[{"embeddable":true,"href":"https:\/\/www.davidschool.com\/es\/wp-json\/wp\/v2\/comments?post=24423"}],"version-history":[{"count":25,"href":"https:\/\/www.davidschool.com\/es\/wp-json\/wp\/v2\/pages\/24423\/revisions"}],"predecessor-version":[{"id":35442,"href":"https:\/\/www.davidschool.com\/es\/wp-json\/wp\/v2\/pages\/24423\/revisions\/35442"}],"wp:attachment":[{"href":"https:\/\/www.davidschool.com\/es\/wp-json\/wp\/v2\/media?parent=24423"}],"curies":[{"name":"wp","href":"https:\/\/api.w.org\/{rel}","templated":true}]}}