{"id":452,"date":"2019-05-20T10:25:21","date_gmt":"2019-05-20T08:25:21","guid":{"rendered":"http:\/\/3.122.4.63\/?page_id=452"},"modified":"2025-01-20T16:02:06","modified_gmt":"2025-01-20T15:02:06","slug":"escuela-italiano-florencia","status":"publish","type":"page","link":"https:\/\/www.davidschool.com\/es\/escuela-italiano-florencia\/","title":{"rendered":"LA ESCUELA"},"content":{"rendered":"\n<figure class=\"wp-block-image size-large\"><img loading=\"lazy\" decoding=\"async\" width=\"1024\" height=\"357\" src=\"https:\/\/www.davidschool.com\/wp-content\/uploads\/2020\/05\/6-1024x357.jpg\" alt=\"\" class=\"wp-image-15040\" srcset=\"https:\/\/www.davidschool.com\/wp-content\/uploads\/2020\/05\/6-1024x357.jpg 1024w, https:\/\/www.davidschool.com\/wp-content\/uploads\/2020\/05\/6-300x105.jpg 300w, https:\/\/www.davidschool.com\/wp-content\/uploads\/2020\/05\/6-768x268.jpg 768w, https:\/\/www.davidschool.com\/wp-content\/uploads\/2020\/05\/6-80x28.jpg 80w, https:\/\/www.davidschool.com\/wp-content\/uploads\/2020\/05\/6-270x94.jpg 270w, https:\/\/www.davidschool.com\/wp-content\/uploads\/2020\/05\/6.jpg 1200w\" sizes=\"auto, (max-width: 1024px) 100vw, 1024px\" \/><\/figure>\n\n\n\n<h2 class=\"wp-block-heading\">ISTITUTO IL DAVID | Escuela de idioma italiano en Florencia<\/h2>\n\n\n\n<h2 class=\"wp-block-heading\"><strong>\u00a1Bienvenido al Istituto Il David!<\/strong><\/h2>\n\n\n\n<h3 class=\"wp-block-heading\">LA ESCUELA<\/h3>\n\n\n\n<p>El <strong>Istituto Il David<\/strong> es una de las <strong>escuelas de idioma italiano<\/strong> m\u00e1s conocidas y reconocidas en Florencia.<br>Es el lugar ideal para <strong>aprender o mejorar el conocimiento del idioma italiano<\/strong> y vivir una experiencia inolvidable en una de las ciudades m\u00e1s bellas y fascinantes del mundo.<\/p>\n\n\n\n<p>La escuela de lengua italiana fue fundada en <strong>1983<\/strong>, y durante m\u00e1s de 40 a\u00f1os ha llevado a cabo una amplia variedad de<strong> cursos de idioma y cultura italiana<\/strong> durante todo el a\u00f1o. La larga experiencia garantiza profesionalidad, resultados y una excelente organizaci\u00f3n para una estancia agradable en Florencia.<br>Durante estos a\u00f1os, miles de estudiantes de m\u00e1s de 80 pa\u00edses aprendieron, mejoraron o perfeccionaron el <strong>idioma italiano<\/strong>, pasaron un per\u00edodo inolvidable en sus vidas, se hicieron amigos de personas de otras nacionalidades y con italianos.<\/p>\n\n\n\n<p>Est\u00e1 <strong>oficialmente reconocida por el Ministerio Italiano de la Educaci\u00f3n<\/strong>, es miembro de la asociaci\u00f3n de escuelas de lengua italiana <strong>Scuole Licet <\/strong>(lengua italiana, cultura y turismo), est\u00e1 asociada a <strong>Eduitalia<\/strong> (asociaci\u00f3n de servicios ling\u00fc\u00edsticos para estudiantes extranjeros en Italia), y forma parte del <strong>programa Erasmus<\/strong> de la Uni\u00f3n Europea.<\/p>\n\n\n\n<p>La escuela no es muy grande y, por esta raz\u00f3n, una de las caracter\u00edsticas fundamentales es el ambiente agradable gracias al cual los estudiantes se hacen amigos muy f\u00e1cilmente.<br>En el Istituto Il David, el estudiante nunca es un n\u00famero, sino un amigo a quien debemos prestar asistencia y atenci\u00f3n, sigui\u00e9ndolo constantemente en su camino educativo y en su estacia en Florencia..<\/p>\n\n\n\n<figure class=\"wp-block-image size-large\"><img loading=\"lazy\" decoding=\"async\" width=\"768\" height=\"431\" src=\"https:\/\/www.davidschool.com\/wp-content\/uploads\/2020\/05\/1.jpg\" alt=\"\" class=\"wp-image-14985\" srcset=\"https:\/\/www.davidschool.com\/wp-content\/uploads\/2020\/05\/1.jpg 768w, https:\/\/www.davidschool.com\/wp-content\/uploads\/2020\/05\/1-300x168.jpg 300w, https:\/\/www.davidschool.com\/wp-content\/uploads\/2020\/05\/1-80x45.jpg 80w, https:\/\/www.davidschool.com\/wp-content\/uploads\/2020\/05\/1-270x152.jpg 270w\" sizes=\"auto, (max-width: 768px) 100vw, 768px\" \/><\/figure>\n\n\n\n<h3 class=\"wp-block-heading\">LA ESCUELA EN EL CENTRO DE FLORENCIA<\/h3>\n\n\n\n<p>La escuela de idioma italiano se encuentra en el <strong>centro hist\u00f3rico de Florencia<\/strong>, a pocos pasos de la c\u00e9ntrica Piazza della Repubblica, en el tercer piso de un edificio burgu\u00e9s en una de las zonas m\u00e1s prestigiosas y seguras de la ciudad, zona de bancos y tiendas de alta moda. <br>La catedral, Piazza della Signoria, la estaci\u00f3n de tren principal y todos los monumentos m\u00e1s famosos est\u00e1n a 3-10 minutos a pie de la escuela.<\/p>\n\n\n\n<h3 class=\"wp-block-heading\">LAS CLASES<\/h3>\n\n\n\n<p>Las aulas donde se imparten las clases son amplias, luminosas y c\u00f3modas. Tienen mesas grandes y sillas c\u00f3modas, y est\u00e1n equipadas con televisores y reproductores de DVD.<\/p>\n\n\n\n<figure class=\"wp-block-image size-large\"><img loading=\"lazy\" decoding=\"async\" width=\"1024\" height=\"510\" src=\"https:\/\/www.davidschool.com\/wp-content\/uploads\/2020\/05\/2-1024x510.jpg\" alt=\"\" class=\"wp-image-14990\" srcset=\"https:\/\/www.davidschool.com\/wp-content\/uploads\/2020\/05\/2-1024x510.jpg 1024w, https:\/\/www.davidschool.com\/wp-content\/uploads\/2020\/05\/2-300x149.jpg 300w, https:\/\/www.davidschool.com\/wp-content\/uploads\/2020\/05\/2-768x382.jpg 768w, https:\/\/www.davidschool.com\/wp-content\/uploads\/2020\/05\/2-80x40.jpg 80w, https:\/\/www.davidschool.com\/wp-content\/uploads\/2020\/05\/2-270x134.jpg 270w, https:\/\/www.davidschool.com\/wp-content\/uploads\/2020\/05\/2.jpg 1137w\" sizes=\"auto, (max-width: 1024px) 100vw, 1024px\" \/><\/figure>\n\n\n\n<h3 class=\"wp-block-heading\">AIRE ACONDICIONADO Y INTERNET WI-FI GRATUITO<\/h3>\n\n\n\n<p>La escuela est\u00e1 equipada con aire acondicionado. En toda la escuela es posible usar la l\u00ednea wi-fi de forma gratuita..<\/p>\n\n\n\n<h3 class=\"wp-block-heading\">LA TERRAZA<\/h3>\n\n\n\n<p>En el piso superior del instituto hay una <strong>maravillosa terraza<\/strong> desde donde se puede admirar un espl\u00e9ndido <strong>panorama de Florencia<\/strong>. En este espacio precioso y exclusivo, los estudiantes toman descansos durante las horas de clase para tomar un caf\u00e9 y hablar con otros estudiantes. Los estudiantes lo usan incluso despu\u00e9s de las horas de clase para estudiar, chatear con amigos o simplemente relajarse. Algunas de las diversas actividades escolares a menudo se llevan a cabo aqu\u00ed.<\/p>\n\n\n\n<figure class=\"wp-block-image size-large\"><img loading=\"lazy\" decoding=\"async\" width=\"1024\" height=\"576\" src=\"https:\/\/www.davidschool.com\/wp-content\/uploads\/2020\/05\/3-1024x576.jpg\" alt=\"\" class=\"wp-image-14995\" srcset=\"https:\/\/www.davidschool.com\/wp-content\/uploads\/2020\/05\/3-1024x576.jpg 1024w, https:\/\/www.davidschool.com\/wp-content\/uploads\/2020\/05\/3-300x169.jpg 300w, https:\/\/www.davidschool.com\/wp-content\/uploads\/2020\/05\/3-768x432.jpg 768w, https:\/\/www.davidschool.com\/wp-content\/uploads\/2020\/05\/3-80x45.jpg 80w, https:\/\/www.davidschool.com\/wp-content\/uploads\/2020\/05\/3-1536x864.jpg 1536w, https:\/\/www.davidschool.com\/wp-content\/uploads\/2020\/05\/3-2048x1152.jpg 2048w, https:\/\/www.davidschool.com\/wp-content\/uploads\/2020\/05\/3-270x152.jpg 270w\" sizes=\"auto, (max-width: 1024px) 100vw, 1024px\" \/><\/figure>\n\n\n\n<h3 class=\"wp-block-heading\">LA ASISTENCIA<\/h3>\n\n\n\n<p>En cualquier momento, el equipo de la escuela est\u00e1 a disposici\u00f3n de los estudiantes para obtener informaci\u00f3n sobre los estudios en la escuela y sobre la estancia en Florencia. Los estudiantes est\u00e1n constantemente informados sobre nuevos eventos en Florencia e Italia.<br>La escuela ofrece servicio gratuito de reserva de entradas para los museos florentinos.<\/p>\n\n\n\n<figure class=\"wp-block-image size-large\"><img loading=\"lazy\" decoding=\"async\" width=\"1024\" height=\"505\" src=\"https:\/\/www.davidschool.com\/wp-content\/uploads\/2020\/05\/4-1024x505.jpg\" alt=\"\" class=\"wp-image-15000\" srcset=\"https:\/\/www.davidschool.com\/wp-content\/uploads\/2020\/05\/4-1024x505.jpg 1024w, https:\/\/www.davidschool.com\/wp-content\/uploads\/2020\/05\/4-300x148.jpg 300w, https:\/\/www.davidschool.com\/wp-content\/uploads\/2020\/05\/4-768x379.jpg 768w, https:\/\/www.davidschool.com\/wp-content\/uploads\/2020\/05\/4-80x39.jpg 80w, https:\/\/www.davidschool.com\/wp-content\/uploads\/2020\/05\/4-1536x757.jpg 1536w, https:\/\/www.davidschool.com\/wp-content\/uploads\/2020\/05\/4-2048x1010.jpg 2048w, https:\/\/www.davidschool.com\/wp-content\/uploads\/2020\/05\/4-270x133.jpg 270w\" sizes=\"auto, (max-width: 1024px) 100vw, 1024px\" \/><\/figure>\n","protected":false},"excerpt":{"rendered":"<p>ISTITUTO IL DAVID | Escuela de idioma italiano en Florencia \u00a1Bienvenido al Istituto Il David! LA ESCUELA El Istituto Il David es una de las escuelas de idioma italiano m\u00e1s conocidas y reconocidas en Florencia.Es el lugar ideal para aprender o mejorar el conocimiento del idioma italiano y vivir una experiencia inolvidable en una de [&hellip;]<\/p>\n","protected":false},"author":1,"featured_media":0,"parent":0,"menu_order":0,"comment_status":"closed","ping_status":"closed","template":"","meta":{"footnotes":""},"class_list":["post-452","page","type-page","status-publish","hentry"],"yoast_head":"<!-- This site is optimized with the Yoast SEO plugin v27.2 - https:\/\/yoast.com\/product\/yoast-seo-wordpress\/ -->\n<title>Escuela de italiano en Florencia, Italia | Istituto IL DAVID<\/title>\n<meta name=\"description\" content=\"La escuela de italiano para estudiantes extranjeros se encuentra en el centro de Florencia y es una de las escuelas de italiano m\u00e1s conocidas de Florencia.\" \/>\n<meta name=\"robots\" content=\"index, follow, max-snippet:-1, max-image-preview:large, max-video-preview:-1\" \/>\n<link rel=\"canonical\" href=\"https:\/\/www.davidschool.com\/es\/escuela-italiano-florencia\/\" \/>\n<meta property=\"og:locale\" content=\"es_ES\" \/>\n<meta property=\"og:type\" content=\"article\" \/>\n<meta property=\"og:title\" content=\"Escuela de italiano en Florencia, Italia | Istituto IL DAVID\" \/>\n<meta property=\"og:description\" content=\"La escuela de italiano para estudiantes extranjeros se encuentra en el centro de Florencia y es una de las escuelas de italiano m\u00e1s conocidas de Florencia.\" \/>\n<meta property=\"og:url\" content=\"https:\/\/www.davidschool.com\/es\/escuela-italiano-florencia\/\" \/>\n<meta property=\"og:site_name\" content=\"Istituto IL DAVID\" \/>\n<meta property=\"article:modified_time\" content=\"2025-01-20T15:02:06+00:00\" \/>\n<meta property=\"og:image\" content=\"https:\/\/www.davidschool.com\/wp-content\/uploads\/2020\/05\/6.jpg\" \/>\n\t<meta property=\"og:image:width\" content=\"1200\" \/>\n\t<meta property=\"og:image:height\" content=\"418\" \/>\n\t<meta property=\"og:image:type\" content=\"image\/jpeg\" \/>\n<meta name=\"twitter:card\" content=\"summary_large_image\" \/>\n<meta name=\"twitter:label1\" content=\"Tiempo de lectura\" \/>\n\t<meta name=\"twitter:data1\" content=\"4 minutos\" \/>\n<script type=\"application\/ld+json\" class=\"yoast-schema-graph\">{\"@context\":\"https:\/\/schema.org\",\"@graph\":[{\"@type\":\"WebPage\",\"@id\":\"https:\/\/www.davidschool.com\/es\/escuela-italiano-florencia\/\",\"url\":\"https:\/\/www.davidschool.com\/es\/escuela-italiano-florencia\/\",\"name\":\"Escuela de italiano en Florencia, Italia | Istituto IL DAVID\",\"isPartOf\":{\"@id\":\"https:\/\/www.davidschool.com\/es\/#website\"},\"primaryImageOfPage\":{\"@id\":\"https:\/\/www.davidschool.com\/es\/escuela-italiano-florencia\/#primaryimage\"},\"image\":{\"@id\":\"https:\/\/www.davidschool.com\/es\/escuela-italiano-florencia\/#primaryimage\"},\"thumbnailUrl\":\"https:\/\/www.davidschool.com\/wp-content\/uploads\/2020\/05\/6-1024x357.jpg\",\"datePublished\":\"2019-05-20T08:25:21+00:00\",\"dateModified\":\"2025-01-20T15:02:06+00:00\",\"description\":\"La escuela de italiano para estudiantes extranjeros se encuentra en el centro de Florencia y es una de las escuelas de italiano m\u00e1s conocidas de Florencia.\",\"breadcrumb\":{\"@id\":\"https:\/\/www.davidschool.com\/es\/escuela-italiano-florencia\/#breadcrumb\"},\"inLanguage\":\"es\",\"potentialAction\":[{\"@type\":\"ReadAction\",\"target\":[\"https:\/\/www.davidschool.com\/es\/escuela-italiano-florencia\/\"]}]},{\"@type\":\"ImageObject\",\"inLanguage\":\"es\",\"@id\":\"https:\/\/www.davidschool.com\/es\/escuela-italiano-florencia\/#primaryimage\",\"url\":\"https:\/\/www.davidschool.com\/wp-content\/uploads\/2020\/05\/6-1024x357.jpg\",\"contentUrl\":\"https:\/\/www.davidschool.com\/wp-content\/uploads\/2020\/05\/6-1024x357.jpg\"},{\"@type\":\"BreadcrumbList\",\"@id\":\"https:\/\/www.davidschool.com\/es\/escuela-italiano-florencia\/#breadcrumb\",\"itemListElement\":[{\"@type\":\"ListItem\",\"position\":1,\"name\":\"Home\",\"item\":\"https:\/\/www.davidschool.com\/es\/\"},{\"@type\":\"ListItem\",\"position\":2,\"name\":\"LA ESCUELA\"}]},{\"@type\":\"WebSite\",\"@id\":\"https:\/\/www.davidschool.com\/es\/#website\",\"url\":\"https:\/\/www.davidschool.com\/es\/\",\"name\":\"Istituto IL DAVID\",\"description\":\"Italian Language School\",\"publisher\":{\"@id\":\"https:\/\/www.davidschool.com\/es\/#organization\"},\"potentialAction\":[{\"@type\":\"SearchAction\",\"target\":{\"@type\":\"EntryPoint\",\"urlTemplate\":\"https:\/\/www.davidschool.com\/es\/?s={search_term_string}\"},\"query-input\":{\"@type\":\"PropertyValueSpecification\",\"valueRequired\":true,\"valueName\":\"search_term_string\"}}],\"inLanguage\":\"es\"},{\"@type\":\"Organization\",\"@id\":\"https:\/\/www.davidschool.com\/es\/#organization\",\"name\":\"Istituto Il David\",\"url\":\"https:\/\/www.davidschool.com\/es\/\",\"logo\":{\"@type\":\"ImageObject\",\"inLanguage\":\"es\",\"@id\":\"https:\/\/www.davidschool.com\/es\/#\/schema\/logo\/image\/\",\"url\":\"https:\/\/www.davidschool.com\/wp-content\/uploads\/2019\/05\/Il-David_logo.png\",\"contentUrl\":\"https:\/\/www.davidschool.com\/wp-content\/uploads\/2019\/05\/Il-David_logo.png\",\"width\":429,\"height\":133,\"caption\":\"Istituto Il David\"},\"image\":{\"@id\":\"https:\/\/www.davidschool.com\/es\/#\/schema\/logo\/image\/\"}}]}<\/script>\n<!-- \/ Yoast SEO plugin. -->","yoast_head_json":{"title":"Escuela de italiano en Florencia, Italia | Istituto IL DAVID","description":"La escuela de italiano para estudiantes extranjeros se encuentra en el centro de Florencia y es una de las escuelas de italiano m\u00e1s conocidas de Florencia.","robots":{"index":"index","follow":"follow","max-snippet":"max-snippet:-1","max-image-preview":"max-image-preview:large","max-video-preview":"max-video-preview:-1"},"canonical":"https:\/\/www.davidschool.com\/es\/escuela-italiano-florencia\/","og_locale":"es_ES","og_type":"article","og_title":"Escuela de italiano en Florencia, Italia | Istituto IL DAVID","og_description":"La escuela de italiano para estudiantes extranjeros se encuentra en el centro de Florencia y es una de las escuelas de italiano m\u00e1s conocidas de Florencia.","og_url":"https:\/\/www.davidschool.com\/es\/escuela-italiano-florencia\/","og_site_name":"Istituto IL DAVID","article_modified_time":"2025-01-20T15:02:06+00:00","og_image":[{"width":1200,"height":418,"url":"https:\/\/www.davidschool.com\/wp-content\/uploads\/2020\/05\/6.jpg","type":"image\/jpeg"}],"twitter_card":"summary_large_image","twitter_misc":{"Tiempo de lectura":"4 minutos"},"schema":{"@context":"https:\/\/schema.org","@graph":[{"@type":"WebPage","@id":"https:\/\/www.davidschool.com\/es\/escuela-italiano-florencia\/","url":"https:\/\/www.davidschool.com\/es\/escuela-italiano-florencia\/","name":"Escuela de italiano en Florencia, Italia | Istituto IL DAVID","isPartOf":{"@id":"https:\/\/www.davidschool.com\/es\/#website"},"primaryImageOfPage":{"@id":"https:\/\/www.davidschool.com\/es\/escuela-italiano-florencia\/#primaryimage"},"image":{"@id":"https:\/\/www.davidschool.com\/es\/escuela-italiano-florencia\/#primaryimage"},"thumbnailUrl":"https:\/\/www.davidschool.com\/wp-content\/uploads\/2020\/05\/6-1024x357.jpg","datePublished":"2019-05-20T08:25:21+00:00","dateModified":"2025-01-20T15:02:06+00:00","description":"La escuela de italiano para estudiantes extranjeros se encuentra en el centro de Florencia y es una de las escuelas de italiano m\u00e1s conocidas de Florencia.","breadcrumb":{"@id":"https:\/\/www.davidschool.com\/es\/escuela-italiano-florencia\/#breadcrumb"},"inLanguage":"es","potentialAction":[{"@type":"ReadAction","target":["https:\/\/www.davidschool.com\/es\/escuela-italiano-florencia\/"]}]},{"@type":"ImageObject","inLanguage":"es","@id":"https:\/\/www.davidschool.com\/es\/escuela-italiano-florencia\/#primaryimage","url":"https:\/\/www.davidschool.com\/wp-content\/uploads\/2020\/05\/6-1024x357.jpg","contentUrl":"https:\/\/www.davidschool.com\/wp-content\/uploads\/2020\/05\/6-1024x357.jpg"},{"@type":"BreadcrumbList","@id":"https:\/\/www.davidschool.com\/es\/escuela-italiano-florencia\/#breadcrumb","itemListElement":[{"@type":"ListItem","position":1,"name":"Home","item":"https:\/\/www.davidschool.com\/es\/"},{"@type":"ListItem","position":2,"name":"LA ESCUELA"}]},{"@type":"WebSite","@id":"https:\/\/www.davidschool.com\/es\/#website","url":"https:\/\/www.davidschool.com\/es\/","name":"Istituto IL DAVID","description":"Italian Language School","publisher":{"@id":"https:\/\/www.davidschool.com\/es\/#organization"},"potentialAction":[{"@type":"SearchAction","target":{"@type":"EntryPoint","urlTemplate":"https:\/\/www.davidschool.com\/es\/?s={search_term_string}"},"query-input":{"@type":"PropertyValueSpecification","valueRequired":true,"valueName":"search_term_string"}}],"inLanguage":"es"},{"@type":"Organization","@id":"https:\/\/www.davidschool.com\/es\/#organization","name":"Istituto Il David","url":"https:\/\/www.davidschool.com\/es\/","logo":{"@type":"ImageObject","inLanguage":"es","@id":"https:\/\/www.davidschool.com\/es\/#\/schema\/logo\/image\/","url":"https:\/\/www.davidschool.com\/wp-content\/uploads\/2019\/05\/Il-David_logo.png","contentUrl":"https:\/\/www.davidschool.com\/wp-content\/uploads\/2019\/05\/Il-David_logo.png","width":429,"height":133,"caption":"Istituto Il David"},"image":{"@id":"https:\/\/www.davidschool.com\/es\/#\/schema\/logo\/image\/"}}]}},"_links":{"self":[{"href":"https:\/\/www.davidschool.com\/es\/wp-json\/wp\/v2\/pages\/452","targetHints":{"allow":["GET"]}}],"collection":[{"href":"https:\/\/www.davidschool.com\/es\/wp-json\/wp\/v2\/pages"}],"about":[{"href":"https:\/\/www.davidschool.com\/es\/wp-json\/wp\/v2\/types\/page"}],"author":[{"embeddable":true,"href":"https:\/\/www.davidschool.com\/es\/wp-json\/wp\/v2\/users\/1"}],"replies":[{"embeddable":true,"href":"https:\/\/www.davidschool.com\/es\/wp-json\/wp\/v2\/comments?post=452"}],"version-history":[{"count":12,"href":"https:\/\/www.davidschool.com\/es\/wp-json\/wp\/v2\/pages\/452\/revisions"}],"predecessor-version":[{"id":33113,"href":"https:\/\/www.davidschool.com\/es\/wp-json\/wp\/v2\/pages\/452\/revisions\/33113"}],"wp:attachment":[{"href":"https:\/\/www.davidschool.com\/es\/wp-json\/wp\/v2\/media?parent=452"}],"curies":[{"name":"wp","href":"https:\/\/api.w.org\/{rel}","templated":true}]}}