{"id":791,"date":"2019-06-03T16:25:52","date_gmt":"2019-06-03T14:25:52","guid":{"rendered":"http:\/\/3.122.4.63\/?page_id=791"},"modified":"2021-02-28T12:12:02","modified_gmt":"2021-02-28T11:12:02","slug":"estudio-italiano-florencia","status":"publish","type":"page","link":"https:\/\/www.davidschool.com\/es\/estudio-italiano-florencia\/","title":{"rendered":"ESTUDIAR ITALIANO EN LA ESCUELA"},"content":{"rendered":"\n<h2 class=\"wp-block-heading\">La mejor manera de aprender y hablar italiano correctamente<\/h2>\n\n\n\n<p><strong>Estudiar italiano<\/strong> en una escuela de italiano es <strong>la mejor manera de aprender y mejorar m\u00e1s r\u00e1pido y hablar el idioma italiano correctamente.<\/strong> <br>Gracias a m\u00e1s de 35 a\u00f1os de experiencia, maestros de lengua materna calificados y con experiencia, sus lecciones atractivas y estimulantes, y programas de ense\u00f1anza pr\u00e1cticos y din\u00e1micos, <strong>estudiar italiano<\/strong> es f\u00e1cil y divertido, y le permite obtener resultados excelentes y concretos en poco tiempo. <br>Los programas educativos son el resultado de una experimentaci\u00f3n constante y continua llevada a cabo durante muchos a\u00f1os de experiencia, y est\u00e1n en constante evoluci\u00f3n en funci\u00f3n de los mejores resultados logrados por nuestros estudiantes con nuestras lecciones y nuestros cursos.<\/p>\n\n\n\n<h3 class=\"wp-block-heading\">M\u00e9todo did\u00e1ctico<\/h3>\n\n\n\n<p>Nuestro m\u00e9todo did\u00e1ctico permite a los estudiantes un progresivo acceso a la lengua italiana, con la m\u00e1xima celeridad posible. Prev\u00e9 el aprendizaje de cuatro habilidades: <strong>entender y hablar, leer y escribir<\/strong>. <br>El sistema did\u00e1ctico cubre los siguientes temas: las definiciones propiamente gramaticales, la comprensi\u00f3n auditiva y la expresi\u00f3n oral. Con la gram\u00e1tica, el estudiante posee la base indispensable para una correcta construcci\u00f3n de la frase. Los ejercicios de comprensi\u00f3n auditiva y de conversaci\u00f3n permiten al estudiante mejorar su entendimiento y su expresi\u00f3n ling\u00fc\u00edstica. <br>Durante las clases s\u00f3lo se habla italiano, para que el estudiante pueda introducirse totalmente en la realidad de la nueva lengua. <br>En las clases, adem\u00e1s del libro que la escuela ofrece gratuitamente a cada alumno, seleccionamos material did\u00e1ctico adicional, puesto al d\u00eda peri\u00f3dicamente. El programa did\u00e1ctico tambi\u00e9n intenta satisfacer las distintas necesidades de los alumnos.<\/p>\n\n\n\n<h3 class=\"wp-block-heading\">Los profesores<\/h3>\n\n\n\n<p>Todos los profesores son hablantes nativos de italiano y graduados. Ellos se unen a la experiencia adquirida en este sector espec\u00edfico, una formaci\u00f3n glotodid\u00e1ctica al d\u00eda. Siguen individualmente y constantemente a los estudiantes con disponibilidad y paciencia.&nbsp;<br>Sus clases siempre son interesantes, din\u00e1micas, originales y divertidas gracias tambi\u00e9n al auxilio de distintos materiales did\u00e1cticos y audiovisuales.<\/p>\n\n\n\n<figure class=\"wp-block-image size-large\"><img loading=\"lazy\" decoding=\"async\" width=\"1024\" height=\"505\" src=\"https:\/\/www.davidschool.com\/wp-content\/uploads\/2021\/01\/insegnanti-1-1024x505.jpg\" alt=\"\" class=\"wp-image-18790\" srcset=\"https:\/\/www.davidschool.com\/wp-content\/uploads\/2021\/01\/insegnanti-1-1024x505.jpg 1024w, https:\/\/www.davidschool.com\/wp-content\/uploads\/2021\/01\/insegnanti-1-300x148.jpg 300w, https:\/\/www.davidschool.com\/wp-content\/uploads\/2021\/01\/insegnanti-1-768x379.jpg 768w, https:\/\/www.davidschool.com\/wp-content\/uploads\/2021\/01\/insegnanti-1-80x39.jpg 80w, https:\/\/www.davidschool.com\/wp-content\/uploads\/2021\/01\/insegnanti-1-1536x757.jpg 1536w, https:\/\/www.davidschool.com\/wp-content\/uploads\/2021\/01\/insegnanti-1-2048x1010.jpg 2048w, https:\/\/www.davidschool.com\/wp-content\/uploads\/2021\/01\/insegnanti-1-270x133.jpg 270w\" sizes=\"auto, (max-width: 1024px) 100vw, 1024px\" \/><\/figure>\n\n\n\n<h3 class=\"wp-block-heading\">Las clases y los estudiantes<\/h3>\n\n\n\n<p>Las clases constan de 4 a 12 personas, con una media de 7-8. <br>En cada clase los estudiantes tienen el mismo nivel de conocimiento de la lengua italiana. <br>Los estudiantes pertenecen a distintos pa\u00edses del mundo y por lo tanto crean un ambiente internacional que facilita un interesante intercambio cultural.<\/p>\n\n\n\n<h5 class=\"wp-block-heading\">Estad\u00edsticas de estudiantes matriculados en cursos de lengua italiana en los \u00faltimos 5 a\u00f1os<\/h5>\n\n\n\n<figure class=\"wp-block-gallery columns-2 is-cropped wp-block-gallery-1 is-layout-flex wp-block-gallery-is-layout-flex\"><ul class=\"blocks-gallery-grid\"><li class=\"blocks-gallery-item\"><figure><img loading=\"lazy\" decoding=\"async\" width=\"391\" height=\"309\" src=\"https:\/\/www.davidschool.com\/wp-content\/uploads\/2021\/02\/grafico-1-ES.jpg\" alt=\"\" data-id=\"23794\" data-link=\"https:\/\/www.davidschool.com\/es\/estudio-italiano-florencia\/grafico-1-es\/\" class=\"wp-image-23794\" srcset=\"https:\/\/www.davidschool.com\/wp-content\/uploads\/2021\/02\/grafico-1-ES.jpg 391w, https:\/\/www.davidschool.com\/wp-content\/uploads\/2021\/02\/grafico-1-ES-300x237.jpg 300w, https:\/\/www.davidschool.com\/wp-content\/uploads\/2021\/02\/grafico-1-ES-80x63.jpg 80w, https:\/\/www.davidschool.com\/wp-content\/uploads\/2021\/02\/grafico-1-ES-228x180.jpg 228w\" sizes=\"auto, (max-width: 391px) 100vw, 391px\" \/><\/figure><\/li><li class=\"blocks-gallery-item\"><figure><img loading=\"lazy\" decoding=\"async\" width=\"390\" height=\"309\" src=\"https:\/\/www.davidschool.com\/wp-content\/uploads\/2021\/02\/grafico-2-ES.jpg\" alt=\"\" data-id=\"23801\" data-full-url=\"https:\/\/www.davidschool.com\/wp-content\/uploads\/2021\/02\/grafico-2-ES.jpg\" data-link=\"https:\/\/www.davidschool.com\/es\/estudio-italiano-florencia\/grafico-2-es\/\" class=\"wp-image-23801\" srcset=\"https:\/\/www.davidschool.com\/wp-content\/uploads\/2021\/02\/grafico-2-ES.jpg 390w, https:\/\/www.davidschool.com\/wp-content\/uploads\/2021\/02\/grafico-2-ES-300x238.jpg 300w, https:\/\/www.davidschool.com\/wp-content\/uploads\/2021\/02\/grafico-2-ES-80x63.jpg 80w, https:\/\/www.davidschool.com\/wp-content\/uploads\/2021\/02\/grafico-2-ES-227x180.jpg 227w\" sizes=\"auto, (max-width: 390px) 100vw, 390px\" \/><\/figure><\/li><\/ul><\/figure>\n\n\n\n<figure class=\"wp-block-gallery columns-2 is-cropped wp-block-gallery-2 is-layout-flex wp-block-gallery-is-layout-flex\"><ul class=\"blocks-gallery-grid\"><li class=\"blocks-gallery-item\"><figure><img loading=\"lazy\" decoding=\"async\" width=\"390\" height=\"311\" src=\"https:\/\/www.davidschool.com\/wp-content\/uploads\/2021\/02\/grafico-3-ES.jpg\" alt=\"\" data-id=\"23808\" data-link=\"https:\/\/www.davidschool.com\/es\/estudio-italiano-florencia\/grafico-3-es\/\" class=\"wp-image-23808\" srcset=\"https:\/\/www.davidschool.com\/wp-content\/uploads\/2021\/02\/grafico-3-ES.jpg 390w, https:\/\/www.davidschool.com\/wp-content\/uploads\/2021\/02\/grafico-3-ES-300x239.jpg 300w, https:\/\/www.davidschool.com\/wp-content\/uploads\/2021\/02\/grafico-3-ES-80x64.jpg 80w, https:\/\/www.davidschool.com\/wp-content\/uploads\/2021\/02\/grafico-3-ES-226x180.jpg 226w\" sizes=\"auto, (max-width: 390px) 100vw, 390px\" \/><\/figure><\/li><li class=\"blocks-gallery-item\"><figure><img loading=\"lazy\" decoding=\"async\" width=\"390\" height=\"311\" src=\"https:\/\/www.davidschool.com\/wp-content\/uploads\/2021\/02\/grafico-4-ES.jpg\" alt=\"\" data-id=\"23815\" data-full-url=\"https:\/\/www.davidschool.com\/wp-content\/uploads\/2021\/02\/grafico-4-ES.jpg\" data-link=\"https:\/\/www.davidschool.com\/es\/estudio-italiano-florencia\/grafico-4-es\/\" class=\"wp-image-23815\" srcset=\"https:\/\/www.davidschool.com\/wp-content\/uploads\/2021\/02\/grafico-4-ES.jpg 390w, https:\/\/www.davidschool.com\/wp-content\/uploads\/2021\/02\/grafico-4-ES-300x239.jpg 300w, https:\/\/www.davidschool.com\/wp-content\/uploads\/2021\/02\/grafico-4-ES-80x64.jpg 80w, https:\/\/www.davidschool.com\/wp-content\/uploads\/2021\/02\/grafico-4-ES-226x180.jpg 226w\" sizes=\"auto, (max-width: 390px) 100vw, 390px\" \/><\/figure><\/li><\/ul><\/figure>\n\n\n\n<h3 class=\"wp-block-heading\">Los niveles y los certificados<\/h3>\n\n\n\n<p>En nuestra escuela existen seis niveles de conocimiento y ense\u00f1anza de la lengua italiana : principiante, elemental, intermedio-bajo, intermedio, avanzado y superior. <br>Los niveles siguen el Marco Com\u00fan Europeo de Referencia para las Lenguas.<br><strong>A0<\/strong> No tiene conocimiento de la lengua italiana. Corresponde al nivel PRINCIPIANTE.<br><strong>A1-A2<\/strong> Conocimientos b\u00e1sicos de italiano. Corresponde al nivel ELEMENTAL.<br><strong>B1<\/strong> Conocimiento intermedio de la lengua italiana con muchas incertidumbres. Corresponde al nivel INTERMEDIO-BAJO.<br><strong>B2<\/strong> Buen conocimiento de la lengua italiana pero con varias carencias. Corresponde al nivel INTERMEDIO.<br><strong>C1<\/strong> Excelente conocimiento de la lengua italiana. Corresponde al nivel AVANZADO.<br><strong>C2<\/strong> Perfecto conocimiento de la lengua italiana. Corresponde al nivel SUPERIOR.<br>Al finalizar el curso el estudiante recibir\u00e1 un <strong>certificado de asistencia<\/strong>, donde se indican el nivel y la cantidad de horas de clase asistidas. Superados los niveles avanzado y superior el estudiante puede hacer el examen del instituto para obtener, aprobando el mismo, el diploma de conocimiento de la lengua italiana.<\/p>\n\n\n\n<figure class=\"wp-block-image size-large\"><img loading=\"lazy\" decoding=\"async\" width=\"1024\" height=\"576\" src=\"https:\/\/www.davidschool.com\/wp-content\/uploads\/2021\/02\/1certificati-Copia-corretta-1-1024x576.jpg\" alt=\"\" class=\"wp-image-23969\" srcset=\"https:\/\/www.davidschool.com\/wp-content\/uploads\/2021\/02\/1certificati-Copia-corretta-1-1024x576.jpg 1024w, https:\/\/www.davidschool.com\/wp-content\/uploads\/2021\/02\/1certificati-Copia-corretta-1-300x169.jpg 300w, https:\/\/www.davidschool.com\/wp-content\/uploads\/2021\/02\/1certificati-Copia-corretta-1-768x432.jpg 768w, https:\/\/www.davidschool.com\/wp-content\/uploads\/2021\/02\/1certificati-Copia-corretta-1-80x45.jpg 80w, https:\/\/www.davidschool.com\/wp-content\/uploads\/2021\/02\/1certificati-Copia-corretta-1-1536x864.jpg 1536w, https:\/\/www.davidschool.com\/wp-content\/uploads\/2021\/02\/1certificati-Copia-corretta-1-2048x1152.jpg 2048w, https:\/\/www.davidschool.com\/wp-content\/uploads\/2021\/02\/1certificati-Copia-corretta-1-270x152.jpg 270w\" sizes=\"auto, (max-width: 1024px) 100vw, 1024px\" \/><\/figure>\n\n\n\n<h3 class=\"wp-block-heading\">Comienzo del curso de grupo<\/h3>\n\n\n\n<p>Los <strong>estudiantes principiantes<\/strong> sin conocimiento previo del italiano deben preferiblemente empezar el primer d\u00eda de curso, seg\u00fan el calendario de la escuela. En cambio, los que ya no son principiantes absolutos, pueden incorporarse a los cursos todos los lunes. La duraci\u00f3n m\u00ednima de un curso es de una semana. <br>El primer d\u00eda de curso todos los estudiantes, que no sean principiantes, comprueban su nivel de italiano haciendo un examen escrito. Esto no se aplica a los principiantes absolutos, que comienzan inmediatamente las lecciones tan pronto como llegan a la escuela. <br>Luego, en las horas que siguen al examen, todos los estudiantes tienen la oportunidad de conocerse entre ellos y tambi\u00e9n de recibir informaciones sobre la escuela y la vida en la ciudad.<\/p>\n\n\n\n<figure class=\"wp-block-image size-large\"><img loading=\"lazy\" decoding=\"async\" width=\"1024\" height=\"505\" src=\"https:\/\/www.davidschool.com\/wp-content\/uploads\/2021\/02\/IMG_20210203_131226-1024x505.jpg\" alt=\"\" class=\"wp-image-22592\" srcset=\"https:\/\/www.davidschool.com\/wp-content\/uploads\/2021\/02\/IMG_20210203_131226-1024x505.jpg 1024w, https:\/\/www.davidschool.com\/wp-content\/uploads\/2021\/02\/IMG_20210203_131226-300x148.jpg 300w, https:\/\/www.davidschool.com\/wp-content\/uploads\/2021\/02\/IMG_20210203_131226-768x379.jpg 768w, https:\/\/www.davidschool.com\/wp-content\/uploads\/2021\/02\/IMG_20210203_131226-80x39.jpg 80w, https:\/\/www.davidschool.com\/wp-content\/uploads\/2021\/02\/IMG_20210203_131226-1536x757.jpg 1536w, https:\/\/www.davidschool.com\/wp-content\/uploads\/2021\/02\/IMG_20210203_131226-2048x1010.jpg 2048w, https:\/\/www.davidschool.com\/wp-content\/uploads\/2021\/02\/IMG_20210203_131226-270x133.jpg 270w\" sizes=\"auto, (max-width: 1024px) 100vw, 1024px\" \/><\/figure>\n","protected":false},"excerpt":{"rendered":"<p>La mejor manera de aprender y hablar italiano correctamente Estudiar italiano en una escuela de italiano es la mejor manera de aprender y mejorar m\u00e1s r\u00e1pido y hablar el idioma italiano correctamente. Gracias a m\u00e1s de 35 a\u00f1os de experiencia, maestros de lengua materna calificados y con experiencia, sus lecciones atractivas y estimulantes, y programas [&hellip;]<\/p>\n","protected":false},"author":1,"featured_media":0,"parent":0,"menu_order":0,"comment_status":"closed","ping_status":"closed","template":"","meta":{"footnotes":""},"class_list":["post-791","page","type-page","status-publish","hentry"],"yoast_head":"<!-- This site is optimized with the Yoast SEO plugin v27.4 - https:\/\/yoast.com\/product\/yoast-seo-wordpress\/ -->\n<title>Estudiar italiano en la escuela en Florencia | Istituto IL DAVID<\/title>\n<meta name=\"description\" content=\"Estudiar italiano en una escuela de italiano es la mejor manera de aprender y mejorar m\u00e1s r\u00e1pido y hablar el idioma italiano correctamente. En Florencia\" \/>\n<meta name=\"robots\" content=\"index, follow, max-snippet:-1, max-image-preview:large, max-video-preview:-1\" \/>\n<link rel=\"canonical\" href=\"https:\/\/www.davidschool.com\/es\/estudio-italiano-florencia\/\" \/>\n<meta property=\"og:locale\" content=\"es_ES\" \/>\n<meta property=\"og:type\" content=\"article\" \/>\n<meta property=\"og:title\" content=\"Estudiar italiano en la escuela en Florencia | Istituto IL DAVID\" \/>\n<meta property=\"og:description\" content=\"Estudiar italiano en una escuela de italiano es la mejor manera de aprender y mejorar m\u00e1s r\u00e1pido y hablar el idioma italiano correctamente. En Florencia\" \/>\n<meta property=\"og:url\" content=\"https:\/\/www.davidschool.com\/es\/estudio-italiano-florencia\/\" \/>\n<meta property=\"og:site_name\" content=\"Istituto IL DAVID\" \/>\n<meta property=\"article:modified_time\" content=\"2021-02-28T11:12:02+00:00\" \/>\n<meta property=\"og:image\" content=\"https:\/\/www.davidschool.com\/wp-content\/uploads\/2021\/01\/insegnanti-1-1024x505.jpg\" \/>\n<meta name=\"twitter:card\" content=\"summary_large_image\" \/>\n<meta name=\"twitter:label1\" content=\"Tiempo de lectura\" \/>\n\t<meta name=\"twitter:data1\" content=\"5 minutos\" \/>\n<script type=\"application\/ld+json\" class=\"yoast-schema-graph\">{\"@context\":\"https:\\\/\\\/schema.org\",\"@graph\":[{\"@type\":\"WebPage\",\"@id\":\"https:\\\/\\\/www.davidschool.com\\\/es\\\/estudio-italiano-florencia\\\/\",\"url\":\"https:\\\/\\\/www.davidschool.com\\\/es\\\/estudio-italiano-florencia\\\/\",\"name\":\"Estudiar italiano en la escuela en Florencia | Istituto IL DAVID\",\"isPartOf\":{\"@id\":\"https:\\\/\\\/www.davidschool.com\\\/es\\\/#website\"},\"primaryImageOfPage\":{\"@id\":\"https:\\\/\\\/www.davidschool.com\\\/es\\\/estudio-italiano-florencia\\\/#primaryimage\"},\"image\":{\"@id\":\"https:\\\/\\\/www.davidschool.com\\\/es\\\/estudio-italiano-florencia\\\/#primaryimage\"},\"thumbnailUrl\":\"https:\\\/\\\/www.davidschool.com\\\/wp-content\\\/uploads\\\/2021\\\/01\\\/insegnanti-1-1024x505.jpg\",\"datePublished\":\"2019-06-03T14:25:52+00:00\",\"dateModified\":\"2021-02-28T11:12:02+00:00\",\"description\":\"Estudiar italiano en una escuela de italiano es la mejor manera de aprender y mejorar m\u00e1s r\u00e1pido y hablar el idioma italiano correctamente. En Florencia\",\"breadcrumb\":{\"@id\":\"https:\\\/\\\/www.davidschool.com\\\/es\\\/estudio-italiano-florencia\\\/#breadcrumb\"},\"inLanguage\":\"es\",\"potentialAction\":[{\"@type\":\"ReadAction\",\"target\":[\"https:\\\/\\\/www.davidschool.com\\\/es\\\/estudio-italiano-florencia\\\/\"]}]},{\"@type\":\"ImageObject\",\"inLanguage\":\"es\",\"@id\":\"https:\\\/\\\/www.davidschool.com\\\/es\\\/estudio-italiano-florencia\\\/#primaryimage\",\"url\":\"https:\\\/\\\/www.davidschool.com\\\/wp-content\\\/uploads\\\/2021\\\/01\\\/insegnanti-1-1024x505.jpg\",\"contentUrl\":\"https:\\\/\\\/www.davidschool.com\\\/wp-content\\\/uploads\\\/2021\\\/01\\\/insegnanti-1-1024x505.jpg\"},{\"@type\":\"BreadcrumbList\",\"@id\":\"https:\\\/\\\/www.davidschool.com\\\/es\\\/estudio-italiano-florencia\\\/#breadcrumb\",\"itemListElement\":[{\"@type\":\"ListItem\",\"position\":1,\"name\":\"Home\",\"item\":\"https:\\\/\\\/www.davidschool.com\\\/es\\\/\"},{\"@type\":\"ListItem\",\"position\":2,\"name\":\"ESTUDIAR ITALIANO EN LA ESCUELA\"}]},{\"@type\":\"WebSite\",\"@id\":\"https:\\\/\\\/www.davidschool.com\\\/es\\\/#website\",\"url\":\"https:\\\/\\\/www.davidschool.com\\\/es\\\/\",\"name\":\"Istituto IL DAVID\",\"description\":\"Italian Language School\",\"publisher\":{\"@id\":\"https:\\\/\\\/www.davidschool.com\\\/es\\\/#organization\"},\"potentialAction\":[{\"@type\":\"SearchAction\",\"target\":{\"@type\":\"EntryPoint\",\"urlTemplate\":\"https:\\\/\\\/www.davidschool.com\\\/es\\\/?s={search_term_string}\"},\"query-input\":{\"@type\":\"PropertyValueSpecification\",\"valueRequired\":true,\"valueName\":\"search_term_string\"}}],\"inLanguage\":\"es\"},{\"@type\":\"Organization\",\"@id\":\"https:\\\/\\\/www.davidschool.com\\\/es\\\/#organization\",\"name\":\"Istituto Il David\",\"url\":\"https:\\\/\\\/www.davidschool.com\\\/es\\\/\",\"logo\":{\"@type\":\"ImageObject\",\"inLanguage\":\"es\",\"@id\":\"https:\\\/\\\/www.davidschool.com\\\/es\\\/#\\\/schema\\\/logo\\\/image\\\/\",\"url\":\"https:\\\/\\\/www.davidschool.com\\\/wp-content\\\/uploads\\\/2019\\\/05\\\/Il-David_logo.png\",\"contentUrl\":\"https:\\\/\\\/www.davidschool.com\\\/wp-content\\\/uploads\\\/2019\\\/05\\\/Il-David_logo.png\",\"width\":429,\"height\":133,\"caption\":\"Istituto Il David\"},\"image\":{\"@id\":\"https:\\\/\\\/www.davidschool.com\\\/es\\\/#\\\/schema\\\/logo\\\/image\\\/\"}}]}<\/script>\n<!-- \/ Yoast SEO plugin. -->","yoast_head_json":{"title":"Estudiar italiano en la escuela en Florencia | Istituto IL DAVID","description":"Estudiar italiano en una escuela de italiano es la mejor manera de aprender y mejorar m\u00e1s r\u00e1pido y hablar el idioma italiano correctamente. En Florencia","robots":{"index":"index","follow":"follow","max-snippet":"max-snippet:-1","max-image-preview":"max-image-preview:large","max-video-preview":"max-video-preview:-1"},"canonical":"https:\/\/www.davidschool.com\/es\/estudio-italiano-florencia\/","og_locale":"es_ES","og_type":"article","og_title":"Estudiar italiano en la escuela en Florencia | Istituto IL DAVID","og_description":"Estudiar italiano en una escuela de italiano es la mejor manera de aprender y mejorar m\u00e1s r\u00e1pido y hablar el idioma italiano correctamente. En Florencia","og_url":"https:\/\/www.davidschool.com\/es\/estudio-italiano-florencia\/","og_site_name":"Istituto IL DAVID","article_modified_time":"2021-02-28T11:12:02+00:00","og_image":[{"url":"https:\/\/www.davidschool.com\/wp-content\/uploads\/2021\/01\/insegnanti-1-1024x505.jpg","type":"","width":"","height":""}],"twitter_card":"summary_large_image","twitter_misc":{"Tiempo de lectura":"5 minutos"},"schema":{"@context":"https:\/\/schema.org","@graph":[{"@type":"WebPage","@id":"https:\/\/www.davidschool.com\/es\/estudio-italiano-florencia\/","url":"https:\/\/www.davidschool.com\/es\/estudio-italiano-florencia\/","name":"Estudiar italiano en la escuela en Florencia | Istituto IL DAVID","isPartOf":{"@id":"https:\/\/www.davidschool.com\/es\/#website"},"primaryImageOfPage":{"@id":"https:\/\/www.davidschool.com\/es\/estudio-italiano-florencia\/#primaryimage"},"image":{"@id":"https:\/\/www.davidschool.com\/es\/estudio-italiano-florencia\/#primaryimage"},"thumbnailUrl":"https:\/\/www.davidschool.com\/wp-content\/uploads\/2021\/01\/insegnanti-1-1024x505.jpg","datePublished":"2019-06-03T14:25:52+00:00","dateModified":"2021-02-28T11:12:02+00:00","description":"Estudiar italiano en una escuela de italiano es la mejor manera de aprender y mejorar m\u00e1s r\u00e1pido y hablar el idioma italiano correctamente. En Florencia","breadcrumb":{"@id":"https:\/\/www.davidschool.com\/es\/estudio-italiano-florencia\/#breadcrumb"},"inLanguage":"es","potentialAction":[{"@type":"ReadAction","target":["https:\/\/www.davidschool.com\/es\/estudio-italiano-florencia\/"]}]},{"@type":"ImageObject","inLanguage":"es","@id":"https:\/\/www.davidschool.com\/es\/estudio-italiano-florencia\/#primaryimage","url":"https:\/\/www.davidschool.com\/wp-content\/uploads\/2021\/01\/insegnanti-1-1024x505.jpg","contentUrl":"https:\/\/www.davidschool.com\/wp-content\/uploads\/2021\/01\/insegnanti-1-1024x505.jpg"},{"@type":"BreadcrumbList","@id":"https:\/\/www.davidschool.com\/es\/estudio-italiano-florencia\/#breadcrumb","itemListElement":[{"@type":"ListItem","position":1,"name":"Home","item":"https:\/\/www.davidschool.com\/es\/"},{"@type":"ListItem","position":2,"name":"ESTUDIAR ITALIANO EN LA ESCUELA"}]},{"@type":"WebSite","@id":"https:\/\/www.davidschool.com\/es\/#website","url":"https:\/\/www.davidschool.com\/es\/","name":"Istituto IL DAVID","description":"Italian Language School","publisher":{"@id":"https:\/\/www.davidschool.com\/es\/#organization"},"potentialAction":[{"@type":"SearchAction","target":{"@type":"EntryPoint","urlTemplate":"https:\/\/www.davidschool.com\/es\/?s={search_term_string}"},"query-input":{"@type":"PropertyValueSpecification","valueRequired":true,"valueName":"search_term_string"}}],"inLanguage":"es"},{"@type":"Organization","@id":"https:\/\/www.davidschool.com\/es\/#organization","name":"Istituto Il David","url":"https:\/\/www.davidschool.com\/es\/","logo":{"@type":"ImageObject","inLanguage":"es","@id":"https:\/\/www.davidschool.com\/es\/#\/schema\/logo\/image\/","url":"https:\/\/www.davidschool.com\/wp-content\/uploads\/2019\/05\/Il-David_logo.png","contentUrl":"https:\/\/www.davidschool.com\/wp-content\/uploads\/2019\/05\/Il-David_logo.png","width":429,"height":133,"caption":"Istituto Il David"},"image":{"@id":"https:\/\/www.davidschool.com\/es\/#\/schema\/logo\/image\/"}}]}},"_links":{"self":[{"href":"https:\/\/www.davidschool.com\/es\/wp-json\/wp\/v2\/pages\/791","targetHints":{"allow":["GET"]}}],"collection":[{"href":"https:\/\/www.davidschool.com\/es\/wp-json\/wp\/v2\/pages"}],"about":[{"href":"https:\/\/www.davidschool.com\/es\/wp-json\/wp\/v2\/types\/page"}],"author":[{"embeddable":true,"href":"https:\/\/www.davidschool.com\/es\/wp-json\/wp\/v2\/users\/1"}],"replies":[{"embeddable":true,"href":"https:\/\/www.davidschool.com\/es\/wp-json\/wp\/v2\/comments?post=791"}],"version-history":[{"count":10,"href":"https:\/\/www.davidschool.com\/es\/wp-json\/wp\/v2\/pages\/791\/revisions"}],"predecessor-version":[{"id":23973,"href":"https:\/\/www.davidschool.com\/es\/wp-json\/wp\/v2\/pages\/791\/revisions\/23973"}],"wp:attachment":[{"href":"https:\/\/www.davidschool.com\/es\/wp-json\/wp\/v2\/media?parent=791"}],"curies":[{"name":"wp","href":"https:\/\/api.w.org\/{rel}","templated":true}]}}