{"id":832,"date":"2019-06-03T16:52:06","date_gmt":"2019-06-03T14:52:06","guid":{"rendered":"http:\/\/3.122.4.63\/?page_id=832"},"modified":"2025-02-15T12:02:17","modified_gmt":"2025-02-15T11:02:17","slug":"servicios-escuela-florencia","status":"publish","type":"page","link":"https:\/\/www.davidschool.com\/es\/servicios-escuela-florencia\/","title":{"rendered":"SERVICIOS Y ASISTENCIA DE LA ESCUELA"},"content":{"rendered":"\n<figure class=\"wp-block-image size-large\"><img loading=\"lazy\" decoding=\"async\" width=\"883\" height=\"378\" src=\"https:\/\/www.davidschool.com\/wp-content\/uploads\/2020\/05\/10.jpg\" alt=\"\" class=\"wp-image-15065\" srcset=\"https:\/\/www.davidschool.com\/wp-content\/uploads\/2020\/05\/10.jpg 883w, https:\/\/www.davidschool.com\/wp-content\/uploads\/2020\/05\/10-300x128.jpg 300w, https:\/\/www.davidschool.com\/wp-content\/uploads\/2020\/05\/10-768x329.jpg 768w, https:\/\/www.davidschool.com\/wp-content\/uploads\/2020\/05\/10-80x34.jpg 80w, https:\/\/www.davidschool.com\/wp-content\/uploads\/2020\/05\/10-270x116.jpg 270w\" sizes=\"auto, (max-width: 883px) 100vw, 883px\" \/><\/figure>\n\n\n\n<h2 class=\"wp-block-heading\"><strong><br><\/strong>Servicios y asistencia a los estudiantes antes, durante y despu\u00e9s del curso<\/h2>\n\n\n\n<h3 class=\"wp-block-heading\">ASISTENCIA<\/h3>\n\n\n\n<p><span style=\"color: #000000;\">La escuela ofrece servicio gratuito de asistencia a sus estudiantes sobre las visas, permisos de residencia, seguro de salud, apertura de la cuenta bancaria, solicitud del c\u00f3digo de impuestos, contratos inmobiliarios, pr\u00e1cticas empresariales.<\/span><\/p>\n\n\n\n<h3 class=\"wp-block-heading\">VISADO DE ESTUDIOS<\/h3>\n\n\n\n<p><span style=\"color: #000000;\">Los estudiantes residentes en pa\u00edses que no pertenecen a la Uni\u00f3n Europea y que quieran quedarse en Italia durante m\u00e1s de tres meses, tienen que solicitar un visado (VISA) a la embajada italiana de su pa\u00eds.<\/span> Para obtener dicho visado, los estudiantes tienen que entregar el certificado de inscripci\u00f3n a la escuela y otros ducumentos exigidos por la embajada. <br>Nuestro instituto expedir\u00e1 estos documentos tras recibir un anticipo y la confirmaci\u00f3n de la inscripci\u00f3n a la escuela. De todas formas, antes de hacer las reservas, aconsejamos que los estudiantes se informen en las embajadas italianas de los distintos pa\u00edses, que a veces tienen normas distintas.<br>Visite nuestra p\u00e1gina <strong><a href=\"https:\/\/www.davidschool.com\/es\/visado-estudios\/\">visado de estudios<\/a><\/strong> para m\u00e1s informaci\u00f3n.<\/p>\n\n\n\n<h3 class=\"wp-block-heading\">ASISTENCIA M\u00c9DICA Y SEGURO DE SALUD<\/h3>\n\n\n\n<p>Nuestra escuela colabora con los consultorios m\u00e9dicos y dentales cercanos a la escuela que pueden ayudar a nuestros estudiantes inmediatamente si es necesario. <\/p>\n\n\n\n<p>Los estudiantes de pa\u00edses pertenecientes a la Uni\u00f3n Europea pueden beneficiarse de todos los servicios sanitarios con la Tarjeta Sanitaria Europea (TSE). <br>Para los estudiantes no residentes en pa\u00edses de la Uni\u00f3n Europea, para estancias inferiores a tres meses, el seguro de salud no es obligatorio, pero se recomienda. <br>Para los estudiantes de fuera de la Uni\u00f3n Europea (UE) que permanezcan en Italia durante m\u00e1s de tres meses, para recibir un visado de estudios, es obligatorio contratar una p\u00f3liza de seguro de salud personal. Tienes tres opciones disponibles. Puedes contratar un seguro privado en tu pa\u00eds, o bien la escuela puede realizar este servicio por ti. Puedes elegir un seguro privado o un seguro p\u00fablico del Servicio Sanitario Nacional (SSN) de Italia.<\/p>\n\n\n\n<h3 class=\"wp-block-heading\">SEGURO DE CANCELACI\u00d3N DE CURSO Y ALOJAMIENTO<\/h3>\n\n\n\n<p><span style=\"color: #000000;\">A pedido, la escuela ofrece un seguro para el reembolso completo en caso de cancelaci\u00f3n dentro de dos d\u00edas antes de la llegada del estudiante en Florencia.<\/span><\/p>\n\n\n\n<h3 class=\"wp-block-heading\">ALOJAMIENTOS<\/h3>\n\n\n\n<p><span style=\"color: #000000;\">La escuela ofrece a sus estudiantes un servicio gratuito de b\u00fasqueda de alojamiento para cualquier tipo de solicitud y para toda la duraci\u00f3n de su estancia en Florencia.<\/span> <br>Visite nuestra p\u00e1gina de alojamiento para ver las caracter\u00edsticas y los precios. <a href=\"https:\/\/www.davidschool.com\/es\/alojamiento-en-florencia\/\">Haga clic aqu\u00ed<\/a>.<\/p>\n\n\n\n<h3 class=\"wp-block-heading\">ACTIVIDADES EXTRACURRICULARES<\/h3>\n\n\n\n<p><span style=\"color: #000000;\">La escuela ofrece un m\u00ednimo de 5 actividades extracurriculares por semana.<\/span> Todas las actividades se llevan a cabo junto con nuestras profesoras despu\u00e9s de las clases y los fines de semana para que todos los alumnos puedan participar.<br>Visite nuestra p\u00e1gina Qu\u00e9 hacer en Florencia para ver todas las actividades. <a href=\"https:\/\/www.davidschool.com\/es\/citas-y-ocio\/\">Haga clic aqu\u00ed<\/a>.<\/p>\n\n\n\n<h3 class=\"wp-block-heading\">RECOGIDA<\/h3>\n\n\n\n<p><span style=\"color: #000000;\">La escuela ofrece servicio de transporte profesional desde el aeropuerto o la estaci\u00f3n central de trenos de Florencia hasta el apartamento reservado.<\/span> Una asistencia personalizada y segura para todos tus movimientos.<\/p>\n\n\n\n<h3 class=\"wp-block-heading\">CERTIFICADOS PARA EL PERMISO DE RESIDENCIA<\/h3>\n\n\n\n<p>Si su nacionalidad es de un pa\u00eds no perteneciente a la UE y ha recibido un visado de estudios por un periodo superior a 90 d\u00edas, deber\u00e1 solicitar un permiso de residencia en los 8 d\u00edas siguientes a su llegada a Italia.<br>Cuando llegue a la escuela, le daremos la asistencia necesaria y la informaci\u00f3n \u00fatil para la solicitud que debe realizar en la oficina de correos cercana a la escuela.<br>Si tiene intenci\u00f3n de permanecer en Italia durante un per\u00edodo de tiempo despu\u00e9s de la expiraci\u00f3n de su visado de estudios, debe solicitar la renovaci\u00f3n de su permiso de residencia al menos un mes antes de la fecha de expiraci\u00f3n. Para renovar su permiso de residencia debe inscribirse en un curso en la escuela y presentar su nuevo certificado de inscripci\u00f3n.<\/p>\n\n\n\n<h3 class=\"wp-block-heading\">UTILIZACI\u00d3N DE LOS ESPACIOS DE LA ESCUELA<\/h3>\n\n\n\n<p><span style=\"color: #000000;\">Previa disponibilidad, los estudiantes pueden utilizar todas las aulas y los espacios de la escuela de las 9.00 a las 18.00, para estudiar, ver pel\u00edculas, et<\/span>c.<\/p>\n\n\n\n<h3 class=\"wp-block-heading\">ALMUERZO<\/h3>\n\n\n\n<p>La escuela tiene un acuerdo con un restaurante self-service, situado a un minuto caminando de la escuela, que ofrece un descuento a los estudiantes de la escuela durante su hora de almuerzo. Cercano, r\u00e1pido, barato, buena comida, variedad de platos.<\/p>\n\n\n\n<h3 class=\"wp-block-heading\">RESERVA MUSEOS<\/h3>\n\n\n\n<p>La escuela ofrece un servicio gratuito de reserva para los museos de Florencia. <\/p>\n\n\n\n<h3 class=\"wp-block-heading\">DEPORTES<\/h3>\n\n\n\n<p>La escuela tiene un acuerdo con algunos gimnasios en el centro de Florencia. En el centro se pueden reservar clases de tenis y de baile. Fuera del centro se puede practicar cualquier tipo de deporte.<\/p>\n\n\n\n<h3 class=\"wp-block-heading\">BECAS<\/h3>\n\n\n\n<p>El Istituto Il David ofrece anualmente algunas becas, exclusivamente a los Institutos Italianos de Cultura de las principales ciudades de todo el mundo y a algunas Universidades internacionales. <br>La solicitud debe ser entregada directamente al Instituto Italiano de Cultura o a la Universidad correspondiente.<\/p>\n","protected":false},"excerpt":{"rendered":"<p>Servicios y asistencia a los estudiantes antes, durante y despu\u00e9s del curso ASISTENCIA La escuela ofrece servicio gratuito de asistencia a sus estudiantes sobre las visas, permisos de residencia, seguro de salud, apertura de la cuenta bancaria, solicitud del c\u00f3digo de impuestos, contratos inmobiliarios, pr\u00e1cticas empresariales. VISADO DE ESTUDIOS Los estudiantes residentes en pa\u00edses que [&hellip;]<\/p>\n","protected":false},"author":1,"featured_media":0,"parent":0,"menu_order":0,"comment_status":"closed","ping_status":"closed","template":"","meta":{"footnotes":""},"class_list":["post-832","page","type-page","status-publish","hentry"],"yoast_head":"<!-- This site is optimized with the Yoast SEO plugin v27.2 - https:\/\/yoast.com\/product\/yoast-seo-wordpress\/ -->\n<title>Servicios y asistencia a estudiantes en Florencia | Istituto IL DAVID<\/title>\n<meta name=\"description\" content=\"Servicios y asistencia a estudiantes de la escuela de italiano. Certificados para obtener una visa de estudio en Italia y permiso de residencia en Florencia\" \/>\n<meta name=\"robots\" content=\"index, follow, max-snippet:-1, max-image-preview:large, max-video-preview:-1\" \/>\n<link rel=\"canonical\" href=\"https:\/\/www.davidschool.com\/es\/servicios-escuela-florencia\/\" \/>\n<meta property=\"og:locale\" content=\"es_ES\" \/>\n<meta property=\"og:type\" content=\"article\" \/>\n<meta property=\"og:title\" content=\"Servicios y asistencia a estudiantes en Florencia | Istituto IL DAVID\" \/>\n<meta property=\"og:description\" content=\"Servicios y asistencia a estudiantes de la escuela de italiano. Certificados para obtener una visa de estudio en Italia y permiso de residencia en Florencia\" \/>\n<meta property=\"og:url\" content=\"https:\/\/www.davidschool.com\/es\/servicios-escuela-florencia\/\" \/>\n<meta property=\"og:site_name\" content=\"Istituto IL DAVID\" \/>\n<meta property=\"article:modified_time\" content=\"2025-02-15T11:02:17+00:00\" \/>\n<meta property=\"og:image\" content=\"https:\/\/www.davidschool.com\/wp-content\/uploads\/2020\/05\/10.jpg\" \/>\n\t<meta property=\"og:image:width\" content=\"883\" \/>\n\t<meta property=\"og:image:height\" content=\"378\" \/>\n\t<meta property=\"og:image:type\" content=\"image\/jpeg\" \/>\n<meta name=\"twitter:card\" content=\"summary_large_image\" \/>\n<meta name=\"twitter:label1\" content=\"Tiempo de lectura\" \/>\n\t<meta name=\"twitter:data1\" content=\"4 minutos\" \/>\n<script type=\"application\/ld+json\" class=\"yoast-schema-graph\">{\"@context\":\"https:\/\/schema.org\",\"@graph\":[{\"@type\":\"WebPage\",\"@id\":\"https:\/\/www.davidschool.com\/es\/servicios-escuela-florencia\/\",\"url\":\"https:\/\/www.davidschool.com\/es\/servicios-escuela-florencia\/\",\"name\":\"Servicios y asistencia a estudiantes en Florencia | Istituto IL DAVID\",\"isPartOf\":{\"@id\":\"https:\/\/www.davidschool.com\/es\/#website\"},\"primaryImageOfPage\":{\"@id\":\"https:\/\/www.davidschool.com\/es\/servicios-escuela-florencia\/#primaryimage\"},\"image\":{\"@id\":\"https:\/\/www.davidschool.com\/es\/servicios-escuela-florencia\/#primaryimage\"},\"thumbnailUrl\":\"https:\/\/www.davidschool.com\/wp-content\/uploads\/2020\/05\/10.jpg\",\"datePublished\":\"2019-06-03T14:52:06+00:00\",\"dateModified\":\"2025-02-15T11:02:17+00:00\",\"description\":\"Servicios y asistencia a estudiantes de la escuela de italiano. Certificados para obtener una visa de estudio en Italia y permiso de residencia en Florencia\",\"breadcrumb\":{\"@id\":\"https:\/\/www.davidschool.com\/es\/servicios-escuela-florencia\/#breadcrumb\"},\"inLanguage\":\"es\",\"potentialAction\":[{\"@type\":\"ReadAction\",\"target\":[\"https:\/\/www.davidschool.com\/es\/servicios-escuela-florencia\/\"]}]},{\"@type\":\"ImageObject\",\"inLanguage\":\"es\",\"@id\":\"https:\/\/www.davidschool.com\/es\/servicios-escuela-florencia\/#primaryimage\",\"url\":\"https:\/\/www.davidschool.com\/wp-content\/uploads\/2020\/05\/10.jpg\",\"contentUrl\":\"https:\/\/www.davidschool.com\/wp-content\/uploads\/2020\/05\/10.jpg\"},{\"@type\":\"BreadcrumbList\",\"@id\":\"https:\/\/www.davidschool.com\/es\/servicios-escuela-florencia\/#breadcrumb\",\"itemListElement\":[{\"@type\":\"ListItem\",\"position\":1,\"name\":\"Home\",\"item\":\"https:\/\/www.davidschool.com\/es\/\"},{\"@type\":\"ListItem\",\"position\":2,\"name\":\"SERVICIOS Y ASISTENCIA DE LA ESCUELA\"}]},{\"@type\":\"WebSite\",\"@id\":\"https:\/\/www.davidschool.com\/es\/#website\",\"url\":\"https:\/\/www.davidschool.com\/es\/\",\"name\":\"Istituto IL DAVID\",\"description\":\"Italian Language School\",\"publisher\":{\"@id\":\"https:\/\/www.davidschool.com\/es\/#organization\"},\"potentialAction\":[{\"@type\":\"SearchAction\",\"target\":{\"@type\":\"EntryPoint\",\"urlTemplate\":\"https:\/\/www.davidschool.com\/es\/?s={search_term_string}\"},\"query-input\":{\"@type\":\"PropertyValueSpecification\",\"valueRequired\":true,\"valueName\":\"search_term_string\"}}],\"inLanguage\":\"es\"},{\"@type\":\"Organization\",\"@id\":\"https:\/\/www.davidschool.com\/es\/#organization\",\"name\":\"Istituto Il David\",\"url\":\"https:\/\/www.davidschool.com\/es\/\",\"logo\":{\"@type\":\"ImageObject\",\"inLanguage\":\"es\",\"@id\":\"https:\/\/www.davidschool.com\/es\/#\/schema\/logo\/image\/\",\"url\":\"https:\/\/www.davidschool.com\/wp-content\/uploads\/2019\/05\/Il-David_logo.png\",\"contentUrl\":\"https:\/\/www.davidschool.com\/wp-content\/uploads\/2019\/05\/Il-David_logo.png\",\"width\":429,\"height\":133,\"caption\":\"Istituto Il David\"},\"image\":{\"@id\":\"https:\/\/www.davidschool.com\/es\/#\/schema\/logo\/image\/\"}}]}<\/script>\n<!-- \/ Yoast SEO plugin. -->","yoast_head_json":{"title":"Servicios y asistencia a estudiantes en Florencia | Istituto IL DAVID","description":"Servicios y asistencia a estudiantes de la escuela de italiano. Certificados para obtener una visa de estudio en Italia y permiso de residencia en Florencia","robots":{"index":"index","follow":"follow","max-snippet":"max-snippet:-1","max-image-preview":"max-image-preview:large","max-video-preview":"max-video-preview:-1"},"canonical":"https:\/\/www.davidschool.com\/es\/servicios-escuela-florencia\/","og_locale":"es_ES","og_type":"article","og_title":"Servicios y asistencia a estudiantes en Florencia | Istituto IL DAVID","og_description":"Servicios y asistencia a estudiantes de la escuela de italiano. Certificados para obtener una visa de estudio en Italia y permiso de residencia en Florencia","og_url":"https:\/\/www.davidschool.com\/es\/servicios-escuela-florencia\/","og_site_name":"Istituto IL DAVID","article_modified_time":"2025-02-15T11:02:17+00:00","og_image":[{"width":883,"height":378,"url":"https:\/\/www.davidschool.com\/wp-content\/uploads\/2020\/05\/10.jpg","type":"image\/jpeg"}],"twitter_card":"summary_large_image","twitter_misc":{"Tiempo de lectura":"4 minutos"},"schema":{"@context":"https:\/\/schema.org","@graph":[{"@type":"WebPage","@id":"https:\/\/www.davidschool.com\/es\/servicios-escuela-florencia\/","url":"https:\/\/www.davidschool.com\/es\/servicios-escuela-florencia\/","name":"Servicios y asistencia a estudiantes en Florencia | Istituto IL DAVID","isPartOf":{"@id":"https:\/\/www.davidschool.com\/es\/#website"},"primaryImageOfPage":{"@id":"https:\/\/www.davidschool.com\/es\/servicios-escuela-florencia\/#primaryimage"},"image":{"@id":"https:\/\/www.davidschool.com\/es\/servicios-escuela-florencia\/#primaryimage"},"thumbnailUrl":"https:\/\/www.davidschool.com\/wp-content\/uploads\/2020\/05\/10.jpg","datePublished":"2019-06-03T14:52:06+00:00","dateModified":"2025-02-15T11:02:17+00:00","description":"Servicios y asistencia a estudiantes de la escuela de italiano. Certificados para obtener una visa de estudio en Italia y permiso de residencia en Florencia","breadcrumb":{"@id":"https:\/\/www.davidschool.com\/es\/servicios-escuela-florencia\/#breadcrumb"},"inLanguage":"es","potentialAction":[{"@type":"ReadAction","target":["https:\/\/www.davidschool.com\/es\/servicios-escuela-florencia\/"]}]},{"@type":"ImageObject","inLanguage":"es","@id":"https:\/\/www.davidschool.com\/es\/servicios-escuela-florencia\/#primaryimage","url":"https:\/\/www.davidschool.com\/wp-content\/uploads\/2020\/05\/10.jpg","contentUrl":"https:\/\/www.davidschool.com\/wp-content\/uploads\/2020\/05\/10.jpg"},{"@type":"BreadcrumbList","@id":"https:\/\/www.davidschool.com\/es\/servicios-escuela-florencia\/#breadcrumb","itemListElement":[{"@type":"ListItem","position":1,"name":"Home","item":"https:\/\/www.davidschool.com\/es\/"},{"@type":"ListItem","position":2,"name":"SERVICIOS Y ASISTENCIA DE LA ESCUELA"}]},{"@type":"WebSite","@id":"https:\/\/www.davidschool.com\/es\/#website","url":"https:\/\/www.davidschool.com\/es\/","name":"Istituto IL DAVID","description":"Italian Language School","publisher":{"@id":"https:\/\/www.davidschool.com\/es\/#organization"},"potentialAction":[{"@type":"SearchAction","target":{"@type":"EntryPoint","urlTemplate":"https:\/\/www.davidschool.com\/es\/?s={search_term_string}"},"query-input":{"@type":"PropertyValueSpecification","valueRequired":true,"valueName":"search_term_string"}}],"inLanguage":"es"},{"@type":"Organization","@id":"https:\/\/www.davidschool.com\/es\/#organization","name":"Istituto Il David","url":"https:\/\/www.davidschool.com\/es\/","logo":{"@type":"ImageObject","inLanguage":"es","@id":"https:\/\/www.davidschool.com\/es\/#\/schema\/logo\/image\/","url":"https:\/\/www.davidschool.com\/wp-content\/uploads\/2019\/05\/Il-David_logo.png","contentUrl":"https:\/\/www.davidschool.com\/wp-content\/uploads\/2019\/05\/Il-David_logo.png","width":429,"height":133,"caption":"Istituto Il David"},"image":{"@id":"https:\/\/www.davidschool.com\/es\/#\/schema\/logo\/image\/"}}]}},"_links":{"self":[{"href":"https:\/\/www.davidschool.com\/es\/wp-json\/wp\/v2\/pages\/832","targetHints":{"allow":["GET"]}}],"collection":[{"href":"https:\/\/www.davidschool.com\/es\/wp-json\/wp\/v2\/pages"}],"about":[{"href":"https:\/\/www.davidschool.com\/es\/wp-json\/wp\/v2\/types\/page"}],"author":[{"embeddable":true,"href":"https:\/\/www.davidschool.com\/es\/wp-json\/wp\/v2\/users\/1"}],"replies":[{"embeddable":true,"href":"https:\/\/www.davidschool.com\/es\/wp-json\/wp\/v2\/comments?post=832"}],"version-history":[{"count":16,"href":"https:\/\/www.davidschool.com\/es\/wp-json\/wp\/v2\/pages\/832\/revisions"}],"predecessor-version":[{"id":33298,"href":"https:\/\/www.davidschool.com\/es\/wp-json\/wp\/v2\/pages\/832\/revisions\/33298"}],"wp:attachment":[{"href":"https:\/\/www.davidschool.com\/es\/wp-json\/wp\/v2\/media?parent=832"}],"curies":[{"name":"wp","href":"https:\/\/api.w.org\/{rel}","templated":true}]}}