{"id":843,"date":"2019-06-03T16:59:46","date_gmt":"2019-06-03T14:59:46","guid":{"rendered":"http:\/\/3.122.4.63\/?page_id=843"},"modified":"2021-03-13T18:05:38","modified_gmt":"2021-03-13T17:05:38","slug":"aprender-italiano-en-florencia","status":"publish","type":"page","link":"https:\/\/www.davidschool.com\/es\/aprender-italiano-en-florencia\/","title":{"rendered":"APRENDER ITALIANO EN FLORENCIA"},"content":{"rendered":"\n<h2 class=\"wp-block-heading\">Florencia: el lugar adecuado para aprender italiano en Italia <\/h2>\n\n\n\n<figure class=\"wp-block-image size-large\"><img loading=\"lazy\" decoding=\"async\" width=\"1024\" height=\"394\" src=\"https:\/\/www.davidschool.com\/wp-content\/uploads\/2021\/03\/FIrenze_Ponte_Vecchio_57_Carlo-Copia-1024x394.jpg\" alt=\"\" class=\"wp-image-24214\" srcset=\"https:\/\/www.davidschool.com\/wp-content\/uploads\/2021\/03\/FIrenze_Ponte_Vecchio_57_Carlo-Copia-1024x394.jpg 1024w, https:\/\/www.davidschool.com\/wp-content\/uploads\/2021\/03\/FIrenze_Ponte_Vecchio_57_Carlo-Copia-300x115.jpg 300w, https:\/\/www.davidschool.com\/wp-content\/uploads\/2021\/03\/FIrenze_Ponte_Vecchio_57_Carlo-Copia-768x296.jpg 768w, https:\/\/www.davidschool.com\/wp-content\/uploads\/2021\/03\/FIrenze_Ponte_Vecchio_57_Carlo-Copia-80x31.jpg 80w, https:\/\/www.davidschool.com\/wp-content\/uploads\/2021\/03\/FIrenze_Ponte_Vecchio_57_Carlo-Copia-1536x591.jpg 1536w, https:\/\/www.davidschool.com\/wp-content\/uploads\/2021\/03\/FIrenze_Ponte_Vecchio_57_Carlo-Copia-2048x788.jpg 2048w, https:\/\/www.davidschool.com\/wp-content\/uploads\/2021\/03\/FIrenze_Ponte_Vecchio_57_Carlo-Copia-270x104.jpg 270w\" sizes=\"auto, (max-width: 1024px) 100vw, 1024px\" \/><\/figure>\n\n\n\n<p><span style=\"color: #000000;\">Florencia es el lugar ideal para<strong> aprender o mejorar la lengua italiana<\/strong> por muchas razones. <\/span><br>Es la ciudad donde naci\u00f3 y mayormente se desarroll\u00f3 la lengua italiana y es aqu\u00ed donde se habla el italiano m\u00e1s puro de Italia, si bien con un caracter\u00edstico y \u00fanico acento dialectal. <\/p>\n\n\n\n<p>Florencia es famosa en todo el mundo por ser <strong>la ciudad del arte<\/strong>, <strong>la capital del Renacimiento<\/strong>, uno de los centros m\u00e1s importantes de la cultura literaria y cient\u00edfica.<br>El centro hist\u00f3rico de Florencia es uno de los m\u00e1s grandes del mundo y tiene tal densidad de monumentos y obras de arte que parece imposible terminar de visitarlo y conocerlo totalmente.<br>Gracias a su gran patrimonio de monumentos y de obras de arte, se ha convertido en un centro art\u00edstico y cultural entre los m\u00e1s importantes del mundo. <\/p>\n\n\n\n<p>Se encuentra en el <strong>centro de Toscana<\/strong> y en menos de una hora se llega a ciudades como Siena, Lucca, Pisa, Arezzo, San Gimignano, Cortona, Pienza, Volterra y a la costa del mar Tirreno. <\/p>\n\n\n\n<p>Es una ciudad universitaria y tur\u00edstica no muy grande y su centro hist\u00f3rico est\u00e1 lejos del tr\u00e1fico y de la zona industrial perif\u00e9rica, ofreciendo, por lo tanto, <strong>el ambiente ideal para un curso de estudios<\/strong>. Es una ciudad tranquila con poca criminalidad.<\/p>\n\n\n\n<p>En Florencia podr\u00e1 conocer a <strong>estudiantes de todo el mundo<\/strong> que tienen los mismos intereses culturales y personales que usted. <br>Florencia tambi\u00e9n ofrece <strong>buenas oportunidades de trabajo y perspectivas profesionales<\/strong> en los \u00e1mbitos del turismo, el arte, la moda y la cultura en general.<\/p>\n\n\n\n<div class=\"wp-block-image\"><figure class=\"aligncenter size-large\"><img loading=\"lazy\" decoding=\"async\" width=\"832\" height=\"468\" src=\"https:\/\/www.davidschool.com\/wp-content\/uploads\/2019\/06\/1Learn-Italian-in-Forence-2.jpg\" alt=\"\" class=\"wp-image-10534\" srcset=\"https:\/\/www.davidschool.com\/wp-content\/uploads\/2019\/06\/1Learn-Italian-in-Forence-2.jpg 832w, https:\/\/www.davidschool.com\/wp-content\/uploads\/2019\/06\/1Learn-Italian-in-Forence-2-300x169.jpg 300w, https:\/\/www.davidschool.com\/wp-content\/uploads\/2019\/06\/1Learn-Italian-in-Forence-2-768x432.jpg 768w, https:\/\/www.davidschool.com\/wp-content\/uploads\/2019\/06\/1Learn-Italian-in-Forence-2-80x45.jpg 80w, https:\/\/www.davidschool.com\/wp-content\/uploads\/2019\/06\/1Learn-Italian-in-Forence-2-270x152.jpg 270w\" sizes=\"auto, (max-width: 832px) 100vw, 832px\" \/><\/figure><\/div>\n\n\n\n<p><span style=\"color: #000000;\">En Florencia no s\u00f3lo hay museos, iglesias, edificios y monumentos importantes sino tambi\u00e9n restaurantes t\u00edpicos, donde se puede saborear la exquisita cocina toscana, una cantidad innumerable de locales caracter\u00edsticos donde encontrarse y divertirse, conciertos y espect\u00e1culos todo el a\u00f1o, parques y jardines donde relajarse, tiendas de alta moda de los dise\u00f1adores m\u00e1s famosos del mundo, t\u00edpicos talleres artesanales donde a\u00fan se pueden ver pintores y artistas mientras trabajan, fiestas tradicionales y conmemoraciones hist\u00f3ricas que evocan los tiempos de Dante o Michelangelo, los t\u00edpicos callejones donde el presente se funde con el pasado.<\/span><\/p>\n\n\n\n<p><span style=\"color: #000000;\">Por estas razones cada vez m\u00e1s estudiantes y turistas deciden permanecer en esta ciudad y estudiar italiano en una escuela de lengua italiana en Florencia, dando as\u00ed lugar a un intenso intercambio cultural. <strong>Aprender italiano<\/strong> en una escuela de lengua italiana en Italia significa tener la oportunidad de vivir cada d\u00eda la cultura italiana y practicar constantemente el idioma.<br><\/span><\/p>\n\n\n\n<figure class=\"wp-block-image size-large\"><img loading=\"lazy\" decoding=\"async\" width=\"1024\" height=\"392\" src=\"https:\/\/www.davidschool.com\/wp-content\/uploads\/2021\/01\/P1050132-Copia-1024x392.jpg\" alt=\"\" class=\"wp-image-18506\" srcset=\"https:\/\/www.davidschool.com\/wp-content\/uploads\/2021\/01\/P1050132-Copia-1024x392.jpg 1024w, https:\/\/www.davidschool.com\/wp-content\/uploads\/2021\/01\/P1050132-Copia-300x115.jpg 300w, https:\/\/www.davidschool.com\/wp-content\/uploads\/2021\/01\/P1050132-Copia-768x294.jpg 768w, https:\/\/www.davidschool.com\/wp-content\/uploads\/2021\/01\/P1050132-Copia-80x31.jpg 80w, https:\/\/www.davidschool.com\/wp-content\/uploads\/2021\/01\/P1050132-Copia-1536x588.jpg 1536w, https:\/\/www.davidschool.com\/wp-content\/uploads\/2021\/01\/P1050132-Copia-2048x784.jpg 2048w, https:\/\/www.davidschool.com\/wp-content\/uploads\/2021\/01\/P1050132-Copia-270x103.jpg 270w\" sizes=\"auto, (max-width: 1024px) 100vw, 1024px\" \/><\/figure>\n\n\n\n<p><span style=\"color: #000000;\">Aprender italiano en una escuela de lengua italiana en Florencia significa adem\u00e1s, vivir una experiencia inolvidable en <strong>la ciudad donde<\/strong> <strong>surgi\u00f3 el italiano y donde se sigue hablando el idioma en el modo m\u00e1s correcto<\/strong>. Tambi\u00e9n por esto, cada a\u00f1o casi el 40% de los estudiantes que van a escuelas de lengua italiana eligen Florencia.<\/span><\/p>\n\n\n\n<p>\u00a1Aprende italiano en nuestra escuela en Florencia con nuestros <a href=\"https:\/\/www.davidschool.com\/es\/cursos\/cursos-de-italiano\/\"><strong>cursos de idioma italiano<\/strong><\/a> junto con estudiantes de todo el mundo y descubre Florencia!<\/p>\n\n\n\n<div class=\"wp-block-image\"><figure class=\"aligncenter size-large\"><img loading=\"lazy\" decoding=\"async\" width=\"960\" height=\"720\" src=\"https:\/\/www.davidschool.com\/wp-content\/uploads\/2021\/01\/foto-roox-giugno-2015-42.jpg\" alt=\"\" class=\"wp-image-18500\" srcset=\"https:\/\/www.davidschool.com\/wp-content\/uploads\/2021\/01\/foto-roox-giugno-2015-42.jpg 960w, https:\/\/www.davidschool.com\/wp-content\/uploads\/2021\/01\/foto-roox-giugno-2015-42-300x225.jpg 300w, https:\/\/www.davidschool.com\/wp-content\/uploads\/2021\/01\/foto-roox-giugno-2015-42-768x576.jpg 768w, https:\/\/www.davidschool.com\/wp-content\/uploads\/2021\/01\/foto-roox-giugno-2015-42-80x60.jpg 80w, https:\/\/www.davidschool.com\/wp-content\/uploads\/2021\/01\/foto-roox-giugno-2015-42-240x180.jpg 240w\" sizes=\"auto, (max-width: 960px) 100vw, 960px\" \/><\/figure><\/div>\n\n\n\n<hr class=\"wp-block-separator\"\/>\n\n\n\n<p>Lea m\u00e1s informaci\u00f3n sobre Florencia en la p\u00e1gina <strong><a href=\"https:\/\/www.davidschool.com\/es\/viaje-a-florencia\/\">Viaje a Florencia<\/a><\/strong><\/p>\n","protected":false},"excerpt":{"rendered":"<p>Florencia: el lugar adecuado para aprender italiano en Italia Florencia es el lugar ideal para aprender o mejorar la lengua italiana por muchas razones. Es la ciudad donde naci\u00f3 y mayormente se desarroll\u00f3 la lengua italiana y es aqu\u00ed donde se habla el italiano m\u00e1s puro de Italia, si bien con un caracter\u00edstico y \u00fanico [&hellip;]<\/p>\n","protected":false},"author":1,"featured_media":0,"parent":0,"menu_order":0,"comment_status":"closed","ping_status":"closed","template":"","meta":{"footnotes":""},"class_list":["post-843","page","type-page","status-publish","hentry"],"yoast_head":"<!-- This site is optimized with the Yoast SEO plugin v27.2 - https:\/\/yoast.com\/product\/yoast-seo-wordpress\/ -->\n<title>Florencia: el lugar adecuado para aprender italiano en Italia | Istituto IL DAVID<\/title>\n<meta name=\"description\" content=\"Florencia es el lugar ideal para aprender o mejorar el idioma italiano. Es una ciudad maravillosa donde naci\u00f3 el idioma italiano. Mira las otras razones\" \/>\n<meta name=\"robots\" content=\"index, follow, max-snippet:-1, max-image-preview:large, max-video-preview:-1\" \/>\n<link rel=\"canonical\" href=\"https:\/\/www.davidschool.com\/es\/aprender-italiano-en-florencia\/\" \/>\n<meta property=\"og:locale\" content=\"es_ES\" \/>\n<meta property=\"og:type\" content=\"article\" \/>\n<meta property=\"og:title\" content=\"Florencia: el lugar adecuado para aprender italiano en Italia | Istituto IL DAVID\" \/>\n<meta property=\"og:description\" content=\"Florencia es el lugar ideal para aprender o mejorar el idioma italiano. Es una ciudad maravillosa donde naci\u00f3 el idioma italiano. Mira las otras razones\" \/>\n<meta property=\"og:url\" content=\"https:\/\/www.davidschool.com\/es\/aprender-italiano-en-florencia\/\" \/>\n<meta property=\"og:site_name\" content=\"Istituto IL DAVID\" \/>\n<meta property=\"article:modified_time\" content=\"2021-03-13T17:05:38+00:00\" \/>\n<meta property=\"og:image\" content=\"https:\/\/www.davidschool.com\/wp-content\/uploads\/2021\/03\/FIrenze_Ponte_Vecchio_57_Carlo-Copia-1024x394.jpg\" \/>\n<meta name=\"twitter:card\" content=\"summary_large_image\" \/>\n<meta name=\"twitter:label1\" content=\"Tiempo de lectura\" \/>\n\t<meta name=\"twitter:data1\" content=\"4 minutos\" \/>\n<script type=\"application\/ld+json\" class=\"yoast-schema-graph\">{\"@context\":\"https:\/\/schema.org\",\"@graph\":[{\"@type\":\"WebPage\",\"@id\":\"https:\/\/www.davidschool.com\/es\/aprender-italiano-en-florencia\/\",\"url\":\"https:\/\/www.davidschool.com\/es\/aprender-italiano-en-florencia\/\",\"name\":\"Florencia: el lugar adecuado para aprender italiano en Italia | Istituto IL DAVID\",\"isPartOf\":{\"@id\":\"https:\/\/www.davidschool.com\/es\/#website\"},\"primaryImageOfPage\":{\"@id\":\"https:\/\/www.davidschool.com\/es\/aprender-italiano-en-florencia\/#primaryimage\"},\"image\":{\"@id\":\"https:\/\/www.davidschool.com\/es\/aprender-italiano-en-florencia\/#primaryimage\"},\"thumbnailUrl\":\"https:\/\/www.davidschool.com\/wp-content\/uploads\/2021\/03\/FIrenze_Ponte_Vecchio_57_Carlo-Copia-1024x394.jpg\",\"datePublished\":\"2019-06-03T14:59:46+00:00\",\"dateModified\":\"2021-03-13T17:05:38+00:00\",\"description\":\"Florencia es el lugar ideal para aprender o mejorar el idioma italiano. Es una ciudad maravillosa donde naci\u00f3 el idioma italiano. Mira las otras razones\",\"breadcrumb\":{\"@id\":\"https:\/\/www.davidschool.com\/es\/aprender-italiano-en-florencia\/#breadcrumb\"},\"inLanguage\":\"es\",\"potentialAction\":[{\"@type\":\"ReadAction\",\"target\":[\"https:\/\/www.davidschool.com\/es\/aprender-italiano-en-florencia\/\"]}]},{\"@type\":\"ImageObject\",\"inLanguage\":\"es\",\"@id\":\"https:\/\/www.davidschool.com\/es\/aprender-italiano-en-florencia\/#primaryimage\",\"url\":\"https:\/\/www.davidschool.com\/wp-content\/uploads\/2021\/03\/FIrenze_Ponte_Vecchio_57_Carlo-Copia-1024x394.jpg\",\"contentUrl\":\"https:\/\/www.davidschool.com\/wp-content\/uploads\/2021\/03\/FIrenze_Ponte_Vecchio_57_Carlo-Copia-1024x394.jpg\"},{\"@type\":\"BreadcrumbList\",\"@id\":\"https:\/\/www.davidschool.com\/es\/aprender-italiano-en-florencia\/#breadcrumb\",\"itemListElement\":[{\"@type\":\"ListItem\",\"position\":1,\"name\":\"Home\",\"item\":\"https:\/\/www.davidschool.com\/es\/\"},{\"@type\":\"ListItem\",\"position\":2,\"name\":\"APRENDER ITALIANO EN FLORENCIA\"}]},{\"@type\":\"WebSite\",\"@id\":\"https:\/\/www.davidschool.com\/es\/#website\",\"url\":\"https:\/\/www.davidschool.com\/es\/\",\"name\":\"Istituto IL DAVID\",\"description\":\"Italian Language School\",\"publisher\":{\"@id\":\"https:\/\/www.davidschool.com\/es\/#organization\"},\"potentialAction\":[{\"@type\":\"SearchAction\",\"target\":{\"@type\":\"EntryPoint\",\"urlTemplate\":\"https:\/\/www.davidschool.com\/es\/?s={search_term_string}\"},\"query-input\":{\"@type\":\"PropertyValueSpecification\",\"valueRequired\":true,\"valueName\":\"search_term_string\"}}],\"inLanguage\":\"es\"},{\"@type\":\"Organization\",\"@id\":\"https:\/\/www.davidschool.com\/es\/#organization\",\"name\":\"Istituto Il David\",\"url\":\"https:\/\/www.davidschool.com\/es\/\",\"logo\":{\"@type\":\"ImageObject\",\"inLanguage\":\"es\",\"@id\":\"https:\/\/www.davidschool.com\/es\/#\/schema\/logo\/image\/\",\"url\":\"https:\/\/www.davidschool.com\/wp-content\/uploads\/2019\/05\/Il-David_logo.png\",\"contentUrl\":\"https:\/\/www.davidschool.com\/wp-content\/uploads\/2019\/05\/Il-David_logo.png\",\"width\":429,\"height\":133,\"caption\":\"Istituto Il David\"},\"image\":{\"@id\":\"https:\/\/www.davidschool.com\/es\/#\/schema\/logo\/image\/\"}}]}<\/script>\n<!-- \/ Yoast SEO plugin. -->","yoast_head_json":{"title":"Florencia: el lugar adecuado para aprender italiano en Italia | Istituto IL DAVID","description":"Florencia es el lugar ideal para aprender o mejorar el idioma italiano. Es una ciudad maravillosa donde naci\u00f3 el idioma italiano. Mira las otras razones","robots":{"index":"index","follow":"follow","max-snippet":"max-snippet:-1","max-image-preview":"max-image-preview:large","max-video-preview":"max-video-preview:-1"},"canonical":"https:\/\/www.davidschool.com\/es\/aprender-italiano-en-florencia\/","og_locale":"es_ES","og_type":"article","og_title":"Florencia: el lugar adecuado para aprender italiano en Italia | Istituto IL DAVID","og_description":"Florencia es el lugar ideal para aprender o mejorar el idioma italiano. Es una ciudad maravillosa donde naci\u00f3 el idioma italiano. Mira las otras razones","og_url":"https:\/\/www.davidschool.com\/es\/aprender-italiano-en-florencia\/","og_site_name":"Istituto IL DAVID","article_modified_time":"2021-03-13T17:05:38+00:00","og_image":[{"url":"https:\/\/www.davidschool.com\/wp-content\/uploads\/2021\/03\/FIrenze_Ponte_Vecchio_57_Carlo-Copia-1024x394.jpg","type":"","width":"","height":""}],"twitter_card":"summary_large_image","twitter_misc":{"Tiempo de lectura":"4 minutos"},"schema":{"@context":"https:\/\/schema.org","@graph":[{"@type":"WebPage","@id":"https:\/\/www.davidschool.com\/es\/aprender-italiano-en-florencia\/","url":"https:\/\/www.davidschool.com\/es\/aprender-italiano-en-florencia\/","name":"Florencia: el lugar adecuado para aprender italiano en Italia | Istituto IL DAVID","isPartOf":{"@id":"https:\/\/www.davidschool.com\/es\/#website"},"primaryImageOfPage":{"@id":"https:\/\/www.davidschool.com\/es\/aprender-italiano-en-florencia\/#primaryimage"},"image":{"@id":"https:\/\/www.davidschool.com\/es\/aprender-italiano-en-florencia\/#primaryimage"},"thumbnailUrl":"https:\/\/www.davidschool.com\/wp-content\/uploads\/2021\/03\/FIrenze_Ponte_Vecchio_57_Carlo-Copia-1024x394.jpg","datePublished":"2019-06-03T14:59:46+00:00","dateModified":"2021-03-13T17:05:38+00:00","description":"Florencia es el lugar ideal para aprender o mejorar el idioma italiano. Es una ciudad maravillosa donde naci\u00f3 el idioma italiano. Mira las otras razones","breadcrumb":{"@id":"https:\/\/www.davidschool.com\/es\/aprender-italiano-en-florencia\/#breadcrumb"},"inLanguage":"es","potentialAction":[{"@type":"ReadAction","target":["https:\/\/www.davidschool.com\/es\/aprender-italiano-en-florencia\/"]}]},{"@type":"ImageObject","inLanguage":"es","@id":"https:\/\/www.davidschool.com\/es\/aprender-italiano-en-florencia\/#primaryimage","url":"https:\/\/www.davidschool.com\/wp-content\/uploads\/2021\/03\/FIrenze_Ponte_Vecchio_57_Carlo-Copia-1024x394.jpg","contentUrl":"https:\/\/www.davidschool.com\/wp-content\/uploads\/2021\/03\/FIrenze_Ponte_Vecchio_57_Carlo-Copia-1024x394.jpg"},{"@type":"BreadcrumbList","@id":"https:\/\/www.davidschool.com\/es\/aprender-italiano-en-florencia\/#breadcrumb","itemListElement":[{"@type":"ListItem","position":1,"name":"Home","item":"https:\/\/www.davidschool.com\/es\/"},{"@type":"ListItem","position":2,"name":"APRENDER ITALIANO EN FLORENCIA"}]},{"@type":"WebSite","@id":"https:\/\/www.davidschool.com\/es\/#website","url":"https:\/\/www.davidschool.com\/es\/","name":"Istituto IL DAVID","description":"Italian Language School","publisher":{"@id":"https:\/\/www.davidschool.com\/es\/#organization"},"potentialAction":[{"@type":"SearchAction","target":{"@type":"EntryPoint","urlTemplate":"https:\/\/www.davidschool.com\/es\/?s={search_term_string}"},"query-input":{"@type":"PropertyValueSpecification","valueRequired":true,"valueName":"search_term_string"}}],"inLanguage":"es"},{"@type":"Organization","@id":"https:\/\/www.davidschool.com\/es\/#organization","name":"Istituto Il David","url":"https:\/\/www.davidschool.com\/es\/","logo":{"@type":"ImageObject","inLanguage":"es","@id":"https:\/\/www.davidschool.com\/es\/#\/schema\/logo\/image\/","url":"https:\/\/www.davidschool.com\/wp-content\/uploads\/2019\/05\/Il-David_logo.png","contentUrl":"https:\/\/www.davidschool.com\/wp-content\/uploads\/2019\/05\/Il-David_logo.png","width":429,"height":133,"caption":"Istituto Il David"},"image":{"@id":"https:\/\/www.davidschool.com\/es\/#\/schema\/logo\/image\/"}}]}},"_links":{"self":[{"href":"https:\/\/www.davidschool.com\/es\/wp-json\/wp\/v2\/pages\/843","targetHints":{"allow":["GET"]}}],"collection":[{"href":"https:\/\/www.davidschool.com\/es\/wp-json\/wp\/v2\/pages"}],"about":[{"href":"https:\/\/www.davidschool.com\/es\/wp-json\/wp\/v2\/types\/page"}],"author":[{"embeddable":true,"href":"https:\/\/www.davidschool.com\/es\/wp-json\/wp\/v2\/users\/1"}],"replies":[{"embeddable":true,"href":"https:\/\/www.davidschool.com\/es\/wp-json\/wp\/v2\/comments?post=843"}],"version-history":[{"count":18,"href":"https:\/\/www.davidschool.com\/es\/wp-json\/wp\/v2\/pages\/843\/revisions"}],"predecessor-version":[{"id":24308,"href":"https:\/\/www.davidschool.com\/es\/wp-json\/wp\/v2\/pages\/843\/revisions\/24308"}],"wp:attachment":[{"href":"https:\/\/www.davidschool.com\/es\/wp-json\/wp\/v2\/media?parent=843"}],"curies":[{"name":"wp","href":"https:\/\/api.w.org\/{rel}","templated":true}]}}