{"id":855,"date":"2019-06-05T14:52:45","date_gmt":"2019-06-05T12:52:45","guid":{"rendered":"http:\/\/3.122.4.63\/?page_id=855"},"modified":"2021-06-18T19:08:51","modified_gmt":"2021-06-18T17:08:51","slug":"viaje-a-florencia","status":"publish","type":"page","link":"https:\/\/www.davidschool.com\/es\/viaje-a-florencia\/","title":{"rendered":"VIAJE A FLORENCIA"},"content":{"rendered":"\n<h2 class=\"wp-block-heading\">Una experiencia maravillosa en una de las ciudades m\u00e1s bellas del mundo<\/h2>\n\n\n\n<p>Viajar abre la mente, expande nuestros horizontes, mejora nuestro estado de \u00e1nimo y nuestra autoestima, enriquece nuestra cultura, nuestra personalidad y nuestra inteligencia.<br>Hacer un <strong>viaje a Florencia<\/strong> siempre es emocionante. Florencia es un destino que no debe perderse, especialmente si le apasiona el arte y la cultura italiana.<br>Si la pasi\u00f3n por el arte y la cultura italiana se combina con la pasi\u00f3n o la utilidad de <strong>aprender y hablar el idioma italiano<\/strong>, se convierte en un viaje perfecto.<\/p>\n\n\n\n<figure class=\"wp-block-image size-large\"><img loading=\"lazy\" decoding=\"async\" width=\"1024\" height=\"555\" src=\"https:\/\/www.davidschool.com\/wp-content\/uploads\/2020\/05\/14-1-1024x555.jpg\" alt=\"\" class=\"wp-image-15139\" srcset=\"https:\/\/www.davidschool.com\/wp-content\/uploads\/2020\/05\/14-1-1024x555.jpg 1024w, https:\/\/www.davidschool.com\/wp-content\/uploads\/2020\/05\/14-1-300x162.jpg 300w, https:\/\/www.davidschool.com\/wp-content\/uploads\/2020\/05\/14-1-768x416.jpg 768w, https:\/\/www.davidschool.com\/wp-content\/uploads\/2020\/05\/14-1-80x43.jpg 80w, https:\/\/www.davidschool.com\/wp-content\/uploads\/2020\/05\/14-1-1536x832.jpg 1536w, https:\/\/www.davidschool.com\/wp-content\/uploads\/2020\/05\/14-1-2048x1109.jpg 2048w, https:\/\/www.davidschool.com\/wp-content\/uploads\/2020\/05\/14-1-270x146.jpg 270w\" sizes=\"auto, (max-width: 1024px) 100vw, 1024px\" \/><\/figure>\n\n\n\n<h3 class=\"wp-block-heading\">Cuando viajar a Florencia<\/h3>\n\n\n\n<p>\u00bfCu\u00e1l es el mejor momento para hacer un <strong>viaje de estudios a Florencia<\/strong>?<br>Cualquier \u00e9poca del a\u00f1o es buena para <strong>viajar a Florencia<\/strong>, pero si tiene la libertad de decidir, vale la pena describir algunas diferencias.<br>Durante los per\u00edodos de temporada alta de los turistas (de abril a octubre) el clima es m\u00e1s suave, por lo que visitar Florencia es m\u00e1s agradable, pero la mayor presencia de turistas implica algunas dificultades: lugares muy concurridos, filas frente a museos y monumentos, precios m\u00e1s alta.<br>Durante los otros per\u00edodos y durante la temporada baja, el clima puede ser fr\u00edo y lluvioso (de noviembre a marzo) o muy caluroso (julio y agosto), pero la menor presencia de turistas genera menos confusi\u00f3n, pocas filas frente a los museos y precios m\u00e1s econ\u00f3mica.<br>En nuestra <a href=\"https:\/\/www.davidschool.com\/es\/\"><strong>escuela de italiano<\/strong><\/a>, el mayor n\u00famero de estudiantes extranjeros es de junio a octubre, mientras que de noviembre a febrero la situaci\u00f3n es m\u00e1s tranquila.<\/p>\n\n\n\n<h3 class=\"wp-block-heading\">Duraci\u00f3n de las vacaciones en Florencia<\/h3>\n\n\n\n<p>\u00bfCu\u00e1nto tiempo pasas de vacaciones en Florencia?<br>Es dif\u00edcil dar una respuesta precisa a la pregunta cu\u00e1nto tiempo permanecer de <strong>vacaciones en Florencia<\/strong>. Depende de la disponibilidad de tiempo y las necesidades de cada uno. Las estancias var\u00edan de una semana a un a\u00f1o.&nbsp;<br>Si est\u00e1s en Florencia para <a href=\"https:\/\/www.davidschool.com\/es\/aprender-italiano-en-florencia\/\"><strong>aprender italiano<\/strong><\/a>, depende de tu nivel inicial y de lo que quieras lograr.<br>Si est\u00e1 en Florencia especialmente para <strong>visitar la ciudad<\/strong>, puede tomar solo una semana visitar los sitios art\u00edsticos y arquitect\u00f3nicos m\u00e1s importantes de Florencia.<br>Para los apasionados del <strong>arte y la cultura italiana<\/strong>, lleva dos o m\u00e1s semanas.<br>Para aquellos que deseen visitar otros <strong>lugares de la Toscana<\/strong> (Siena, Pisa, Lucca, S.Gimignano, etc.) y quieran hacer otras experiencias, es preferible una estad\u00eda de 4 o m\u00e1s semanas.<br>Para aquellos que deciden vivir una <strong>experiencia completa<\/strong> para explorar los diversos aspectos de la <strong>cultura italiana<\/strong> y <strong>visitar otros lugares en Italia<\/strong>, las estad\u00edas pueden durar de 4 a 12 meses.<\/p>\n\n\n\n<h3 class=\"wp-block-heading\">Cu\u00e1nto tiempo antes reservar un viaje a Florencia<\/h3>\n\n\n\n<p>Es aconsejable y conveniente reservar con mucha antelaci\u00f3n.<br>Para evitar posibles eventos imprevistos, si decide reservar un viaje en temporada alta, siempre es mejor reservar lo antes posible, mientras que en temporada baja no hay prisa. En promedio, sin embargo, es preferible reservar entre 5 y 2 meses antes de la llegada.<\/p>\n\n\n\n<h3 class=\"wp-block-heading\">Qu\u00e9 documentos son necessarios para ir y permanecer en Italia<\/h3>\n\n\n\n<p>Documento de identidad, pasaporte, visado de turismo, visado de estudios, tarjeta sanitaria, declaraci\u00f3n de presencia, permiso de residencia.<\/p>\n\n\n\n<p>Ciudadanos de pa\u00edses de la Uni\u00f3n Europea (UE)<br>Si tiene la nacionalidad de un pa\u00eds de la Uni\u00f3n Europea (espacio Schengen), no necesita ning\u00fan tipo de permiso o visado para entrar y permanecer en Italia. S\u00f3lo tiene que llevar un documento de identidad y la Tarjeta Sanitaria Europea (TSE), que en caso de necesidad le dar\u00e1 derecho a la asistencia sanitaria gratuita en los hospitales italianos. <br>Si su nacionalidad no pertenece a un pa\u00eds de la Uni\u00f3n Europea, consulte la informaci\u00f3n necesaria para llegar y permanecer en Italia para estudiar italiano por per\u00edodos superiores a tres meses. Visite nuestra p\u00e1gina <strong><a href=\"https:\/\/www.davidschool.com\/es\/visado-estudios\/\">visado de estudios<\/a><\/strong>.<\/p>\n\n\n\n<h3 class=\"wp-block-heading\">C\u00f3mo llegar a Florencia<\/h3>\n\n\n\n<svg xmlns=\"http:\/\/www.w3.org\/2000\/svg\" aria-hidden=\"true\" data-prefix=\"fas\" data-icon=\"plane\" class=\"svg-inline--fa fa-plane fa-w-18\" role=\"img\" viewBox=\"0 0 576 512\"><path fill=\"#003146\" d=\"M480 192H365.71L260.61 8.06A16.014 16.014 0 0 0 246.71 0h-65.5c-10.63 0-18.3 10.17-15.38 20.39L214.86 192H112l-43.2-57.6c-3.02-4.03-7.77-6.4-12.8-6.4H16.01C5.6 128-2.04 137.78.49 147.88L32 256 .49 364.12C-2.04 374.22 5.6 384 16.01 384H56c5.04 0 9.78-2.37 12.8-6.4L112 320h102.86l-49.03 171.6c-2.92 10.22 4.75 20.4 15.38 20.4h65.5c5.74 0 11.04-3.08 13.89-8.06L365.71 320H480c35.35 0 96-28.65 96-64s-60.65-64-96-64z\"><\/path><\/svg>\n\n\n\n<p><strong>En avi\u00f3n<\/strong>: Desde Europa se llega a los aeropuertos de Florencia, Pisa, Bolonia. De los otros continentes a los aeropuertos de Roma o Mil\u00e1n. <br><strong>Florencia<\/strong>: el aeropuerto de Peretola (Americo Vespucho) es peque\u00f1o pero muy funcional. Est\u00e1 a unos 5 km. del centro de la ciudad. Para llegar al centro de Florencia, puede tomarel tranv\u00eda que va a la estaci\u00f3n central (unos 20 minutos) o el taxi.<strong>&nbsp;<br>Pisa<\/strong>: del aeropuerto de Pisa (Galileo Galilei) puede tomar el autob\u00fas a Florencia (aproximadamente 1 hora) o llegar a la estaci\u00f3n de trenes de Pisa en autob\u00fas (unos 5 minutos) o taxi y viajar luego en tren hasta Florencia (unos 50 minutos). <br><strong>Bolonia<\/strong>: desde el aeropuerto de Bolonia (Guglielmo Marconi) debe llegar a la estaci\u00f3n central de Bolonia (unos 25 minutos) y luego en tren a Florencia (unos 40 minutos).<br><strong>Roma<\/strong>: del aeropuerto de Fiumicino (Leonardo da Vinci) se tiene que coger un tren para la estaci\u00f3n central de Roma Termini (unos 30 minutos) y luego otro para Florencia (aproximadamente 1 hora y 40 minutos).<strong>&nbsp;<br>Mil\u00e1n<\/strong>: del aeropuerto de Malpensa salen autobuses que llevan a la estaci\u00f3n central de Mil\u00e1n (aproximadamente 1 hora) y de ah\u00ed se puede coger el tren hasta Florencia (aproximadamente 1 hora y 40 minutos).<\/p>\n\n\n\n<div class=\"wp-block-columns is-layout-flex wp-container-core-columns-is-layout-9d6595d7 wp-block-columns-is-layout-flex\">\n<div class=\"wp-block-column is-layout-flow wp-block-column-is-layout-flow\">\n<svg xmlns=\"http:\/\/www.w3.org\/2000\/svg\" aria-hidden=\"true\" data-prefix=\"fas\" data-icon=\"train\" class=\"svg-inline--fa fa-train fa-w-14\" role=\"img\" viewBox=\"0 0 448 512\"><path fill=\"#003146\" d=\"M448 96v256c0 51.815-61.624 96-130.022 96l62.98 49.721C386.905 502.417 383.562 512 376 512H72c-7.578 0-10.892-9.594-4.957-14.279L130.022 448C61.82 448 0 403.954 0 352V96C0 42.981 64 0 128 0h192c65 0 128 42.981 128 96zm-48 136V120c0-13.255-10.745-24-24-24H72c-13.255 0-24 10.745-24 24v112c0 13.255 10.745 24 24 24h304c13.255 0 24-10.745 24-24zm-176 64c-30.928 0-56 25.072-56 56s25.072 56 56 56 56-25.072 56-56-25.072-56-56-56z\"><\/path><\/svg>\n\n\n\n<p> <strong>En tren<\/strong>: de las principales estaciones europeas e italianas a la estaci\u00f3n central de Santa Maria Novella <\/p>\n<\/div>\n\n\n\n<div class=\"wp-block-column is-layout-flow wp-block-column-is-layout-flow\">\n<svg xmlns=\"http:\/\/www.w3.org\/2000\/svg\" aria-hidden=\"true\" data-prefix=\"fas\" data-icon=\"bus\" class=\"svg-inline--fa fa-bus fa-w-16\" role=\"img\" viewBox=\"0 0 512 512\"><path fill=\"#003146\" d=\"M488 128h-8V80c0-44.8-99.2-80-224-80S32 35.2 32 80v48h-8c-13.25 0-24 10.74-24 24v80c0 13.25 10.75 24 24 24h8v160c0 17.67 14.33 32 32 32v32c0 17.67 14.33 32 32 32h32c17.67 0 32-14.33 32-32v-32h192v32c0 17.67 14.33 32 32 32h32c17.67 0 32-14.33 32-32v-32h6.4c16 0 25.6-12.8 25.6-25.6V256h8c13.25 0 24-10.75 24-24v-80c0-13.26-10.75-24-24-24zM112 400c-17.67 0-32-14.33-32-32s14.33-32 32-32 32 14.33 32 32-14.33 32-32 32zm16-112c-17.67 0-32-14.33-32-32V128c0-17.67 14.33-32 32-32h256c17.67 0 32 14.33 32 32v128c0 17.67-14.33 32-32 32H128zm272 112c-17.67 0-32-14.33-32-32s14.33-32 32-32 32 14.33 32 32-14.33 32-32 32z\"><\/path><\/svg>\n\n\n\n<p> <strong>En autob\u00fas<\/strong>: en muchas ciudades europeas hay l\u00edneas directas para Florencia, los m\u00e1s conocida son Eurolines y Flixbus. <\/p>\n<\/div>\n\n\n\n<div class=\"wp-block-column is-layout-flow wp-block-column-is-layout-flow\">\n<svg xmlns=\"http:\/\/www.w3.org\/2000\/svg\" aria-hidden=\"true\" data-prefix=\"fas\" data-icon=\"car\" class=\"svg-inline--fa fa-car fa-w-16\" role=\"img\" viewBox=\"0 0 512 512\"><path fill=\"#003146\" d=\"M499.99 176h-59.87l-16.64-41.6C406.38 91.63 365.57 64 319.5 64h-127c-46.06 0-86.88 27.63-103.99 70.4L71.87 176H12.01C4.2 176-1.53 183.34.37 190.91l6 24C7.7 220.25 12.5 224 18.01 224h20.07C24.65 235.73 16 252.78 16 272v48c0 16.12 6.16 30.67 16 41.93V416c0 17.67 14.33 32 32 32h32c17.67 0 32-14.33 32-32v-32h256v32c0 17.67 14.33 32 32 32h32c17.67 0 32-14.33 32-32v-54.07c9.84-11.25 16-25.8 16-41.93v-48c0-19.22-8.65-36.27-22.07-48H494c5.51 0 10.31-3.75 11.64-9.09l6-24c1.89-7.57-3.84-14.91-11.65-14.91zm-352.06-17.83c7.29-18.22 24.94-30.17 44.57-30.17h127c19.63 0 37.28 11.95 44.57 30.17L384 208H128l19.93-49.83zM96 319.8c-19.2 0-32-12.76-32-31.9S76.8 256 96 256s48 28.71 48 47.85-28.8 15.95-48 15.95zm320 0c-19.2 0-48 3.19-48-15.95S396.8 256 416 256s32 12.76 32 31.9-12.8 31.9-32 31.9z\"><\/path><\/svg>\n\n\n\n<p> <strong>En coche<\/strong>: por las autopistas italianas hasta la salida de \u00abFirenze nord\u00bb (desde Bolo\u00f1a), \u00abFirenze mare\u00bb (desde Pisa), \u00abFirenze sud\u00bb o \u00abFirenze Impruneta\u00bb (desde Roma).<br> <\/p>\n<\/div>\n<\/div>\n\n\n\n<h3 class=\"wp-block-heading\">El clima en Florencia<\/h3>\n\n\n\n<p><strong>Diciembre, enero, febrero<\/strong>: 0-10 grados centigrados, variable y nublado <br><strong>Marzo<\/strong>: 10-20 gradios cent. variable, ventoso y lluvioso <br><strong>Abril, mayo<\/strong>: 15-25 grados cent. soleado y templado <br><strong>Junio, julio, agosto<\/strong>: 20-35 grados cent. soleado y caluroso h\u00famedo <br><strong>Septiembre, octubre<\/strong>: 15-25 grados cent. soleado, ventoso y templado <br><strong>Noviembre<\/strong>: 10-20 grados cent. lluvioso<\/p>\n\n\n\n<h3 class=\"wp-block-heading\">Distancia desde Florencia<\/h3>\n\n\n\n<p>Siena 70 Km. <br>Lucca 75 Km. <br>Arezzo 80 Km. <br>Pisa 90 Km. <br>Viareggio 100 Km. <br>Bolo\u00f1a 110 Km. <br>Perugia 160 Km. <br>Orbetello 200 Km.<br>Rimini 230 km. <br>Venice 270 Km. <br>Roma 280 Km. <br>Mil\u00e1n 300 Km.<\/p>\n\n\n\n<hr class=\"wp-block-separator\"\/>\n\n\n\n<p>Lea m\u00e1s informaci\u00f3n sobre Florencia en la p\u00e1gina <a href=\"https:\/\/www.davidschool.com\/es\/aprender-italiano-en-florencia\/\"><strong>Aprender italiano en Florencia<\/strong><\/a><\/p>\n","protected":false},"excerpt":{"rendered":"<p>Una experiencia maravillosa en una de las ciudades m\u00e1s bellas del mundo Viajar abre la mente, expande nuestros horizontes, mejora nuestro estado de \u00e1nimo y nuestra autoestima, enriquece nuestra cultura, nuestra personalidad y nuestra inteligencia.Hacer un viaje a Florencia siempre es emocionante. Florencia es un destino que no debe perderse, especialmente si le apasiona el [&hellip;]<\/p>\n","protected":false},"author":1,"featured_media":0,"parent":0,"menu_order":0,"comment_status":"closed","ping_status":"closed","template":"","meta":{"footnotes":""},"class_list":["post-855","page","type-page","status-publish","hentry"],"yoast_head":"<!-- This site is optimized with the Yoast SEO plugin v27.4 - https:\/\/yoast.com\/product\/yoast-seo-wordpress\/ -->\n<title>Viaje a Florencia - T\u00f3mese unas vacaciones de estudio en Italia<\/title>\n<meta name=\"description\" content=\"Visite una de las ciudades m\u00e1s bellas del mundo y tome un curso de italiano en Florencia. Lea nuestros consejos \u00fatiles antes de viajar a Florencia y Toscana\" \/>\n<meta name=\"robots\" content=\"index, follow, max-snippet:-1, max-image-preview:large, max-video-preview:-1\" \/>\n<link rel=\"canonical\" href=\"https:\/\/www.davidschool.com\/es\/viaje-a-florencia\/\" \/>\n<meta property=\"og:locale\" content=\"es_ES\" \/>\n<meta property=\"og:type\" content=\"article\" \/>\n<meta property=\"og:title\" content=\"Viaje a Florencia - T\u00f3mese unas vacaciones de estudio en Italia\" \/>\n<meta property=\"og:description\" content=\"Visite una de las ciudades m\u00e1s bellas del mundo y tome un curso de italiano en Florencia. Lea nuestros consejos \u00fatiles antes de viajar a Florencia y Toscana\" \/>\n<meta property=\"og:url\" content=\"https:\/\/www.davidschool.com\/es\/viaje-a-florencia\/\" \/>\n<meta property=\"og:site_name\" content=\"Istituto IL DAVID\" \/>\n<meta property=\"article:modified_time\" content=\"2021-06-18T17:08:51+00:00\" \/>\n<meta property=\"og:image\" content=\"https:\/\/www.davidschool.com\/wp-content\/uploads\/2020\/05\/14-1-1024x555.jpg\" \/>\n<meta name=\"twitter:card\" content=\"summary_large_image\" \/>\n<meta name=\"twitter:label1\" content=\"Tiempo de lectura\" \/>\n\t<meta name=\"twitter:data1\" content=\"5 minutos\" \/>\n<script type=\"application\/ld+json\" class=\"yoast-schema-graph\">{\"@context\":\"https:\\\/\\\/schema.org\",\"@graph\":[{\"@type\":\"WebPage\",\"@id\":\"https:\\\/\\\/www.davidschool.com\\\/es\\\/viaje-a-florencia\\\/\",\"url\":\"https:\\\/\\\/www.davidschool.com\\\/es\\\/viaje-a-florencia\\\/\",\"name\":\"Viaje a Florencia - T\u00f3mese unas vacaciones de estudio en Italia\",\"isPartOf\":{\"@id\":\"https:\\\/\\\/www.davidschool.com\\\/es\\\/#website\"},\"primaryImageOfPage\":{\"@id\":\"https:\\\/\\\/www.davidschool.com\\\/es\\\/viaje-a-florencia\\\/#primaryimage\"},\"image\":{\"@id\":\"https:\\\/\\\/www.davidschool.com\\\/es\\\/viaje-a-florencia\\\/#primaryimage\"},\"thumbnailUrl\":\"https:\\\/\\\/www.davidschool.com\\\/wp-content\\\/uploads\\\/2020\\\/05\\\/14-1-1024x555.jpg\",\"datePublished\":\"2019-06-05T12:52:45+00:00\",\"dateModified\":\"2021-06-18T17:08:51+00:00\",\"description\":\"Visite una de las ciudades m\u00e1s bellas del mundo y tome un curso de italiano en Florencia. Lea nuestros consejos \u00fatiles antes de viajar a Florencia y Toscana\",\"breadcrumb\":{\"@id\":\"https:\\\/\\\/www.davidschool.com\\\/es\\\/viaje-a-florencia\\\/#breadcrumb\"},\"inLanguage\":\"es\",\"potentialAction\":[{\"@type\":\"ReadAction\",\"target\":[\"https:\\\/\\\/www.davidschool.com\\\/es\\\/viaje-a-florencia\\\/\"]}]},{\"@type\":\"ImageObject\",\"inLanguage\":\"es\",\"@id\":\"https:\\\/\\\/www.davidschool.com\\\/es\\\/viaje-a-florencia\\\/#primaryimage\",\"url\":\"https:\\\/\\\/www.davidschool.com\\\/wp-content\\\/uploads\\\/2020\\\/05\\\/14-1-1024x555.jpg\",\"contentUrl\":\"https:\\\/\\\/www.davidschool.com\\\/wp-content\\\/uploads\\\/2020\\\/05\\\/14-1-1024x555.jpg\"},{\"@type\":\"BreadcrumbList\",\"@id\":\"https:\\\/\\\/www.davidschool.com\\\/es\\\/viaje-a-florencia\\\/#breadcrumb\",\"itemListElement\":[{\"@type\":\"ListItem\",\"position\":1,\"name\":\"Home\",\"item\":\"https:\\\/\\\/www.davidschool.com\\\/es\\\/\"},{\"@type\":\"ListItem\",\"position\":2,\"name\":\"VIAJE A FLORENCIA\"}]},{\"@type\":\"WebSite\",\"@id\":\"https:\\\/\\\/www.davidschool.com\\\/es\\\/#website\",\"url\":\"https:\\\/\\\/www.davidschool.com\\\/es\\\/\",\"name\":\"Istituto IL DAVID\",\"description\":\"Italian Language School\",\"publisher\":{\"@id\":\"https:\\\/\\\/www.davidschool.com\\\/es\\\/#organization\"},\"potentialAction\":[{\"@type\":\"SearchAction\",\"target\":{\"@type\":\"EntryPoint\",\"urlTemplate\":\"https:\\\/\\\/www.davidschool.com\\\/es\\\/?s={search_term_string}\"},\"query-input\":{\"@type\":\"PropertyValueSpecification\",\"valueRequired\":true,\"valueName\":\"search_term_string\"}}],\"inLanguage\":\"es\"},{\"@type\":\"Organization\",\"@id\":\"https:\\\/\\\/www.davidschool.com\\\/es\\\/#organization\",\"name\":\"Istituto Il David\",\"url\":\"https:\\\/\\\/www.davidschool.com\\\/es\\\/\",\"logo\":{\"@type\":\"ImageObject\",\"inLanguage\":\"es\",\"@id\":\"https:\\\/\\\/www.davidschool.com\\\/es\\\/#\\\/schema\\\/logo\\\/image\\\/\",\"url\":\"https:\\\/\\\/www.davidschool.com\\\/wp-content\\\/uploads\\\/2019\\\/05\\\/Il-David_logo.png\",\"contentUrl\":\"https:\\\/\\\/www.davidschool.com\\\/wp-content\\\/uploads\\\/2019\\\/05\\\/Il-David_logo.png\",\"width\":429,\"height\":133,\"caption\":\"Istituto Il David\"},\"image\":{\"@id\":\"https:\\\/\\\/www.davidschool.com\\\/es\\\/#\\\/schema\\\/logo\\\/image\\\/\"}}]}<\/script>\n<!-- \/ Yoast SEO plugin. -->","yoast_head_json":{"title":"Viaje a Florencia - T\u00f3mese unas vacaciones de estudio en Italia","description":"Visite una de las ciudades m\u00e1s bellas del mundo y tome un curso de italiano en Florencia. Lea nuestros consejos \u00fatiles antes de viajar a Florencia y Toscana","robots":{"index":"index","follow":"follow","max-snippet":"max-snippet:-1","max-image-preview":"max-image-preview:large","max-video-preview":"max-video-preview:-1"},"canonical":"https:\/\/www.davidschool.com\/es\/viaje-a-florencia\/","og_locale":"es_ES","og_type":"article","og_title":"Viaje a Florencia - T\u00f3mese unas vacaciones de estudio en Italia","og_description":"Visite una de las ciudades m\u00e1s bellas del mundo y tome un curso de italiano en Florencia. Lea nuestros consejos \u00fatiles antes de viajar a Florencia y Toscana","og_url":"https:\/\/www.davidschool.com\/es\/viaje-a-florencia\/","og_site_name":"Istituto IL DAVID","article_modified_time":"2021-06-18T17:08:51+00:00","og_image":[{"url":"https:\/\/www.davidschool.com\/wp-content\/uploads\/2020\/05\/14-1-1024x555.jpg","type":"","width":"","height":""}],"twitter_card":"summary_large_image","twitter_misc":{"Tiempo de lectura":"5 minutos"},"schema":{"@context":"https:\/\/schema.org","@graph":[{"@type":"WebPage","@id":"https:\/\/www.davidschool.com\/es\/viaje-a-florencia\/","url":"https:\/\/www.davidschool.com\/es\/viaje-a-florencia\/","name":"Viaje a Florencia - T\u00f3mese unas vacaciones de estudio en Italia","isPartOf":{"@id":"https:\/\/www.davidschool.com\/es\/#website"},"primaryImageOfPage":{"@id":"https:\/\/www.davidschool.com\/es\/viaje-a-florencia\/#primaryimage"},"image":{"@id":"https:\/\/www.davidschool.com\/es\/viaje-a-florencia\/#primaryimage"},"thumbnailUrl":"https:\/\/www.davidschool.com\/wp-content\/uploads\/2020\/05\/14-1-1024x555.jpg","datePublished":"2019-06-05T12:52:45+00:00","dateModified":"2021-06-18T17:08:51+00:00","description":"Visite una de las ciudades m\u00e1s bellas del mundo y tome un curso de italiano en Florencia. Lea nuestros consejos \u00fatiles antes de viajar a Florencia y Toscana","breadcrumb":{"@id":"https:\/\/www.davidschool.com\/es\/viaje-a-florencia\/#breadcrumb"},"inLanguage":"es","potentialAction":[{"@type":"ReadAction","target":["https:\/\/www.davidschool.com\/es\/viaje-a-florencia\/"]}]},{"@type":"ImageObject","inLanguage":"es","@id":"https:\/\/www.davidschool.com\/es\/viaje-a-florencia\/#primaryimage","url":"https:\/\/www.davidschool.com\/wp-content\/uploads\/2020\/05\/14-1-1024x555.jpg","contentUrl":"https:\/\/www.davidschool.com\/wp-content\/uploads\/2020\/05\/14-1-1024x555.jpg"},{"@type":"BreadcrumbList","@id":"https:\/\/www.davidschool.com\/es\/viaje-a-florencia\/#breadcrumb","itemListElement":[{"@type":"ListItem","position":1,"name":"Home","item":"https:\/\/www.davidschool.com\/es\/"},{"@type":"ListItem","position":2,"name":"VIAJE A FLORENCIA"}]},{"@type":"WebSite","@id":"https:\/\/www.davidschool.com\/es\/#website","url":"https:\/\/www.davidschool.com\/es\/","name":"Istituto IL DAVID","description":"Italian Language School","publisher":{"@id":"https:\/\/www.davidschool.com\/es\/#organization"},"potentialAction":[{"@type":"SearchAction","target":{"@type":"EntryPoint","urlTemplate":"https:\/\/www.davidschool.com\/es\/?s={search_term_string}"},"query-input":{"@type":"PropertyValueSpecification","valueRequired":true,"valueName":"search_term_string"}}],"inLanguage":"es"},{"@type":"Organization","@id":"https:\/\/www.davidschool.com\/es\/#organization","name":"Istituto Il David","url":"https:\/\/www.davidschool.com\/es\/","logo":{"@type":"ImageObject","inLanguage":"es","@id":"https:\/\/www.davidschool.com\/es\/#\/schema\/logo\/image\/","url":"https:\/\/www.davidschool.com\/wp-content\/uploads\/2019\/05\/Il-David_logo.png","contentUrl":"https:\/\/www.davidschool.com\/wp-content\/uploads\/2019\/05\/Il-David_logo.png","width":429,"height":133,"caption":"Istituto Il David"},"image":{"@id":"https:\/\/www.davidschool.com\/es\/#\/schema\/logo\/image\/"}}]}},"_links":{"self":[{"href":"https:\/\/www.davidschool.com\/es\/wp-json\/wp\/v2\/pages\/855","targetHints":{"allow":["GET"]}}],"collection":[{"href":"https:\/\/www.davidschool.com\/es\/wp-json\/wp\/v2\/pages"}],"about":[{"href":"https:\/\/www.davidschool.com\/es\/wp-json\/wp\/v2\/types\/page"}],"author":[{"embeddable":true,"href":"https:\/\/www.davidschool.com\/es\/wp-json\/wp\/v2\/users\/1"}],"replies":[{"embeddable":true,"href":"https:\/\/www.davidschool.com\/es\/wp-json\/wp\/v2\/comments?post=855"}],"version-history":[{"count":15,"href":"https:\/\/www.davidschool.com\/es\/wp-json\/wp\/v2\/pages\/855\/revisions"}],"predecessor-version":[{"id":24963,"href":"https:\/\/www.davidschool.com\/es\/wp-json\/wp\/v2\/pages\/855\/revisions\/24963"}],"wp:attachment":[{"href":"https:\/\/www.davidschool.com\/es\/wp-json\/wp\/v2\/media?parent=855"}],"curies":[{"name":"wp","href":"https:\/\/api.w.org\/{rel}","templated":true}]}}