{"id":14619,"date":"2020-03-02T15:46:41","date_gmt":"2020-03-02T14:46:41","guid":{"rendered":"http:\/\/3.122.4.63\/test-iscrizione\/"},"modified":"2022-02-22T17:31:52","modified_gmt":"2022-02-22T16:31:52","slug":"reserve-maintenant","status":"publish","type":"page","link":"https:\/\/www.davidschool.com\/fr\/reserve-maintenant\/","title":{"rendered":"RESERVE MAINTENANT"},"content":{"rendered":"\n<h3 class=\"wp-block-heading\">INSCRIVEZ-VOUS MAINTENANT AUX COURS DE LANGUE ITALIENNE<\/h3>\n\n\n\n<p>Remplir et soumettre le formulaire d&rsquo;inscription avec toutes les donn\u00e9es n\u00e9cessaires.<br>Nous vous r\u00e9pondrons dans les 24 heures et vous donnerons tous les d\u00e9tails de vos demandes.<br>!!! Remarque : lors de la saisie des dates, n&rsquo;oubliez pas de les s\u00e9parer par un tiret (-) ou une barre oblique (\/), et non par un point (.)<\/p>\n\n\n\n<h3 class=\"wp-block-heading\">FORMULAIRE D\u2019INSCRIPTION<\/h3>\n","protected":false},"excerpt":{"rendered":"<p>INSCRIVEZ-VOUS MAINTENANT AUX COURS DE LANGUE ITALIENNE Remplir et soumettre le formulaire d&rsquo;inscription avec toutes les donn\u00e9es n\u00e9cessaires.Nous vous r\u00e9pondrons dans les 24 heures et vous donnerons tous les d\u00e9tails de vos demandes.!!! Remarque : lors de la saisie des dates, n&rsquo;oubliez pas de les s\u00e9parer par un tiret (-) ou une barre oblique (\/), [&hellip;]<\/p>\n","protected":false},"author":4,"featured_media":0,"parent":0,"menu_order":0,"comment_status":"closed","ping_status":"closed","template":"page-template-enroll.php","meta":{"footnotes":""},"class_list":["post-14619","page","type-page","status-publish","hentry"],"yoast_head":"<!-- This site is optimized with the Yoast SEO plugin v27.2 - https:\/\/yoast.com\/product\/yoast-seo-wordpress\/ -->\n<title>Inscription cours d&#039;italien Florence | Istituto IL DAVID<\/title>\n<meta name=\"description\" content=\"Inscrivez-vous maintenant \u00e0 nos cours d&#039;italien. Remplissez et envoyez-nous le formulaire d&#039;inscription pour apprendre imm\u00e9diatement la langue italienne.\" \/>\n<meta name=\"robots\" content=\"noindex, nofollow\" \/>\n<meta property=\"og:locale\" content=\"fr_FR\" \/>\n<meta property=\"og:type\" content=\"article\" \/>\n<meta property=\"og:title\" content=\"Inscription cours d&#039;italien Florence | Istituto IL DAVID\" \/>\n<meta property=\"og:description\" content=\"Inscrivez-vous maintenant \u00e0 nos cours d&#039;italien. Remplissez et envoyez-nous le formulaire d&#039;inscription pour apprendre imm\u00e9diatement la langue italienne.\" \/>\n<meta property=\"og:url\" content=\"https:\/\/www.davidschool.com\/fr\/reserve-maintenant\/\" \/>\n<meta property=\"og:site_name\" content=\"Istituto IL DAVID\" \/>\n<meta property=\"article:modified_time\" content=\"2022-02-22T16:31:52+00:00\" \/>\n<meta name=\"twitter:card\" content=\"summary_large_image\" \/>\n<meta name=\"twitter:label1\" content=\"Dur\u00e9e de lecture estim\u00e9e\" \/>\n\t<meta name=\"twitter:data1\" content=\"1 minute\" \/>\n<script type=\"application\/ld+json\" class=\"yoast-schema-graph\">{\"@context\":\"https:\/\/schema.org\",\"@graph\":[{\"@type\":\"WebPage\",\"@id\":\"https:\/\/www.davidschool.com\/fr\/reserve-maintenant\/\",\"url\":\"https:\/\/www.davidschool.com\/fr\/reserve-maintenant\/\",\"name\":\"Inscription cours d'italien Florence | Istituto IL DAVID\",\"isPartOf\":{\"@id\":\"https:\/\/www.davidschool.com\/fr\/#website\"},\"datePublished\":\"2020-03-02T14:46:41+00:00\",\"dateModified\":\"2022-02-22T16:31:52+00:00\",\"description\":\"Inscrivez-vous maintenant \u00e0 nos cours d'italien. Remplissez et envoyez-nous le formulaire d'inscription pour apprendre imm\u00e9diatement la langue italienne.\",\"breadcrumb\":{\"@id\":\"https:\/\/www.davidschool.com\/fr\/reserve-maintenant\/#breadcrumb\"},\"inLanguage\":\"fr-FR\",\"potentialAction\":[{\"@type\":\"ReadAction\",\"target\":[\"https:\/\/www.davidschool.com\/fr\/reserve-maintenant\/\"]}]},{\"@type\":\"BreadcrumbList\",\"@id\":\"https:\/\/www.davidschool.com\/fr\/reserve-maintenant\/#breadcrumb\",\"itemListElement\":[{\"@type\":\"ListItem\",\"position\":1,\"name\":\"Home\",\"item\":\"https:\/\/www.davidschool.com\/fr\/\"},{\"@type\":\"ListItem\",\"position\":2,\"name\":\"RESERVE MAINTENANT\"}]},{\"@type\":\"WebSite\",\"@id\":\"https:\/\/www.davidschool.com\/fr\/#website\",\"url\":\"https:\/\/www.davidschool.com\/fr\/\",\"name\":\"Istituto IL DAVID\",\"description\":\"Italian Language School\",\"publisher\":{\"@id\":\"https:\/\/www.davidschool.com\/fr\/#organization\"},\"potentialAction\":[{\"@type\":\"SearchAction\",\"target\":{\"@type\":\"EntryPoint\",\"urlTemplate\":\"https:\/\/www.davidschool.com\/fr\/?s={search_term_string}\"},\"query-input\":{\"@type\":\"PropertyValueSpecification\",\"valueRequired\":true,\"valueName\":\"search_term_string\"}}],\"inLanguage\":\"fr-FR\"},{\"@type\":\"Organization\",\"@id\":\"https:\/\/www.davidschool.com\/fr\/#organization\",\"name\":\"Istituto Il David\",\"url\":\"https:\/\/www.davidschool.com\/fr\/\",\"logo\":{\"@type\":\"ImageObject\",\"inLanguage\":\"fr-FR\",\"@id\":\"https:\/\/www.davidschool.com\/fr\/#\/schema\/logo\/image\/\",\"url\":\"https:\/\/www.davidschool.com\/wp-content\/uploads\/2019\/05\/Il-David_logo.png\",\"contentUrl\":\"https:\/\/www.davidschool.com\/wp-content\/uploads\/2019\/05\/Il-David_logo.png\",\"width\":429,\"height\":133,\"caption\":\"Istituto Il David\"},\"image\":{\"@id\":\"https:\/\/www.davidschool.com\/fr\/#\/schema\/logo\/image\/\"}}]}<\/script>\n<!-- \/ Yoast SEO plugin. -->","yoast_head_json":{"title":"Inscription cours d'italien Florence | Istituto IL DAVID","description":"Inscrivez-vous maintenant \u00e0 nos cours d'italien. Remplissez et envoyez-nous le formulaire d'inscription pour apprendre imm\u00e9diatement la langue italienne.","robots":{"index":"noindex","follow":"nofollow"},"og_locale":"fr_FR","og_type":"article","og_title":"Inscription cours d'italien Florence | Istituto IL DAVID","og_description":"Inscrivez-vous maintenant \u00e0 nos cours d'italien. Remplissez et envoyez-nous le formulaire d'inscription pour apprendre imm\u00e9diatement la langue italienne.","og_url":"https:\/\/www.davidschool.com\/fr\/reserve-maintenant\/","og_site_name":"Istituto IL DAVID","article_modified_time":"2022-02-22T16:31:52+00:00","twitter_card":"summary_large_image","twitter_misc":{"Dur\u00e9e de lecture estim\u00e9e":"1 minute"},"schema":{"@context":"https:\/\/schema.org","@graph":[{"@type":"WebPage","@id":"https:\/\/www.davidschool.com\/fr\/reserve-maintenant\/","url":"https:\/\/www.davidschool.com\/fr\/reserve-maintenant\/","name":"Inscription cours d'italien Florence | Istituto IL DAVID","isPartOf":{"@id":"https:\/\/www.davidschool.com\/fr\/#website"},"datePublished":"2020-03-02T14:46:41+00:00","dateModified":"2022-02-22T16:31:52+00:00","description":"Inscrivez-vous maintenant \u00e0 nos cours d'italien. Remplissez et envoyez-nous le formulaire d'inscription pour apprendre imm\u00e9diatement la langue italienne.","breadcrumb":{"@id":"https:\/\/www.davidschool.com\/fr\/reserve-maintenant\/#breadcrumb"},"inLanguage":"fr-FR","potentialAction":[{"@type":"ReadAction","target":["https:\/\/www.davidschool.com\/fr\/reserve-maintenant\/"]}]},{"@type":"BreadcrumbList","@id":"https:\/\/www.davidschool.com\/fr\/reserve-maintenant\/#breadcrumb","itemListElement":[{"@type":"ListItem","position":1,"name":"Home","item":"https:\/\/www.davidschool.com\/fr\/"},{"@type":"ListItem","position":2,"name":"RESERVE MAINTENANT"}]},{"@type":"WebSite","@id":"https:\/\/www.davidschool.com\/fr\/#website","url":"https:\/\/www.davidschool.com\/fr\/","name":"Istituto IL DAVID","description":"Italian Language School","publisher":{"@id":"https:\/\/www.davidschool.com\/fr\/#organization"},"potentialAction":[{"@type":"SearchAction","target":{"@type":"EntryPoint","urlTemplate":"https:\/\/www.davidschool.com\/fr\/?s={search_term_string}"},"query-input":{"@type":"PropertyValueSpecification","valueRequired":true,"valueName":"search_term_string"}}],"inLanguage":"fr-FR"},{"@type":"Organization","@id":"https:\/\/www.davidschool.com\/fr\/#organization","name":"Istituto Il David","url":"https:\/\/www.davidschool.com\/fr\/","logo":{"@type":"ImageObject","inLanguage":"fr-FR","@id":"https:\/\/www.davidschool.com\/fr\/#\/schema\/logo\/image\/","url":"https:\/\/www.davidschool.com\/wp-content\/uploads\/2019\/05\/Il-David_logo.png","contentUrl":"https:\/\/www.davidschool.com\/wp-content\/uploads\/2019\/05\/Il-David_logo.png","width":429,"height":133,"caption":"Istituto Il David"},"image":{"@id":"https:\/\/www.davidschool.com\/fr\/#\/schema\/logo\/image\/"}}]}},"_links":{"self":[{"href":"https:\/\/www.davidschool.com\/fr\/wp-json\/wp\/v2\/pages\/14619","targetHints":{"allow":["GET"]}}],"collection":[{"href":"https:\/\/www.davidschool.com\/fr\/wp-json\/wp\/v2\/pages"}],"about":[{"href":"https:\/\/www.davidschool.com\/fr\/wp-json\/wp\/v2\/types\/page"}],"author":[{"embeddable":true,"href":"https:\/\/www.davidschool.com\/fr\/wp-json\/wp\/v2\/users\/4"}],"replies":[{"embeddable":true,"href":"https:\/\/www.davidschool.com\/fr\/wp-json\/wp\/v2\/comments?post=14619"}],"version-history":[{"count":8,"href":"https:\/\/www.davidschool.com\/fr\/wp-json\/wp\/v2\/pages\/14619\/revisions"}],"predecessor-version":[{"id":26367,"href":"https:\/\/www.davidschool.com\/fr\/wp-json\/wp\/v2\/pages\/14619\/revisions\/26367"}],"wp:attachment":[{"href":"https:\/\/www.davidschool.com\/fr\/wp-json\/wp\/v2\/media?parent=14619"}],"curies":[{"name":"wp","href":"https:\/\/api.w.org\/{rel}","templated":true}]}}