{"id":1849,"date":"2019-07-30T12:55:27","date_gmt":"2019-07-30T10:55:27","guid":{"rendered":"http:\/\/3.122.4.63\/?page_id=1849"},"modified":"2025-10-21T12:14:58","modified_gmt":"2025-10-21T10:14:58","slug":"offres-cours-italien-florence","status":"publish","type":"page","link":"https:\/\/www.davidschool.com\/fr\/offres-cours-italien-florence\/","title":{"rendered":"OFFRES ET R\u00c9DUCTIONS"},"content":{"rendered":"<h2>Offres et r\u00e9ductions &#8211; cours de langue italienne \u00e0 Florence<\/h2>\n<h3>Offre de derni\u00e8re minute!<\/h3>\n<p><strong>R\u00e9servez un cours en 2026 et venez \u00e0 l&rsquo;\u00e9cole avec un ami. Vous b\u00e9n\u00e9ficierez tous les deux d&rsquo;une r\u00e9duction de 10%.<\/strong><\/p>\n<h3>Offres pour les cours d&rsquo;italien en 2026<\/h3>\n<ul>\n<li>10% sur les cours d&rsquo;italien en groupe pour tous 2026 pour les inscriptions re\u00e7ues avant le 30 novembre 2025.<\/li>\n<li>10% de r\u00e9duction sur le cours d&rsquo;italien standard pendant 4 semaines en janvier et f\u00e9vrier.<\/li>\n<li>15% de r\u00e9duction sur le cours d&rsquo;italien standard pendant 8 semaines en janvier et f\u00e9vrier.<\/li>\n<\/ul>\n<h3>R\u00e9ductions pour les cours d&rsquo;italien en 2026<\/h3>\n<ul>\n<li>10% pour les \u00e9tudiants venant des pays d&rsquo;Oc\u00e9anie (Australie, Nouvelle-Z\u00e9lande, etc.), des pays d&rsquo;Am\u00e9rique du Sud (Br\u00e9sil, Argentine, Venezuela, etc.).<\/li>\n<li>15% pour les \u00e9tudiants des pays de l&rsquo;Asie du Sud-Est (Indon\u00e9sie, Tha\u00eflande, Taiwan, Philippines, etc.).<\/li>\n<li>20% pour les \u00e9tudiants venant d&rsquo;Afrique.<\/li>\n<\/ul>\n<h3>R\u00e9ductions del&rsquo;Istituto Il David<\/h3>\n<ul>\n<li>10% pour nos anciens \u00e9tudiants.<\/li>\n<li>10% pour les \u00e9tudiants qui s&rsquo;inscrivent \u00e0 un cours au moins 5 mois avant.<\/li>\n<li>10% pour les \u00e9tudiants avec European Youth Card (moins de 26 ans).<\/li>\n<li>15% pour les groupes ou familles d&rsquo;au moins 3 \u00e9tudiants.<\/li>\n<li>20% pour les groupes de plus de 5 \u00e9tudiants.<\/li>\n<\/ul>\n","protected":false},"excerpt":{"rendered":"<p>Offres et r\u00e9ductions &#8211; cours de langue italienne \u00e0 Florence Offre de derni\u00e8re minute! R\u00e9servez un cours en 2026 et venez \u00e0 l&rsquo;\u00e9cole avec un ami. Vous b\u00e9n\u00e9ficierez tous les deux d&rsquo;une r\u00e9duction de 10%. Offres pour les cours d&rsquo;italien en 2026 10% sur les cours d&rsquo;italien en groupe pour tous 2026 pour les inscriptions [&hellip;]<\/p>\n","protected":false},"author":1,"featured_media":0,"parent":0,"menu_order":0,"comment_status":"closed","ping_status":"closed","template":"","meta":{"footnotes":""},"class_list":["post-1849","page","type-page","status-publish","hentry"],"yoast_head":"<!-- This site is optimized with the Yoast SEO plugin v27.4 - https:\/\/yoast.com\/product\/yoast-seo-wordpress\/ -->\n<title>Offres et r\u00e9ductions de cours de langue italienne \u00e0 Florence<\/title>\n<meta name=\"description\" content=\"De nombreuses offres, r\u00e9ductions et meilleurs prix pour des cours d&#039;italien \u00e0 Florence. Consultez nos offres pour \u00e9conomiser de l&#039;argent et apprendre l&#039;italien\" \/>\n<meta name=\"robots\" content=\"index, follow, max-snippet:-1, max-image-preview:large, max-video-preview:-1\" \/>\n<link rel=\"canonical\" href=\"https:\/\/www.davidschool.com\/fr\/offres-cours-italien-florence\/\" \/>\n<meta property=\"og:locale\" content=\"fr_FR\" \/>\n<meta property=\"og:type\" content=\"article\" \/>\n<meta property=\"og:title\" content=\"Offres et r\u00e9ductions de cours de langue italienne \u00e0 Florence\" \/>\n<meta property=\"og:description\" content=\"De nombreuses offres, r\u00e9ductions et meilleurs prix pour des cours d&#039;italien \u00e0 Florence. Consultez nos offres pour \u00e9conomiser de l&#039;argent et apprendre l&#039;italien\" \/>\n<meta property=\"og:url\" content=\"https:\/\/www.davidschool.com\/fr\/offres-cours-italien-florence\/\" \/>\n<meta property=\"og:site_name\" content=\"Istituto IL DAVID\" \/>\n<meta property=\"article:modified_time\" content=\"2025-10-21T10:14:58+00:00\" \/>\n<meta name=\"twitter:card\" content=\"summary_large_image\" \/>\n<meta name=\"twitter:label1\" content=\"Dur\u00e9e de lecture estim\u00e9e\" \/>\n\t<meta name=\"twitter:data1\" content=\"1 minute\" \/>\n<script type=\"application\/ld+json\" class=\"yoast-schema-graph\">{\"@context\":\"https:\\\/\\\/schema.org\",\"@graph\":[{\"@type\":\"WebPage\",\"@id\":\"https:\\\/\\\/www.davidschool.com\\\/fr\\\/offres-cours-italien-florence\\\/\",\"url\":\"https:\\\/\\\/www.davidschool.com\\\/fr\\\/offres-cours-italien-florence\\\/\",\"name\":\"Offres et r\u00e9ductions de cours de langue italienne \u00e0 Florence\",\"isPartOf\":{\"@id\":\"https:\\\/\\\/www.davidschool.com\\\/fr\\\/#website\"},\"datePublished\":\"2019-07-30T10:55:27+00:00\",\"dateModified\":\"2025-10-21T10:14:58+00:00\",\"description\":\"De nombreuses offres, r\u00e9ductions et meilleurs prix pour des cours d'italien \u00e0 Florence. Consultez nos offres pour \u00e9conomiser de l'argent et apprendre l'italien\",\"breadcrumb\":{\"@id\":\"https:\\\/\\\/www.davidschool.com\\\/fr\\\/offres-cours-italien-florence\\\/#breadcrumb\"},\"inLanguage\":\"fr-FR\",\"potentialAction\":[{\"@type\":\"ReadAction\",\"target\":[\"https:\\\/\\\/www.davidschool.com\\\/fr\\\/offres-cours-italien-florence\\\/\"]}]},{\"@type\":\"BreadcrumbList\",\"@id\":\"https:\\\/\\\/www.davidschool.com\\\/fr\\\/offres-cours-italien-florence\\\/#breadcrumb\",\"itemListElement\":[{\"@type\":\"ListItem\",\"position\":1,\"name\":\"Home\",\"item\":\"https:\\\/\\\/www.davidschool.com\\\/fr\\\/\"},{\"@type\":\"ListItem\",\"position\":2,\"name\":\"OFFRES ET R\u00c9DUCTIONS\"}]},{\"@type\":\"WebSite\",\"@id\":\"https:\\\/\\\/www.davidschool.com\\\/fr\\\/#website\",\"url\":\"https:\\\/\\\/www.davidschool.com\\\/fr\\\/\",\"name\":\"Istituto IL DAVID\",\"description\":\"Italian Language School\",\"publisher\":{\"@id\":\"https:\\\/\\\/www.davidschool.com\\\/fr\\\/#organization\"},\"potentialAction\":[{\"@type\":\"SearchAction\",\"target\":{\"@type\":\"EntryPoint\",\"urlTemplate\":\"https:\\\/\\\/www.davidschool.com\\\/fr\\\/?s={search_term_string}\"},\"query-input\":{\"@type\":\"PropertyValueSpecification\",\"valueRequired\":true,\"valueName\":\"search_term_string\"}}],\"inLanguage\":\"fr-FR\"},{\"@type\":\"Organization\",\"@id\":\"https:\\\/\\\/www.davidschool.com\\\/fr\\\/#organization\",\"name\":\"Istituto Il David\",\"url\":\"https:\\\/\\\/www.davidschool.com\\\/fr\\\/\",\"logo\":{\"@type\":\"ImageObject\",\"inLanguage\":\"fr-FR\",\"@id\":\"https:\\\/\\\/www.davidschool.com\\\/fr\\\/#\\\/schema\\\/logo\\\/image\\\/\",\"url\":\"https:\\\/\\\/www.davidschool.com\\\/wp-content\\\/uploads\\\/2019\\\/05\\\/Il-David_logo.png\",\"contentUrl\":\"https:\\\/\\\/www.davidschool.com\\\/wp-content\\\/uploads\\\/2019\\\/05\\\/Il-David_logo.png\",\"width\":429,\"height\":133,\"caption\":\"Istituto Il David\"},\"image\":{\"@id\":\"https:\\\/\\\/www.davidschool.com\\\/fr\\\/#\\\/schema\\\/logo\\\/image\\\/\"}}]}<\/script>\n<!-- \/ Yoast SEO plugin. -->","yoast_head_json":{"title":"Offres et r\u00e9ductions de cours de langue italienne \u00e0 Florence","description":"De nombreuses offres, r\u00e9ductions et meilleurs prix pour des cours d'italien \u00e0 Florence. Consultez nos offres pour \u00e9conomiser de l'argent et apprendre l'italien","robots":{"index":"index","follow":"follow","max-snippet":"max-snippet:-1","max-image-preview":"max-image-preview:large","max-video-preview":"max-video-preview:-1"},"canonical":"https:\/\/www.davidschool.com\/fr\/offres-cours-italien-florence\/","og_locale":"fr_FR","og_type":"article","og_title":"Offres et r\u00e9ductions de cours de langue italienne \u00e0 Florence","og_description":"De nombreuses offres, r\u00e9ductions et meilleurs prix pour des cours d'italien \u00e0 Florence. Consultez nos offres pour \u00e9conomiser de l'argent et apprendre l'italien","og_url":"https:\/\/www.davidschool.com\/fr\/offres-cours-italien-florence\/","og_site_name":"Istituto IL DAVID","article_modified_time":"2025-10-21T10:14:58+00:00","twitter_card":"summary_large_image","twitter_misc":{"Dur\u00e9e de lecture estim\u00e9e":"1 minute"},"schema":{"@context":"https:\/\/schema.org","@graph":[{"@type":"WebPage","@id":"https:\/\/www.davidschool.com\/fr\/offres-cours-italien-florence\/","url":"https:\/\/www.davidschool.com\/fr\/offres-cours-italien-florence\/","name":"Offres et r\u00e9ductions de cours de langue italienne \u00e0 Florence","isPartOf":{"@id":"https:\/\/www.davidschool.com\/fr\/#website"},"datePublished":"2019-07-30T10:55:27+00:00","dateModified":"2025-10-21T10:14:58+00:00","description":"De nombreuses offres, r\u00e9ductions et meilleurs prix pour des cours d'italien \u00e0 Florence. Consultez nos offres pour \u00e9conomiser de l'argent et apprendre l'italien","breadcrumb":{"@id":"https:\/\/www.davidschool.com\/fr\/offres-cours-italien-florence\/#breadcrumb"},"inLanguage":"fr-FR","potentialAction":[{"@type":"ReadAction","target":["https:\/\/www.davidschool.com\/fr\/offres-cours-italien-florence\/"]}]},{"@type":"BreadcrumbList","@id":"https:\/\/www.davidschool.com\/fr\/offres-cours-italien-florence\/#breadcrumb","itemListElement":[{"@type":"ListItem","position":1,"name":"Home","item":"https:\/\/www.davidschool.com\/fr\/"},{"@type":"ListItem","position":2,"name":"OFFRES ET R\u00c9DUCTIONS"}]},{"@type":"WebSite","@id":"https:\/\/www.davidschool.com\/fr\/#website","url":"https:\/\/www.davidschool.com\/fr\/","name":"Istituto IL DAVID","description":"Italian Language School","publisher":{"@id":"https:\/\/www.davidschool.com\/fr\/#organization"},"potentialAction":[{"@type":"SearchAction","target":{"@type":"EntryPoint","urlTemplate":"https:\/\/www.davidschool.com\/fr\/?s={search_term_string}"},"query-input":{"@type":"PropertyValueSpecification","valueRequired":true,"valueName":"search_term_string"}}],"inLanguage":"fr-FR"},{"@type":"Organization","@id":"https:\/\/www.davidschool.com\/fr\/#organization","name":"Istituto Il David","url":"https:\/\/www.davidschool.com\/fr\/","logo":{"@type":"ImageObject","inLanguage":"fr-FR","@id":"https:\/\/www.davidschool.com\/fr\/#\/schema\/logo\/image\/","url":"https:\/\/www.davidschool.com\/wp-content\/uploads\/2019\/05\/Il-David_logo.png","contentUrl":"https:\/\/www.davidschool.com\/wp-content\/uploads\/2019\/05\/Il-David_logo.png","width":429,"height":133,"caption":"Istituto Il David"},"image":{"@id":"https:\/\/www.davidschool.com\/fr\/#\/schema\/logo\/image\/"}}]}},"_links":{"self":[{"href":"https:\/\/www.davidschool.com\/fr\/wp-json\/wp\/v2\/pages\/1849","targetHints":{"allow":["GET"]}}],"collection":[{"href":"https:\/\/www.davidschool.com\/fr\/wp-json\/wp\/v2\/pages"}],"about":[{"href":"https:\/\/www.davidschool.com\/fr\/wp-json\/wp\/v2\/types\/page"}],"author":[{"embeddable":true,"href":"https:\/\/www.davidschool.com\/fr\/wp-json\/wp\/v2\/users\/1"}],"replies":[{"embeddable":true,"href":"https:\/\/www.davidschool.com\/fr\/wp-json\/wp\/v2\/comments?post=1849"}],"version-history":[{"count":16,"href":"https:\/\/www.davidschool.com\/fr\/wp-json\/wp\/v2\/pages\/1849\/revisions"}],"predecessor-version":[{"id":34763,"href":"https:\/\/www.davidschool.com\/fr\/wp-json\/wp\/v2\/pages\/1849\/revisions\/34763"}],"wp:attachment":[{"href":"https:\/\/www.davidschool.com\/fr\/wp-json\/wp\/v2\/media?parent=1849"}],"curies":[{"name":"wp","href":"https:\/\/api.w.org\/{rel}","templated":true}]}}