{"id":1863,"date":"2019-07-30T13:21:05","date_gmt":"2019-07-30T11:21:05","guid":{"rendered":"http:\/\/3.122.4.63\/?page_id=1863"},"modified":"2025-02-06T16:39:00","modified_gmt":"2025-02-06T15:39:00","slug":"les-reglements-scolaires","status":"publish","type":"page","link":"https:\/\/www.davidschool.com\/fr\/les-reglements-scolaires\/","title":{"rendered":"REGLEMENT"},"content":{"rendered":"<h4>\u00a0<\/h4>\n<p><strong>COMMENT S&rsquo;INSCRIRE<\/strong><br \/>Remplir et envoyer le formulaire d&rsquo;inscription est gratuit et non contraignant.<br \/>N\u00e9anmoins, nous vous invitons \u00e0 vous assurer de vos besoins avant de nous envoyer le formulaire d&rsquo;inscription. Les d\u00e9tails et les co\u00fbts de nos cours et autres services suppl\u00e9mentaires sont d\u00e9crits sur notre site web.<\/p>\n<p>En cas de doute ou d&rsquo;incertitude, veuillez d&rsquo;abord nous envoyer un courriel \u00e0 info@davidschool.com ou un message par whatsapp au +39.353.4316807 pour nous faire part de vos doutes et de vos questions.<br \/>Une fois que l&rsquo;\u00e9cole aura re\u00e7u votre formulaire de candidature, elle vous r\u00e9pondra par courriel dans les 24 \u00e0 48 heures et vous donnera les d\u00e9tails et les co\u00fbts de votre candidature ainsi que les informations n\u00e9cessaires pour la confirmer.<br \/>Si vous ne recevez pas de r\u00e9ponse dans les 24-48 heures, vous pouvez nous envoyer un message par whatsapp ou nous appeler au +39.055.216110.<\/p>\n<p>Votre inscription sera confirm\u00e9e apr\u00e8s r\u00e9ception par l&rsquo;\u00e9cole d&rsquo;un acompte ou du montant total du cours.<br \/>Si vous avez besoin de nos certificats pour demander un visa d&rsquo;\u00e9tudes, le paiement de la totalit\u00e9 des frais de cours est obligatoire.<\/p>\n<p>Avant de nous envoyer votre formulaire d&rsquo;inscription, veuillez lire notre r\u00e8glement, qui sera contraignant \u00e0 partir du moment o\u00f9 vous nous enverrez votre paiement pour la confirmation du cours.<br \/>Si l&rsquo;\u00e9cole ne re\u00e7oit pas de r\u00e9ponse de votre part dans un d\u00e9lai d&rsquo;un mois ou au moins 1 \u00e0 2 semaines avant le d\u00e9but des cours, votre demande d&rsquo;inscription peut \u00eatre annul\u00e9e pour des raisons administratives.<\/p>\n<p><strong>HORAIRE ET DUR\u00c9E DES COURS<\/strong><br \/>L&rsquo;\u00e9cole garantit toujours l&rsquo;horaire des cours sp\u00e9cifi\u00e9 dans la description sur le site web.<br \/>Bien que tr\u00e8s rarement, en cas de probl\u00e8mes techniques et organisationnels, l&rsquo;\u00e9cole se r\u00e9serve le droit de modifier l&rsquo;horaire des cours. L&rsquo;\u00e9tudiant en sera inform\u00e9 \u00e0 la r\u00e9ception du formulaire d&rsquo;inscription et en tout \u00e9tat de cause au moins une semaine avant son arriv\u00e9e \u00e0 l&rsquo;\u00e9cole.<br \/>La dur\u00e9e de chaque heure de cours collectif ou individuel est de 55 minutes.<\/p>\n<p><strong>NIVEAUX ET TESTS<\/strong><br \/>Dans le cas o\u00f9 l&rsquo;\u00e9tudiant d\u00e9clare sur le formulaire d&rsquo;inscription qu&rsquo;il a un niveau de connaissance de la langue italienne mais qu&rsquo;\u00e0 son arriv\u00e9e \u00e0 l&rsquo;\u00e9cole il s&rsquo;av\u00e8re \u00eatre d&rsquo;un niveau inf\u00e9rieur ou sup\u00e9rieur, pour des raisons d&rsquo;organisation l&rsquo;\u00e9cole ne sera pas responsable de garantir une classe d&rsquo;un niveau ad\u00e9quat.<br \/>Dans tous les cas, \u00e0 l&rsquo;exception des d\u00e9butants, le test sera envoy\u00e9 aux \u00e9tudiants inscrits par e-mail environ un mois avant le d\u00e9but du cours afin de v\u00e9rifier le niveau r\u00e9el de l&rsquo;\u00e9tudiant.<\/p>\n<p>Si l&rsquo;\u00e9tudiant ne se sent pas \u00e0 l&rsquo;aise dans la classe qui lui a \u00e9t\u00e9 attribu\u00e9e, il doit informer le secr\u00e9tariat de l&rsquo;\u00e9cole s&rsquo;il souhaite changer de niveau. La direction de l&rsquo;\u00e9cole \u00e9valuera, sur la base de son organisation et de son exp\u00e9rience, s&rsquo;il convient ou non d&rsquo;accepter la demande, pour autant qu&rsquo;elle n&rsquo;entra\u00eene pas de probl\u00e8mes d&rsquo;organisation pour l&rsquo;\u00e9cole et qu&rsquo;elle soit b\u00e9n\u00e9fique pour l&rsquo;\u00e9tudiant.<br \/>Pour les \u00e9l\u00e8ves qui fr\u00e9quentent l&rsquo;\u00e9cole pendant une longue p\u00e9riode, le test est r\u00e9p\u00e9t\u00e9 toutes les 4 semaines afin de v\u00e9rifier les progr\u00e8s de l&rsquo;\u00e9l\u00e8ve et son passage ult\u00e9rieur \u00e0 un niveau sup\u00e9rieur.<\/p>\n<p><strong>JOURS F\u00c9RI\u00c9S<\/strong><br \/>L&rsquo;\u00e9cole est ferm\u00e9e les jours f\u00e9ri\u00e9s nationaux en milieu de semaine (environ 5-6 dans l&rsquo;ann\u00e9e).<br \/>Pour les cours de groupe de plus de deux semaines, aucune r\u00e9duction, aucun remboursement et aucun rattrapage ne sont accord\u00e9s. Avant de nous envoyer votre formulaire d&rsquo;inscription, veuillez v\u00e9rifier les jours f\u00e9ri\u00e9s sur la page des dates et des prix du site web de l&rsquo;\u00e9cole.<br \/>Les cours individuels qui n&rsquo;ont pas lieu les jours f\u00e9ri\u00e9s peuvent \u00eatre rattrap\u00e9s \u00e0 une autre date sous r\u00e9serve de la disponibilit\u00e9 de l&rsquo;\u00e9tudiant et du professeur.<\/p>\n<p><strong>CERTIFICAT<\/strong><br \/>\u00c0 la fin du cours, l&rsquo;\u00e9tudiant re\u00e7oit un certificat d&rsquo;assiduit\u00e9 dans lequel sont d\u00e9crits le cours, les heures et les niveaux suivis. Pour obtenir le certificat d&rsquo;assiduit\u00e9, il est demand\u00e9 une assiduit\u00e9 globale d&rsquo;au moins 90% du cours auquel on est inscrit. En cas d&rsquo;assiduit\u00e9 inf\u00e9rieure \u00e0 70%, l&rsquo;\u00e9cole se r\u00e9serve le droit de ne pas accorder le certificat d&rsquo;assiduit\u00e9 ou de ne pas le mentionner dans le certificat.<\/p>\n<p><strong>INSCRIPTION DES \u00c9TUDIANTS MINEURS<\/strong><br \/>Les demandes d&rsquo;inscription d&rsquo;\u00e9l\u00e8ves mineurs doivent parvenir \u00e0 l&rsquo;\u00e9cole par l&rsquo;interm\u00e9diaire d&rsquo;un parent.<br \/>Une copie d&rsquo;une pi\u00e8ce d&rsquo;identit\u00e9 de l&rsquo;\u00e9tudiant et du parent, une autorisation parentale sign\u00e9e par un parent et la pr\u00e9sence d&rsquo;un parent \u00e0 l&rsquo;arriv\u00e9e \u00e0 l&rsquo;\u00e9cole sont requises.<\/p>\n<p><strong>PHOTOS ET VID\u00c9OS<\/strong><br \/>La prise de photos et de vid\u00e9os \u00e0 l&rsquo;int\u00e9rieur de l&rsquo;\u00e9cole pendant les cours et les activit\u00e9s est autoris\u00e9e pour le personnel de l&rsquo;\u00e9cole, les invit\u00e9s autoris\u00e9s et les \u00e9tudiants inscrits. Les personnes ext\u00e9rieures ne sont pas autoris\u00e9es.<br \/>L&rsquo;\u00e9cole se r\u00e9serve le droit d&rsquo;utiliser des photos et des vid\u00e9os \u00e0 des fins de marketing ou de m\u00e9dias sociaux.<br \/>Cette utilisation doit \u00eatre consid\u00e9r\u00e9e comme enti\u00e8rement gratuite et l&rsquo;\u00e9cole garantit express\u00e9ment qu&rsquo;elle aura lieu dans des contextes qui ne portent pas atteinte \u00e0 la dignit\u00e9 personnelle de la personne concern\u00e9e.<br \/>Si l&rsquo;\u00e9l\u00e8ve ne consent pas \u00e0 cette utilisation, il doit en informer le secr\u00e9tariat \u00e0 son arriv\u00e9e \u00e0 l&rsquo;\u00e9cole, faute de quoi son autorisation est automatiquement confirm\u00e9e.<\/p>\n<p><strong>DEMANDE DE REPORT ET DE CHANGEMENT DE COURS<\/strong> <br \/>L&rsquo;\u00e9tudiant peut d\u00e9cider de reporter le cours en informant l&rsquo;\u00e9cole au moins une semaine avant l&rsquo;arriv\u00e9e. Pass\u00e9 ce d\u00e9lai, l&rsquo;\u00e9tudiant perdra le montant de la premi\u00e8re semaine de cours.<br \/>Apr\u00e8s le d\u00e9but du cours, il n&rsquo;est pas possible de changer le cours collectif r\u00e9serv\u00e9 pour un autre type de cours.<br \/>Les cours collectifs ne peuvent pas \u00eatre convertis en le\u00e7ons individuelles.<\/p>\n<p>Si l&rsquo;\u00e9cole ne peut garantir le cours collectif pour des raisons d&rsquo;organisation, les heures de cours collectif peuvent \u00eatre converties en le\u00e7ons individuelles. Le nombre d&rsquo;heures individuelles sera calcul\u00e9 sur la base de la diff\u00e9rence entre le prix du cours et la liste de prix figurant sur notre site web.<\/p>\n<p><strong>ABSENCES ET INTERRUPTIONS DE COURS<\/strong><br \/>Les cours collectifs quotidiens manqu\u00e9s pour des raisons personnelles de l&rsquo;\u00e9tudiant ne peuvent \u00eatre rattrap\u00e9s pour quelque raison que ce soit. Les cours individuels peuvent \u00eatre rattrap\u00e9s si l&rsquo;\u00e9cole est pr\u00e9venue au moins 24 heures \u00e0 l&rsquo;avance (48 heures en cas de jours f\u00e9ri\u00e9s). Au-del\u00e0 de 24 heures, la le\u00e7on ne peut \u00eatre rattrap\u00e9e.<\/p>\n<p>L&rsquo;\u00e9tudiant qui interrompt un cours en cours n&rsquo;a pas droit \u00e0 un remboursement.<br \/>Toutefois, l&rsquo;\u00e9tudiant peut demander la possibilit\u00e9 de rattraper la partie du cours non suivie en informant l&rsquo;\u00e9cole au moins une semaine \u00e0 l&rsquo;avance. Le cours peut \u00eatre rattrap\u00e9 dans un d\u00e9lai d&rsquo;un an \u00e0 compter de la date d&rsquo;interruption.<br \/>Il est possible de rattraper des p\u00e9riodes d&rsquo;une ou plusieurs semaines mais pas d&rsquo;un ou plusieurs jours.<\/p>\n<p><strong>ANNULATION DES COURS<\/strong><br \/>En cas d&rsquo;annulation de l&rsquo;inscription, pour obtenir le remboursement int\u00e9gral de l&rsquo;acompte, l&rsquo;\u00e9tudiant doit envoyer une demande \u00e9crite par courrier \u00e9lectronique au moins 20 jours avant la date de d\u00e9but du cours. De ce montant seront d\u00e9duits les frais d&rsquo;inscription de 50 euros et les frais bancaires encourus pour le paiement re\u00e7u et le remboursement effectu\u00e9.<\/p>\n<p>Si l&rsquo;annulation intervient moins de 20 jours avant le d\u00e9but du cours, aucun remboursement ne sera effectu\u00e9.<br \/>L&rsquo;acompte sera toutefois valable pour un autre cours auquel l&rsquo;\u00e9tudiant pourra participer dans l&rsquo;ann\u00e9e qui suit la demande d&rsquo;annulation.<\/p>\n<p><strong>ANNULATION D&rsquo;UNE INSCRIPTION AVEC VISA D&rsquo;\u00c9TUDES<\/strong><br \/>Si l&rsquo;annulation concerne une inscription avec visa d&rsquo;\u00e9tudes, l&rsquo;\u00e9tudiant doit envoyer un courriel \u00e0 l&rsquo;\u00e9cole au moins 20 jours avant le d\u00e9but des cours pour obtenir un remboursement. L&rsquo;\u00e9cole doit \u00e9galement recevoir la lettre de refus de visa remise \u00e0 l&rsquo;\u00e9tudiant par le consulat.<br \/>De ce montant seront d\u00e9duits 50 \u20ac de frais d&rsquo;inscription et 150 \u20ac pour le remboursement des frais administratifs et bancaires encourus par l&rsquo;\u00e9cole pour le paiement re\u00e7u et le remboursement effectu\u00e9.<br \/>Cette r\u00e8gle s&rsquo;applique \u00e0 partir du moment o\u00f9 l&rsquo;\u00e9tudiant re\u00e7oit le certificat d&rsquo;inscription papier ou pdf de l&rsquo;\u00e9cole.<\/p>\n<p>Si l&rsquo;\u00e9cole re\u00e7oit la demande d&rsquo;annulation plus de 20 jours avant le d\u00e9but des cours et si elle ne re\u00e7oit pas la lettre de refus du consulat, aucun remboursement ne sera effectu\u00e9.<br \/>Une fois que l&rsquo;\u00e9tudiant a re\u00e7u le visa du consulat, il n&rsquo;est pas possible d&rsquo;annuler le cours et d&rsquo;obtenir un remboursement. Il est toutefois possible de reporter le cours.<br \/>Si l&rsquo;\u00e9tudiant n&rsquo;a pas re\u00e7u le visa d&rsquo;\u00e9tudes \u00e0 temps en raison de retards au consulat, il peut d\u00e9cider de reporter le cours. Dans ce cas, les r\u00e8gles de report de cours d\u00e9crites ci-dessus s&rsquo;appliquent.<\/p>\n<p><strong>\u00c9V\u00c9NEMENTS INTERNATIONAUX EXTRAORDINAIRES<\/strong> <br \/>En cas d&rsquo;\u00e9v\u00e9nements internationaux extraordinaires (catastrophes, pand\u00e9mies, terrorisme, guerres, etc.) qui vous emp\u00eachent de vous rendre en Italie, un remboursement du montant total, \u00e0 l&rsquo;exception de 50 euros pour les frais administratifs, est effectu\u00e9 sur demande. <br \/>Aucun remboursement n&rsquo;est pr\u00e9vu une fois que le cours a commenc\u00e9. L&rsquo;\u00e9tudiant peut toutefois d\u00e9cider de suivre le cours \u00e0 un autre moment dans le futur sans effectuer d&rsquo;autres paiements.<\/p>\n<p><strong>R\u00c9SERVATION DE LOGEMENT<\/strong><br \/>La r\u00e9servation d&rsquo;un logement est un service que l&rsquo;\u00e9cole offre gratuitement aux \u00e9tudiants qui en font la demande. Le prix du logement comprend le service de r\u00e9servation, la gestion et les services publics.<br \/>Le montant du logement doit \u00eatre pay\u00e9 directement au propri\u00e9taire de l&rsquo;appartement ou \u00e0 la famille selon les modalit\u00e9s et dans les d\u00e9lais qui seront communiqu\u00e9s \u00e0 l&rsquo;\u00e9tudiant apr\u00e8s la confirmation de son inscription.<br \/>Dans le cas de r\u00e9servations de plus d&rsquo;un mois, le logement peut \u00eatre pay\u00e9 toutes les 4 semaines.<\/p>\n<p>Si l&rsquo;\u00e9tudiant a des pr\u00e9f\u00e9rences, des allergies aux animaux, des intol\u00e9rances alimentaires, des besoins di\u00e9t\u00e9tiques particuliers, il doit en informer l&rsquo;\u00e9cole au moment de la demande d&rsquo;inscription, faute de quoi le logement ne pourra pas \u00eatre modifi\u00e9 et l&rsquo;\u00e9tudiant devra continuer \u00e0 payer le montant indiqu\u00e9 dans la confirmation de r\u00e9servation.<\/p>\n<p>\u00c0 l&rsquo;arriv\u00e9e au logement, une caution de 50 euros en esp\u00e8ces doit \u00eatre vers\u00e9e pour tout dommage ou perte de cl\u00e9s. Cette somme sera restitu\u00e9e au moment du d\u00e9part.<\/p>\n<p>Le logement n&rsquo;appartient pas \u00e0 l&rsquo;\u00e9cole et n&rsquo;est pas g\u00e9r\u00e9 par elle. L&rsquo;\u00e9cole fait de son mieux pour r\u00e9server le meilleur logement disponible au moment de la r\u00e9servation, mais elle n&rsquo;est pas responsable si l&rsquo;\u00e9tudiant n&rsquo;est pas satisfait ou si le logement ne r\u00e9pond pas \u00e0 ses attentes.<br \/>En cas de probl\u00e8me ou de besoin, l&rsquo;\u00e9tudiant doit en informer le propri\u00e9taire\/la famille et l&rsquo;\u00e9cole d\u00e8s que possible. Tr\u00e8s souvent, les probl\u00e8mes ou les besoins peuvent \u00eatre facilement r\u00e9solus.<\/p>\n<p><strong>REPORT DE LA R\u00c9SERVATION DU LOGEMENT<\/strong><br \/>L&rsquo;\u00e9tudiant peut reporter sa r\u00e9servation de logement en informant l&rsquo;\u00e9cole au moins une semaine avant son arriv\u00e9e.<br \/>Pass\u00e9 ce d\u00e9lai, l&rsquo;\u00e9tudiant perdra le co\u00fbt de la premi\u00e8re semaine d&rsquo;h\u00e9bergement. Ce montant sera d\u00e9duit de l&rsquo;acompte vers\u00e9 par l&rsquo;\u00e9tudiant pour l&rsquo;inscription aux cours.<\/p>\n<p><strong>ANNULATION DU LOGEMENT<\/strong><br \/>En cas d&rsquo;annulation du logement re\u00e7ue apr\u00e8s le 20e jour pr\u00e9c\u00e9dant l&rsquo;arriv\u00e9e, l&rsquo;\u00e9cole se r\u00e9serve le droit de retenir un montant sur la somme pay\u00e9e par l&rsquo;\u00e9tudiant \u00e0 la demande du propri\u00e9taire ou de la famille.<br \/>Ce montant correspond g\u00e9n\u00e9ralement au co\u00fbt de la premi\u00e8re semaine. Les frais d&rsquo;annulation seront d\u00e9duits du montant pay\u00e9 par l&rsquo;\u00e9tudiant pour la confirmation des cours et la r\u00e9servation du logement.<\/p>\n<p><strong>MODIFICATION OU CONFIRMATION DU LOGEMENT<\/strong><br \/>Apr\u00e8s l&rsquo;arriv\u00e9e, le logement ne peut \u00eatre modifi\u00e9 et le paiement reste d\u00fb, \u00e0 moins qu&rsquo;il n&rsquo;y ait des raisons s\u00e9rieuses et justifiables.<br \/>Dans le cas de r\u00e9servations de plus de 4 semaines, l&rsquo;\u00e9tudiant peut d\u00e9cider de changer de logement en informant l&rsquo;\u00e9cole au moins deux semaines \u00e0 l&rsquo;avance. Dans le cas contraire, le logement sera confirm\u00e9 et l&rsquo;\u00e9tudiant devra payer les frais de quinzaine.<\/p>\n<p><strong>TRAITEMENT DES DONN\u00c9ES \u00c0 CARACT\u00c8RE PERSONNEL<\/strong><br \/>En contactant ou en vous inscrivant \u00e0 l&rsquo;\u00e9cole de votre propre initiative, vous donnez automatiquement votre accord pour que l&rsquo;\u00e9cole traite vos donn\u00e9es personnelles.<br \/>L&rsquo;\u00e9cole garantit que vos donn\u00e9es personnelles seront trait\u00e9es et prot\u00e9g\u00e9es par le personnel de l&rsquo;\u00e9cole dans le respect de vos droits et de votre dignit\u00e9, qu&rsquo;elles seront conserv\u00e9es au sein de l&rsquo;administration et de la comptabilit\u00e9 de l&rsquo;\u00e9cole de mani\u00e8re confidentielle, qu&rsquo;elles resteront uniquement dans le syst\u00e8me de gestion informatique de l&rsquo;\u00e9cole et qu&rsquo;elles ne seront pas divulgu\u00e9es \u00e0 d&rsquo;autres personnes, entit\u00e9s ou soci\u00e9t\u00e9s.<\/p>\n<p>L&rsquo;\u00e9cole garantit qu&rsquo;elle ne collecte pas de donn\u00e9es sur la race et l&rsquo;origine ethnique, l&rsquo;appartenance religieuse, les opinions politiques et philosophiques, l&rsquo;orientation sexuelle, les handicaps physiques, les conditions mentales, les maladies et les probl\u00e8mes de sant\u00e9.<\/p>\n<p>Il est entendu que dans le processus d&rsquo;automatisation informatique de l&rsquo;\u00e9cole, des donn\u00e9es sont \u00e9galement collect\u00e9es par d&rsquo;autres entreprises telles que le moteur de recherche, le serveur et l&rsquo;op\u00e9rateur du site web de l&rsquo;\u00e9cole qui traiteront les donn\u00e9es selon leurs crit\u00e8res respectifs et conform\u00e9ment \u00e0 la l\u00e9gislation en vigueur.<\/p>\n\n\n<p><\/p>\n\n\n\n<p><\/p>\n","protected":false},"excerpt":{"rendered":"<p>\u00a0 COMMENT S&rsquo;INSCRIRERemplir et envoyer le formulaire d&rsquo;inscription est gratuit et non contraignant.N\u00e9anmoins, nous vous invitons \u00e0 vous assurer de vos besoins avant de nous envoyer le formulaire d&rsquo;inscription. Les d\u00e9tails et les co\u00fbts de nos cours et autres services suppl\u00e9mentaires sont d\u00e9crits sur notre site web. En cas de doute ou d&rsquo;incertitude, veuillez d&rsquo;abord [&hellip;]<\/p>\n","protected":false},"author":1,"featured_media":0,"parent":0,"menu_order":0,"comment_status":"closed","ping_status":"closed","template":"","meta":{"footnotes":""},"class_list":["post-1863","page","type-page","status-publish","hentry"],"yoast_head":"<!-- This site is optimized with the Yoast SEO plugin v27.4 - https:\/\/yoast.com\/product\/yoast-seo-wordpress\/ -->\n<title>R\u00e8glement de l\u2019\u00e9cole | Istituto Il David | Firenze<\/title>\n<meta name=\"robots\" content=\"index, follow, max-snippet:-1, max-image-preview:large, max-video-preview:-1\" \/>\n<link rel=\"canonical\" href=\"https:\/\/www.davidschool.com\/fr\/les-reglements-scolaires\/\" \/>\n<meta property=\"og:locale\" content=\"fr_FR\" \/>\n<meta property=\"og:type\" content=\"article\" \/>\n<meta property=\"og:title\" content=\"R\u00e8glement de l\u2019\u00e9cole | Istituto Il David | Firenze\" \/>\n<meta property=\"og:description\" content=\"\u00a0 COMMENT S&rsquo;INSCRIRERemplir et envoyer le formulaire d&rsquo;inscription est gratuit et non contraignant.N\u00e9anmoins, nous vous invitons \u00e0 vous assurer de vos besoins avant de nous envoyer le formulaire d&rsquo;inscription. Les d\u00e9tails et les co\u00fbts de nos cours et autres services suppl\u00e9mentaires sont d\u00e9crits sur notre site web. En cas de doute ou d&rsquo;incertitude, veuillez d&rsquo;abord [&hellip;]\" \/>\n<meta property=\"og:url\" content=\"https:\/\/www.davidschool.com\/fr\/les-reglements-scolaires\/\" \/>\n<meta property=\"og:site_name\" content=\"Istituto IL DAVID\" \/>\n<meta property=\"article:modified_time\" content=\"2025-02-06T15:39:00+00:00\" \/>\n<meta name=\"twitter:card\" content=\"summary_large_image\" \/>\n<meta name=\"twitter:label1\" content=\"Dur\u00e9e de lecture estim\u00e9e\" \/>\n\t<meta name=\"twitter:data1\" content=\"10 minutes\" \/>\n<script type=\"application\/ld+json\" class=\"yoast-schema-graph\">{\"@context\":\"https:\\\/\\\/schema.org\",\"@graph\":[{\"@type\":\"WebPage\",\"@id\":\"https:\\\/\\\/www.davidschool.com\\\/fr\\\/les-reglements-scolaires\\\/\",\"url\":\"https:\\\/\\\/www.davidschool.com\\\/fr\\\/les-reglements-scolaires\\\/\",\"name\":\"R\u00e8glement de l\u2019\u00e9cole | Istituto Il David | Firenze\",\"isPartOf\":{\"@id\":\"https:\\\/\\\/www.davidschool.com\\\/fr\\\/#website\"},\"datePublished\":\"2019-07-30T11:21:05+00:00\",\"dateModified\":\"2025-02-06T15:39:00+00:00\",\"breadcrumb\":{\"@id\":\"https:\\\/\\\/www.davidschool.com\\\/fr\\\/les-reglements-scolaires\\\/#breadcrumb\"},\"inLanguage\":\"fr-FR\",\"potentialAction\":[{\"@type\":\"ReadAction\",\"target\":[\"https:\\\/\\\/www.davidschool.com\\\/fr\\\/les-reglements-scolaires\\\/\"]}]},{\"@type\":\"BreadcrumbList\",\"@id\":\"https:\\\/\\\/www.davidschool.com\\\/fr\\\/les-reglements-scolaires\\\/#breadcrumb\",\"itemListElement\":[{\"@type\":\"ListItem\",\"position\":1,\"name\":\"Home\",\"item\":\"https:\\\/\\\/www.davidschool.com\\\/fr\\\/\"},{\"@type\":\"ListItem\",\"position\":2,\"name\":\"REGLEMENT\"}]},{\"@type\":\"WebSite\",\"@id\":\"https:\\\/\\\/www.davidschool.com\\\/fr\\\/#website\",\"url\":\"https:\\\/\\\/www.davidschool.com\\\/fr\\\/\",\"name\":\"Istituto IL DAVID\",\"description\":\"Italian Language School\",\"publisher\":{\"@id\":\"https:\\\/\\\/www.davidschool.com\\\/fr\\\/#organization\"},\"potentialAction\":[{\"@type\":\"SearchAction\",\"target\":{\"@type\":\"EntryPoint\",\"urlTemplate\":\"https:\\\/\\\/www.davidschool.com\\\/fr\\\/?s={search_term_string}\"},\"query-input\":{\"@type\":\"PropertyValueSpecification\",\"valueRequired\":true,\"valueName\":\"search_term_string\"}}],\"inLanguage\":\"fr-FR\"},{\"@type\":\"Organization\",\"@id\":\"https:\\\/\\\/www.davidschool.com\\\/fr\\\/#organization\",\"name\":\"Istituto Il David\",\"url\":\"https:\\\/\\\/www.davidschool.com\\\/fr\\\/\",\"logo\":{\"@type\":\"ImageObject\",\"inLanguage\":\"fr-FR\",\"@id\":\"https:\\\/\\\/www.davidschool.com\\\/fr\\\/#\\\/schema\\\/logo\\\/image\\\/\",\"url\":\"https:\\\/\\\/www.davidschool.com\\\/wp-content\\\/uploads\\\/2019\\\/05\\\/Il-David_logo.png\",\"contentUrl\":\"https:\\\/\\\/www.davidschool.com\\\/wp-content\\\/uploads\\\/2019\\\/05\\\/Il-David_logo.png\",\"width\":429,\"height\":133,\"caption\":\"Istituto Il David\"},\"image\":{\"@id\":\"https:\\\/\\\/www.davidschool.com\\\/fr\\\/#\\\/schema\\\/logo\\\/image\\\/\"}}]}<\/script>\n<!-- \/ Yoast SEO plugin. -->","yoast_head_json":{"title":"R\u00e8glement de l\u2019\u00e9cole | Istituto Il David | Firenze","robots":{"index":"index","follow":"follow","max-snippet":"max-snippet:-1","max-image-preview":"max-image-preview:large","max-video-preview":"max-video-preview:-1"},"canonical":"https:\/\/www.davidschool.com\/fr\/les-reglements-scolaires\/","og_locale":"fr_FR","og_type":"article","og_title":"R\u00e8glement de l\u2019\u00e9cole | Istituto Il David | Firenze","og_description":"\u00a0 COMMENT S&rsquo;INSCRIRERemplir et envoyer le formulaire d&rsquo;inscription est gratuit et non contraignant.N\u00e9anmoins, nous vous invitons \u00e0 vous assurer de vos besoins avant de nous envoyer le formulaire d&rsquo;inscription. Les d\u00e9tails et les co\u00fbts de nos cours et autres services suppl\u00e9mentaires sont d\u00e9crits sur notre site web. En cas de doute ou d&rsquo;incertitude, veuillez d&rsquo;abord [&hellip;]","og_url":"https:\/\/www.davidschool.com\/fr\/les-reglements-scolaires\/","og_site_name":"Istituto IL DAVID","article_modified_time":"2025-02-06T15:39:00+00:00","twitter_card":"summary_large_image","twitter_misc":{"Dur\u00e9e de lecture estim\u00e9e":"10 minutes"},"schema":{"@context":"https:\/\/schema.org","@graph":[{"@type":"WebPage","@id":"https:\/\/www.davidschool.com\/fr\/les-reglements-scolaires\/","url":"https:\/\/www.davidschool.com\/fr\/les-reglements-scolaires\/","name":"R\u00e8glement de l\u2019\u00e9cole | Istituto Il David | Firenze","isPartOf":{"@id":"https:\/\/www.davidschool.com\/fr\/#website"},"datePublished":"2019-07-30T11:21:05+00:00","dateModified":"2025-02-06T15:39:00+00:00","breadcrumb":{"@id":"https:\/\/www.davidschool.com\/fr\/les-reglements-scolaires\/#breadcrumb"},"inLanguage":"fr-FR","potentialAction":[{"@type":"ReadAction","target":["https:\/\/www.davidschool.com\/fr\/les-reglements-scolaires\/"]}]},{"@type":"BreadcrumbList","@id":"https:\/\/www.davidschool.com\/fr\/les-reglements-scolaires\/#breadcrumb","itemListElement":[{"@type":"ListItem","position":1,"name":"Home","item":"https:\/\/www.davidschool.com\/fr\/"},{"@type":"ListItem","position":2,"name":"REGLEMENT"}]},{"@type":"WebSite","@id":"https:\/\/www.davidschool.com\/fr\/#website","url":"https:\/\/www.davidschool.com\/fr\/","name":"Istituto IL DAVID","description":"Italian Language School","publisher":{"@id":"https:\/\/www.davidschool.com\/fr\/#organization"},"potentialAction":[{"@type":"SearchAction","target":{"@type":"EntryPoint","urlTemplate":"https:\/\/www.davidschool.com\/fr\/?s={search_term_string}"},"query-input":{"@type":"PropertyValueSpecification","valueRequired":true,"valueName":"search_term_string"}}],"inLanguage":"fr-FR"},{"@type":"Organization","@id":"https:\/\/www.davidschool.com\/fr\/#organization","name":"Istituto Il David","url":"https:\/\/www.davidschool.com\/fr\/","logo":{"@type":"ImageObject","inLanguage":"fr-FR","@id":"https:\/\/www.davidschool.com\/fr\/#\/schema\/logo\/image\/","url":"https:\/\/www.davidschool.com\/wp-content\/uploads\/2019\/05\/Il-David_logo.png","contentUrl":"https:\/\/www.davidschool.com\/wp-content\/uploads\/2019\/05\/Il-David_logo.png","width":429,"height":133,"caption":"Istituto Il David"},"image":{"@id":"https:\/\/www.davidschool.com\/fr\/#\/schema\/logo\/image\/"}}]}},"_links":{"self":[{"href":"https:\/\/www.davidschool.com\/fr\/wp-json\/wp\/v2\/pages\/1863","targetHints":{"allow":["GET"]}}],"collection":[{"href":"https:\/\/www.davidschool.com\/fr\/wp-json\/wp\/v2\/pages"}],"about":[{"href":"https:\/\/www.davidschool.com\/fr\/wp-json\/wp\/v2\/types\/page"}],"author":[{"embeddable":true,"href":"https:\/\/www.davidschool.com\/fr\/wp-json\/wp\/v2\/users\/1"}],"replies":[{"embeddable":true,"href":"https:\/\/www.davidschool.com\/fr\/wp-json\/wp\/v2\/comments?post=1863"}],"version-history":[{"count":13,"href":"https:\/\/www.davidschool.com\/fr\/wp-json\/wp\/v2\/pages\/1863\/revisions"}],"predecessor-version":[{"id":33227,"href":"https:\/\/www.davidschool.com\/fr\/wp-json\/wp\/v2\/pages\/1863\/revisions\/33227"}],"wp:attachment":[{"href":"https:\/\/www.davidschool.com\/fr\/wp-json\/wp\/v2\/media?parent=1863"}],"curies":[{"name":"wp","href":"https:\/\/api.w.org\/{rel}","templated":true}]}}