{"id":1925,"date":"2019-05-08T10:40:23","date_gmt":"2019-05-08T08:40:23","guid":{"rendered":"http:\/\/3.122.4.63\/?page_id=1925"},"modified":"2021-01-21T17:55:20","modified_gmt":"2021-01-21T16:55:20","slug":"contacter-l-ecole","status":"publish","type":"page","link":"https:\/\/www.davidschool.com\/fr\/contacter-l-ecole\/","title":{"rendered":"CONTACTS"},"content":{"rendered":"<p>[et_pb_section fb_built=\u00a0\u00bb1&Prime; specialty=\u00a0\u00bbon\u00a0\u00bb _builder_version=\u00a0\u00bb3.22&Prime; inner_max_width=\u00a0\u00bbnone\u00a0\u00bb][et_pb_column type=\u00a0\u00bb3_4&Prime; specialty_columns=\u00a0\u00bb3&Prime; _builder_version=\u00a0\u00bb3.25&Prime; custom_padding=\u00a0\u00bb|||\u00a0\u00bb custom_padding__hover=\u00a0\u00bb|||\u00a0\u00bb][et_pb_row_inner admin_label=\u00a0\u00bbRiga\u00a0\u00bb _builder_version=\u00a0\u00bb3.25&Prime; z_index_tablet=\u00a0\u00bb500&Prime; border_color_all=\u00a0\u00bb#004058&Prime;][et_pb_column_inner saved_specialty_column_type=\u00a0\u00bb3_4&Prime; _builder_version=\u00a0\u00bb3.0.47&Prime; custom_padding=\u00a0\u00bb|||\u00a0\u00bb custom_padding__hover=\u00a0\u00bb|||\u00a0\u00bb][et_pb_text _builder_version=\u00a0\u00bb3.27.4&Prime; z_index_tablet=\u00a0\u00bb500&Prime;]<\/p>\n<h1>CONTACTS<\/h1>\n<p>[\/et_pb_text][et_pb_text _builder_version=\u00a0\u00bb4.3.2&Prime; z_index_tablet=\u00a0\u00bb500&Prime;]<form class=\"pwf_contact_form twocolumns   m-0 justify-content-center\" method=\"post\" action=\"https:\/\/www.davidschool.com\/wp-admin\/admin-ajax.php\" name=\"contactform\" id=\"contact_form_standard\" enctype=\"multipart\/form-data\" data-locale=\"fr_FR\"><div class=\"row col-12 testcontact\">\n  <div class=\"inputfield form-style col-md-6  col-sm-12 col-sm-12 col-12\">\n     <input name=\"_pwf_name\" id=\"_pwf_name_standard\" type=\"text\" placeholder=\"\u00c9crivez votre pr\u00e9nom\" aria-required=\"true\" size=\"30\" class=\"form-control\" value=\"\">\n    <label for=\"_pwf_name_standard\">\n      Pr\u00e9nom    <\/label>\n  <\/div>\n  <div class=\"inputfield form-style col-md-6  col-sm-12 col-12\">\n     <input name=\"_pwf_email\" id=\"_pwf_email_standard\" type=\"text\" placeholder=\"Indiquez votre adresse \u00e9lectronique\" aria-required=\"true\" size=\"30\" class=\"form-control\" value=\"\">\n    <label for=\"_pwf_email_standard\">\n      E-mail    <\/label>\n  <\/div>  \n  <div class=\"inputfield form-style col-sm-12 col-12\">\n    <input name=\"_pwf_nationality\" placeholder=\"Indiquez votre nationalit\u00e9\" type=\"text\" id=\"_pwf_nationalitystandard\" class=\"form-control\" value=\"\">\n    <label for=\"_pwf_nationality_standard\">\n      Nationalit\u00e9    <\/label>\n  <\/div>\n  <div class=\"inputfield form-style col-sm-12 col-12\">\n    <textarea name=\"_pwf_message\" class=\"message form-control\" required placeholder=\"Message\" style=\"height: 150px;\"><\/textarea>\n    <label for=\"_pwf_message_standard\">\n      Laissez-nous un message    <\/label>\n  <\/div>\n<\/div>\n<div class=\"submit-block inputfield form-style row col-md-5 col-sm-12 col-12\">\n  <label class=\"align-items-center d-flex justify-content-center sub-title toggleButton\"> <span class=\"col-9 font-12 lineheight-12\">J'ai lu, compris et accept\u00e9 la <a href=\"https:\/\/www.davidschool.com\/fr\/privacy-policy\/\" target=\"_blank\">politique de confidentialit\u00e9<\/a> de ce site<\/span> <span class=\"col-3\">\n    <input type=\"checkbox\" name=\"_pwf_privacy\" id=\"_pwf_privacy_newsletter\" value=\"1\">\n    <span class=\"colored\">\n    <svg viewBox=\"0 0 44 44\">\n      <path d=\"M14,24 L21,31 L39.7428882,11.5937758 C35.2809627,6.53125861 30.0333333,4 24,4 C12.95,4 4,12.95 4,24 C4,35.05 12.95,44 24,44 C35.05,44 44,35.05 44,24 C44,19.3 42.5809627,15.1645919 39.7428882,11.5937758\" transform=\"translate(-2.000000, -2.000000)\"><\/path>\n    <\/svg>\n    <\/span> <\/span> <\/label>\n<\/div>\n<div class=\"inputfield form-style col-sm-12 col-12\">\n  <input type=\"hidden\" name=\"_pwf_type\" value=\"contact\"\/>\n  <input type=\"hidden\" name=\"_pwf_page\" value=\"contact\"\/>\n  <input type=\"hidden\" name=\"_pwf_language\" value=\"French\"\/>\n  <input type=\"hidden\" name=\"_pwf_language_code\" value=\"fr\"\/>\n          <button class=\"btn btn-medium btn--breez btn-hover-shadow\" id=\"_pwf_submitstandard\" type=\"submit\" name=\"contact_submit\"> <span id=\"wait\">\n  Envoi  <\/span> <span class=\"text\" id=\"buttontext\">\n  Envoyer  <\/span> <span class=\"semicircle\"><\/span> <\/button>\n  <div id=\"messages\"><\/div>\n<\/div>\n<\/form>[\/et_pb_text][et_pb_divider show_divider=\u00a0\u00bboff\u00a0\u00bb _builder_version=\u00a0\u00bb3.22.7&Prime; z_index_tablet=\u00a0\u00bb500&Prime;]<\/p>\n<p>[\/et_pb_divider][et_pb_text _builder_version=\u00a0\u00bb4.0.3&Prime; text_font=\u00a0\u00bb|600|||||||\u00a0\u00bb text_text_color=\u00a0\u00bb#004058&Prime; custom_padding=\u00a0\u00bb5px||5px|\u00a0\u00bb animation_style=\u00a0\u00bbroll\u00a0\u00bb z_index_tablet=\u00a0\u00bb500&Prime; border_radii=\u00a0\u00bbon|32px|32px|32px|32px\u00a0\u00bb border_width_all=\u00a0\u00bb2px\u00a0\u00bb border_color_all=\u00a0\u00bb#fa8072&Prime; border_style_all=\u00a0\u00bbdotted\u00a0\u00bb box_shadow_style=\u00a0\u00bbpreset1&Prime; box_shadow_vertical=\u00a0\u00bb1px\u00a0\u00bb]<\/p>\n<p style=\"text-align: center;\">\u00cates-vous \u00e0 Florence maintenant? <br \/><strong>Venez \u00e0 notre \u00e9cole.<\/strong><br \/>Nous sommes \u00e0 quelques pas de la gare centrale et du Duomo, dans Via de&rsquo; Vecchietti 1.<br \/>Nous sommes ouverts du lundi au vendredi de 9h00 \u00e0 17h00.<\/p>\n<p>[\/et_pb_text][\/et_pb_column_inner][\/et_pb_row_inner][et_pb_row_inner admin_label=\u00a0\u00bbRiga\u00a0\u00bb _builder_version=\u00a0\u00bb3.25&Prime;][et_pb_column_inner saved_specialty_column_type=\u00a0\u00bb3_4&Prime; _builder_version=\u00a0\u00bb3.0.47&Prime; custom_padding=\u00a0\u00bb|||\u00a0\u00bb custom_padding__hover=\u00a0\u00bb|||\u00a0\u00bb][et_pb_map address=\u00a0\u00bbVia de&rsquo; Vecchietti, 1, 50123 Firenze FI, Italia\u00a0\u00bb zoom_level=\u00a0\u00bb14&Prime; address_lat=\u00a0\u00bb43.77314178841234&Prime; address_lng=\u00a0\u00bb11.25322361481936&Prime; _builder_version=\u00a0\u00bb3.22.7&Prime; z_index_tablet=\u00a0\u00bb500&Prime;][et_pb_map_pin title=\u00a0\u00bbIstituto Il David &#8211; Italian Language School\u00a0\u00bb pin_address=\u00a0\u00bbVia de&rsquo; Vecchietti, 1, 50123 Firenze FI, Italia\u00a0\u00bb pin_address_lat=\u00a0\u00bb43.7717163&Prime; pin_address_lng=\u00a0\u00bb11.25262280000004&Prime; _builder_version=\u00a0\u00bb3.22.7&Prime;]<\/p>\n<p>Via de&rsquo; Vecchietti, 1, 50123 Firenze&nbsp;<\/p>\n<p>[\/et_pb_map_pin][et_pb_map_pin title=\u00a0\u00bbFirenze S.M.N.\u00a0\u00bb pin_address=\u00a0\u00bbPiazza di Santa Maria Novella, 50123 Firenze FI, Italia\u00a0\u00bb pin_address_lat=\u00a0\u00bb43.77313909999999&Prime; pin_address_lng=\u00a0\u00bb11.249619800000005&Prime; _builder_version=\u00a0\u00bb3.22.7&Prime;]<\/p>\n<p>Central Train Station S.M.Novella<br \/>Piazza di Santa Maria Novella, 50123 Firenze<\/p>\n<p>[\/et_pb_map_pin][et_pb_map_pin title=\u00a0\u00bbPonte Vecchio\u00a0\u00bb pin_address=\u00a0\u00bbPonte Vecchio, Ponte Vecchio, 50125 Firenze FI, Italia\u00a0\u00bb pin_address_lat=\u00a0\u00bb43.767925&Prime; pin_address_lng=\u00a0\u00bb11.253143499999965&Prime; _builder_version=\u00a0\u00bb3.22.7&Prime;]<\/p>\n<p>Ponte Vecchio, 50125 Firenze<\/p>\n<p>[\/et_pb_map_pin][et_pb_map_pin title=\u00a0\u00bbPiazza della Signoria\u00a0\u00bb pin_address=\u00a0\u00bbPiazza della Signoria, 50122 Firenze FI, Italia\u00a0\u00bb pin_address_lat=\u00a0\u00bb43.7696855&Prime; pin_address_lng=\u00a0\u00bb11.255642200000011&Prime; _builder_version=\u00a0\u00bb3.22.7&Prime;]<\/p>\n<p>Piazza della Signoria, 50122 Firenze&nbsp;<\/p>\n<p>[\/et_pb_map_pin][et_pb_map_pin title=\u00a0\u00bbPiazza del Duomo\u00a0\u00bb pin_address=\u00a0\u00bbPiazza del Duomo, 50122 Firenze FI, Italia\u00a0\u00bb pin_address_lat=\u00a0\u00bb43.7734385&Prime; pin_address_lng=\u00a0\u00bb11.256550100000027&Prime; _builder_version=\u00a0\u00bb3.22.7&Prime;]<\/p>\n<p>Piazza del Duomo, 50122 Firenze<\/p>\n<p>[\/et_pb_map_pin][\/et_pb_map][\/et_pb_column_inner][\/et_pb_row_inner][\/et_pb_column][et_pb_column type=\u00a0\u00bb1_4&Prime; _builder_version=\u00a0\u00bb3.25&Prime; custom_padding=\u00a0\u00bb|||\u00a0\u00bb custom_padding__hover=\u00a0\u00bb|||\u00a0\u00bb][et_pb_counters module_id=\u00a0\u00bbpagesidebar\u00a0\u00bb _builder_version=\u00a0\u00bb4.3.2&Prime;][\/et_pb_counters][\/et_pb_column][\/et_pb_section]<\/p>\n","protected":false},"excerpt":{"rendered":"<p>[et_pb_section fb_built=\u00a0\u00bb1&Prime; specialty=\u00a0\u00bbon\u00a0\u00bb _builder_version=\u00a0\u00bb3.22&Prime; inner_max_width=\u00a0\u00bbnone\u00a0\u00bb][et_pb_column type=\u00a0\u00bb3_4&Prime; specialty_columns=\u00a0\u00bb3&Prime; _builder_version=\u00a0\u00bb3.25&Prime; custom_padding=\u00a0\u00bb|||\u00a0\u00bb custom_padding__hover=\u00a0\u00bb|||\u00a0\u00bb][et_pb_row_inner admin_label=\u00a0\u00bbRiga\u00a0\u00bb _builder_version=\u00a0\u00bb3.25&Prime; z_index_tablet=\u00a0\u00bb500&Prime; border_color_all=\u00a0\u00bb#004058&Prime;][et_pb_column_inner saved_specialty_column_type=\u00a0\u00bb3_4&Prime; _builder_version=\u00a0\u00bb3.0.47&Prime; custom_padding=\u00a0\u00bb|||\u00a0\u00bb custom_padding__hover=\u00a0\u00bb|||\u00a0\u00bb][et_pb_text _builder_version=\u00a0\u00bb3.27.4&Prime; z_index_tablet=\u00a0\u00bb500&Prime;] CONTACTS [\/et_pb_text][et_pb_text _builder_version=\u00a0\u00bb4.3.2&Prime; z_index_tablet=\u00a0\u00bb500&Prime;][\/et_pb_text][et_pb_divider show_divider=\u00a0\u00bboff\u00a0\u00bb _builder_version=\u00a0\u00bb3.22.7&Prime; z_index_tablet=\u00a0\u00bb500&Prime;] [\/et_pb_divider][et_pb_text _builder_version=\u00a0\u00bb4.0.3&Prime; text_font=\u00a0\u00bb|600|||||||\u00a0\u00bb text_text_color=\u00a0\u00bb#004058&Prime; custom_padding=\u00a0\u00bb5px||5px|\u00a0\u00bb animation_style=\u00a0\u00bbroll\u00a0\u00bb z_index_tablet=\u00a0\u00bb500&Prime; border_radii=\u00a0\u00bbon|32px|32px|32px|32px\u00a0\u00bb border_width_all=\u00a0\u00bb2px\u00a0\u00bb border_color_all=\u00a0\u00bb#fa8072&Prime; border_style_all=\u00a0\u00bbdotted\u00a0\u00bb box_shadow_style=\u00a0\u00bbpreset1&Prime; box_shadow_vertical=\u00a0\u00bb1px\u00a0\u00bb] \u00cates-vous \u00e0 Florence maintenant? Venez \u00e0 notre \u00e9cole.Nous sommes \u00e0 quelques pas de la gare [&hellip;]<\/p>\n","protected":false},"author":1,"featured_media":0,"parent":0,"menu_order":0,"comment_status":"closed","ping_status":"closed","template":"page-contacts.php","meta":{"footnotes":""},"class_list":["post-1925","page","type-page","status-publish","hentry"],"yoast_head":"<!-- This site is optimized with the Yoast SEO plugin v27.2 - https:\/\/yoast.com\/product\/yoast-seo-wordpress\/ -->\n<title>Contactez l&#039;\u00e9cole d&#039;italien \u00e0 Florence | Istituto IL DAVID<\/title>\n<meta name=\"description\" content=\"Voulez-vous apprendre l&#039;italien? Contactez-nous et demandez des informations sur les cours d&#039;italien dans notre \u00e9cole. Si vous \u00eates \u00e0 Florence, venez nous rendre visite du lundi au vendredi\" \/>\n<meta name=\"robots\" content=\"index, follow, max-snippet:-1, max-image-preview:large, max-video-preview:-1\" \/>\n<link rel=\"canonical\" href=\"https:\/\/www.davidschool.com\/fr\/contacter-l-ecole\/\" \/>\n<meta property=\"og:locale\" content=\"fr_FR\" \/>\n<meta property=\"og:type\" content=\"article\" \/>\n<meta property=\"og:title\" content=\"Contactez l&#039;\u00e9cole d&#039;italien \u00e0 Florence | Istituto IL DAVID\" \/>\n<meta property=\"og:description\" content=\"Voulez-vous apprendre l&#039;italien? Contactez-nous et demandez des informations sur les cours d&#039;italien dans notre \u00e9cole. Si vous \u00eates \u00e0 Florence, venez nous rendre visite du lundi au vendredi\" \/>\n<meta property=\"og:url\" content=\"https:\/\/www.davidschool.com\/fr\/contacter-l-ecole\/\" \/>\n<meta property=\"og:site_name\" content=\"Istituto IL DAVID\" \/>\n<meta property=\"article:modified_time\" content=\"2021-01-21T16:55:20+00:00\" \/>\n<meta name=\"twitter:card\" content=\"summary_large_image\" \/>\n<meta name=\"twitter:label1\" content=\"Dur\u00e9e de lecture estim\u00e9e\" \/>\n\t<meta name=\"twitter:data1\" content=\"2 minutes\" \/>\n<script type=\"application\/ld+json\" class=\"yoast-schema-graph\">{\"@context\":\"https:\/\/schema.org\",\"@graph\":[{\"@type\":\"WebPage\",\"@id\":\"https:\/\/www.davidschool.com\/fr\/contacter-l-ecole\/\",\"url\":\"https:\/\/www.davidschool.com\/fr\/contacter-l-ecole\/\",\"name\":\"Contactez l'\u00e9cole d'italien \u00e0 Florence | Istituto IL DAVID\",\"isPartOf\":{\"@id\":\"https:\/\/www.davidschool.com\/fr\/#website\"},\"datePublished\":\"2019-05-08T08:40:23+00:00\",\"dateModified\":\"2021-01-21T16:55:20+00:00\",\"description\":\"Voulez-vous apprendre l'italien? Contactez-nous et demandez des informations sur les cours d'italien dans notre \u00e9cole. Si vous \u00eates \u00e0 Florence, venez nous rendre visite du lundi au vendredi\",\"breadcrumb\":{\"@id\":\"https:\/\/www.davidschool.com\/fr\/contacter-l-ecole\/#breadcrumb\"},\"inLanguage\":\"fr-FR\",\"potentialAction\":[{\"@type\":\"ReadAction\",\"target\":[\"https:\/\/www.davidschool.com\/fr\/contacter-l-ecole\/\"]}]},{\"@type\":\"BreadcrumbList\",\"@id\":\"https:\/\/www.davidschool.com\/fr\/contacter-l-ecole\/#breadcrumb\",\"itemListElement\":[{\"@type\":\"ListItem\",\"position\":1,\"name\":\"Home\",\"item\":\"https:\/\/www.davidschool.com\/fr\/\"},{\"@type\":\"ListItem\",\"position\":2,\"name\":\"CONTACTS\"}]},{\"@type\":\"WebSite\",\"@id\":\"https:\/\/www.davidschool.com\/fr\/#website\",\"url\":\"https:\/\/www.davidschool.com\/fr\/\",\"name\":\"Istituto IL DAVID\",\"description\":\"Italian Language School\",\"publisher\":{\"@id\":\"https:\/\/www.davidschool.com\/fr\/#organization\"},\"potentialAction\":[{\"@type\":\"SearchAction\",\"target\":{\"@type\":\"EntryPoint\",\"urlTemplate\":\"https:\/\/www.davidschool.com\/fr\/?s={search_term_string}\"},\"query-input\":{\"@type\":\"PropertyValueSpecification\",\"valueRequired\":true,\"valueName\":\"search_term_string\"}}],\"inLanguage\":\"fr-FR\"},{\"@type\":\"Organization\",\"@id\":\"https:\/\/www.davidschool.com\/fr\/#organization\",\"name\":\"Istituto Il David\",\"url\":\"https:\/\/www.davidschool.com\/fr\/\",\"logo\":{\"@type\":\"ImageObject\",\"inLanguage\":\"fr-FR\",\"@id\":\"https:\/\/www.davidschool.com\/fr\/#\/schema\/logo\/image\/\",\"url\":\"https:\/\/www.davidschool.com\/wp-content\/uploads\/2019\/05\/Il-David_logo.png\",\"contentUrl\":\"https:\/\/www.davidschool.com\/wp-content\/uploads\/2019\/05\/Il-David_logo.png\",\"width\":429,\"height\":133,\"caption\":\"Istituto Il David\"},\"image\":{\"@id\":\"https:\/\/www.davidschool.com\/fr\/#\/schema\/logo\/image\/\"}}]}<\/script>\n<!-- \/ Yoast SEO plugin. -->","yoast_head_json":{"title":"Contactez l'\u00e9cole d'italien \u00e0 Florence | Istituto IL DAVID","description":"Voulez-vous apprendre l'italien? Contactez-nous et demandez des informations sur les cours d'italien dans notre \u00e9cole. Si vous \u00eates \u00e0 Florence, venez nous rendre visite du lundi au vendredi","robots":{"index":"index","follow":"follow","max-snippet":"max-snippet:-1","max-image-preview":"max-image-preview:large","max-video-preview":"max-video-preview:-1"},"canonical":"https:\/\/www.davidschool.com\/fr\/contacter-l-ecole\/","og_locale":"fr_FR","og_type":"article","og_title":"Contactez l'\u00e9cole d'italien \u00e0 Florence | Istituto IL DAVID","og_description":"Voulez-vous apprendre l'italien? Contactez-nous et demandez des informations sur les cours d'italien dans notre \u00e9cole. Si vous \u00eates \u00e0 Florence, venez nous rendre visite du lundi au vendredi","og_url":"https:\/\/www.davidschool.com\/fr\/contacter-l-ecole\/","og_site_name":"Istituto IL DAVID","article_modified_time":"2021-01-21T16:55:20+00:00","twitter_card":"summary_large_image","twitter_misc":{"Dur\u00e9e de lecture estim\u00e9e":"2 minutes"},"schema":{"@context":"https:\/\/schema.org","@graph":[{"@type":"WebPage","@id":"https:\/\/www.davidschool.com\/fr\/contacter-l-ecole\/","url":"https:\/\/www.davidschool.com\/fr\/contacter-l-ecole\/","name":"Contactez l'\u00e9cole d'italien \u00e0 Florence | Istituto IL DAVID","isPartOf":{"@id":"https:\/\/www.davidschool.com\/fr\/#website"},"datePublished":"2019-05-08T08:40:23+00:00","dateModified":"2021-01-21T16:55:20+00:00","description":"Voulez-vous apprendre l'italien? Contactez-nous et demandez des informations sur les cours d'italien dans notre \u00e9cole. Si vous \u00eates \u00e0 Florence, venez nous rendre visite du lundi au vendredi","breadcrumb":{"@id":"https:\/\/www.davidschool.com\/fr\/contacter-l-ecole\/#breadcrumb"},"inLanguage":"fr-FR","potentialAction":[{"@type":"ReadAction","target":["https:\/\/www.davidschool.com\/fr\/contacter-l-ecole\/"]}]},{"@type":"BreadcrumbList","@id":"https:\/\/www.davidschool.com\/fr\/contacter-l-ecole\/#breadcrumb","itemListElement":[{"@type":"ListItem","position":1,"name":"Home","item":"https:\/\/www.davidschool.com\/fr\/"},{"@type":"ListItem","position":2,"name":"CONTACTS"}]},{"@type":"WebSite","@id":"https:\/\/www.davidschool.com\/fr\/#website","url":"https:\/\/www.davidschool.com\/fr\/","name":"Istituto IL DAVID","description":"Italian Language School","publisher":{"@id":"https:\/\/www.davidschool.com\/fr\/#organization"},"potentialAction":[{"@type":"SearchAction","target":{"@type":"EntryPoint","urlTemplate":"https:\/\/www.davidschool.com\/fr\/?s={search_term_string}"},"query-input":{"@type":"PropertyValueSpecification","valueRequired":true,"valueName":"search_term_string"}}],"inLanguage":"fr-FR"},{"@type":"Organization","@id":"https:\/\/www.davidschool.com\/fr\/#organization","name":"Istituto Il David","url":"https:\/\/www.davidschool.com\/fr\/","logo":{"@type":"ImageObject","inLanguage":"fr-FR","@id":"https:\/\/www.davidschool.com\/fr\/#\/schema\/logo\/image\/","url":"https:\/\/www.davidschool.com\/wp-content\/uploads\/2019\/05\/Il-David_logo.png","contentUrl":"https:\/\/www.davidschool.com\/wp-content\/uploads\/2019\/05\/Il-David_logo.png","width":429,"height":133,"caption":"Istituto Il David"},"image":{"@id":"https:\/\/www.davidschool.com\/fr\/#\/schema\/logo\/image\/"}}]}},"_links":{"self":[{"href":"https:\/\/www.davidschool.com\/fr\/wp-json\/wp\/v2\/pages\/1925","targetHints":{"allow":["GET"]}}],"collection":[{"href":"https:\/\/www.davidschool.com\/fr\/wp-json\/wp\/v2\/pages"}],"about":[{"href":"https:\/\/www.davidschool.com\/fr\/wp-json\/wp\/v2\/types\/page"}],"author":[{"embeddable":true,"href":"https:\/\/www.davidschool.com\/fr\/wp-json\/wp\/v2\/users\/1"}],"replies":[{"embeddable":true,"href":"https:\/\/www.davidschool.com\/fr\/wp-json\/wp\/v2\/comments?post=1925"}],"version-history":[{"count":3,"href":"https:\/\/www.davidschool.com\/fr\/wp-json\/wp\/v2\/pages\/1925\/revisions"}],"predecessor-version":[{"id":10774,"href":"https:\/\/www.davidschool.com\/fr\/wp-json\/wp\/v2\/pages\/1925\/revisions\/10774"}],"wp:attachment":[{"href":"https:\/\/www.davidschool.com\/fr\/wp-json\/wp\/v2\/media?parent=1925"}],"curies":[{"name":"wp","href":"https:\/\/api.w.org\/{rel}","templated":true}]}}