{"id":505,"date":"2019-05-20T10:25:21","date_gmt":"2019-05-20T08:25:21","guid":{"rendered":"http:\/\/3.122.4.63\/?page_id=505"},"modified":"2025-01-20T16:03:32","modified_gmt":"2025-01-20T15:03:32","slug":"ecole-italien-florence","status":"publish","type":"page","link":"https:\/\/www.davidschool.com\/fr\/ecole-italien-florence\/","title":{"rendered":"L\u2019\u00c9COLE"},"content":{"rendered":"\n<figure class=\"wp-block-image size-large\"><img loading=\"lazy\" decoding=\"async\" width=\"1024\" height=\"357\" src=\"https:\/\/www.davidschool.com\/wp-content\/uploads\/2020\/05\/5-1024x357.jpg\" alt=\"\" class=\"wp-image-15031\" srcset=\"https:\/\/www.davidschool.com\/wp-content\/uploads\/2020\/05\/5-1024x357.jpg 1024w, https:\/\/www.davidschool.com\/wp-content\/uploads\/2020\/05\/5-300x105.jpg 300w, https:\/\/www.davidschool.com\/wp-content\/uploads\/2020\/05\/5-768x268.jpg 768w, https:\/\/www.davidschool.com\/wp-content\/uploads\/2020\/05\/5-80x28.jpg 80w, https:\/\/www.davidschool.com\/wp-content\/uploads\/2020\/05\/5-270x94.jpg 270w, https:\/\/www.davidschool.com\/wp-content\/uploads\/2020\/05\/5.jpg 1200w\" sizes=\"auto, (max-width: 1024px) 100vw, 1024px\" \/><\/figure>\n\n\n\n<h2 class=\"wp-block-heading\">ISTITUTO IL DAVID | \u00c9cole de langue italienne \u00e0 Florence<\/h2>\n\n\n\n<h2 class=\"wp-block-heading\"><strong>Bienvenue \u00e0 l&rsquo;Istituto Il David!<\/strong><\/h2>\n\n\n\n<h3 class=\"wp-block-heading\">L&rsquo;\u00c9COLE<\/h3>\n\n\n\n<p>L&rsquo;<strong>Istituto Il David<\/strong> est l&rsquo;une des <strong>\u00e9coles de langue italienne<\/strong> les plus connues et r\u00e9put\u00e9es de Florence.<br>C&rsquo;est l&rsquo;endroit id\u00e9al pour <strong>apprendre ou am\u00e9liorer la connaissance de la langue italienne<\/strong> et pour vivre une exp\u00e9rience inoubliable dans l&rsquo;une des villes les plus belles et les plus fascinantes du monde.<\/p>\n\n\n\n<p>L\u2019\u00e9cole de langue italienne a \u00e9t\u00e9 fond\u00e9e en <strong>1983<\/strong> et propose depuis plus de 40 ans une grande vari\u00e9t\u00e9 de <strong>cours de langue et de culture italiennes<\/strong> tout au long de l\u2019ann\u00e9e. La longue exp\u00e9rience garantit le professionnalisme, les r\u00e9sultats et une excellente organisation pour un s\u00e9jour agr\u00e9able \u00e0 Florence.<br>Au cours de ces ann\u00e9es, des milliers d&rsquo;\u00e9tudiants de plus de 80 pays ont appris, perfectionn\u00e9 ou perfectionn\u00e9 la langue italienne, pass\u00e9 une p\u00e9riode inoubliable dans leur vie, se sont li\u00e9s d&rsquo;amiti\u00e9 avec des personnes d&rsquo;autres nationalit\u00e9s et avec des Italiens.<\/p>\n\n\n\n<p>Elle est <strong>officiellement reconnue par le minist\u00e8re italien de l&rsquo;\u00c9ducation<\/strong>, est membre de l&rsquo;association des \u00e9coles de langue italienne <strong>Scuole Licet<\/strong> (langue italienne, culture et tourisme), est associ\u00e9e \u00e0 <strong>Eduitalia<\/strong> (association des services linguistiques pour les \u00e9tudiants \u00e9trangers en Italie, et fait partie du <strong>programme Erasmus<\/strong> de l&rsquo;Union europ\u00e9enne.<\/p>\n\n\n\n<p>L\u2019\u00e9cole n\u2019est pas tr\u00e8s grande et l\u2019une des caract\u00e9ristiques fondamentales est donc l\u2019atmosph\u00e8re conviviale gr\u00e2ce \u00e0 laquelle les \u00e9tudiants se font tr\u00e8s facilement des amis.<br>\u00c0 l&rsquo;Istituto Il David, l&rsquo;\u00e9tudiant n&rsquo;est jamais un num\u00e9ro, mais un ami \u00e0 qui nous devrions pr\u00eater assistance et attention, en le suivant constamment dans son parcours \u00e9ducatif et dans son s\u00e9jour \u00e0 Florence.<\/p>\n\n\n\n<figure class=\"wp-block-image size-large\"><img loading=\"lazy\" decoding=\"async\" width=\"768\" height=\"431\" src=\"https:\/\/www.davidschool.com\/wp-content\/uploads\/2020\/05\/1.jpg\" alt=\"\" class=\"wp-image-14981\" srcset=\"https:\/\/www.davidschool.com\/wp-content\/uploads\/2020\/05\/1.jpg 768w, https:\/\/www.davidschool.com\/wp-content\/uploads\/2020\/05\/1-300x168.jpg 300w, https:\/\/www.davidschool.com\/wp-content\/uploads\/2020\/05\/1-80x45.jpg 80w, https:\/\/www.davidschool.com\/wp-content\/uploads\/2020\/05\/1-270x152.jpg 270w\" sizes=\"auto, (max-width: 768px) 100vw, 768px\" \/><\/figure>\n\n\n\n<h3 class=\"wp-block-heading\">L&rsquo;\u00c9COLE AU CENTRE DE FLORENCE<\/h3>\n\n\n\n<p>L&rsquo; \u00e9cole de langue italienne est situ\u00e9 dans le<strong> centre historique de Florence<\/strong>, \u00e0 quelques pas de la centrale Piazza della Repubblica, au troisi\u00e8me \u00e9tage d&rsquo;un palais bourgeois dans l&rsquo;un des quartiers les plus prestigieux et s\u00fbrs de la ville, la zone des banques et des magasins de mode.<br>La cath\u00e9drale, Piazza della Signoria, la gare centrale et tous les monuments les plus c\u00e9l\u00e8bres se trouvent \u00e0 3-10 minutes \u00e0 pied de l&rsquo;\u00e9cole.<\/p>\n\n\n\n<h3 class=\"wp-block-heading\">LES SALLES DE CLASSE<\/h3>\n\n\n\n<p>Les salles de cours o\u00f9 se d\u00e9roulent les cours sont spacieuses, lumineuses et confortables. Ils disposent de grandes tables et de chaises confortables et sont \u00e9quip\u00e9s de t\u00e9l\u00e9viseurs et de lecteurs de DVD.<\/p>\n\n\n\n<figure class=\"wp-block-image size-large\"><img loading=\"lazy\" decoding=\"async\" width=\"1024\" height=\"510\" src=\"https:\/\/www.davidschool.com\/wp-content\/uploads\/2020\/05\/2-1024x510.jpg\" alt=\"\" class=\"wp-image-14986\" srcset=\"https:\/\/www.davidschool.com\/wp-content\/uploads\/2020\/05\/2-1024x510.jpg 1024w, https:\/\/www.davidschool.com\/wp-content\/uploads\/2020\/05\/2-300x149.jpg 300w, https:\/\/www.davidschool.com\/wp-content\/uploads\/2020\/05\/2-768x382.jpg 768w, https:\/\/www.davidschool.com\/wp-content\/uploads\/2020\/05\/2-80x40.jpg 80w, https:\/\/www.davidschool.com\/wp-content\/uploads\/2020\/05\/2-270x134.jpg 270w, https:\/\/www.davidschool.com\/wp-content\/uploads\/2020\/05\/2.jpg 1137w\" sizes=\"auto, (max-width: 1024px) 100vw, 1024px\" \/><\/figure>\n\n\n\n<h3 class=\"wp-block-heading\">CLIMATISATION ET INTERNET WI-FI GRATUIT<\/h3>\n\n\n\n<p>L&rsquo;\u00e9cole est \u00e9quip\u00e9e de la climatisation. Dans toute l&rsquo;\u00e9cole, il est possible d&rsquo;utiliser la ligne wi-fi gratuitement.<\/p>\n\n\n\n<h3 class=\"wp-block-heading\">LA TERRASSE<\/h3>\n\n\n\n<p>\u00c0 l&rsquo; \u00e9tage sup\u00e9rieur de l&rsquo;institut, vous trouverez une <strong>belle terrasse<\/strong> d&rsquo;o\u00f9 vous pourrez admirer un magnifique <strong>panorama sur Florence<\/strong>. Dans cet espace pr\u00e9cieux et exclusif, les \u00e9tudiants font des pauses pendant les heures de classe pour boire un caf\u00e9 et discuter avec d&rsquo;autres \u00e9tudiants. M\u00eame apr\u00e8s les heures de cours, les \u00e9tudiants l&rsquo;utilisent pour \u00e9tudier, discuter avec des amis ou tout simplement se d\u00e9tendre. Souvent, certaines des diverses activit\u00e9s de l\u2019\u00e9cole ont lieu ici.<\/p>\n\n\n\n<figure class=\"wp-block-image size-large\"><img loading=\"lazy\" decoding=\"async\" width=\"1024\" height=\"576\" src=\"https:\/\/www.davidschool.com\/wp-content\/uploads\/2020\/05\/3-1024x576.jpg\" alt=\"\" class=\"wp-image-14991\" srcset=\"https:\/\/www.davidschool.com\/wp-content\/uploads\/2020\/05\/3-1024x576.jpg 1024w, https:\/\/www.davidschool.com\/wp-content\/uploads\/2020\/05\/3-300x169.jpg 300w, https:\/\/www.davidschool.com\/wp-content\/uploads\/2020\/05\/3-768x432.jpg 768w, https:\/\/www.davidschool.com\/wp-content\/uploads\/2020\/05\/3-80x45.jpg 80w, https:\/\/www.davidschool.com\/wp-content\/uploads\/2020\/05\/3-1536x864.jpg 1536w, https:\/\/www.davidschool.com\/wp-content\/uploads\/2020\/05\/3-2048x1152.jpg 2048w, https:\/\/www.davidschool.com\/wp-content\/uploads\/2020\/05\/3-270x152.jpg 270w\" sizes=\"auto, (max-width: 1024px) 100vw, 1024px\" \/><\/figure>\n\n\n\n<h3 class=\"wp-block-heading\">ASSISTANCE AUX \u00c9TUDIANTS<\/h3>\n\n\n\n<p>A chaque moment le personnel de l&rsquo;\u00e9cole est \u00e0 disposition des \u00e9tudiants pour des informations sur les \u00e9tudes \u00e0 l&rsquo;\u00e9cole et le s\u00e9jour \u00e0 Florence. Les \u00e9tudiants sont en permanence inform\u00e9s des nouveaux \u00e9v\u00e8nements \u00e0 Florence et en Italie. L&rsquo;\u00e9cole offre la possibilit\u00e9 de r\u00e9server des billets de mus\u00e9s de Florence gratuitement.<\/p>\n\n\n\n<figure class=\"wp-block-image size-large\"><img loading=\"lazy\" decoding=\"async\" width=\"1024\" height=\"505\" src=\"https:\/\/www.davidschool.com\/wp-content\/uploads\/2020\/05\/4-1024x505.jpg\" alt=\"\" class=\"wp-image-14996\" srcset=\"https:\/\/www.davidschool.com\/wp-content\/uploads\/2020\/05\/4-1024x505.jpg 1024w, https:\/\/www.davidschool.com\/wp-content\/uploads\/2020\/05\/4-300x148.jpg 300w, https:\/\/www.davidschool.com\/wp-content\/uploads\/2020\/05\/4-768x379.jpg 768w, https:\/\/www.davidschool.com\/wp-content\/uploads\/2020\/05\/4-80x39.jpg 80w, https:\/\/www.davidschool.com\/wp-content\/uploads\/2020\/05\/4-1536x757.jpg 1536w, https:\/\/www.davidschool.com\/wp-content\/uploads\/2020\/05\/4-2048x1010.jpg 2048w, https:\/\/www.davidschool.com\/wp-content\/uploads\/2020\/05\/4-270x133.jpg 270w\" sizes=\"auto, (max-width: 1024px) 100vw, 1024px\" \/><\/figure>\n","protected":false},"excerpt":{"rendered":"<p>ISTITUTO IL DAVID | \u00c9cole de langue italienne \u00e0 Florence Bienvenue \u00e0 l&rsquo;Istituto Il David! L&rsquo;\u00c9COLE L&rsquo;Istituto Il David est l&rsquo;une des \u00e9coles de langue italienne les plus connues et r\u00e9put\u00e9es de Florence.C&rsquo;est l&rsquo;endroit id\u00e9al pour apprendre ou am\u00e9liorer la connaissance de la langue italienne et pour vivre une exp\u00e9rience inoubliable dans l&rsquo;une des villes [&hellip;]<\/p>\n","protected":false},"author":1,"featured_media":0,"parent":0,"menu_order":0,"comment_status":"closed","ping_status":"closed","template":"","meta":{"footnotes":""},"class_list":["post-505","page","type-page","status-publish","hentry"],"yoast_head":"<!-- This site is optimized with the Yoast SEO plugin v27.4 - https:\/\/yoast.com\/product\/yoast-seo-wordpress\/ -->\n<title>\u00c9cole d&#039;italien en Italie | Istituto IL DAVID - Florence<\/title>\n<meta name=\"description\" content=\"L&#039;Institut Il David est l&#039;une des \u00e9coles de langue italienne les plus connues et r\u00e9put\u00e9es d&#039;Italie. L&#039;\u00e9cole italienne est situ\u00e9e dans le centre de Florence\" \/>\n<meta name=\"robots\" content=\"index, follow, max-snippet:-1, max-image-preview:large, max-video-preview:-1\" \/>\n<link rel=\"canonical\" href=\"https:\/\/www.davidschool.com\/fr\/ecole-italien-florence\/\" \/>\n<meta property=\"og:locale\" content=\"fr_FR\" \/>\n<meta property=\"og:type\" content=\"article\" \/>\n<meta property=\"og:title\" content=\"\u00c9cole d&#039;italien en Italie | Istituto IL DAVID - Florence\" \/>\n<meta property=\"og:description\" content=\"L&#039;Institut Il David est l&#039;une des \u00e9coles de langue italienne les plus connues et r\u00e9put\u00e9es d&#039;Italie. L&#039;\u00e9cole italienne est situ\u00e9e dans le centre de Florence\" \/>\n<meta property=\"og:url\" content=\"https:\/\/www.davidschool.com\/fr\/ecole-italien-florence\/\" \/>\n<meta property=\"og:site_name\" content=\"Istituto IL DAVID\" \/>\n<meta property=\"article:modified_time\" content=\"2025-01-20T15:03:32+00:00\" \/>\n<meta property=\"og:image\" content=\"https:\/\/www.davidschool.com\/wp-content\/uploads\/2020\/05\/5.jpg\" \/>\n\t<meta property=\"og:image:width\" content=\"1200\" \/>\n\t<meta property=\"og:image:height\" content=\"418\" \/>\n\t<meta property=\"og:image:type\" content=\"image\/jpeg\" \/>\n<meta name=\"twitter:card\" content=\"summary_large_image\" \/>\n<meta name=\"twitter:label1\" content=\"Dur\u00e9e de lecture estim\u00e9e\" \/>\n\t<meta name=\"twitter:data1\" content=\"4 minutes\" \/>\n<script type=\"application\/ld+json\" class=\"yoast-schema-graph\">{\"@context\":\"https:\\\/\\\/schema.org\",\"@graph\":[{\"@type\":\"WebPage\",\"@id\":\"https:\\\/\\\/www.davidschool.com\\\/fr\\\/ecole-italien-florence\\\/\",\"url\":\"https:\\\/\\\/www.davidschool.com\\\/fr\\\/ecole-italien-florence\\\/\",\"name\":\"\u00c9cole d'italien en Italie | Istituto IL DAVID - Florence\",\"isPartOf\":{\"@id\":\"https:\\\/\\\/www.davidschool.com\\\/fr\\\/#website\"},\"primaryImageOfPage\":{\"@id\":\"https:\\\/\\\/www.davidschool.com\\\/fr\\\/ecole-italien-florence\\\/#primaryimage\"},\"image\":{\"@id\":\"https:\\\/\\\/www.davidschool.com\\\/fr\\\/ecole-italien-florence\\\/#primaryimage\"},\"thumbnailUrl\":\"https:\\\/\\\/www.davidschool.com\\\/wp-content\\\/uploads\\\/2020\\\/05\\\/5-1024x357.jpg\",\"datePublished\":\"2019-05-20T08:25:21+00:00\",\"dateModified\":\"2025-01-20T15:03:32+00:00\",\"description\":\"L'Institut Il David est l'une des \u00e9coles de langue italienne les plus connues et r\u00e9put\u00e9es d'Italie. L'\u00e9cole italienne est situ\u00e9e dans le centre de Florence\",\"breadcrumb\":{\"@id\":\"https:\\\/\\\/www.davidschool.com\\\/fr\\\/ecole-italien-florence\\\/#breadcrumb\"},\"inLanguage\":\"fr-FR\",\"potentialAction\":[{\"@type\":\"ReadAction\",\"target\":[\"https:\\\/\\\/www.davidschool.com\\\/fr\\\/ecole-italien-florence\\\/\"]}]},{\"@type\":\"ImageObject\",\"inLanguage\":\"fr-FR\",\"@id\":\"https:\\\/\\\/www.davidschool.com\\\/fr\\\/ecole-italien-florence\\\/#primaryimage\",\"url\":\"https:\\\/\\\/www.davidschool.com\\\/wp-content\\\/uploads\\\/2020\\\/05\\\/5-1024x357.jpg\",\"contentUrl\":\"https:\\\/\\\/www.davidschool.com\\\/wp-content\\\/uploads\\\/2020\\\/05\\\/5-1024x357.jpg\"},{\"@type\":\"BreadcrumbList\",\"@id\":\"https:\\\/\\\/www.davidschool.com\\\/fr\\\/ecole-italien-florence\\\/#breadcrumb\",\"itemListElement\":[{\"@type\":\"ListItem\",\"position\":1,\"name\":\"Home\",\"item\":\"https:\\\/\\\/www.davidschool.com\\\/fr\\\/\"},{\"@type\":\"ListItem\",\"position\":2,\"name\":\"L\u2019\u00c9COLE\"}]},{\"@type\":\"WebSite\",\"@id\":\"https:\\\/\\\/www.davidschool.com\\\/fr\\\/#website\",\"url\":\"https:\\\/\\\/www.davidschool.com\\\/fr\\\/\",\"name\":\"Istituto IL DAVID\",\"description\":\"Italian Language School\",\"publisher\":{\"@id\":\"https:\\\/\\\/www.davidschool.com\\\/fr\\\/#organization\"},\"potentialAction\":[{\"@type\":\"SearchAction\",\"target\":{\"@type\":\"EntryPoint\",\"urlTemplate\":\"https:\\\/\\\/www.davidschool.com\\\/fr\\\/?s={search_term_string}\"},\"query-input\":{\"@type\":\"PropertyValueSpecification\",\"valueRequired\":true,\"valueName\":\"search_term_string\"}}],\"inLanguage\":\"fr-FR\"},{\"@type\":\"Organization\",\"@id\":\"https:\\\/\\\/www.davidschool.com\\\/fr\\\/#organization\",\"name\":\"Istituto Il David\",\"url\":\"https:\\\/\\\/www.davidschool.com\\\/fr\\\/\",\"logo\":{\"@type\":\"ImageObject\",\"inLanguage\":\"fr-FR\",\"@id\":\"https:\\\/\\\/www.davidschool.com\\\/fr\\\/#\\\/schema\\\/logo\\\/image\\\/\",\"url\":\"https:\\\/\\\/www.davidschool.com\\\/wp-content\\\/uploads\\\/2019\\\/05\\\/Il-David_logo.png\",\"contentUrl\":\"https:\\\/\\\/www.davidschool.com\\\/wp-content\\\/uploads\\\/2019\\\/05\\\/Il-David_logo.png\",\"width\":429,\"height\":133,\"caption\":\"Istituto Il David\"},\"image\":{\"@id\":\"https:\\\/\\\/www.davidschool.com\\\/fr\\\/#\\\/schema\\\/logo\\\/image\\\/\"}}]}<\/script>\n<!-- \/ Yoast SEO plugin. -->","yoast_head_json":{"title":"\u00c9cole d'italien en Italie | Istituto IL DAVID - Florence","description":"L'Institut Il David est l'une des \u00e9coles de langue italienne les plus connues et r\u00e9put\u00e9es d'Italie. L'\u00e9cole italienne est situ\u00e9e dans le centre de Florence","robots":{"index":"index","follow":"follow","max-snippet":"max-snippet:-1","max-image-preview":"max-image-preview:large","max-video-preview":"max-video-preview:-1"},"canonical":"https:\/\/www.davidschool.com\/fr\/ecole-italien-florence\/","og_locale":"fr_FR","og_type":"article","og_title":"\u00c9cole d'italien en Italie | Istituto IL DAVID - Florence","og_description":"L'Institut Il David est l'une des \u00e9coles de langue italienne les plus connues et r\u00e9put\u00e9es d'Italie. L'\u00e9cole italienne est situ\u00e9e dans le centre de Florence","og_url":"https:\/\/www.davidschool.com\/fr\/ecole-italien-florence\/","og_site_name":"Istituto IL DAVID","article_modified_time":"2025-01-20T15:03:32+00:00","og_image":[{"width":1200,"height":418,"url":"https:\/\/www.davidschool.com\/wp-content\/uploads\/2020\/05\/5.jpg","type":"image\/jpeg"}],"twitter_card":"summary_large_image","twitter_misc":{"Dur\u00e9e de lecture estim\u00e9e":"4 minutes"},"schema":{"@context":"https:\/\/schema.org","@graph":[{"@type":"WebPage","@id":"https:\/\/www.davidschool.com\/fr\/ecole-italien-florence\/","url":"https:\/\/www.davidschool.com\/fr\/ecole-italien-florence\/","name":"\u00c9cole d'italien en Italie | Istituto IL DAVID - Florence","isPartOf":{"@id":"https:\/\/www.davidschool.com\/fr\/#website"},"primaryImageOfPage":{"@id":"https:\/\/www.davidschool.com\/fr\/ecole-italien-florence\/#primaryimage"},"image":{"@id":"https:\/\/www.davidschool.com\/fr\/ecole-italien-florence\/#primaryimage"},"thumbnailUrl":"https:\/\/www.davidschool.com\/wp-content\/uploads\/2020\/05\/5-1024x357.jpg","datePublished":"2019-05-20T08:25:21+00:00","dateModified":"2025-01-20T15:03:32+00:00","description":"L'Institut Il David est l'une des \u00e9coles de langue italienne les plus connues et r\u00e9put\u00e9es d'Italie. L'\u00e9cole italienne est situ\u00e9e dans le centre de Florence","breadcrumb":{"@id":"https:\/\/www.davidschool.com\/fr\/ecole-italien-florence\/#breadcrumb"},"inLanguage":"fr-FR","potentialAction":[{"@type":"ReadAction","target":["https:\/\/www.davidschool.com\/fr\/ecole-italien-florence\/"]}]},{"@type":"ImageObject","inLanguage":"fr-FR","@id":"https:\/\/www.davidschool.com\/fr\/ecole-italien-florence\/#primaryimage","url":"https:\/\/www.davidschool.com\/wp-content\/uploads\/2020\/05\/5-1024x357.jpg","contentUrl":"https:\/\/www.davidschool.com\/wp-content\/uploads\/2020\/05\/5-1024x357.jpg"},{"@type":"BreadcrumbList","@id":"https:\/\/www.davidschool.com\/fr\/ecole-italien-florence\/#breadcrumb","itemListElement":[{"@type":"ListItem","position":1,"name":"Home","item":"https:\/\/www.davidschool.com\/fr\/"},{"@type":"ListItem","position":2,"name":"L\u2019\u00c9COLE"}]},{"@type":"WebSite","@id":"https:\/\/www.davidschool.com\/fr\/#website","url":"https:\/\/www.davidschool.com\/fr\/","name":"Istituto IL DAVID","description":"Italian Language School","publisher":{"@id":"https:\/\/www.davidschool.com\/fr\/#organization"},"potentialAction":[{"@type":"SearchAction","target":{"@type":"EntryPoint","urlTemplate":"https:\/\/www.davidschool.com\/fr\/?s={search_term_string}"},"query-input":{"@type":"PropertyValueSpecification","valueRequired":true,"valueName":"search_term_string"}}],"inLanguage":"fr-FR"},{"@type":"Organization","@id":"https:\/\/www.davidschool.com\/fr\/#organization","name":"Istituto Il David","url":"https:\/\/www.davidschool.com\/fr\/","logo":{"@type":"ImageObject","inLanguage":"fr-FR","@id":"https:\/\/www.davidschool.com\/fr\/#\/schema\/logo\/image\/","url":"https:\/\/www.davidschool.com\/wp-content\/uploads\/2019\/05\/Il-David_logo.png","contentUrl":"https:\/\/www.davidschool.com\/wp-content\/uploads\/2019\/05\/Il-David_logo.png","width":429,"height":133,"caption":"Istituto Il David"},"image":{"@id":"https:\/\/www.davidschool.com\/fr\/#\/schema\/logo\/image\/"}}]}},"_links":{"self":[{"href":"https:\/\/www.davidschool.com\/fr\/wp-json\/wp\/v2\/pages\/505","targetHints":{"allow":["GET"]}}],"collection":[{"href":"https:\/\/www.davidschool.com\/fr\/wp-json\/wp\/v2\/pages"}],"about":[{"href":"https:\/\/www.davidschool.com\/fr\/wp-json\/wp\/v2\/types\/page"}],"author":[{"embeddable":true,"href":"https:\/\/www.davidschool.com\/fr\/wp-json\/wp\/v2\/users\/1"}],"replies":[{"embeddable":true,"href":"https:\/\/www.davidschool.com\/fr\/wp-json\/wp\/v2\/comments?post=505"}],"version-history":[{"count":13,"href":"https:\/\/www.davidschool.com\/fr\/wp-json\/wp\/v2\/pages\/505\/revisions"}],"predecessor-version":[{"id":33115,"href":"https:\/\/www.davidschool.com\/fr\/wp-json\/wp\/v2\/pages\/505\/revisions\/33115"}],"wp:attachment":[{"href":"https:\/\/www.davidschool.com\/fr\/wp-json\/wp\/v2\/media?parent=505"}],"curies":[{"name":"wp","href":"https:\/\/api.w.org\/{rel}","templated":true}]}}