{"id":806,"date":"2019-06-03T16:25:52","date_gmt":"2019-06-03T14:25:52","guid":{"rendered":"http:\/\/3.122.4.63\/?page_id=806"},"modified":"2021-02-28T12:13:59","modified_gmt":"2021-02-28T11:13:59","slug":"etude-italien-florence","status":"publish","type":"page","link":"https:\/\/www.davidschool.com\/fr\/etude-italien-florence\/","title":{"rendered":"\u00c9TUDIER L&rsquo;ITALIEN \u00c0 L&rsquo;\u00c9COLE"},"content":{"rendered":"\n<h2 class=\"wp-block-heading\">La meilleure fa\u00e7on d&rsquo;apprendre et de parler correctement l&rsquo;italien<\/h2>\n\n\n\n<p><strong>\u00c9tudier l&rsquo;italien<\/strong> dans une \u00e9cole de langue italienne est <strong>le meilleur moyen d&rsquo;apprendre et de progresser plus rapidement et de parler correctement la langue italienne<\/strong>.<br>Gr\u00e2ce \u00e0 plus de 35 ans d\u2019exp\u00e9rience, \u00e0 des professeurs de langue maternelle qualifi\u00e9s et exp\u00e9riment\u00e9s, \u00e0 leurs le\u00e7ons attrayantes et stimulantes, ainsi qu\u2019\u00e0 des programmes d\u2019enseignement pratiques et dynamiques, <strong>\u00e9tudier l\u2019italien<\/strong> est simple et amusant, et vous permet d\u2019obtenir des r\u00e9sultats excellents et concrets en peu de temps.<br>Les programmes \u00e9ducatifs sont le r\u00e9sultat d&rsquo;une exp\u00e9rimentation constante et continue men\u00e9e au cours de nombreuses ann\u00e9es d&rsquo;exp\u00e9rience et \u00e9voluent constamment en fonction des meilleurs r\u00e9sultats obtenus par nos \u00e9tudiants gr\u00e2ce \u00e0 nos le\u00e7ons et \u00e0 nos cours.<\/p>\n\n\n\n<h3 class=\"wp-block-heading\">La m\u00e9thode didactique<\/h3>\n\n\n\n<p>La m\u00e9thode didactique permet aux \u00e9tudiants d&rsquo;acqu\u00e9rir une bonne comp\u00e9tence linguistique en peu de temps. Elle pr\u00e9voit le d\u00e9veloppement de quatre aptitudes: <strong>comprendre et parler, lire et \u00e9crire<\/strong>.<br>La m\u00e9thode privil\u00e9gie les d\u00e9finitions strictement grammaticales, la compr\u00e9hension auditive et l&rsquo;expression orale directe. Avec la grammaire, l&rsquo;\u00e9tudiant a la base indispensable pour la construction correcte de la phrase. Le d\u00e9veloppement de la compr\u00e9hension auditive et de l&rsquo;expression orale permet \u00e0 l&rsquo;\u00e9tudiant de comprendre et de s&rsquo;exprimer correctement et couramment.<br>En classe toutes les le\u00e7ons se d\u00e9roulent en italien afin que l&rsquo;\u00e9tudiant puisse continuellement s&rsquo;immerger dans la r\u00e9alit\u00e9 de la nouvelle langue.<br>Pour les le\u00e7ons, en plus du livre de l&rsquo;\u00e9cole, sont utilis\u00e9s diff\u00e9rents textes qui sont p\u00e9riodiquement ajourn\u00e9s. Le programme didactique tient \u00e9galement compte des caract\u00e9ristiques des \u00e9tudiants de chaque classes.<\/p>\n\n\n\n<h3 class=\"wp-block-heading\">Les enseignants<\/h3>\n\n\n\n<p>Tous les enseignants sont italiens d&rsquo;origine et dipl\u00f4m\u00e9s. En plus de l&rsquo;exp\u00e9rience et la maturit\u00e9 dans ce secteur sp\u00e9cifique, ils ont une formation bas\u00e9e sur les derni\u00e8res innovations de la didactique linguistique. Ils suivent l&rsquo;\u00e9tudiant individuellement et constamment avec patience et disponibilit\u00e9. <br>Leurs le\u00e7ons sont toujours int\u00e9ressantes, dynamiques, originales et amusantes gr\u00e2ce \u00e0 l&rsquo;aide de diff\u00e9rents supports et mat\u00e9riels didactiques et audiovisuels.<\/p>\n\n\n\n<figure class=\"wp-block-image size-large\"><img loading=\"lazy\" decoding=\"async\" width=\"1024\" height=\"505\" src=\"https:\/\/www.davidschool.com\/wp-content\/uploads\/2021\/01\/insegnanti-1-1024x505.jpg\" alt=\"\" class=\"wp-image-18786\" srcset=\"https:\/\/www.davidschool.com\/wp-content\/uploads\/2021\/01\/insegnanti-1-1024x505.jpg 1024w, https:\/\/www.davidschool.com\/wp-content\/uploads\/2021\/01\/insegnanti-1-300x148.jpg 300w, https:\/\/www.davidschool.com\/wp-content\/uploads\/2021\/01\/insegnanti-1-768x379.jpg 768w, https:\/\/www.davidschool.com\/wp-content\/uploads\/2021\/01\/insegnanti-1-80x39.jpg 80w, https:\/\/www.davidschool.com\/wp-content\/uploads\/2021\/01\/insegnanti-1-1536x757.jpg 1536w, https:\/\/www.davidschool.com\/wp-content\/uploads\/2021\/01\/insegnanti-1-2048x1010.jpg 2048w, https:\/\/www.davidschool.com\/wp-content\/uploads\/2021\/01\/insegnanti-1-270x133.jpg 270w\" sizes=\"auto, (max-width: 1024px) 100vw, 1024px\" \/><\/figure>\n\n\n\n<h3 class=\"wp-block-heading\">Les classes et les \u00e9tudiants<\/h3>\n\n\n\n<p>Les classes ont un maximum de 12 \u00e9tudiants et un minimum de 4, mais pratiquement toujours une moyenne de 7 ou 8 \u00e9tudiants par classe. Chaque classe est form\u00e9e d&rsquo;\u00e9tudiants qui ont le m\u00eame niveaux de connaissance de la langue italienne. <br>Les \u00e9tudiants viennent de diff\u00e9rents pays du monde cr\u00e9ant ainsi une atmosph\u00e8re internationale qui permet un \u00e9change culturel tr\u00e8s int\u00e9ressant.<\/p>\n\n\n\n<h5 class=\"wp-block-heading\">Statistiques des \u00e9tudiants inscrits \u00e0 cours d&rsquo;italien des 5 derni\u00e8res ann\u00e9es<\/h5>\n\n\n\n<figure class=\"wp-block-gallery columns-2 is-cropped wp-block-gallery-1 is-layout-flex wp-block-gallery-is-layout-flex\"><ul class=\"blocks-gallery-grid\"><li class=\"blocks-gallery-item\"><figure><img loading=\"lazy\" decoding=\"async\" width=\"388\" height=\"312\" src=\"https:\/\/www.davidschool.com\/wp-content\/uploads\/2021\/02\/grafico-1-FR.jpg\" alt=\"\" data-id=\"23855\" class=\"wp-image-23855\" srcset=\"https:\/\/www.davidschool.com\/wp-content\/uploads\/2021\/02\/grafico-1-FR.jpg 388w, https:\/\/www.davidschool.com\/wp-content\/uploads\/2021\/02\/grafico-1-FR-300x241.jpg 300w, https:\/\/www.davidschool.com\/wp-content\/uploads\/2021\/02\/grafico-1-FR-80x64.jpg 80w, https:\/\/www.davidschool.com\/wp-content\/uploads\/2021\/02\/grafico-1-FR-224x180.jpg 224w\" sizes=\"auto, (max-width: 388px) 100vw, 388px\" \/><\/figure><\/li><li class=\"blocks-gallery-item\"><figure><img loading=\"lazy\" decoding=\"async\" width=\"386\" height=\"309\" src=\"https:\/\/www.davidschool.com\/wp-content\/uploads\/2021\/02\/grafico-2-FR.jpg\" alt=\"\" data-id=\"23863\" data-full-url=\"https:\/\/www.davidschool.com\/wp-content\/uploads\/2021\/02\/grafico-2-FR.jpg\" data-link=\"https:\/\/www.davidschool.com\/fr\/etude-italien-florence\/grafico-2-fr\/\" class=\"wp-image-23863\" srcset=\"https:\/\/www.davidschool.com\/wp-content\/uploads\/2021\/02\/grafico-2-FR.jpg 386w, https:\/\/www.davidschool.com\/wp-content\/uploads\/2021\/02\/grafico-2-FR-300x240.jpg 300w, https:\/\/www.davidschool.com\/wp-content\/uploads\/2021\/02\/grafico-2-FR-80x64.jpg 80w, https:\/\/www.davidschool.com\/wp-content\/uploads\/2021\/02\/grafico-2-FR-225x180.jpg 225w\" sizes=\"auto, (max-width: 386px) 100vw, 386px\" \/><\/figure><\/li><\/ul><\/figure>\n\n\n\n<figure class=\"wp-block-gallery columns-2 is-cropped wp-block-gallery-2 is-layout-flex wp-block-gallery-is-layout-flex\"><ul class=\"blocks-gallery-grid\"><li class=\"blocks-gallery-item\"><figure><img loading=\"lazy\" decoding=\"async\" width=\"386\" height=\"309\" src=\"https:\/\/www.davidschool.com\/wp-content\/uploads\/2021\/02\/grafico-3-FR.jpg\" alt=\"\" data-id=\"23870\" class=\"wp-image-23870\" srcset=\"https:\/\/www.davidschool.com\/wp-content\/uploads\/2021\/02\/grafico-3-FR.jpg 386w, https:\/\/www.davidschool.com\/wp-content\/uploads\/2021\/02\/grafico-3-FR-300x240.jpg 300w, https:\/\/www.davidschool.com\/wp-content\/uploads\/2021\/02\/grafico-3-FR-80x64.jpg 80w, https:\/\/www.davidschool.com\/wp-content\/uploads\/2021\/02\/grafico-3-FR-225x180.jpg 225w\" sizes=\"auto, (max-width: 386px) 100vw, 386px\" \/><\/figure><\/li><li class=\"blocks-gallery-item\"><figure><img loading=\"lazy\" decoding=\"async\" width=\"389\" height=\"309\" src=\"https:\/\/www.davidschool.com\/wp-content\/uploads\/2021\/02\/grafico-4-FR.jpg\" alt=\"\" data-id=\"23877\" data-full-url=\"https:\/\/www.davidschool.com\/wp-content\/uploads\/2021\/02\/grafico-4-FR.jpg\" data-link=\"https:\/\/www.davidschool.com\/fr\/etude-italien-florence\/grafico-4-fr\/\" class=\"wp-image-23877\" srcset=\"https:\/\/www.davidschool.com\/wp-content\/uploads\/2021\/02\/grafico-4-FR.jpg 389w, https:\/\/www.davidschool.com\/wp-content\/uploads\/2021\/02\/grafico-4-FR-300x238.jpg 300w, https:\/\/www.davidschool.com\/wp-content\/uploads\/2021\/02\/grafico-4-FR-80x64.jpg 80w, https:\/\/www.davidschool.com\/wp-content\/uploads\/2021\/02\/grafico-4-FR-227x180.jpg 227w\" sizes=\"auto, (max-width: 389px) 100vw, 389px\" \/><\/figure><\/li><\/ul><\/figure>\n\n\n\n<h3 class=\"wp-block-heading\">Niveaux et certificats<\/h3>\n\n\n\n<p>Il y a 6 niveaux de comp\u00e9tences et d&rsquo;enseignements de la langue italienne dans notre \u00e9cole : d\u00e9butant, \u00e9l\u00e9mentaire, pr\u00e9-moyen, moyen, avanc\u00e9 et sup\u00e9rieur. <br>Les niveaux suivent le Cadre europ\u00e9en commun de r\u00e9f\u00e9rence pour les langues.<br><strong>A0<\/strong> Aucune connaissance de la langue italienne. Il correspond au niveau D\u00c9BUTANT.<br><strong>A1-A2<\/strong> Connaissance de base de l&rsquo;italien. Il correspond au niveau \u00c9L\u00c9MENTAIRE.<br><strong>B1<\/strong> Connaissance interm\u00e9diaire de la langue italienne avec de nombreuses incertitudes. Il correspond au niveau PRE-INTERMEDIAIRE.<br><strong>B2<\/strong> Bonne connaissance de la langue italienne mais avec divers \u00e9l\u00e9ments manquants. Il correspond au niveau INTERMEDIAIRE.<br><strong>C1<\/strong> Excellente connaissance de la langue italienne. Il correspond au niveau AVANC\u00c9.<br><strong>C2<\/strong> Parfaite connaissance de la langue italienne. Il correspond au niveau SUPERIEUR.<br>\u00c1 la fin du cours un <strong>certificat de fr\u00e9quence<\/strong> est remis \u00e0 l&rsquo;\u00e9tudiant o\u00f9 sont indiqu\u00e9s le niveau et le nombre d&rsquo;heures effectu\u00e9es. Apr\u00e8s un cours de niveau sup\u00e9rieur ou avanc\u00e9 l&rsquo;\u00e9tudiant peut demander de passer un examen de l&rsquo;institut afin d&rsquo;obtenir, s&rsquo;il le r\u00e9ussit, le dipl\u00f4me de connaissance de la langue italienne.<\/p>\n\n\n\n<figure class=\"wp-block-image size-large\"><img loading=\"lazy\" decoding=\"async\" width=\"1024\" height=\"576\" src=\"https:\/\/www.davidschool.com\/wp-content\/uploads\/2021\/02\/1certificati-Copia-corretta-1-1024x576.jpg\" alt=\"\" class=\"wp-image-23964\" srcset=\"https:\/\/www.davidschool.com\/wp-content\/uploads\/2021\/02\/1certificati-Copia-corretta-1-1024x576.jpg 1024w, https:\/\/www.davidschool.com\/wp-content\/uploads\/2021\/02\/1certificati-Copia-corretta-1-300x169.jpg 300w, https:\/\/www.davidschool.com\/wp-content\/uploads\/2021\/02\/1certificati-Copia-corretta-1-768x432.jpg 768w, https:\/\/www.davidschool.com\/wp-content\/uploads\/2021\/02\/1certificati-Copia-corretta-1-80x45.jpg 80w, https:\/\/www.davidschool.com\/wp-content\/uploads\/2021\/02\/1certificati-Copia-corretta-1-1536x864.jpg 1536w, https:\/\/www.davidschool.com\/wp-content\/uploads\/2021\/02\/1certificati-Copia-corretta-1-2048x1152.jpg 2048w, https:\/\/www.davidschool.com\/wp-content\/uploads\/2021\/02\/1certificati-Copia-corretta-1-270x152.jpg 270w\" sizes=\"auto, (max-width: 1024px) 100vw, 1024px\" \/><\/figure>\n\n\n\n<h3 class=\"wp-block-heading\">D\u00e9but des cours de groupe<\/h3>\n\n\n\n<p>Tous les <strong>\u00e9tudiants d\u00e9butants<\/strong>, doivent de pr\u00e9f\u00e9rence, commencer le premier cours comme indiqu\u00e9 sur le calendrier. Les \u00e9tudiants qui ont d\u00e9j\u00e0 une connaissance m\u00eame minimale de la langue italienne peuvent commencer le cours le lundi de n&rsquo;importe quelle semaine. La dur\u00e9e minimum de fr\u00e9quence aux cours est de une semaine. <br>Le premier jour de cours les \u00e9tudiants non d\u00e9butants font un test qui sert \u00e0 \u00e9tablir leur niveau de connaissance de la langue italienne. Cela ne s&rsquo;applique pas aux d\u00e9butants absolus, qui commencent imm\u00e9diatement les cours d\u00e8s leur arriv\u00e9e \u00e0 l&rsquo;\u00e9cole.<br>Les heures suivant le test sont d\u00e9di\u00e9es \u00e0 la rencontre avec les autres nouveaux \u00e9tudiants, \u00e0 la pr\u00e9sentation de l&rsquo;\u00e9cole et aux informations sur la vie \u00e0 Florence.<\/p>\n\n\n\n<figure class=\"wp-block-image size-large\"><img loading=\"lazy\" decoding=\"async\" width=\"1024\" height=\"505\" src=\"https:\/\/www.davidschool.com\/wp-content\/uploads\/2021\/02\/IMG_20210203_131226-1024x505.jpg\" alt=\"\" class=\"wp-image-22588\" srcset=\"https:\/\/www.davidschool.com\/wp-content\/uploads\/2021\/02\/IMG_20210203_131226-1024x505.jpg 1024w, https:\/\/www.davidschool.com\/wp-content\/uploads\/2021\/02\/IMG_20210203_131226-300x148.jpg 300w, https:\/\/www.davidschool.com\/wp-content\/uploads\/2021\/02\/IMG_20210203_131226-768x379.jpg 768w, https:\/\/www.davidschool.com\/wp-content\/uploads\/2021\/02\/IMG_20210203_131226-80x39.jpg 80w, https:\/\/www.davidschool.com\/wp-content\/uploads\/2021\/02\/IMG_20210203_131226-1536x757.jpg 1536w, https:\/\/www.davidschool.com\/wp-content\/uploads\/2021\/02\/IMG_20210203_131226-2048x1010.jpg 2048w, https:\/\/www.davidschool.com\/wp-content\/uploads\/2021\/02\/IMG_20210203_131226-270x133.jpg 270w\" sizes=\"auto, (max-width: 1024px) 100vw, 1024px\" \/><\/figure>\n","protected":false},"excerpt":{"rendered":"<p>La meilleure fa\u00e7on d&rsquo;apprendre et de parler correctement l&rsquo;italien \u00c9tudier l&rsquo;italien dans une \u00e9cole de langue italienne est le meilleur moyen d&rsquo;apprendre et de progresser plus rapidement et de parler correctement la langue italienne.Gr\u00e2ce \u00e0 plus de 35 ans d\u2019exp\u00e9rience, \u00e0 des professeurs de langue maternelle qualifi\u00e9s et exp\u00e9riment\u00e9s, \u00e0 leurs le\u00e7ons attrayantes et stimulantes, [&hellip;]<\/p>\n","protected":false},"author":1,"featured_media":0,"parent":0,"menu_order":0,"comment_status":"closed","ping_status":"closed","template":"","meta":{"footnotes":""},"class_list":["post-806","page","type-page","status-publish","hentry"],"yoast_head":"<!-- This site is optimized with the Yoast SEO plugin v27.4 - https:\/\/yoast.com\/product\/yoast-seo-wordpress\/ -->\n<title>\u00c9tudier l&#039;italien en Italie | Istituto IL DAVID - Florence<\/title>\n<meta name=\"description\" content=\"\u00c9tudier l&#039;italien dans une \u00e9cole de langue italienne est le meilleur moyen d&#039;apprendre et de s&#039;am\u00e9liorer plus rapidement et de parler correctement l&#039;italien\" \/>\n<meta name=\"robots\" content=\"index, follow, max-snippet:-1, max-image-preview:large, max-video-preview:-1\" \/>\n<link rel=\"canonical\" href=\"https:\/\/www.davidschool.com\/fr\/etude-italien-florence\/\" \/>\n<meta property=\"og:locale\" content=\"fr_FR\" \/>\n<meta property=\"og:type\" content=\"article\" \/>\n<meta property=\"og:title\" content=\"\u00c9tudier l&#039;italien en Italie | Istituto IL DAVID - Florence\" \/>\n<meta property=\"og:description\" content=\"\u00c9tudier l&#039;italien dans une \u00e9cole de langue italienne est le meilleur moyen d&#039;apprendre et de s&#039;am\u00e9liorer plus rapidement et de parler correctement l&#039;italien\" \/>\n<meta property=\"og:url\" content=\"https:\/\/www.davidschool.com\/fr\/etude-italien-florence\/\" \/>\n<meta property=\"og:site_name\" content=\"Istituto IL DAVID\" \/>\n<meta property=\"article:modified_time\" content=\"2021-02-28T11:13:59+00:00\" \/>\n<meta property=\"og:image\" content=\"https:\/\/www.davidschool.com\/wp-content\/uploads\/2021\/01\/insegnanti-1-1024x505.jpg\" \/>\n<meta name=\"twitter:card\" content=\"summary_large_image\" \/>\n<meta name=\"twitter:label1\" content=\"Dur\u00e9e de lecture estim\u00e9e\" \/>\n\t<meta name=\"twitter:data1\" content=\"5 minutes\" \/>\n<script type=\"application\/ld+json\" class=\"yoast-schema-graph\">{\"@context\":\"https:\\\/\\\/schema.org\",\"@graph\":[{\"@type\":\"WebPage\",\"@id\":\"https:\\\/\\\/www.davidschool.com\\\/fr\\\/etude-italien-florence\\\/\",\"url\":\"https:\\\/\\\/www.davidschool.com\\\/fr\\\/etude-italien-florence\\\/\",\"name\":\"\u00c9tudier l'italien en Italie | Istituto IL DAVID - Florence\",\"isPartOf\":{\"@id\":\"https:\\\/\\\/www.davidschool.com\\\/fr\\\/#website\"},\"primaryImageOfPage\":{\"@id\":\"https:\\\/\\\/www.davidschool.com\\\/fr\\\/etude-italien-florence\\\/#primaryimage\"},\"image\":{\"@id\":\"https:\\\/\\\/www.davidschool.com\\\/fr\\\/etude-italien-florence\\\/#primaryimage\"},\"thumbnailUrl\":\"https:\\\/\\\/www.davidschool.com\\\/wp-content\\\/uploads\\\/2021\\\/01\\\/insegnanti-1-1024x505.jpg\",\"datePublished\":\"2019-06-03T14:25:52+00:00\",\"dateModified\":\"2021-02-28T11:13:59+00:00\",\"description\":\"\u00c9tudier l'italien dans une \u00e9cole de langue italienne est le meilleur moyen d'apprendre et de s'am\u00e9liorer plus rapidement et de parler correctement l'italien\",\"breadcrumb\":{\"@id\":\"https:\\\/\\\/www.davidschool.com\\\/fr\\\/etude-italien-florence\\\/#breadcrumb\"},\"inLanguage\":\"fr-FR\",\"potentialAction\":[{\"@type\":\"ReadAction\",\"target\":[\"https:\\\/\\\/www.davidschool.com\\\/fr\\\/etude-italien-florence\\\/\"]}]},{\"@type\":\"ImageObject\",\"inLanguage\":\"fr-FR\",\"@id\":\"https:\\\/\\\/www.davidschool.com\\\/fr\\\/etude-italien-florence\\\/#primaryimage\",\"url\":\"https:\\\/\\\/www.davidschool.com\\\/wp-content\\\/uploads\\\/2021\\\/01\\\/insegnanti-1-1024x505.jpg\",\"contentUrl\":\"https:\\\/\\\/www.davidschool.com\\\/wp-content\\\/uploads\\\/2021\\\/01\\\/insegnanti-1-1024x505.jpg\"},{\"@type\":\"BreadcrumbList\",\"@id\":\"https:\\\/\\\/www.davidschool.com\\\/fr\\\/etude-italien-florence\\\/#breadcrumb\",\"itemListElement\":[{\"@type\":\"ListItem\",\"position\":1,\"name\":\"Home\",\"item\":\"https:\\\/\\\/www.davidschool.com\\\/fr\\\/\"},{\"@type\":\"ListItem\",\"position\":2,\"name\":\"\u00c9TUDIER L&rsquo;ITALIEN \u00c0 L&rsquo;\u00c9COLE\"}]},{\"@type\":\"WebSite\",\"@id\":\"https:\\\/\\\/www.davidschool.com\\\/fr\\\/#website\",\"url\":\"https:\\\/\\\/www.davidschool.com\\\/fr\\\/\",\"name\":\"Istituto IL DAVID\",\"description\":\"Italian Language School\",\"publisher\":{\"@id\":\"https:\\\/\\\/www.davidschool.com\\\/fr\\\/#organization\"},\"potentialAction\":[{\"@type\":\"SearchAction\",\"target\":{\"@type\":\"EntryPoint\",\"urlTemplate\":\"https:\\\/\\\/www.davidschool.com\\\/fr\\\/?s={search_term_string}\"},\"query-input\":{\"@type\":\"PropertyValueSpecification\",\"valueRequired\":true,\"valueName\":\"search_term_string\"}}],\"inLanguage\":\"fr-FR\"},{\"@type\":\"Organization\",\"@id\":\"https:\\\/\\\/www.davidschool.com\\\/fr\\\/#organization\",\"name\":\"Istituto Il David\",\"url\":\"https:\\\/\\\/www.davidschool.com\\\/fr\\\/\",\"logo\":{\"@type\":\"ImageObject\",\"inLanguage\":\"fr-FR\",\"@id\":\"https:\\\/\\\/www.davidschool.com\\\/fr\\\/#\\\/schema\\\/logo\\\/image\\\/\",\"url\":\"https:\\\/\\\/www.davidschool.com\\\/wp-content\\\/uploads\\\/2019\\\/05\\\/Il-David_logo.png\",\"contentUrl\":\"https:\\\/\\\/www.davidschool.com\\\/wp-content\\\/uploads\\\/2019\\\/05\\\/Il-David_logo.png\",\"width\":429,\"height\":133,\"caption\":\"Istituto Il David\"},\"image\":{\"@id\":\"https:\\\/\\\/www.davidschool.com\\\/fr\\\/#\\\/schema\\\/logo\\\/image\\\/\"}}]}<\/script>\n<!-- \/ Yoast SEO plugin. -->","yoast_head_json":{"title":"\u00c9tudier l'italien en Italie | Istituto IL DAVID - Florence","description":"\u00c9tudier l'italien dans une \u00e9cole de langue italienne est le meilleur moyen d'apprendre et de s'am\u00e9liorer plus rapidement et de parler correctement l'italien","robots":{"index":"index","follow":"follow","max-snippet":"max-snippet:-1","max-image-preview":"max-image-preview:large","max-video-preview":"max-video-preview:-1"},"canonical":"https:\/\/www.davidschool.com\/fr\/etude-italien-florence\/","og_locale":"fr_FR","og_type":"article","og_title":"\u00c9tudier l'italien en Italie | Istituto IL DAVID - Florence","og_description":"\u00c9tudier l'italien dans une \u00e9cole de langue italienne est le meilleur moyen d'apprendre et de s'am\u00e9liorer plus rapidement et de parler correctement l'italien","og_url":"https:\/\/www.davidschool.com\/fr\/etude-italien-florence\/","og_site_name":"Istituto IL DAVID","article_modified_time":"2021-02-28T11:13:59+00:00","og_image":[{"url":"https:\/\/www.davidschool.com\/wp-content\/uploads\/2021\/01\/insegnanti-1-1024x505.jpg","type":"","width":"","height":""}],"twitter_card":"summary_large_image","twitter_misc":{"Dur\u00e9e de lecture estim\u00e9e":"5 minutes"},"schema":{"@context":"https:\/\/schema.org","@graph":[{"@type":"WebPage","@id":"https:\/\/www.davidschool.com\/fr\/etude-italien-florence\/","url":"https:\/\/www.davidschool.com\/fr\/etude-italien-florence\/","name":"\u00c9tudier l'italien en Italie | Istituto IL DAVID - Florence","isPartOf":{"@id":"https:\/\/www.davidschool.com\/fr\/#website"},"primaryImageOfPage":{"@id":"https:\/\/www.davidschool.com\/fr\/etude-italien-florence\/#primaryimage"},"image":{"@id":"https:\/\/www.davidschool.com\/fr\/etude-italien-florence\/#primaryimage"},"thumbnailUrl":"https:\/\/www.davidschool.com\/wp-content\/uploads\/2021\/01\/insegnanti-1-1024x505.jpg","datePublished":"2019-06-03T14:25:52+00:00","dateModified":"2021-02-28T11:13:59+00:00","description":"\u00c9tudier l'italien dans une \u00e9cole de langue italienne est le meilleur moyen d'apprendre et de s'am\u00e9liorer plus rapidement et de parler correctement l'italien","breadcrumb":{"@id":"https:\/\/www.davidschool.com\/fr\/etude-italien-florence\/#breadcrumb"},"inLanguage":"fr-FR","potentialAction":[{"@type":"ReadAction","target":["https:\/\/www.davidschool.com\/fr\/etude-italien-florence\/"]}]},{"@type":"ImageObject","inLanguage":"fr-FR","@id":"https:\/\/www.davidschool.com\/fr\/etude-italien-florence\/#primaryimage","url":"https:\/\/www.davidschool.com\/wp-content\/uploads\/2021\/01\/insegnanti-1-1024x505.jpg","contentUrl":"https:\/\/www.davidschool.com\/wp-content\/uploads\/2021\/01\/insegnanti-1-1024x505.jpg"},{"@type":"BreadcrumbList","@id":"https:\/\/www.davidschool.com\/fr\/etude-italien-florence\/#breadcrumb","itemListElement":[{"@type":"ListItem","position":1,"name":"Home","item":"https:\/\/www.davidschool.com\/fr\/"},{"@type":"ListItem","position":2,"name":"\u00c9TUDIER L&rsquo;ITALIEN \u00c0 L&rsquo;\u00c9COLE"}]},{"@type":"WebSite","@id":"https:\/\/www.davidschool.com\/fr\/#website","url":"https:\/\/www.davidschool.com\/fr\/","name":"Istituto IL DAVID","description":"Italian Language School","publisher":{"@id":"https:\/\/www.davidschool.com\/fr\/#organization"},"potentialAction":[{"@type":"SearchAction","target":{"@type":"EntryPoint","urlTemplate":"https:\/\/www.davidschool.com\/fr\/?s={search_term_string}"},"query-input":{"@type":"PropertyValueSpecification","valueRequired":true,"valueName":"search_term_string"}}],"inLanguage":"fr-FR"},{"@type":"Organization","@id":"https:\/\/www.davidschool.com\/fr\/#organization","name":"Istituto Il David","url":"https:\/\/www.davidschool.com\/fr\/","logo":{"@type":"ImageObject","inLanguage":"fr-FR","@id":"https:\/\/www.davidschool.com\/fr\/#\/schema\/logo\/image\/","url":"https:\/\/www.davidschool.com\/wp-content\/uploads\/2019\/05\/Il-David_logo.png","contentUrl":"https:\/\/www.davidschool.com\/wp-content\/uploads\/2019\/05\/Il-David_logo.png","width":429,"height":133,"caption":"Istituto Il David"},"image":{"@id":"https:\/\/www.davidschool.com\/fr\/#\/schema\/logo\/image\/"}}]}},"_links":{"self":[{"href":"https:\/\/www.davidschool.com\/fr\/wp-json\/wp\/v2\/pages\/806","targetHints":{"allow":["GET"]}}],"collection":[{"href":"https:\/\/www.davidschool.com\/fr\/wp-json\/wp\/v2\/pages"}],"about":[{"href":"https:\/\/www.davidschool.com\/fr\/wp-json\/wp\/v2\/types\/page"}],"author":[{"embeddable":true,"href":"https:\/\/www.davidschool.com\/fr\/wp-json\/wp\/v2\/users\/1"}],"replies":[{"embeddable":true,"href":"https:\/\/www.davidschool.com\/fr\/wp-json\/wp\/v2\/comments?post=806"}],"version-history":[{"count":10,"href":"https:\/\/www.davidschool.com\/fr\/wp-json\/wp\/v2\/pages\/806\/revisions"}],"predecessor-version":[{"id":23977,"href":"https:\/\/www.davidschool.com\/fr\/wp-json\/wp\/v2\/pages\/806\/revisions\/23977"}],"wp:attachment":[{"href":"https:\/\/www.davidschool.com\/fr\/wp-json\/wp\/v2\/media?parent=806"}],"curies":[{"name":"wp","href":"https:\/\/api.w.org\/{rel}","templated":true}]}}