{"id":849,"date":"2019-06-03T16:59:46","date_gmt":"2019-06-03T14:59:46","guid":{"rendered":"http:\/\/3.122.4.63\/?page_id=849"},"modified":"2021-03-13T18:08:41","modified_gmt":"2021-03-13T17:08:41","slug":"apprentissage-de-la-langue-italienne-a-florence","status":"publish","type":"page","link":"https:\/\/www.davidschool.com\/fr\/apprentissage-de-la-langue-italienne-a-florence\/","title":{"rendered":"APPRENDRE L&rsquo;ITALIEN \u00c0 FLORENCE"},"content":{"rendered":"\n<h2 class=\"wp-block-heading\">Florence: le bon endroit pour apprendre italien en Italie <\/h2>\n\n\n\n<figure class=\"wp-block-image size-large\"><img loading=\"lazy\" decoding=\"async\" width=\"1024\" height=\"394\" src=\"https:\/\/www.davidschool.com\/wp-content\/uploads\/2021\/03\/FIrenze_Ponte_Vecchio_57_Carlo-Copia-1024x394.jpg\" alt=\"\" class=\"wp-image-24210\" srcset=\"https:\/\/www.davidschool.com\/wp-content\/uploads\/2021\/03\/FIrenze_Ponte_Vecchio_57_Carlo-Copia-1024x394.jpg 1024w, https:\/\/www.davidschool.com\/wp-content\/uploads\/2021\/03\/FIrenze_Ponte_Vecchio_57_Carlo-Copia-300x115.jpg 300w, https:\/\/www.davidschool.com\/wp-content\/uploads\/2021\/03\/FIrenze_Ponte_Vecchio_57_Carlo-Copia-768x296.jpg 768w, https:\/\/www.davidschool.com\/wp-content\/uploads\/2021\/03\/FIrenze_Ponte_Vecchio_57_Carlo-Copia-80x31.jpg 80w, https:\/\/www.davidschool.com\/wp-content\/uploads\/2021\/03\/FIrenze_Ponte_Vecchio_57_Carlo-Copia-1536x591.jpg 1536w, https:\/\/www.davidschool.com\/wp-content\/uploads\/2021\/03\/FIrenze_Ponte_Vecchio_57_Carlo-Copia-2048x788.jpg 2048w, https:\/\/www.davidschool.com\/wp-content\/uploads\/2021\/03\/FIrenze_Ponte_Vecchio_57_Carlo-Copia-270x104.jpg 270w\" sizes=\"auto, (max-width: 1024px) 100vw, 1024px\" \/><\/figure>\n\n\n\n<p><span style=\"color: #000000;\">Florence est le lieu id\u00e9al pour <strong>apprendre ou perfectionner la langue italienne<\/strong> pour de nombreuses raisons. <\/span><br>C&rsquo;est la ville o\u00f9 est n\u00e9e et o\u00f9 s&rsquo;est le plus d\u00e9velopp\u00e9e la transformation de la langue italienne, c&rsquo;est donc ici que se parle l&rsquo;italien le plus pur d&rsquo; Italie avec une caract\u00e9ristique et unique inflexion dialectique.<\/p>\n\n\n\n<p>Florence est connue dans le monde entier pour \u00eatre <strong>la ville de l&rsquo;art<\/strong>, <strong>la capitale de la Renaissance<\/strong>, un des centres les plus importants de la culture litt\u00e9raire et scientifique.<br>Le centre historique de Florence est l\u2019un des plus grands au monde et sa densit\u00e9 de monuments et d\u2019\u0153uvres d\u2019art fait en sorte que vous ne finirez jamais par le visiter et l\u2019apprendre \u00e0 le conna\u00eetre.<br>Gr\u00e2ce \u00e0 son vaste et riche patrimoine de monuments et d&rsquo;oeuvres d&rsquo;art, elle est devenue un centre artistique et culturel parmi les plus importants du monde.<\/p>\n\n\n\n<p>Elle se trouve au <strong>centre de la Toscane<\/strong>, \u00e0 moins d&rsquo;une heure des villes comme Sienne, Lucca, Pise, Arezzo, San Gimignano, Cortona, Pienza, Volterra et la c\u00f4te de la mer Tirreno. <\/p>\n\n\n\n<p>Florence est une ville universitaire et touristique pas tr\u00e8s grande et son centre historique est loin du trafic et de la zone industrielle qui se trouve en p\u00e9riph\u00e9rie ; elle offre donc un <strong>climat id\u00e9al pour un cours d&rsquo;\u00e9tude<\/strong>. Florence est une ville tranquille o\u00f9 il y a peu de criminalit\u00e9.<\/p>\n\n\n\n<p>\u00c0 Florence, vous pouvez rencontrer des <strong>\u00e9tudiants du monde entier<\/strong> qui ont les m\u00eames int\u00e9r\u00eats culturels et personnels que vous. <br>Florence offre \u00e9galement de <strong>bonnes opportunit\u00e9s d&#8217;emploi et des perspectives professionnelles<\/strong> dans les domaines du tourisme, de l&rsquo;art, de la mode et de la culture en g\u00e9n\u00e9ral.<\/p>\n\n\n\n<div class=\"wp-block-image\"><figure class=\"aligncenter size-large is-resized\"><img loading=\"lazy\" decoding=\"async\" src=\"https:\/\/www.davidschool.com\/wp-content\/uploads\/2020\/05\/12.jpg\" alt=\"\" class=\"wp-image-15068\" width=\"849\" height=\"477\" srcset=\"https:\/\/www.davidschool.com\/wp-content\/uploads\/2020\/05\/12.jpg 832w, https:\/\/www.davidschool.com\/wp-content\/uploads\/2020\/05\/12-300x169.jpg 300w, https:\/\/www.davidschool.com\/wp-content\/uploads\/2020\/05\/12-768x432.jpg 768w, https:\/\/www.davidschool.com\/wp-content\/uploads\/2020\/05\/12-80x45.jpg 80w, https:\/\/www.davidschool.com\/wp-content\/uploads\/2020\/05\/12-270x152.jpg 270w\" sizes=\"auto, (max-width: 849px) 100vw, 849px\" \/><\/figure><\/div>\n\n\n\n<p><span style=\"color: #000000;\">\u00c1 Florence il n&rsquo;y a pas seulement des mus\u00e9s, des \u00e9glises, des palais et des monuments important mais il y a aussi des petits restaurants traditionnels o\u00f9 l&rsquo;on peut se retrouver et se divertir, des concerts et des spectacles toute l&rsquo;ann\u00e9e, des parcs et des jardins pour se relaxer, des maisons de grande couture des stylistes les plus connus au monde, de typiques ateliers artisanaux o\u00f9 l&rsquo;on peut encore admirer des peintres et des artistes pendant leur travail, des manifestations traditionnelles et reconstitutions historiques dans lesquelles on semble \u00eatre projet\u00e9 au temps de Dante ou de Michel-Ange, les ruelles caract\u00e9ristiques o\u00f9 le pr\u00e9sent se fond au pass\u00e9.<\/span><\/p>\n\n\n\n<p><span style=\"color: #000000;\">Pour ces raisons de plus en plus d&rsquo;\u00e9tudiants et de touristes d\u00e9cident de s\u00e9journer dans cette ville et \u00e9tudier dans une \u00e9cole de langue \u00e0 <\/span><span style=\"color: #000000;\">Florence, donnant vie \u00e0 un immense \u00e9change culturel. <\/span><span style=\"color: #000000;\"><strong>Apprendre l&rsquo;italien<\/strong> dans une \u00e9cole de langue en Italie signifie avoir l&rsquo;opportunit\u00e9 de vivre chaque jour la culture italienne et de pratiquer constamment la langue italienne.<\/span><\/p>\n\n\n\n<figure class=\"wp-block-image size-large\"><img loading=\"lazy\" decoding=\"async\" width=\"1024\" height=\"392\" src=\"https:\/\/www.davidschool.com\/wp-content\/uploads\/2021\/01\/P1050132-Copia-1024x392.jpg\" alt=\"\" class=\"wp-image-18501\" srcset=\"https:\/\/www.davidschool.com\/wp-content\/uploads\/2021\/01\/P1050132-Copia-1024x392.jpg 1024w, https:\/\/www.davidschool.com\/wp-content\/uploads\/2021\/01\/P1050132-Copia-300x115.jpg 300w, https:\/\/www.davidschool.com\/wp-content\/uploads\/2021\/01\/P1050132-Copia-768x294.jpg 768w, https:\/\/www.davidschool.com\/wp-content\/uploads\/2021\/01\/P1050132-Copia-80x31.jpg 80w, https:\/\/www.davidschool.com\/wp-content\/uploads\/2021\/01\/P1050132-Copia-1536x588.jpg 1536w, https:\/\/www.davidschool.com\/wp-content\/uploads\/2021\/01\/P1050132-Copia-2048x784.jpg 2048w, https:\/\/www.davidschool.com\/wp-content\/uploads\/2021\/01\/P1050132-Copia-270x103.jpg 270w\" sizes=\"auto, (max-width: 1024px) 100vw, 1024px\" \/><\/figure>\n\n\n\n<p><span style=\"color: #000000;\">Apprendre l&rsquo;italien dans une \u00e9cole de langue italienne \u00e0 Florence signifie en outre, faire une exp\u00e9rience inoubliable dans <strong>le ville o\u00f9 est n\u00e9e la langue italienne et o\u00f9 encore aujourd&rsquo;hui on y parle l&rsquo;italien le plus correct<\/strong>. C&rsquo;est aussi pour cette raison que chaque ann\u00e9e environ 40 % des \u00e9tudiants inscris aux \u00e9coles de langue italienne en Italie choisissent de faire un cours dans une \u00e9cole de langue italienne \u00e0 Florence.<\/span><\/p>\n\n\n\n<p>Apprenez l&rsquo;italien dans notre \u00e9cole \u00e0 Florence avec nos <a href=\"https:\/\/www.davidschool.com\/fr\/cours\/cours-italien\/\"><strong>cours de langue italienne<\/strong><\/a> avec des \u00e9tudiants du monde entier, et d\u00e9couvrez Florence!<\/p>\n\n\n\n<div class=\"wp-block-image\"><figure class=\"aligncenter size-large\"><img loading=\"lazy\" decoding=\"async\" width=\"960\" height=\"720\" src=\"https:\/\/www.davidschool.com\/wp-content\/uploads\/2021\/01\/foto-roox-giugno-2015-42.jpg\" alt=\"\" class=\"wp-image-18495\" srcset=\"https:\/\/www.davidschool.com\/wp-content\/uploads\/2021\/01\/foto-roox-giugno-2015-42.jpg 960w, https:\/\/www.davidschool.com\/wp-content\/uploads\/2021\/01\/foto-roox-giugno-2015-42-300x225.jpg 300w, https:\/\/www.davidschool.com\/wp-content\/uploads\/2021\/01\/foto-roox-giugno-2015-42-768x576.jpg 768w, https:\/\/www.davidschool.com\/wp-content\/uploads\/2021\/01\/foto-roox-giugno-2015-42-80x60.jpg 80w, https:\/\/www.davidschool.com\/wp-content\/uploads\/2021\/01\/foto-roox-giugno-2015-42-240x180.jpg 240w\" sizes=\"auto, (max-width: 960px) 100vw, 960px\" \/><\/figure><\/div>\n\n\n\n<hr class=\"wp-block-separator\"\/>\n\n\n\n<p>Lisez plus d&rsquo;informations sur Florence sur la page <strong><a href=\"https:\/\/www.davidschool.com\/fr\/voyage-a-florence\/\">Voyage \u00e0 Florence<\/a><\/strong><\/p>\n","protected":false},"excerpt":{"rendered":"<p>Florence: le bon endroit pour apprendre italien en Italie Florence est le lieu id\u00e9al pour apprendre ou perfectionner la langue italienne pour de nombreuses raisons. C&rsquo;est la ville o\u00f9 est n\u00e9e et o\u00f9 s&rsquo;est le plus d\u00e9velopp\u00e9e la transformation de la langue italienne, c&rsquo;est donc ici que se parle l&rsquo;italien le plus pur d&rsquo; Italie [&hellip;]<\/p>\n","protected":false},"author":1,"featured_media":0,"parent":0,"menu_order":0,"comment_status":"closed","ping_status":"closed","template":"","meta":{"footnotes":""},"class_list":["post-849","page","type-page","status-publish","hentry"],"yoast_head":"<!-- This site is optimized with the Yoast SEO plugin v27.2 - https:\/\/yoast.com\/product\/yoast-seo-wordpress\/ -->\n<title>Florence: le bon endroit pour apprendre italien en Italie | Istituto IL DAVID<\/title>\n<meta name=\"description\" content=\"Florence est l&#039;endroit id\u00e9al pour apprendre ou am\u00e9liorer la langue italienne. C&#039;est une ville merveilleuse o\u00f9 la langue italienne est n\u00e9e. D\u00e9couvrez les autres raisons\" \/>\n<meta name=\"robots\" content=\"index, follow, max-snippet:-1, max-image-preview:large, max-video-preview:-1\" \/>\n<link rel=\"canonical\" href=\"https:\/\/www.davidschool.com\/fr\/apprentissage-de-la-langue-italienne-a-florence\/\" \/>\n<meta property=\"og:locale\" content=\"fr_FR\" \/>\n<meta property=\"og:type\" content=\"article\" \/>\n<meta property=\"og:title\" content=\"Florence: le bon endroit pour apprendre italien en Italie | Istituto IL DAVID\" \/>\n<meta property=\"og:description\" content=\"Florence est l&#039;endroit id\u00e9al pour apprendre ou am\u00e9liorer la langue italienne. C&#039;est une ville merveilleuse o\u00f9 la langue italienne est n\u00e9e. D\u00e9couvrez les autres raisons\" \/>\n<meta property=\"og:url\" content=\"https:\/\/www.davidschool.com\/fr\/apprentissage-de-la-langue-italienne-a-florence\/\" \/>\n<meta property=\"og:site_name\" content=\"Istituto IL DAVID\" \/>\n<meta property=\"article:modified_time\" content=\"2021-03-13T17:08:41+00:00\" \/>\n<meta property=\"og:image\" content=\"https:\/\/www.davidschool.com\/wp-content\/uploads\/2021\/03\/FIrenze_Ponte_Vecchio_57_Carlo-Copia-1024x394.jpg\" \/>\n<meta name=\"twitter:card\" content=\"summary_large_image\" \/>\n<meta name=\"twitter:label1\" content=\"Dur\u00e9e de lecture estim\u00e9e\" \/>\n\t<meta name=\"twitter:data1\" content=\"4 minutes\" \/>\n<script type=\"application\/ld+json\" class=\"yoast-schema-graph\">{\"@context\":\"https:\/\/schema.org\",\"@graph\":[{\"@type\":\"WebPage\",\"@id\":\"https:\/\/www.davidschool.com\/fr\/apprentissage-de-la-langue-italienne-a-florence\/\",\"url\":\"https:\/\/www.davidschool.com\/fr\/apprentissage-de-la-langue-italienne-a-florence\/\",\"name\":\"Florence: le bon endroit pour apprendre italien en Italie | Istituto IL DAVID\",\"isPartOf\":{\"@id\":\"https:\/\/www.davidschool.com\/fr\/#website\"},\"primaryImageOfPage\":{\"@id\":\"https:\/\/www.davidschool.com\/fr\/apprentissage-de-la-langue-italienne-a-florence\/#primaryimage\"},\"image\":{\"@id\":\"https:\/\/www.davidschool.com\/fr\/apprentissage-de-la-langue-italienne-a-florence\/#primaryimage\"},\"thumbnailUrl\":\"https:\/\/www.davidschool.com\/wp-content\/uploads\/2021\/03\/FIrenze_Ponte_Vecchio_57_Carlo-Copia-1024x394.jpg\",\"datePublished\":\"2019-06-03T14:59:46+00:00\",\"dateModified\":\"2021-03-13T17:08:41+00:00\",\"description\":\"Florence est l'endroit id\u00e9al pour apprendre ou am\u00e9liorer la langue italienne. C'est une ville merveilleuse o\u00f9 la langue italienne est n\u00e9e. D\u00e9couvrez les autres raisons\",\"breadcrumb\":{\"@id\":\"https:\/\/www.davidschool.com\/fr\/apprentissage-de-la-langue-italienne-a-florence\/#breadcrumb\"},\"inLanguage\":\"fr-FR\",\"potentialAction\":[{\"@type\":\"ReadAction\",\"target\":[\"https:\/\/www.davidschool.com\/fr\/apprentissage-de-la-langue-italienne-a-florence\/\"]}]},{\"@type\":\"ImageObject\",\"inLanguage\":\"fr-FR\",\"@id\":\"https:\/\/www.davidschool.com\/fr\/apprentissage-de-la-langue-italienne-a-florence\/#primaryimage\",\"url\":\"https:\/\/www.davidschool.com\/wp-content\/uploads\/2021\/03\/FIrenze_Ponte_Vecchio_57_Carlo-Copia-1024x394.jpg\",\"contentUrl\":\"https:\/\/www.davidschool.com\/wp-content\/uploads\/2021\/03\/FIrenze_Ponte_Vecchio_57_Carlo-Copia-1024x394.jpg\"},{\"@type\":\"BreadcrumbList\",\"@id\":\"https:\/\/www.davidschool.com\/fr\/apprentissage-de-la-langue-italienne-a-florence\/#breadcrumb\",\"itemListElement\":[{\"@type\":\"ListItem\",\"position\":1,\"name\":\"Home\",\"item\":\"https:\/\/www.davidschool.com\/fr\/\"},{\"@type\":\"ListItem\",\"position\":2,\"name\":\"APPRENDRE L&rsquo;ITALIEN \u00c0 FLORENCE\"}]},{\"@type\":\"WebSite\",\"@id\":\"https:\/\/www.davidschool.com\/fr\/#website\",\"url\":\"https:\/\/www.davidschool.com\/fr\/\",\"name\":\"Istituto IL DAVID\",\"description\":\"Italian Language School\",\"publisher\":{\"@id\":\"https:\/\/www.davidschool.com\/fr\/#organization\"},\"potentialAction\":[{\"@type\":\"SearchAction\",\"target\":{\"@type\":\"EntryPoint\",\"urlTemplate\":\"https:\/\/www.davidschool.com\/fr\/?s={search_term_string}\"},\"query-input\":{\"@type\":\"PropertyValueSpecification\",\"valueRequired\":true,\"valueName\":\"search_term_string\"}}],\"inLanguage\":\"fr-FR\"},{\"@type\":\"Organization\",\"@id\":\"https:\/\/www.davidschool.com\/fr\/#organization\",\"name\":\"Istituto Il David\",\"url\":\"https:\/\/www.davidschool.com\/fr\/\",\"logo\":{\"@type\":\"ImageObject\",\"inLanguage\":\"fr-FR\",\"@id\":\"https:\/\/www.davidschool.com\/fr\/#\/schema\/logo\/image\/\",\"url\":\"https:\/\/www.davidschool.com\/wp-content\/uploads\/2019\/05\/Il-David_logo.png\",\"contentUrl\":\"https:\/\/www.davidschool.com\/wp-content\/uploads\/2019\/05\/Il-David_logo.png\",\"width\":429,\"height\":133,\"caption\":\"Istituto Il David\"},\"image\":{\"@id\":\"https:\/\/www.davidschool.com\/fr\/#\/schema\/logo\/image\/\"}}]}<\/script>\n<!-- \/ Yoast SEO plugin. -->","yoast_head_json":{"title":"Florence: le bon endroit pour apprendre italien en Italie | Istituto IL DAVID","description":"Florence est l'endroit id\u00e9al pour apprendre ou am\u00e9liorer la langue italienne. C'est une ville merveilleuse o\u00f9 la langue italienne est n\u00e9e. D\u00e9couvrez les autres raisons","robots":{"index":"index","follow":"follow","max-snippet":"max-snippet:-1","max-image-preview":"max-image-preview:large","max-video-preview":"max-video-preview:-1"},"canonical":"https:\/\/www.davidschool.com\/fr\/apprentissage-de-la-langue-italienne-a-florence\/","og_locale":"fr_FR","og_type":"article","og_title":"Florence: le bon endroit pour apprendre italien en Italie | Istituto IL DAVID","og_description":"Florence est l'endroit id\u00e9al pour apprendre ou am\u00e9liorer la langue italienne. C'est une ville merveilleuse o\u00f9 la langue italienne est n\u00e9e. D\u00e9couvrez les autres raisons","og_url":"https:\/\/www.davidschool.com\/fr\/apprentissage-de-la-langue-italienne-a-florence\/","og_site_name":"Istituto IL DAVID","article_modified_time":"2021-03-13T17:08:41+00:00","og_image":[{"url":"https:\/\/www.davidschool.com\/wp-content\/uploads\/2021\/03\/FIrenze_Ponte_Vecchio_57_Carlo-Copia-1024x394.jpg","type":"","width":"","height":""}],"twitter_card":"summary_large_image","twitter_misc":{"Dur\u00e9e de lecture estim\u00e9e":"4 minutes"},"schema":{"@context":"https:\/\/schema.org","@graph":[{"@type":"WebPage","@id":"https:\/\/www.davidschool.com\/fr\/apprentissage-de-la-langue-italienne-a-florence\/","url":"https:\/\/www.davidschool.com\/fr\/apprentissage-de-la-langue-italienne-a-florence\/","name":"Florence: le bon endroit pour apprendre italien en Italie | Istituto IL DAVID","isPartOf":{"@id":"https:\/\/www.davidschool.com\/fr\/#website"},"primaryImageOfPage":{"@id":"https:\/\/www.davidschool.com\/fr\/apprentissage-de-la-langue-italienne-a-florence\/#primaryimage"},"image":{"@id":"https:\/\/www.davidschool.com\/fr\/apprentissage-de-la-langue-italienne-a-florence\/#primaryimage"},"thumbnailUrl":"https:\/\/www.davidschool.com\/wp-content\/uploads\/2021\/03\/FIrenze_Ponte_Vecchio_57_Carlo-Copia-1024x394.jpg","datePublished":"2019-06-03T14:59:46+00:00","dateModified":"2021-03-13T17:08:41+00:00","description":"Florence est l'endroit id\u00e9al pour apprendre ou am\u00e9liorer la langue italienne. C'est une ville merveilleuse o\u00f9 la langue italienne est n\u00e9e. D\u00e9couvrez les autres raisons","breadcrumb":{"@id":"https:\/\/www.davidschool.com\/fr\/apprentissage-de-la-langue-italienne-a-florence\/#breadcrumb"},"inLanguage":"fr-FR","potentialAction":[{"@type":"ReadAction","target":["https:\/\/www.davidschool.com\/fr\/apprentissage-de-la-langue-italienne-a-florence\/"]}]},{"@type":"ImageObject","inLanguage":"fr-FR","@id":"https:\/\/www.davidschool.com\/fr\/apprentissage-de-la-langue-italienne-a-florence\/#primaryimage","url":"https:\/\/www.davidschool.com\/wp-content\/uploads\/2021\/03\/FIrenze_Ponte_Vecchio_57_Carlo-Copia-1024x394.jpg","contentUrl":"https:\/\/www.davidschool.com\/wp-content\/uploads\/2021\/03\/FIrenze_Ponte_Vecchio_57_Carlo-Copia-1024x394.jpg"},{"@type":"BreadcrumbList","@id":"https:\/\/www.davidschool.com\/fr\/apprentissage-de-la-langue-italienne-a-florence\/#breadcrumb","itemListElement":[{"@type":"ListItem","position":1,"name":"Home","item":"https:\/\/www.davidschool.com\/fr\/"},{"@type":"ListItem","position":2,"name":"APPRENDRE L&rsquo;ITALIEN \u00c0 FLORENCE"}]},{"@type":"WebSite","@id":"https:\/\/www.davidschool.com\/fr\/#website","url":"https:\/\/www.davidschool.com\/fr\/","name":"Istituto IL DAVID","description":"Italian Language School","publisher":{"@id":"https:\/\/www.davidschool.com\/fr\/#organization"},"potentialAction":[{"@type":"SearchAction","target":{"@type":"EntryPoint","urlTemplate":"https:\/\/www.davidschool.com\/fr\/?s={search_term_string}"},"query-input":{"@type":"PropertyValueSpecification","valueRequired":true,"valueName":"search_term_string"}}],"inLanguage":"fr-FR"},{"@type":"Organization","@id":"https:\/\/www.davidschool.com\/fr\/#organization","name":"Istituto Il David","url":"https:\/\/www.davidschool.com\/fr\/","logo":{"@type":"ImageObject","inLanguage":"fr-FR","@id":"https:\/\/www.davidschool.com\/fr\/#\/schema\/logo\/image\/","url":"https:\/\/www.davidschool.com\/wp-content\/uploads\/2019\/05\/Il-David_logo.png","contentUrl":"https:\/\/www.davidschool.com\/wp-content\/uploads\/2019\/05\/Il-David_logo.png","width":429,"height":133,"caption":"Istituto Il David"},"image":{"@id":"https:\/\/www.davidschool.com\/fr\/#\/schema\/logo\/image\/"}}]}},"_links":{"self":[{"href":"https:\/\/www.davidschool.com\/fr\/wp-json\/wp\/v2\/pages\/849","targetHints":{"allow":["GET"]}}],"collection":[{"href":"https:\/\/www.davidschool.com\/fr\/wp-json\/wp\/v2\/pages"}],"about":[{"href":"https:\/\/www.davidschool.com\/fr\/wp-json\/wp\/v2\/types\/page"}],"author":[{"embeddable":true,"href":"https:\/\/www.davidschool.com\/fr\/wp-json\/wp\/v2\/users\/1"}],"replies":[{"embeddable":true,"href":"https:\/\/www.davidschool.com\/fr\/wp-json\/wp\/v2\/comments?post=849"}],"version-history":[{"count":21,"href":"https:\/\/www.davidschool.com\/fr\/wp-json\/wp\/v2\/pages\/849\/revisions"}],"predecessor-version":[{"id":24310,"href":"https:\/\/www.davidschool.com\/fr\/wp-json\/wp\/v2\/pages\/849\/revisions\/24310"}],"wp:attachment":[{"href":"https:\/\/www.davidschool.com\/fr\/wp-json\/wp\/v2\/media?parent=849"}],"curies":[{"name":"wp","href":"https:\/\/api.w.org\/{rel}","templated":true}]}}