{"id":866,"date":"2019-06-05T14:52:45","date_gmt":"2019-06-05T12:52:45","guid":{"rendered":"http:\/\/3.122.4.63\/?page_id=866"},"modified":"2021-06-18T19:11:09","modified_gmt":"2021-06-18T17:11:09","slug":"voyage-a-florence","status":"publish","type":"page","link":"https:\/\/www.davidschool.com\/fr\/voyage-a-florence\/","title":{"rendered":"VOYAGE A FLORENCE"},"content":{"rendered":"\n<h2 class=\"wp-block-heading\">Une merveilleuse exp\u00e9rience dans l&rsquo;une des plus belles villes du monde<\/h2>\n\n\n\n<p>Voyager ouvre l&rsquo;esprit, \u00e9largit nos horizons, am\u00e9liore notre humeur et notre estime de soi, enrichit notre culture, notre personnalit\u00e9 et notre intelligence.<br>Faire un <strong>voyage \u00e0 Florence<\/strong> est toujours excitant. Florence est une destination \u00e0 ne pas manquer, surtout si vous \u00eates passionn\u00e9 par l&rsquo;art et la culture italiens.<br>Si la passion pour <strong>l&rsquo;art et la culture italiennes <\/strong>est combin\u00e9e \u00e0 la passion ou \u00e0 l&rsquo;utilit\u00e9 d&rsquo;<strong>apprendre et de parler la langue italienne<\/strong>, cela devient un voyage parfait.<\/p>\n\n\n\n<figure class=\"wp-block-image size-large\"><img loading=\"lazy\" decoding=\"async\" width=\"1024\" height=\"555\" src=\"https:\/\/www.davidschool.com\/wp-content\/uploads\/2020\/05\/14-1024x555.jpg\" alt=\"\" class=\"wp-image-15084\" srcset=\"https:\/\/www.davidschool.com\/wp-content\/uploads\/2020\/05\/14-1024x555.jpg 1024w, https:\/\/www.davidschool.com\/wp-content\/uploads\/2020\/05\/14-300x162.jpg 300w, https:\/\/www.davidschool.com\/wp-content\/uploads\/2020\/05\/14-768x416.jpg 768w, https:\/\/www.davidschool.com\/wp-content\/uploads\/2020\/05\/14-80x43.jpg 80w, https:\/\/www.davidschool.com\/wp-content\/uploads\/2020\/05\/14-1536x832.jpg 1536w, https:\/\/www.davidschool.com\/wp-content\/uploads\/2020\/05\/14-2048x1109.jpg 2048w, https:\/\/www.davidschool.com\/wp-content\/uploads\/2020\/05\/14-270x146.jpg 270w\" sizes=\"auto, (max-width: 1024px) 100vw, 1024px\" \/><\/figure>\n\n\n\n<h3 class=\"wp-block-heading\">Quand voyager \u00e0 Florence<\/h3>\n\n\n\n<p>Quel est le meilleur moment pour faire un <strong>voyage d&rsquo;\u00e9tude \u00e0 Florence<\/strong>?<br>Toute p\u00e9riode de l&rsquo;ann\u00e9e est bonne pour <strong>voyager \u00e0 Florence<\/strong>, mais si vous avez la libert\u00e9 de d\u00e9cider, il convient de d\u00e9crire certaines diff\u00e9rences.<br>Pendant les p\u00e9riodes de haute saison des touristes (d&rsquo;avril \u00e0 octobre), le climat est plus doux, donc <strong>visiter Florence<\/strong> est plus agr\u00e9able, mais la plus grande pr\u00e9sence de touristes entra\u00eene quelques difficult\u00e9s: lieux tr\u00e8s fr\u00e9quent\u00e9s, rang\u00e9es devant les mus\u00e9es et monuments, prix plus \u00e9lev\u00e9.<br>Pendant les autres p\u00e9riodes et en basse saison le climat peut \u00eatre froid et pluvieux (de novembre \u00e0 mars) ou tr\u00e8s chaud (juillet et ao\u00fbt) mais la moindre pr\u00e9sence de touristes conduit \u00e0 moins de confusion, peu de rang\u00e9es devant les mus\u00e9es, plus de prix \u00e9conomique.<br>Dans notre <a href=\"https:\/\/www.davidschool.com\/fr\/\"><strong>\u00e9cole de italien<\/strong><\/a>, le plus grand nombre d&rsquo;\u00e9tudiants \u00e9trangers se situe de juin \u00e0 octobre, tandis que de novembre \u00e0 f\u00e9vrier la situation est plus calme.<\/p>\n\n\n\n<h3 class=\"wp-block-heading\">Dur\u00e9e des vacances \u00e0 Florence<\/h3>\n\n\n\n<p>Combien de temps passer en vacances \u00e0 Florence?<br>Il est difficile de donner une r\u00e9ponse pr\u00e9cise \u00e0 la question du temps de s\u00e9jour en <strong>vacances \u00e0 Florence<\/strong>. Cela d\u00e9pend de la disponibilit\u00e9 du temps et des besoins de chacun. Les s\u00e9jours varient d&rsquo;une semaine \u00e0 un an.<br>Si vous \u00eates \u00e0 Florence pour <a href=\"https:\/\/www.davidschool.com\/fr\/apprentissage-de-la-langue-italienne-a-florence\/\"><strong>apprendre l&rsquo;italien<\/strong><\/a>, cela d\u00e9pend de votre niveau de d\u00e9part et de ce que vous souhaitez r\u00e9aliser.<br>Si vous \u00eates \u00e0 Florence sp\u00e9cialement pour <strong>visiter la ville<\/strong>, cela peut prendre seulement une semaine pour visiter les sites artistiques et architecturaux les plus importants de Florence.<br>Pour ceux qui sont passionn\u00e9s par l&rsquo;art et la <strong>culture italienne<\/strong>, cela prend deux semaines ou plus.<br>Pour ceux qui souhaitent <strong>visiter d&rsquo;autres endroits en Toscane<\/strong> (Sienne, Pise, Lucques, S.Gimignano, etc.) et veulent faire d&rsquo;autres exp\u00e9riences, des s\u00e9jours de 4 semaines ou plus sont pr\u00e9f\u00e9rables.<br>Pour ceux qui d\u00e9cident de vivre une exp\u00e9rience compl\u00e8te pour explorer les diff\u00e9rents aspects de la <strong>culture italienne<\/strong> et <strong>visiter d&rsquo;autres endroits en Italie<\/strong>, les s\u00e9jours peuvent durer de 4 \u00e0 12 mois.<\/p>\n\n\n\n<h3 class=\"wp-block-heading\">Combien de temps avant r\u00e9server un voyage \u00e0 Florence<\/h3>\n\n\n\n<p>Il est sage et pratique de r\u00e9server longtemps \u00e0 l&rsquo;avance.<br>Pour \u00e9viter d&rsquo;\u00e9ventuels \u00e9v\u00e9nements impr\u00e9vus, si vous d\u00e9cidez de r\u00e9server un voyage en haute saison, il est toujours pr\u00e9f\u00e9rable de r\u00e9server le plus t\u00f4t possible, tandis qu&rsquo;en basse saison, il n&rsquo;y a pas press\u00e9. En moyenne cependant, il est pr\u00e9f\u00e9rable de r\u00e9server entre 5 et 2 mois avant l&rsquo;arriv\u00e9e.<\/p>\n\n\n\n<h3 class=\"wp-block-heading\">Quels sont les documents n\u00e9cecessaires pour aller et s\u00e9journer en Italie<\/h3>\n\n\n\n<p>Carte d&rsquo;identit\u00e9, passeport, visa de tourisme, visa d&rsquo;\u00e9tudes, carte de sant\u00e9, d\u00e9claration de pr\u00e9sence, titre de s\u00e9jour.<\/p>\n\n\n\n<p>Citoyens des pays de l&rsquo;Union europ\u00e9enne (UE)<br>Si vous \u00eates citoyen d&rsquo;un pays de l&rsquo;Union europ\u00e9enne (espace Schengen), vous n&rsquo;avez besoin d&rsquo;aucun type de permis ou de visa pour entrer et s\u00e9journer en Italie. Il vous suffit de vous munir d&rsquo;une carte d&rsquo;identit\u00e9 et de la carte europ\u00e9enne d&rsquo;assurance maladie (CEAM), qui vous donnera droit, en cas de besoin, \u00e0 des soins de sant\u00e9 gratuits dans les h\u00f4pitaux italiens.<br>Si, en revanche, votre nationalit\u00e9 ne fait pas partie d&rsquo;un pays de l&rsquo;Union europ\u00e9enne, v\u00e9rifiez les informations n\u00e9cessaires pour arriver et s\u00e9journer en Italie afin d&rsquo;y \u00e9tudier l&rsquo;italien pour des p\u00e9riodes sup\u00e9rieures \u00e0 trois mois. Visitez notre page <strong><a href=\"https:\/\/www.davidschool.com\/en\/student-visa\/\">Visa d&rsquo;\u00e9tudes<\/a><\/strong>.<\/p>\n\n\n\n<h3 class=\"wp-block-heading\">Comment arriver \u00e0 Florence<\/h3>\n\n\n\n<svg xmlns=\"http:\/\/www.w3.org\/2000\/svg\" aria-hidden=\"true\" data-prefix=\"fas\" data-icon=\"plane\" class=\"svg-inline--fa fa-plane fa-w-18\" role=\"img\" viewBox=\"0 0 576 512\"><path fill=\"#003146\" d=\"M480 192H365.71L260.61 8.06A16.014 16.014 0 0 0 246.71 0h-65.5c-10.63 0-18.3 10.17-15.38 20.39L214.86 192H112l-43.2-57.6c-3.02-4.03-7.77-6.4-12.8-6.4H16.01C5.6 128-2.04 137.78.49 147.88L32 256 .49 364.12C-2.04 374.22 5.6 384 16.01 384H56c5.04 0 9.78-2.37 12.8-6.4L112 320h102.86l-49.03 171.6c-2.92 10.22 4.75 20.4 15.38 20.4h65.5c5.74 0 11.04-3.08 13.89-8.06L365.71 320H480c35.35 0 96-28.65 96-64s-60.65-64-96-64z\"><\/path><\/svg>\n\n\n\n<p><strong>En avion:<\/strong> De l&rsquo;Europe vers les a\u00e9roports de Florence, Pise, ou Bologne, des autres continents vers les a\u00e9roports de Rome ou Milan.<strong> <br>Florence:<\/strong> l\u2019a\u00e9roport de Peretola (Amerigo Vespucci) est petit mais tr\u00e8s fonctionnel. Il se trouve \u00e0 environ 5 km. du centre de Florence. Pour arriver au centre de Florence, il faut prendre le tram qui arrive \u00e0 la gare centrale (environ 20 minutes) ou le taxi. <br><strong>Pise:<\/strong> de l\u2019a\u00e9roport de Pise (Galileo Galilei) c&rsquo;est possible prendre le bus pour Florence (environ 1 heure) ou arriver \u00e0 la gare de Pise en bus (environ 5 minutes) ou en taxi, puis prendre le train jusqu\u2019\u00e0 Florence (environ 50 minutes).<br><strong>Bologne<\/strong>: de l&rsquo;a\u00e9roport de Bologne (Guglielmo Marconi), il faut aller \u00e0 la gare centrale de Bologne (environ 25 minutes), puis prendre le train pour Florence (environ 40 minutes).<br><strong>Rome:<\/strong> de l\u2019a\u00e9roport de Fiumicino (Leonardo da Vinci) il faut prendre le train pour la gare centrale de Rome Termini (environ 30 minutes) et puis le train pour Florence (environ 1 heure et 40 minutes). <br><strong>Milan:<\/strong> de l&rsquo;a\u00e9roport de Malpensa il y a des autobus pour la gare centrale de Milan (environ 1 heure) et puis un train jusqu\u2019\u00e0 Florence (environ 1 heure et 40 minutes)<\/p>\n\n\n\n<div class=\"wp-block-columns is-layout-flex wp-container-core-columns-is-layout-9d6595d7 wp-block-columns-is-layout-flex\">\n<div class=\"wp-block-column is-layout-flow wp-block-column-is-layout-flow\">\n<svg xmlns=\"http:\/\/www.w3.org\/2000\/svg\" aria-hidden=\"true\" data-prefix=\"fas\" data-icon=\"train\" class=\"svg-inline--fa fa-train fa-w-14\" role=\"img\" viewBox=\"0 0 448 512\"><path fill=\"#003146\" d=\"M448 96v256c0 51.815-61.624 96-130.022 96l62.98 49.721C386.905 502.417 383.562 512 376 512H72c-7.578 0-10.892-9.594-4.957-14.279L130.022 448C61.82 448 0 403.954 0 352V96C0 42.981 64 0 128 0h192c65 0 128 42.981 128 96zm-48 136V120c0-13.255-10.745-24-24-24H72c-13.255 0-24 10.745-24 24v112c0 13.255 10.745 24 24 24h304c13.255 0 24-10.745 24-24zm-176 64c-30.928 0-56 25.072-56 56s25.072 56 56 56 56-25.072 56-56-25.072-56-56-56z\"><\/path><\/svg>\n\n\n\n<p> <strong>En train:<\/strong> des principales gares europ\u00e9ennes et italiennes jusqu&rsquo;\u00e0 la gare centrale de Santa Maria Novella. <\/p>\n<\/div>\n\n\n\n<div class=\"wp-block-column is-layout-flow wp-block-column-is-layout-flow\">\n<svg xmlns=\"http:\/\/www.w3.org\/2000\/svg\" aria-hidden=\"true\" data-prefix=\"fas\" data-icon=\"bus\" class=\"svg-inline--fa fa-bus fa-w-16\" role=\"img\" viewBox=\"0 0 512 512\"><path fill=\"#003146\" d=\"M488 128h-8V80c0-44.8-99.2-80-224-80S32 35.2 32 80v48h-8c-13.25 0-24 10.74-24 24v80c0 13.25 10.75 24 24 24h8v160c0 17.67 14.33 32 32 32v32c0 17.67 14.33 32 32 32h32c17.67 0 32-14.33 32-32v-32h192v32c0 17.67 14.33 32 32 32h32c17.67 0 32-14.33 32-32v-32h6.4c16 0 25.6-12.8 25.6-25.6V256h8c13.25 0 24-10.75 24-24v-80c0-13.26-10.75-24-24-24zM112 400c-17.67 0-32-14.33-32-32s14.33-32 32-32 32 14.33 32 32-14.33 32-32 32zm16-112c-17.67 0-32-14.33-32-32V128c0-17.67 14.33-32 32-32h256c17.67 0 32 14.33 32 32v128c0 17.67-14.33 32-32 32H128zm272 112c-17.67 0-32-14.33-32-32s14.33-32 32-32 32 14.33 32 32-14.33 32-32 32z\"><\/path><\/svg>\n\n\n\n<p> <strong>En autobus:<\/strong> Dans de nombreuses villes europ\u00e9ennes il y a des lignes directes pour Florence, la plus connue sont Eurolines et Flixbus. <\/p>\n<\/div>\n\n\n\n<div class=\"wp-block-column is-layout-flow wp-block-column-is-layout-flow\">\n<svg xmlns=\"http:\/\/www.w3.org\/2000\/svg\" aria-hidden=\"true\" data-prefix=\"fas\" data-icon=\"car\" class=\"svg-inline--fa fa-car fa-w-16\" role=\"img\" viewBox=\"0 0 512 512\"><path fill=\"#003146\" d=\"M499.99 176h-59.87l-16.64-41.6C406.38 91.63 365.57 64 319.5 64h-127c-46.06 0-86.88 27.63-103.99 70.4L71.87 176H12.01C4.2 176-1.53 183.34.37 190.91l6 24C7.7 220.25 12.5 224 18.01 224h20.07C24.65 235.73 16 252.78 16 272v48c0 16.12 6.16 30.67 16 41.93V416c0 17.67 14.33 32 32 32h32c17.67 0 32-14.33 32-32v-32h256v32c0 17.67 14.33 32 32 32h32c17.67 0 32-14.33 32-32v-54.07c9.84-11.25 16-25.8 16-41.93v-48c0-19.22-8.65-36.27-22.07-48H494c5.51 0 10.31-3.75 11.64-9.09l6-24c1.89-7.57-3.84-14.91-11.65-14.91zm-352.06-17.83c7.29-18.22 24.94-30.17 44.57-30.17h127c19.63 0 37.28 11.95 44.57 30.17L384 208H128l19.93-49.83zM96 319.8c-19.2 0-32-12.76-32-31.9S76.8 256 96 256s48 28.71 48 47.85-28.8 15.95-48 15.95zm320 0c-19.2 0-48 3.19-48-15.95S396.8 256 416 256s32 12.76 32 31.9-12.8 31.9-32 31.9z\"><\/path><\/svg>\n\n\n\n<p> <strong>En voiture:<\/strong> des autoroutes italiennes jusqu&rsquo;\u00e0 la sortie de Florence nord (de Bologne), Florence mer (de Pisa), Florence sud ou Florence Impruneta (de Rome). <\/p>\n<\/div>\n<\/div>\n\n\n\n<h3 class=\"wp-block-heading\">Le climat \u00e0 Florence<\/h3>\n\n\n\n<p><strong>D\u00e9cembre, janvier, f\u00e9vrier:<\/strong> 0-10 degr\u00e9s . Climat: variable et nuageux <br><strong>Mars:<\/strong> 10-20 degr\u00e9s. Climat: variable, venteux et pluvieux <br><strong>Avril, mai<\/strong>: 20-25 degr\u00e9s. Climat ensoleill\u00e9 et doux <br><strong>Juin, juillet, ao\u00fbt<\/strong>: 25-35 degr\u00e9s. Climat: ensoleill\u00e9, chaud et humide <br><strong>Septembre, octobre:<\/strong> 15-25 degr\u00e9s. Climat: ensoleill\u00e9, venteux et doux. <br><strong>Novembre:<\/strong> 10-20 degr\u00e9s. Climat: pluvieux<\/p>\n\n\n\n<h3 class=\"wp-block-heading\">Distances de Florence<\/h3>\n\n\n\n<p>Siena 70 Km <br>Lucca 75 Km <br>Arezzo 80 Km <br>Pisa 90 Km <br>Viareggio 100 Km <br>Bologne 110 Km <br>Perugia 160 Km <br>Orbetello 200 Km<br>Rimini 230 km <br>Venise 270 Km <br>Rome 280 Km <br>Milan 300 Km<\/p>\n\n\n\n<hr class=\"wp-block-separator\"\/>\n\n\n\n<p>Lisez plus d&rsquo;informations sur Florence sur la page <a href=\"https:\/\/www.davidschool.com\/fr\/apprentissage-de-la-langue-italienne-a-florence\/\"><strong>Apprendre l&rsquo;italien \u00e0 Florence<\/strong><\/a><\/p>\n","protected":false},"excerpt":{"rendered":"<p>Une merveilleuse exp\u00e9rience dans l&rsquo;une des plus belles villes du monde Voyager ouvre l&rsquo;esprit, \u00e9largit nos horizons, am\u00e9liore notre humeur et notre estime de soi, enrichit notre culture, notre personnalit\u00e9 et notre intelligence.Faire un voyage \u00e0 Florence est toujours excitant. Florence est une destination \u00e0 ne pas manquer, surtout si vous \u00eates passionn\u00e9 par l&rsquo;art [&hellip;]<\/p>\n","protected":false},"author":1,"featured_media":0,"parent":0,"menu_order":0,"comment_status":"closed","ping_status":"closed","template":"","meta":{"footnotes":""},"class_list":["post-866","page","type-page","status-publish","hentry"],"yoast_head":"<!-- This site is optimized with the Yoast SEO plugin v27.2 - https:\/\/yoast.com\/product\/yoast-seo-wordpress\/ -->\n<title>Voyage \u00e0 Florence pour vacances d&#039;\u00e9tude | Istituto IL DAVID<\/title>\n<meta name=\"description\" content=\"Visitez l&#039;une des plus belles villes du monde et suivez un cours d&#039;italien \u00e0 Florence. Lisez nos conseils utiles avant de voyager \u00e0 Florence et en Toscane\" \/>\n<meta name=\"robots\" content=\"index, follow, max-snippet:-1, max-image-preview:large, max-video-preview:-1\" \/>\n<link rel=\"canonical\" href=\"https:\/\/www.davidschool.com\/fr\/voyage-a-florence\/\" \/>\n<meta property=\"og:locale\" content=\"fr_FR\" \/>\n<meta property=\"og:type\" content=\"article\" \/>\n<meta property=\"og:title\" content=\"Voyage \u00e0 Florence pour vacances d&#039;\u00e9tude | Istituto IL DAVID\" \/>\n<meta property=\"og:description\" content=\"Visitez l&#039;une des plus belles villes du monde et suivez un cours d&#039;italien \u00e0 Florence. Lisez nos conseils utiles avant de voyager \u00e0 Florence et en Toscane\" \/>\n<meta property=\"og:url\" content=\"https:\/\/www.davidschool.com\/fr\/voyage-a-florence\/\" \/>\n<meta property=\"og:site_name\" content=\"Istituto IL DAVID\" \/>\n<meta property=\"article:modified_time\" content=\"2021-06-18T17:11:09+00:00\" \/>\n<meta property=\"og:image\" content=\"https:\/\/www.davidschool.com\/wp-content\/uploads\/2020\/05\/14-1024x555.jpg\" \/>\n<meta name=\"twitter:card\" content=\"summary_large_image\" \/>\n<meta name=\"twitter:label1\" content=\"Dur\u00e9e de lecture estim\u00e9e\" \/>\n\t<meta name=\"twitter:data1\" content=\"5 minutes\" \/>\n<script type=\"application\/ld+json\" class=\"yoast-schema-graph\">{\"@context\":\"https:\/\/schema.org\",\"@graph\":[{\"@type\":\"WebPage\",\"@id\":\"https:\/\/www.davidschool.com\/fr\/voyage-a-florence\/\",\"url\":\"https:\/\/www.davidschool.com\/fr\/voyage-a-florence\/\",\"name\":\"Voyage \u00e0 Florence pour vacances d'\u00e9tude | Istituto IL DAVID\",\"isPartOf\":{\"@id\":\"https:\/\/www.davidschool.com\/fr\/#website\"},\"primaryImageOfPage\":{\"@id\":\"https:\/\/www.davidschool.com\/fr\/voyage-a-florence\/#primaryimage\"},\"image\":{\"@id\":\"https:\/\/www.davidschool.com\/fr\/voyage-a-florence\/#primaryimage\"},\"thumbnailUrl\":\"https:\/\/www.davidschool.com\/wp-content\/uploads\/2020\/05\/14-1024x555.jpg\",\"datePublished\":\"2019-06-05T12:52:45+00:00\",\"dateModified\":\"2021-06-18T17:11:09+00:00\",\"description\":\"Visitez l'une des plus belles villes du monde et suivez un cours d'italien \u00e0 Florence. Lisez nos conseils utiles avant de voyager \u00e0 Florence et en Toscane\",\"breadcrumb\":{\"@id\":\"https:\/\/www.davidschool.com\/fr\/voyage-a-florence\/#breadcrumb\"},\"inLanguage\":\"fr-FR\",\"potentialAction\":[{\"@type\":\"ReadAction\",\"target\":[\"https:\/\/www.davidschool.com\/fr\/voyage-a-florence\/\"]}]},{\"@type\":\"ImageObject\",\"inLanguage\":\"fr-FR\",\"@id\":\"https:\/\/www.davidschool.com\/fr\/voyage-a-florence\/#primaryimage\",\"url\":\"https:\/\/www.davidschool.com\/wp-content\/uploads\/2020\/05\/14-1024x555.jpg\",\"contentUrl\":\"https:\/\/www.davidschool.com\/wp-content\/uploads\/2020\/05\/14-1024x555.jpg\"},{\"@type\":\"BreadcrumbList\",\"@id\":\"https:\/\/www.davidschool.com\/fr\/voyage-a-florence\/#breadcrumb\",\"itemListElement\":[{\"@type\":\"ListItem\",\"position\":1,\"name\":\"Home\",\"item\":\"https:\/\/www.davidschool.com\/fr\/\"},{\"@type\":\"ListItem\",\"position\":2,\"name\":\"VOYAGE A FLORENCE\"}]},{\"@type\":\"WebSite\",\"@id\":\"https:\/\/www.davidschool.com\/fr\/#website\",\"url\":\"https:\/\/www.davidschool.com\/fr\/\",\"name\":\"Istituto IL DAVID\",\"description\":\"Italian Language School\",\"publisher\":{\"@id\":\"https:\/\/www.davidschool.com\/fr\/#organization\"},\"potentialAction\":[{\"@type\":\"SearchAction\",\"target\":{\"@type\":\"EntryPoint\",\"urlTemplate\":\"https:\/\/www.davidschool.com\/fr\/?s={search_term_string}\"},\"query-input\":{\"@type\":\"PropertyValueSpecification\",\"valueRequired\":true,\"valueName\":\"search_term_string\"}}],\"inLanguage\":\"fr-FR\"},{\"@type\":\"Organization\",\"@id\":\"https:\/\/www.davidschool.com\/fr\/#organization\",\"name\":\"Istituto Il David\",\"url\":\"https:\/\/www.davidschool.com\/fr\/\",\"logo\":{\"@type\":\"ImageObject\",\"inLanguage\":\"fr-FR\",\"@id\":\"https:\/\/www.davidschool.com\/fr\/#\/schema\/logo\/image\/\",\"url\":\"https:\/\/www.davidschool.com\/wp-content\/uploads\/2019\/05\/Il-David_logo.png\",\"contentUrl\":\"https:\/\/www.davidschool.com\/wp-content\/uploads\/2019\/05\/Il-David_logo.png\",\"width\":429,\"height\":133,\"caption\":\"Istituto Il David\"},\"image\":{\"@id\":\"https:\/\/www.davidschool.com\/fr\/#\/schema\/logo\/image\/\"}}]}<\/script>\n<!-- \/ Yoast SEO plugin. -->","yoast_head_json":{"title":"Voyage \u00e0 Florence pour vacances d'\u00e9tude | Istituto IL DAVID","description":"Visitez l'une des plus belles villes du monde et suivez un cours d'italien \u00e0 Florence. Lisez nos conseils utiles avant de voyager \u00e0 Florence et en Toscane","robots":{"index":"index","follow":"follow","max-snippet":"max-snippet:-1","max-image-preview":"max-image-preview:large","max-video-preview":"max-video-preview:-1"},"canonical":"https:\/\/www.davidschool.com\/fr\/voyage-a-florence\/","og_locale":"fr_FR","og_type":"article","og_title":"Voyage \u00e0 Florence pour vacances d'\u00e9tude | Istituto IL DAVID","og_description":"Visitez l'une des plus belles villes du monde et suivez un cours d'italien \u00e0 Florence. Lisez nos conseils utiles avant de voyager \u00e0 Florence et en Toscane","og_url":"https:\/\/www.davidschool.com\/fr\/voyage-a-florence\/","og_site_name":"Istituto IL DAVID","article_modified_time":"2021-06-18T17:11:09+00:00","og_image":[{"url":"https:\/\/www.davidschool.com\/wp-content\/uploads\/2020\/05\/14-1024x555.jpg","type":"","width":"","height":""}],"twitter_card":"summary_large_image","twitter_misc":{"Dur\u00e9e de lecture estim\u00e9e":"5 minutes"},"schema":{"@context":"https:\/\/schema.org","@graph":[{"@type":"WebPage","@id":"https:\/\/www.davidschool.com\/fr\/voyage-a-florence\/","url":"https:\/\/www.davidschool.com\/fr\/voyage-a-florence\/","name":"Voyage \u00e0 Florence pour vacances d'\u00e9tude | Istituto IL DAVID","isPartOf":{"@id":"https:\/\/www.davidschool.com\/fr\/#website"},"primaryImageOfPage":{"@id":"https:\/\/www.davidschool.com\/fr\/voyage-a-florence\/#primaryimage"},"image":{"@id":"https:\/\/www.davidschool.com\/fr\/voyage-a-florence\/#primaryimage"},"thumbnailUrl":"https:\/\/www.davidschool.com\/wp-content\/uploads\/2020\/05\/14-1024x555.jpg","datePublished":"2019-06-05T12:52:45+00:00","dateModified":"2021-06-18T17:11:09+00:00","description":"Visitez l'une des plus belles villes du monde et suivez un cours d'italien \u00e0 Florence. Lisez nos conseils utiles avant de voyager \u00e0 Florence et en Toscane","breadcrumb":{"@id":"https:\/\/www.davidschool.com\/fr\/voyage-a-florence\/#breadcrumb"},"inLanguage":"fr-FR","potentialAction":[{"@type":"ReadAction","target":["https:\/\/www.davidschool.com\/fr\/voyage-a-florence\/"]}]},{"@type":"ImageObject","inLanguage":"fr-FR","@id":"https:\/\/www.davidschool.com\/fr\/voyage-a-florence\/#primaryimage","url":"https:\/\/www.davidschool.com\/wp-content\/uploads\/2020\/05\/14-1024x555.jpg","contentUrl":"https:\/\/www.davidschool.com\/wp-content\/uploads\/2020\/05\/14-1024x555.jpg"},{"@type":"BreadcrumbList","@id":"https:\/\/www.davidschool.com\/fr\/voyage-a-florence\/#breadcrumb","itemListElement":[{"@type":"ListItem","position":1,"name":"Home","item":"https:\/\/www.davidschool.com\/fr\/"},{"@type":"ListItem","position":2,"name":"VOYAGE A FLORENCE"}]},{"@type":"WebSite","@id":"https:\/\/www.davidschool.com\/fr\/#website","url":"https:\/\/www.davidschool.com\/fr\/","name":"Istituto IL DAVID","description":"Italian Language School","publisher":{"@id":"https:\/\/www.davidschool.com\/fr\/#organization"},"potentialAction":[{"@type":"SearchAction","target":{"@type":"EntryPoint","urlTemplate":"https:\/\/www.davidschool.com\/fr\/?s={search_term_string}"},"query-input":{"@type":"PropertyValueSpecification","valueRequired":true,"valueName":"search_term_string"}}],"inLanguage":"fr-FR"},{"@type":"Organization","@id":"https:\/\/www.davidschool.com\/fr\/#organization","name":"Istituto Il David","url":"https:\/\/www.davidschool.com\/fr\/","logo":{"@type":"ImageObject","inLanguage":"fr-FR","@id":"https:\/\/www.davidschool.com\/fr\/#\/schema\/logo\/image\/","url":"https:\/\/www.davidschool.com\/wp-content\/uploads\/2019\/05\/Il-David_logo.png","contentUrl":"https:\/\/www.davidschool.com\/wp-content\/uploads\/2019\/05\/Il-David_logo.png","width":429,"height":133,"caption":"Istituto Il David"},"image":{"@id":"https:\/\/www.davidschool.com\/fr\/#\/schema\/logo\/image\/"}}]}},"_links":{"self":[{"href":"https:\/\/www.davidschool.com\/fr\/wp-json\/wp\/v2\/pages\/866","targetHints":{"allow":["GET"]}}],"collection":[{"href":"https:\/\/www.davidschool.com\/fr\/wp-json\/wp\/v2\/pages"}],"about":[{"href":"https:\/\/www.davidschool.com\/fr\/wp-json\/wp\/v2\/types\/page"}],"author":[{"embeddable":true,"href":"https:\/\/www.davidschool.com\/fr\/wp-json\/wp\/v2\/users\/1"}],"replies":[{"embeddable":true,"href":"https:\/\/www.davidschool.com\/fr\/wp-json\/wp\/v2\/comments?post=866"}],"version-history":[{"count":14,"href":"https:\/\/www.davidschool.com\/fr\/wp-json\/wp\/v2\/pages\/866\/revisions"}],"predecessor-version":[{"id":24965,"href":"https:\/\/www.davidschool.com\/fr\/wp-json\/wp\/v2\/pages\/866\/revisions\/24965"}],"wp:attachment":[{"href":"https:\/\/www.davidschool.com\/fr\/wp-json\/wp\/v2\/media?parent=866"}],"curies":[{"name":"wp","href":"https:\/\/api.w.org\/{rel}","templated":true}]}}