{"id":874,"date":"2019-06-05T14:52:45","date_gmt":"2019-06-05T12:52:45","guid":{"rendered":"http:\/\/3.122.4.63\/?page_id=874"},"modified":"2021-06-18T19:06:07","modified_gmt":"2021-06-18T17:06:07","slug":"viaggio-a-firenze","status":"publish","type":"page","link":"https:\/\/www.davidschool.com\/it\/viaggio-a-firenze\/","title":{"rendered":"VIAGGIO A FIRENZE"},"content":{"rendered":"\n<h2 class=\"wp-block-heading\">Una meravigliosa esperienza in una delle citt\u00e0 pi\u00f9 belle del mondo<\/h2>\n\n\n\n<p>Viaggiare apre la mente, allarga i nostri orizzonti, migliora il nostro stato d&#8217;animo e la nostra autostima, arricchisce la propria cultura, la propria personalit\u00e0, e la propria intelligenza.<br>Fare un <strong>viaggio a Firenze<\/strong> \u00e8 sempre emozionante. Firenze \u00e8 una meta da non perdere, soprattutto se sei appassionato dell&#8217;arte e della cultura italiana.<br>Se la <strong>passione per l&#8217;arte e per la cultura italiana<\/strong> si unisce alla passione o all&#8217;utilit\u00e0 di <strong>imparare e parlare la lingua italiana<\/strong>, diventa un viaggio perfetto per le tue vacanze a Firenze.<\/p>\n\n\n\n<div class=\"wp-block-image\"><figure class=\"aligncenter size-large is-resized\"><img loading=\"lazy\" decoding=\"async\" src=\"https:\/\/www.davidschool.com\/wp-content\/uploads\/2019\/06\/florence-language-school-5-1024x555.jpg\" alt=\"\" class=\"wp-image-15502\" width=\"869\" height=\"471\" srcset=\"https:\/\/www.davidschool.com\/wp-content\/uploads\/2019\/06\/florence-language-school-5-1024x555.jpg 1024w, https:\/\/www.davidschool.com\/wp-content\/uploads\/2019\/06\/florence-language-school-5-300x162.jpg 300w, https:\/\/www.davidschool.com\/wp-content\/uploads\/2019\/06\/florence-language-school-5-768x416.jpg 768w, https:\/\/www.davidschool.com\/wp-content\/uploads\/2019\/06\/florence-language-school-5-80x43.jpg 80w, https:\/\/www.davidschool.com\/wp-content\/uploads\/2019\/06\/florence-language-school-5-1536x832.jpg 1536w, https:\/\/www.davidschool.com\/wp-content\/uploads\/2019\/06\/florence-language-school-5-2048x1109.jpg 2048w, https:\/\/www.davidschool.com\/wp-content\/uploads\/2019\/06\/florence-language-school-5-270x146.jpg 270w\" sizes=\"auto, (max-width: 869px) 100vw, 869px\" \/><\/figure><\/div>\n\n\n\n<h3 class=\"wp-block-heading\">Quando fare un viaggio a Firenze<\/h3>\n\n\n\n<p>Quale \u00e8 il periodo migliore per fare un viaggio studio a Firenze?<br>Qualsiasi periodo dell&#8217;anno va bene per fare un <strong>viaggio a Firenze<\/strong> ma se hai libert\u00e0 di decisione, \u00e8 opportuno descrivere alcune differenze.<br>Durante i periodi di alta stagione dei turisti (da aprile a ottobre) il clima \u00e8 pi\u00f9 mite quindi <strong>visitare Firenze<\/strong> \u00e8 pi\u00f9 gradevole, ma la maggiore presenza di turisti comporta alcune difficolt\u00e0: luoghi molto affollati, file davanti ai musei e ai monumenti, prezzi pi\u00f9 alti. <br>Durante gli altri periodi e durante il periodo di bassa stagione il clima pu\u00f2 essere freddo e piovoso (da novembre a marzo) o molto caldo (luglio e agosto) ma la minore presenza di turisti comporta meno confusione, poche file davanti ai musei, prezzi pi\u00f9 economici. <br>Nella nostra <a href=\"https:\/\/www.davidschool.com\/it\/\"><strong>scuola di italiano<\/strong><\/a>, la maggiore presenza di studenti stranieri va da giugno a ottobre, mentre da novembre a febbraio la situazione \u00e8 pi\u00f9 tranquilla.<\/p>\n\n\n\n<h3 class=\"wp-block-heading\">Durata delle vacanze a Firenze<\/h3>\n\n\n\n<p>Quanto tempo stare in vacanza a Firenze?<br>E&#8217; difficile dare una risposta precisa alla domanda quanto tempo stare in <strong>vacanza a Firenze<\/strong>. Dipende dalla disponibilit\u00e0 di tempo e dalle necessit\u00e0 di ciascuno. Le permanenze variano da una settimana fino ad un anno.<br>Se si \u00e8 a Firenze per <a href=\"https:\/\/www.davidschool.com\/it\/imparare-italiano-firenze\/\"><strong>imparare l&#8217;italiano<\/strong><\/a>, dipende dal livello di partenza e da quello che si vuole raggiungere. <br>Se si \u00e8 a Firenze soprattutto per <strong>visitare la citt\u00e0<\/strong> pu\u00f2 essere sufficiente una sola settimana per visitare i siti artistici e architettonici pi\u00f9 importanti di Firenze. <br>Per chi invece \u00e8 appassionato di <strong>arte e cultura italiana<\/strong> ci vogliono due o pi\u00f9 settimane. <br>Per chi intende visitare anche altri <strong>luoghi della Toscana<\/strong> (Siena, Pisa, Lucca, S.Gimignano, ecc.) e vuole fare altre esperienze, sono preferibili soggiorni di 4 o pi\u00f9 settimane. <br>Per chi invece decide di vivere un&#8217; esperienza completa per approfondire i vari aspetti della <strong>cultura italiana e visitare anche altri luoghi d&#8217;Italia<\/strong>, i soggiorni possono durare dai 4 ai 12 mesi.<\/p>\n\n\n\n<h3 class=\"wp-block-heading\">Quanto tempo prima prenotare un viaggio a Firenze<\/h3>\n\n\n\n<p>E&#8217; saggio e conveniente prenotare con un buon anticipo. <br>Per non avere possibili imprevisti, se si decide di prenotare un viaggio in alta stagione \u00e8 sempre meglio prenotare prima possibile, mentre in bassa stagione non c&#8217;\u00e8 fretta. Mediamente \u00e8 comunque preferibile prenotare tra i 5 e i 2 mesi prima dell&#8217;arrivo.<\/p>\n\n\n\n<h3 class=\"wp-block-heading\">Quali documenti sono necessari per andare in Italia<\/h3>\n\n\n\n<p>Carta d&#8217;identit\u00e0, passaporto, visto turistico, visto di studio, tessera sanitaria, dichiarazione di presenza, permesso di soggiorno<\/p>\n\n\n\n<p>Cittadini dei paesi dell\u2019Unione europea (UE)<br>Se la tua nazionalit\u00e0 fa parte di un paese dell\u2019Unione Europea (area Schengen), per entrare e stare in Italia non hai bisogno di nessun tipo di permesso o visto. Devi portare con te soltanto un documento di identit\u00e0 e la tessera sanitaria europea (TEAM, tessera europea assicurazione e malattia) che in caso di necessit\u00e0 ti dar\u00e0 diritto all\u2019assistenza sanitaria gratuita nelle strutture ospedaliere italiane. <br>Se invece la tua nazionalit\u00e0 non fa parte di un paese dell&#8217;Unione Europea, controlla le informazioni necessarie per arrivare e stare in Italia per studiare italiano per periodi superiori a tre mesi. Visita la nostra pagina <strong><a href=\"https:\/\/www.davidschool.com\/it\/visto-studenti\/\">visto di studio<\/a><\/strong>.<\/p>\n\n\n\n<h3 class=\"wp-block-heading\">Come arrivare a Firenze<\/h3>\n\n\n\n<svg xmlns=\"http:\/\/www.w3.org\/2000\/svg\" aria-hidden=\"true\" data-prefix=\"fas\" data-icon=\"plane\" class=\"svg-inline--fa fa-plane fa-w-18\" role=\"img\" viewBox=\"0 0 576 512\"><path fill=\"#003146\" d=\"M480 192H365.71L260.61 8.06A16.014 16.014 0 0 0 246.71 0h-65.5c-10.63 0-18.3 10.17-15.38 20.39L214.86 192H112l-43.2-57.6c-3.02-4.03-7.77-6.4-12.8-6.4H16.01C5.6 128-2.04 137.78.49 147.88L32 256 .49 364.12C-2.04 374.22 5.6 384 16.01 384H56c5.04 0 9.78-2.37 12.8-6.4L112 320h102.86l-49.03 171.6c-2.92 10.22 4.75 20.4 15.38 20.4h65.5c5.74 0 11.04-3.08 13.89-8.06L365.71 320H480c35.35 0 96-28.65 96-64s-60.65-64-96-64z\"><\/path><\/svg>\n\n\n\n<p><strong>In aereo<\/strong>: dall\u2019Europa fino agli aeroporti di Firenze, Pisa, o Bologna, dagli altri continenti fino agli aeroporti di Roma o Milano. <br><strong>Firenze<\/strong>: l\u2019aeroporto di Peretola (Amerigo Vespucci) \u00e8 piccolo ma molto funzionale. Dista circa 5 km. dal centro di Firenze. Per raggiungere il centro di Firenze si pu\u00f2 prendere il tram che arriva alla stazione centrale (circa 20 minuti) o il taxi. <br><strong>Pisa<\/strong>: dall\u2019aeroporto di Pisa (Galileo Galilei) si pu\u00f2 prendere il bus per Firenze (circa 1 ora) oppure raggiungere la stazione di Pisa in autobus (circa 5 minuti) o in taxi e poi in treno fino a Firenze (circa 50 minuti). <br><strong>Bologna<\/strong>: dall&#8217;aeroporto di Bologna (Guglielmo Marconi) si deve raggiungere la stazione centrale di Bologna (circa 25 minuti) e poi in treno per Firenze (circa 40 minuti).<br><strong>Roma<\/strong>: dall\u2019aeroporto di Fiumicino (Leonardo da Vinci) si deve prendere il treno per la stazione centrale di Roma Termini (circa 30 minuti) e poi il treno per Firenze (circa 1 ora e 40 minuti).. <br><strong>Milano<\/strong>: dall&#8217;aeroporto di Malpensa ci sono autobus che portano alla stazione centrale di Milano (circa 1 ora) e poi in treno fino a Firenze (circa 1 ora e 40 minuti).<\/p>\n\n\n\n<div class=\"wp-block-columns is-layout-flex wp-container-core-columns-is-layout-9d6595d7 wp-block-columns-is-layout-flex\">\n<div class=\"wp-block-column is-layout-flow wp-block-column-is-layout-flow\">\n<svg xmlns=\"http:\/\/www.w3.org\/2000\/svg\" aria-hidden=\"true\" data-prefix=\"fas\" data-icon=\"train\" class=\"svg-inline--fa fa-train fa-w-14\" role=\"img\" viewBox=\"0 0 448 512\"><path fill=\"#003146\" d=\"M448 96v256c0 51.815-61.624 96-130.022 96l62.98 49.721C386.905 502.417 383.562 512 376 512H72c-7.578 0-10.892-9.594-4.957-14.279L130.022 448C61.82 448 0 403.954 0 352V96C0 42.981 64 0 128 0h192c65 0 128 42.981 128 96zm-48 136V120c0-13.255-10.745-24-24-24H72c-13.255 0-24 10.745-24 24v112c0 13.255 10.745 24 24 24h304c13.255 0 24-10.745 24-24zm-176 64c-30.928 0-56 25.072-56 56s25.072 56 56 56 56-25.072 56-56-25.072-56-56-56z\"><\/path><\/svg>\n\n\n\n<p> <strong>In treno<\/strong>: dalle principali stazioni europee ed italiane fino alla stazione centrale di Santa Maria Novella. <\/p>\n<\/div>\n\n\n\n<div class=\"wp-block-column is-layout-flow wp-block-column-is-layout-flow\">\n<svg xmlns=\"http:\/\/www.w3.org\/2000\/svg\" aria-hidden=\"true\" data-prefix=\"fas\" data-icon=\"bus\" class=\"svg-inline--fa fa-bus fa-w-16\" role=\"img\" viewBox=\"0 0 512 512\"><path fill=\"#003146\" d=\"M488 128h-8V80c0-44.8-99.2-80-224-80S32 35.2 32 80v48h-8c-13.25 0-24 10.74-24 24v80c0 13.25 10.75 24 24 24h8v160c0 17.67 14.33 32 32 32v32c0 17.67 14.33 32 32 32h32c17.67 0 32-14.33 32-32v-32h192v32c0 17.67 14.33 32 32 32h32c17.67 0 32-14.33 32-32v-32h6.4c16 0 25.6-12.8 25.6-25.6V256h8c13.25 0 24-10.75 24-24v-80c0-13.26-10.75-24-24-24zM112 400c-17.67 0-32-14.33-32-32s14.33-32 32-32 32 14.33 32 32-14.33 32-32 32zm16-112c-17.67 0-32-14.33-32-32V128c0-17.67 14.33-32 32-32h256c17.67 0 32 14.33 32 32v128c0 17.67-14.33 32-32 32H128zm272 112c-17.67 0-32-14.33-32-32s14.33-32 32-32 32 14.33 32 32-14.33 32-32 32z\"><\/path><\/svg>\n\n\n\n<p> <strong>In autobus<\/strong>: in molte citt\u00e0 europee ci sono linee dirette per Firenze, le pi\u00f9 conosciute sono Eurolines e Flixbus <\/p>\n<\/div>\n\n\n\n<div class=\"wp-block-column is-layout-flow wp-block-column-is-layout-flow\">\n<svg xmlns=\"http:\/\/www.w3.org\/2000\/svg\" aria-hidden=\"true\" data-prefix=\"fas\" data-icon=\"car\" class=\"svg-inline--fa fa-car fa-w-16\" role=\"img\" viewBox=\"0 0 512 512\"><path fill=\"#003146\" d=\"M499.99 176h-59.87l-16.64-41.6C406.38 91.63 365.57 64 319.5 64h-127c-46.06 0-86.88 27.63-103.99 70.4L71.87 176H12.01C4.2 176-1.53 183.34.37 190.91l6 24C7.7 220.25 12.5 224 18.01 224h20.07C24.65 235.73 16 252.78 16 272v48c0 16.12 6.16 30.67 16 41.93V416c0 17.67 14.33 32 32 32h32c17.67 0 32-14.33 32-32v-32h256v32c0 17.67 14.33 32 32 32h32c17.67 0 32-14.33 32-32v-54.07c9.84-11.25 16-25.8 16-41.93v-48c0-19.22-8.65-36.27-22.07-48H494c5.51 0 10.31-3.75 11.64-9.09l6-24c1.89-7.57-3.84-14.91-11.65-14.91zm-352.06-17.83c7.29-18.22 24.94-30.17 44.57-30.17h127c19.63 0 37.28 11.95 44.57 30.17L384 208H128l19.93-49.83zM96 319.8c-19.2 0-32-12.76-32-31.9S76.8 256 96 256s48 28.71 48 47.85-28.8 15.95-48 15.95zm320 0c-19.2 0-48 3.19-48-15.95S396.8 256 416 256s32 12.76 32 31.9-12.8 31.9-32 31.9z\"><\/path><\/svg>\n\n\n\n<p> <strong>In auto<\/strong>: dalle autostrade italiane fino all\u2019uscita di Firenze nord (da Bologna), Firenze mare (da Pisa), Firenze sud o Firenze Impruneta (da Roma). <\/p>\n<\/div>\n<\/div>\n\n\n\n<h3 class=\"wp-block-heading\">Clima a Firenze<\/h3>\n\n\n\n<p><strong>dicembre, gennaio, febbraio:<\/strong> 0-10 gradi Celsius &#8211; variabile e nuvoloso <br><strong>marzo:<\/strong> 10-20 gradi Celsius variabile, ventoso e piovoso <br>a<strong>prile, maggio: <\/strong>15-25 gradi Celsius. soleggiato e mite <br><strong>giugno, luglio, agosto: <\/strong>20-35 gradi Celsius soleggiato e caldo umido <br>s<strong>ettembre, ottobre: <\/strong>15-25 gradi Celsius soleggiato, ventoso e mite <br><strong>novembre: <\/strong>10-20 gradi Celsius piovoso<\/p>\n\n\n\n<h3 class=\"wp-block-heading\">Distanze da Firenze<\/h3>\n\n\n\n<p>Siena 70 Km. <br>Lucca 75 Km. <br>Arezzo 80 Km. <br>Pisa 90 Km. <br>Viareggio 100 Km. <br>Bologna 110 Km. <br>Perugia 160 Km. <br>Orbetello 200 Km.<br>Rimini 230 km. <br>Venezia 270 Km. <br>Roma 280 Km. <br>Milano 300 Km.<\/p>\n\n\n\n<hr class=\"wp-block-separator\"\/>\n\n\n\n<p>Continua a leggere altre informazioni su Firenze nella pagina <strong><a href=\"https:\/\/www.davidschool.com\/it\/imparare-italiano-firenze\/\">Imparare italiano a Firenze<\/a><\/strong><\/p>\n","protected":false},"excerpt":{"rendered":"<p>Una meravigliosa esperienza in una delle citt\u00e0 pi\u00f9 belle del mondo Viaggiare apre la mente, allarga i nostri orizzonti, migliora il nostro stato d&#8217;animo e la nostra autostima, arricchisce la propria cultura, la propria personalit\u00e0, e la propria intelligenza.Fare un viaggio a Firenze \u00e8 sempre emozionante. Firenze \u00e8 una meta da non perdere, soprattutto se [&hellip;]<\/p>\n","protected":false},"author":1,"featured_media":0,"parent":0,"menu_order":0,"comment_status":"closed","ping_status":"closed","template":"","meta":{"footnotes":""},"class_list":["post-874","page","type-page","status-publish","hentry"],"yoast_head":"<!-- This site is optimized with the Yoast SEO plugin v27.2 - https:\/\/yoast.com\/product\/yoast-seo-wordpress\/ -->\n<title>Fare un viaggio di studio a Firenze | Istituto IL DAVID<\/title>\n<meta name=\"description\" content=\"Visita una delle pi\u00f9 belle citt\u00e0 al mondo e fai un corso di lingua italiana a Firenze. Leggi i nostri consigli utili prima di fare un viaggio a Firenze e in Toscana.\" \/>\n<meta name=\"robots\" content=\"index, follow, max-snippet:-1, max-image-preview:large, max-video-preview:-1\" \/>\n<link rel=\"canonical\" href=\"https:\/\/www.davidschool.com\/it\/viaggio-a-firenze\/\" \/>\n<meta property=\"og:locale\" content=\"it_IT\" \/>\n<meta property=\"og:type\" content=\"article\" \/>\n<meta property=\"og:title\" content=\"Fare un viaggio di studio a Firenze | Istituto IL DAVID\" \/>\n<meta property=\"og:description\" content=\"Visita una delle pi\u00f9 belle citt\u00e0 al mondo e fai un corso di lingua italiana a Firenze. Leggi i nostri consigli utili prima di fare un viaggio a Firenze e in Toscana.\" \/>\n<meta property=\"og:url\" content=\"https:\/\/www.davidschool.com\/it\/viaggio-a-firenze\/\" \/>\n<meta property=\"og:site_name\" content=\"Istituto IL DAVID\" \/>\n<meta property=\"article:modified_time\" content=\"2021-06-18T17:06:07+00:00\" \/>\n<meta property=\"og:image\" content=\"https:\/\/www.davidschool.com\/wp-content\/uploads\/2019\/06\/florence-language-school-5-1024x555.jpg\" \/>\n<meta name=\"twitter:card\" content=\"summary_large_image\" \/>\n<meta name=\"twitter:label1\" content=\"Tempo di lettura stimato\" \/>\n\t<meta name=\"twitter:data1\" content=\"5 minuti\" \/>\n<script type=\"application\/ld+json\" class=\"yoast-schema-graph\">{\"@context\":\"https:\/\/schema.org\",\"@graph\":[{\"@type\":\"WebPage\",\"@id\":\"https:\/\/www.davidschool.com\/it\/viaggio-a-firenze\/\",\"url\":\"https:\/\/www.davidschool.com\/it\/viaggio-a-firenze\/\",\"name\":\"Fare un viaggio di studio a Firenze | Istituto IL DAVID\",\"isPartOf\":{\"@id\":\"https:\/\/www.davidschool.com\/it\/#website\"},\"primaryImageOfPage\":{\"@id\":\"https:\/\/www.davidschool.com\/it\/viaggio-a-firenze\/#primaryimage\"},\"image\":{\"@id\":\"https:\/\/www.davidschool.com\/it\/viaggio-a-firenze\/#primaryimage\"},\"thumbnailUrl\":\"https:\/\/www.davidschool.com\/wp-content\/uploads\/2019\/06\/florence-language-school-5-1024x555.jpg\",\"datePublished\":\"2019-06-05T12:52:45+00:00\",\"dateModified\":\"2021-06-18T17:06:07+00:00\",\"description\":\"Visita una delle pi\u00f9 belle citt\u00e0 al mondo e fai un corso di lingua italiana a Firenze. Leggi i nostri consigli utili prima di fare un viaggio a Firenze e in Toscana.\",\"breadcrumb\":{\"@id\":\"https:\/\/www.davidschool.com\/it\/viaggio-a-firenze\/#breadcrumb\"},\"inLanguage\":\"it-IT\",\"potentialAction\":[{\"@type\":\"ReadAction\",\"target\":[\"https:\/\/www.davidschool.com\/it\/viaggio-a-firenze\/\"]}]},{\"@type\":\"ImageObject\",\"inLanguage\":\"it-IT\",\"@id\":\"https:\/\/www.davidschool.com\/it\/viaggio-a-firenze\/#primaryimage\",\"url\":\"https:\/\/www.davidschool.com\/wp-content\/uploads\/2019\/06\/florence-language-school-5-1024x555.jpg\",\"contentUrl\":\"https:\/\/www.davidschool.com\/wp-content\/uploads\/2019\/06\/florence-language-school-5-1024x555.jpg\"},{\"@type\":\"BreadcrumbList\",\"@id\":\"https:\/\/www.davidschool.com\/it\/viaggio-a-firenze\/#breadcrumb\",\"itemListElement\":[{\"@type\":\"ListItem\",\"position\":1,\"name\":\"Home\",\"item\":\"https:\/\/www.davidschool.com\/it\/\"},{\"@type\":\"ListItem\",\"position\":2,\"name\":\"VIAGGIO A FIRENZE\"}]},{\"@type\":\"WebSite\",\"@id\":\"https:\/\/www.davidschool.com\/it\/#website\",\"url\":\"https:\/\/www.davidschool.com\/it\/\",\"name\":\"Istituto IL DAVID\",\"description\":\"Italian Language School\",\"publisher\":{\"@id\":\"https:\/\/www.davidschool.com\/it\/#organization\"},\"potentialAction\":[{\"@type\":\"SearchAction\",\"target\":{\"@type\":\"EntryPoint\",\"urlTemplate\":\"https:\/\/www.davidschool.com\/it\/?s={search_term_string}\"},\"query-input\":{\"@type\":\"PropertyValueSpecification\",\"valueRequired\":true,\"valueName\":\"search_term_string\"}}],\"inLanguage\":\"it-IT\"},{\"@type\":\"Organization\",\"@id\":\"https:\/\/www.davidschool.com\/it\/#organization\",\"name\":\"Istituto Il David\",\"url\":\"https:\/\/www.davidschool.com\/it\/\",\"logo\":{\"@type\":\"ImageObject\",\"inLanguage\":\"it-IT\",\"@id\":\"https:\/\/www.davidschool.com\/it\/#\/schema\/logo\/image\/\",\"url\":\"https:\/\/www.davidschool.com\/wp-content\/uploads\/2019\/05\/Il-David_logo.png\",\"contentUrl\":\"https:\/\/www.davidschool.com\/wp-content\/uploads\/2019\/05\/Il-David_logo.png\",\"width\":429,\"height\":133,\"caption\":\"Istituto Il David\"},\"image\":{\"@id\":\"https:\/\/www.davidschool.com\/it\/#\/schema\/logo\/image\/\"}}]}<\/script>\n<!-- \/ Yoast SEO plugin. -->","yoast_head_json":{"title":"Fare un viaggio di studio a Firenze | Istituto IL DAVID","description":"Visita una delle pi\u00f9 belle citt\u00e0 al mondo e fai un corso di lingua italiana a Firenze. Leggi i nostri consigli utili prima di fare un viaggio a Firenze e in Toscana.","robots":{"index":"index","follow":"follow","max-snippet":"max-snippet:-1","max-image-preview":"max-image-preview:large","max-video-preview":"max-video-preview:-1"},"canonical":"https:\/\/www.davidschool.com\/it\/viaggio-a-firenze\/","og_locale":"it_IT","og_type":"article","og_title":"Fare un viaggio di studio a Firenze | Istituto IL DAVID","og_description":"Visita una delle pi\u00f9 belle citt\u00e0 al mondo e fai un corso di lingua italiana a Firenze. Leggi i nostri consigli utili prima di fare un viaggio a Firenze e in Toscana.","og_url":"https:\/\/www.davidschool.com\/it\/viaggio-a-firenze\/","og_site_name":"Istituto IL DAVID","article_modified_time":"2021-06-18T17:06:07+00:00","og_image":[{"url":"https:\/\/www.davidschool.com\/wp-content\/uploads\/2019\/06\/florence-language-school-5-1024x555.jpg","type":"","width":"","height":""}],"twitter_card":"summary_large_image","twitter_misc":{"Tempo di lettura stimato":"5 minuti"},"schema":{"@context":"https:\/\/schema.org","@graph":[{"@type":"WebPage","@id":"https:\/\/www.davidschool.com\/it\/viaggio-a-firenze\/","url":"https:\/\/www.davidschool.com\/it\/viaggio-a-firenze\/","name":"Fare un viaggio di studio a Firenze | Istituto IL DAVID","isPartOf":{"@id":"https:\/\/www.davidschool.com\/it\/#website"},"primaryImageOfPage":{"@id":"https:\/\/www.davidschool.com\/it\/viaggio-a-firenze\/#primaryimage"},"image":{"@id":"https:\/\/www.davidschool.com\/it\/viaggio-a-firenze\/#primaryimage"},"thumbnailUrl":"https:\/\/www.davidschool.com\/wp-content\/uploads\/2019\/06\/florence-language-school-5-1024x555.jpg","datePublished":"2019-06-05T12:52:45+00:00","dateModified":"2021-06-18T17:06:07+00:00","description":"Visita una delle pi\u00f9 belle citt\u00e0 al mondo e fai un corso di lingua italiana a Firenze. Leggi i nostri consigli utili prima di fare un viaggio a Firenze e in Toscana.","breadcrumb":{"@id":"https:\/\/www.davidschool.com\/it\/viaggio-a-firenze\/#breadcrumb"},"inLanguage":"it-IT","potentialAction":[{"@type":"ReadAction","target":["https:\/\/www.davidschool.com\/it\/viaggio-a-firenze\/"]}]},{"@type":"ImageObject","inLanguage":"it-IT","@id":"https:\/\/www.davidschool.com\/it\/viaggio-a-firenze\/#primaryimage","url":"https:\/\/www.davidschool.com\/wp-content\/uploads\/2019\/06\/florence-language-school-5-1024x555.jpg","contentUrl":"https:\/\/www.davidschool.com\/wp-content\/uploads\/2019\/06\/florence-language-school-5-1024x555.jpg"},{"@type":"BreadcrumbList","@id":"https:\/\/www.davidschool.com\/it\/viaggio-a-firenze\/#breadcrumb","itemListElement":[{"@type":"ListItem","position":1,"name":"Home","item":"https:\/\/www.davidschool.com\/it\/"},{"@type":"ListItem","position":2,"name":"VIAGGIO A FIRENZE"}]},{"@type":"WebSite","@id":"https:\/\/www.davidschool.com\/it\/#website","url":"https:\/\/www.davidschool.com\/it\/","name":"Istituto IL DAVID","description":"Italian Language School","publisher":{"@id":"https:\/\/www.davidschool.com\/it\/#organization"},"potentialAction":[{"@type":"SearchAction","target":{"@type":"EntryPoint","urlTemplate":"https:\/\/www.davidschool.com\/it\/?s={search_term_string}"},"query-input":{"@type":"PropertyValueSpecification","valueRequired":true,"valueName":"search_term_string"}}],"inLanguage":"it-IT"},{"@type":"Organization","@id":"https:\/\/www.davidschool.com\/it\/#organization","name":"Istituto Il David","url":"https:\/\/www.davidschool.com\/it\/","logo":{"@type":"ImageObject","inLanguage":"it-IT","@id":"https:\/\/www.davidschool.com\/it\/#\/schema\/logo\/image\/","url":"https:\/\/www.davidschool.com\/wp-content\/uploads\/2019\/05\/Il-David_logo.png","contentUrl":"https:\/\/www.davidschool.com\/wp-content\/uploads\/2019\/05\/Il-David_logo.png","width":429,"height":133,"caption":"Istituto Il David"},"image":{"@id":"https:\/\/www.davidschool.com\/it\/#\/schema\/logo\/image\/"}}]}},"_links":{"self":[{"href":"https:\/\/www.davidschool.com\/it\/wp-json\/wp\/v2\/pages\/874","targetHints":{"allow":["GET"]}}],"collection":[{"href":"https:\/\/www.davidschool.com\/it\/wp-json\/wp\/v2\/pages"}],"about":[{"href":"https:\/\/www.davidschool.com\/it\/wp-json\/wp\/v2\/types\/page"}],"author":[{"embeddable":true,"href":"https:\/\/www.davidschool.com\/it\/wp-json\/wp\/v2\/users\/1"}],"replies":[{"embeddable":true,"href":"https:\/\/www.davidschool.com\/it\/wp-json\/wp\/v2\/comments?post=874"}],"version-history":[{"count":18,"href":"https:\/\/www.davidschool.com\/it\/wp-json\/wp\/v2\/pages\/874\/revisions"}],"predecessor-version":[{"id":24961,"href":"https:\/\/www.davidschool.com\/it\/wp-json\/wp\/v2\/pages\/874\/revisions\/24961"}],"wp:attachment":[{"href":"https:\/\/www.davidschool.com\/it\/wp-json\/wp\/v2\/media?parent=874"}],"curies":[{"name":"wp","href":"https:\/\/api.w.org\/{rel}","templated":true}]}}