{"id":18575,"date":"2019-05-20T10:25:21","date_gmt":"2019-05-20T08:25:21","guid":{"rendered":"http:\/\/3.122.4.63\/?page_id=18575"},"modified":"2025-01-20T16:04:46","modified_gmt":"2025-01-20T15:04:46","slug":"escola-italiano-florenca","status":"publish","type":"page","link":"https:\/\/www.davidschool.com\/pt-br\/escola-italiano-florenca\/","title":{"rendered":"A ESCOLA"},"content":{"rendered":"\n<div class=\"wp-block-columns is-layout-flex wp-container-core-columns-is-layout-9d6595d7 wp-block-columns-is-layout-flex\">\n<div class=\"wp-block-column is-layout-flow wp-block-column-is-layout-flow\">\n<figure class=\"wp-block-image size-large\"><img loading=\"lazy\" decoding=\"async\" width=\"1024\" height=\"769\" src=\"https:\/\/www.davidschool.com\/wp-content\/uploads\/2021\/01\/La-scuola-1-placca-istituto-edited-3-1024x769.jpg\" alt=\"\" class=\"wp-image-19334\" srcset=\"https:\/\/www.davidschool.com\/wp-content\/uploads\/2021\/01\/La-scuola-1-placca-istituto-edited-3-1024x769.jpg 1024w, https:\/\/www.davidschool.com\/wp-content\/uploads\/2021\/01\/La-scuola-1-placca-istituto-edited-3-300x225.jpg 300w, https:\/\/www.davidschool.com\/wp-content\/uploads\/2021\/01\/La-scuola-1-placca-istituto-edited-3-768x577.jpg 768w, https:\/\/www.davidschool.com\/wp-content\/uploads\/2021\/01\/La-scuola-1-placca-istituto-edited-3-80x60.jpg 80w, https:\/\/www.davidschool.com\/wp-content\/uploads\/2021\/01\/La-scuola-1-placca-istituto-edited-3-1536x1154.jpg 1536w, https:\/\/www.davidschool.com\/wp-content\/uploads\/2021\/01\/La-scuola-1-placca-istituto-edited-3-2048x1539.jpg 2048w, https:\/\/www.davidschool.com\/wp-content\/uploads\/2021\/01\/La-scuola-1-placca-istituto-edited-3-240x180.jpg 240w\" sizes=\"auto, (max-width: 1024px) 100vw, 1024px\" \/><\/figure>\n<\/div>\n\n\n\n<div class=\"wp-block-column is-layout-flow wp-block-column-is-layout-flow\">\n<figure class=\"wp-block-image size-large\"><img loading=\"lazy\" decoding=\"async\" width=\"1024\" height=\"768\" src=\"https:\/\/www.davidschool.com\/wp-content\/uploads\/2021\/01\/La-scuola-2-palazzo-1024x768.png\" alt=\"\" class=\"wp-image-19278\" srcset=\"https:\/\/www.davidschool.com\/wp-content\/uploads\/2021\/01\/La-scuola-2-palazzo-1024x768.png 1024w, https:\/\/www.davidschool.com\/wp-content\/uploads\/2021\/01\/La-scuola-2-palazzo-300x225.png 300w, https:\/\/www.davidschool.com\/wp-content\/uploads\/2021\/01\/La-scuola-2-palazzo-768x576.png 768w, https:\/\/www.davidschool.com\/wp-content\/uploads\/2021\/01\/La-scuola-2-palazzo-80x60.png 80w, https:\/\/www.davidschool.com\/wp-content\/uploads\/2021\/01\/La-scuola-2-palazzo-1536x1152.png 1536w, https:\/\/www.davidschool.com\/wp-content\/uploads\/2021\/01\/La-scuola-2-palazzo-2048x1536.png 2048w, https:\/\/www.davidschool.com\/wp-content\/uploads\/2021\/01\/La-scuola-2-palazzo-240x180.png 240w\" sizes=\"auto, (max-width: 1024px) 100vw, 1024px\" \/><\/figure>\n<\/div>\n<\/div>\n\n\n\n<h2 class=\"wp-block-heading\">ISTITUTO IL DAVID | Escola de l\u00edngua italiana em Floren\u00e7a<\/h2>\n\n\n\n<h2 class=\"wp-block-heading\"><strong>Bem-vindo ao Istituto Il David!<\/strong><\/h2>\n\n\n\n<h3 class=\"wp-block-heading\">A ESCOLA<\/h3>\n\n\n\n<p>O Istituto Il David \u00e9 uma das <strong>escolas de l\u00edngua italiana<\/strong> mais conhecidas e renomadas de Floren\u00e7a. <br>\u00c9 o lugar ideal para <strong>aprender ou melhorar os seus conhecimentos da l\u00edngua italiana<\/strong>, e viver uma experi\u00eancia inesquec\u00edvel da sua vida numa das mais belas e fascinantes cidades do mundo.<\/p>\n\n\n\n<p>A escola de l\u00edngua italiana foi <strong>fundada em 1983<\/strong>, e h\u00e1 mais de 40 anos realiza uma grande variedade de <strong>cursos de l\u00edngua e cultura italiana<\/strong> ao longo de todo o ano. A longa experi\u00eancia garante profissionalismo, resultados e uma excelente organiza\u00e7\u00e3o para uma estadia agrad\u00e1vel em Floren\u00e7a. <br>Durante estes anos, milhares de estudantes de mais de 80 pa\u00edses aprenderam, melhoraram ou aperfei\u00e7oaram a <strong>l\u00edngua italiana<\/strong>, passaram um per\u00edodo inesquec\u00edvel das suas vidas, fizeram amizade com pessoas de outras nacionalidades e com italianos.<\/p>\n\n\n\n<p>\u00c9 oficialmente <strong>reconhecida pelo Minist\u00e9rio da Educa\u00e7\u00e3o italiano<\/strong>, \u00e9 membro da associa\u00e7\u00e3o de escolas de l\u00edngua italiana <strong>Scuole Licet<\/strong> (l\u00edngua italiana, cultura e turismo) e associada \u00e0 <strong>Eduitalia<\/strong>, uma associa\u00e7\u00e3o de servi\u00e7os lingu\u00edsticos para estudantes estrangeiros na It\u00e1lia, e \u00e9 parte do programa <strong>Erasmus<\/strong> da Uni\u00e3o Europeia.<\/p>\n\n\n\n<p>Por n\u00e3o ser uma escola fisicamente muito grande, nosso maior diferencial \u00e9 sem d\u00favidas a atmosfera amig\u00e1vel e o calor humano que faz com que alunos se sintam \u00e0 vontade o tempo todo, fazendo amizades e interagindo constantemente. <br>No Istituto Il David, o estudante nunca \u00e9 um n\u00famero, mas um amigo a quem damos assist\u00eancia e aten\u00e7\u00e3o, seguindo-o constantemente durante o seu percurso educativo e durante a sua estadia em Floren\u00e7a.<\/p>\n\n\n\n<figure class=\"wp-block-image size-large\"><img loading=\"lazy\" decoding=\"async\" width=\"1024\" height=\"575\" src=\"https:\/\/www.davidschool.com\/wp-content\/uploads\/2019\/05\/La-scuola-3-studenti-portone-1-1024x575.jpg\" alt=\"\" class=\"wp-image-18591\" srcset=\"https:\/\/www.davidschool.com\/wp-content\/uploads\/2019\/05\/La-scuola-3-studenti-portone-1-1024x575.jpg 1024w, https:\/\/www.davidschool.com\/wp-content\/uploads\/2019\/05\/La-scuola-3-studenti-portone-1-300x168.jpg 300w, https:\/\/www.davidschool.com\/wp-content\/uploads\/2019\/05\/La-scuola-3-studenti-portone-1-768x431.jpg 768w, https:\/\/www.davidschool.com\/wp-content\/uploads\/2019\/05\/La-scuola-3-studenti-portone-1-80x45.jpg 80w, https:\/\/www.davidschool.com\/wp-content\/uploads\/2019\/05\/La-scuola-3-studenti-portone-1-1536x862.jpg 1536w, https:\/\/www.davidschool.com\/wp-content\/uploads\/2019\/05\/La-scuola-3-studenti-portone-1-2048x1150.jpg 2048w, https:\/\/www.davidschool.com\/wp-content\/uploads\/2019\/05\/La-scuola-3-studenti-portone-1-270x152.jpg 270w\" sizes=\"auto, (max-width: 1024px) 100vw, 1024px\" \/><\/figure>\n\n\n\n<h3 class=\"wp-block-heading\">A ESCOLA NO CENTRO DE FLOREN\u00c7A<\/h3>\n\n\n\n<p>A escola de l\u00edngua italiana est\u00e1 localizada no centro hist\u00f3rico de Floren\u00e7a, a poucos passos do centro da Piazza della Repubblica, no terceiro andar de um edif\u00edcio de estilo cl\u00e1ssico numa das zonas mais prestigiadas e seguras da cidade, a zona das lojas de alta moda e dos servi\u00e7os financeiros. <br>A Duomo, Piazza della Signoria, a esta\u00e7\u00e3o central, e todos os monumentos mais famosos est\u00e3o localizados entre 3 e 10 minutos a p\u00e9.<\/p>\n\n\n\n<h3 class=\"wp-block-heading\">AS SALAS DE AULA<\/h3>\n\n\n\n<p>Todas as nossas salas de aula s\u00e3o muito espa\u00e7osas, iluminadas e confort\u00e1veis, equipadas com grandes mesas e cadeiras aconchegantes, TV e DVD.<\/p>\n\n\n<div class=\"wp-block-image\">\n<figure class=\"aligncenter size-large\"><img loading=\"lazy\" decoding=\"async\" width=\"1024\" height=\"510\" src=\"https:\/\/www.davidschool.com\/wp-content\/uploads\/2019\/05\/La-scuola-4-studenti-2-2-1024x510.jpg\" alt=\"\" class=\"wp-image-18597\" srcset=\"https:\/\/www.davidschool.com\/wp-content\/uploads\/2019\/05\/La-scuola-4-studenti-2-2-1024x510.jpg 1024w, https:\/\/www.davidschool.com\/wp-content\/uploads\/2019\/05\/La-scuola-4-studenti-2-2-300x149.jpg 300w, https:\/\/www.davidschool.com\/wp-content\/uploads\/2019\/05\/La-scuola-4-studenti-2-2-768x382.jpg 768w, https:\/\/www.davidschool.com\/wp-content\/uploads\/2019\/05\/La-scuola-4-studenti-2-2-80x40.jpg 80w, https:\/\/www.davidschool.com\/wp-content\/uploads\/2019\/05\/La-scuola-4-studenti-2-2-270x134.jpg 270w, https:\/\/www.davidschool.com\/wp-content\/uploads\/2019\/05\/La-scuola-4-studenti-2-2.jpg 1137w\" sizes=\"auto, (max-width: 1024px) 100vw, 1024px\" \/><\/figure><\/div>\n\n\n<h3 class=\"wp-block-heading\">AR CONDICIONADO E INTERNET WI-FI GRATUITA<\/h3>\n\n\n\n<p>Em toda a nossa estrutura os alunos t\u00eam acesso a Wi-Fi gratuito e salas com ar condicionado e aquecimento.<\/p>\n\n\n\n<h3 class=\"wp-block-heading\">O TERRA\u00c7O<\/h3>\n\n\n\n<p>No andar superior do instituto h\u00e1 um <strong>terra\u00e7o maravilhoso<\/strong> de onde se pode admirar um espl\u00eandido <strong>panorama de Floren\u00e7a<\/strong>. Neste espa\u00e7o precioso e exclusivo, os estudantes fazem pausas durante as horas de aula para tomar caf\u00e9 e conversar com outros estudantes. \u00c9 tamb\u00e9m utilizado pelos estudantes ap\u00f3s as horas de aula para estudar, conversar com amigos, ou simplesmente relaxar. Algumas das diversas atividades da escola acontecem no nosso querido Terra\u00e7o com vista para toda a cidade.<\/p>\n\n\n<div class=\"wp-block-image\">\n<figure class=\"aligncenter size-large\"><img loading=\"lazy\" decoding=\"async\" width=\"1024\" height=\"576\" src=\"https:\/\/www.davidschool.com\/wp-content\/uploads\/2019\/05\/La-scuola-5-terrazza-1024x576.jpg\" alt=\"\" class=\"wp-image-18593\" srcset=\"https:\/\/www.davidschool.com\/wp-content\/uploads\/2019\/05\/La-scuola-5-terrazza-1024x576.jpg 1024w, https:\/\/www.davidschool.com\/wp-content\/uploads\/2019\/05\/La-scuola-5-terrazza-300x169.jpg 300w, https:\/\/www.davidschool.com\/wp-content\/uploads\/2019\/05\/La-scuola-5-terrazza-768x432.jpg 768w, https:\/\/www.davidschool.com\/wp-content\/uploads\/2019\/05\/La-scuola-5-terrazza-80x45.jpg 80w, https:\/\/www.davidschool.com\/wp-content\/uploads\/2019\/05\/La-scuola-5-terrazza-1536x864.jpg 1536w, https:\/\/www.davidschool.com\/wp-content\/uploads\/2019\/05\/La-scuola-5-terrazza-2048x1152.jpg 2048w, https:\/\/www.davidschool.com\/wp-content\/uploads\/2019\/05\/La-scuola-5-terrazza-270x152.jpg 270w\" sizes=\"auto, (max-width: 1024px) 100vw, 1024px\" \/><\/figure><\/div>\n\n\n<h3 class=\"wp-block-heading\">ASSIST\u00caNCIA AOS ESTUDANTES<\/h3>\n\n\n\n<p>Nossa equipe est\u00e1 sempre \u00e0 disposi\u00e7\u00e3o dos estudantes para informa\u00e7\u00f5es sobre os seus estudos na escola e a sua estadia em Floren\u00e7a. Os estudantes s\u00e3o constantemente informados sobre novos eventos em Floren\u00e7a e na It\u00e1lia. A escola oferece o servi\u00e7o de reserva gratuita de bilhetes para os museus de Floren\u00e7a.<\/p>\n\n\n\n<figure class=\"wp-block-image size-large\"><img loading=\"lazy\" decoding=\"async\" width=\"1024\" height=\"505\" src=\"https:\/\/www.davidschool.com\/wp-content\/uploads\/2019\/05\/La-scuola-6-segreteria-1-1024x505.jpg\" alt=\"\" class=\"wp-image-18595\" srcset=\"https:\/\/www.davidschool.com\/wp-content\/uploads\/2019\/05\/La-scuola-6-segreteria-1-1024x505.jpg 1024w, https:\/\/www.davidschool.com\/wp-content\/uploads\/2019\/05\/La-scuola-6-segreteria-1-300x148.jpg 300w, https:\/\/www.davidschool.com\/wp-content\/uploads\/2019\/05\/La-scuola-6-segreteria-1-768x379.jpg 768w, https:\/\/www.davidschool.com\/wp-content\/uploads\/2019\/05\/La-scuola-6-segreteria-1-80x39.jpg 80w, https:\/\/www.davidschool.com\/wp-content\/uploads\/2019\/05\/La-scuola-6-segreteria-1-1536x757.jpg 1536w, https:\/\/www.davidschool.com\/wp-content\/uploads\/2019\/05\/La-scuola-6-segreteria-1-2048x1010.jpg 2048w, https:\/\/www.davidschool.com\/wp-content\/uploads\/2019\/05\/La-scuola-6-segreteria-1-270x133.jpg 270w\" sizes=\"auto, (max-width: 1024px) 100vw, 1024px\" \/><\/figure>\n\n\n\n<p><\/p>\n","protected":false},"excerpt":{"rendered":"<p>ISTITUTO IL DAVID | Escola de l\u00edngua italiana em Floren\u00e7a Bem-vindo ao Istituto Il David! A ESCOLA O Istituto Il David \u00e9 uma das escolas de l\u00edngua italiana mais conhecidas e renomadas de Floren\u00e7a. \u00c9 o lugar ideal para aprender ou melhorar os seus conhecimentos da l\u00edngua italiana, e viver uma experi\u00eancia inesquec\u00edvel da sua [&hellip;]<\/p>\n","protected":false},"author":4,"featured_media":0,"parent":0,"menu_order":0,"comment_status":"closed","ping_status":"closed","template":"","meta":{"footnotes":""},"class_list":["post-18575","page","type-page","status-publish","hentry"],"yoast_head":"<!-- This site is optimized with the Yoast SEO plugin v27.2 - https:\/\/yoast.com\/product\/yoast-seo-wordpress\/ -->\n<title>Escola de italiano na It\u00e1lia | Istituto IL DAVID | Floren\u00e7a<\/title>\n<meta name=\"description\" content=\"Escola de italiano no centro de Floren\u00e7a. Cursos de italiano em uma das melhores escolas de italiano de Floren\u00e7a para entender e falar bem italiano em pouco tempo.\" \/>\n<meta name=\"robots\" content=\"index, follow, max-snippet:-1, max-image-preview:large, max-video-preview:-1\" \/>\n<link rel=\"canonical\" href=\"https:\/\/www.davidschool.com\/pt-br\/escola-italiano-florenca\/\" \/>\n<meta property=\"og:locale\" content=\"pt_BR\" \/>\n<meta property=\"og:type\" content=\"article\" \/>\n<meta property=\"og:title\" content=\"Escola de italiano na It\u00e1lia | Istituto IL DAVID | Floren\u00e7a\" \/>\n<meta property=\"og:description\" content=\"Escola de italiano no centro de Floren\u00e7a. Cursos de italiano em uma das melhores escolas de italiano de Floren\u00e7a para entender e falar bem italiano em pouco tempo.\" \/>\n<meta property=\"og:url\" content=\"https:\/\/www.davidschool.com\/pt-br\/escola-italiano-florenca\/\" \/>\n<meta property=\"og:site_name\" content=\"Istituto IL DAVID\" \/>\n<meta property=\"article:modified_time\" content=\"2025-01-20T15:04:46+00:00\" \/>\n<meta property=\"og:image\" content=\"https:\/\/www.davidschool.com\/wp-content\/uploads\/2021\/01\/La-scuola-1-placca-istituto-edited-3.jpg\" \/>\n\t<meta property=\"og:image:width\" content=\"2115\" \/>\n\t<meta property=\"og:image:height\" content=\"1589\" \/>\n\t<meta property=\"og:image:type\" content=\"image\/jpeg\" \/>\n<meta name=\"twitter:card\" content=\"summary_large_image\" \/>\n<meta name=\"twitter:label1\" content=\"Est. tempo de leitura\" \/>\n\t<meta name=\"twitter:data1\" content=\"4 minutos\" \/>\n<script type=\"application\/ld+json\" class=\"yoast-schema-graph\">{\"@context\":\"https:\/\/schema.org\",\"@graph\":[{\"@type\":\"WebPage\",\"@id\":\"https:\/\/www.davidschool.com\/pt-br\/escola-italiano-florenca\/\",\"url\":\"https:\/\/www.davidschool.com\/pt-br\/escola-italiano-florenca\/\",\"name\":\"Escola de italiano na It\u00e1lia | Istituto IL DAVID | Floren\u00e7a\",\"isPartOf\":{\"@id\":\"https:\/\/www.davidschool.com\/pt-br\/#website\"},\"primaryImageOfPage\":{\"@id\":\"https:\/\/www.davidschool.com\/pt-br\/escola-italiano-florenca\/#primaryimage\"},\"image\":{\"@id\":\"https:\/\/www.davidschool.com\/pt-br\/escola-italiano-florenca\/#primaryimage\"},\"thumbnailUrl\":\"https:\/\/www.davidschool.com\/wp-content\/uploads\/2021\/01\/La-scuola-1-placca-istituto-edited-3-1024x769.jpg\",\"datePublished\":\"2019-05-20T08:25:21+00:00\",\"dateModified\":\"2025-01-20T15:04:46+00:00\",\"description\":\"Escola de italiano no centro de Floren\u00e7a. Cursos de italiano em uma das melhores escolas de italiano de Floren\u00e7a para entender e falar bem italiano em pouco tempo.\",\"breadcrumb\":{\"@id\":\"https:\/\/www.davidschool.com\/pt-br\/escola-italiano-florenca\/#breadcrumb\"},\"inLanguage\":\"pt-BR\",\"potentialAction\":[{\"@type\":\"ReadAction\",\"target\":[\"https:\/\/www.davidschool.com\/pt-br\/escola-italiano-florenca\/\"]}]},{\"@type\":\"ImageObject\",\"inLanguage\":\"pt-BR\",\"@id\":\"https:\/\/www.davidschool.com\/pt-br\/escola-italiano-florenca\/#primaryimage\",\"url\":\"https:\/\/www.davidschool.com\/wp-content\/uploads\/2021\/01\/La-scuola-1-placca-istituto-edited-3-1024x769.jpg\",\"contentUrl\":\"https:\/\/www.davidschool.com\/wp-content\/uploads\/2021\/01\/La-scuola-1-placca-istituto-edited-3-1024x769.jpg\"},{\"@type\":\"BreadcrumbList\",\"@id\":\"https:\/\/www.davidschool.com\/pt-br\/escola-italiano-florenca\/#breadcrumb\",\"itemListElement\":[{\"@type\":\"ListItem\",\"position\":1,\"name\":\"Home\",\"item\":\"https:\/\/www.davidschool.com\/pt-br\/\"},{\"@type\":\"ListItem\",\"position\":2,\"name\":\"A ESCOLA\"}]},{\"@type\":\"WebSite\",\"@id\":\"https:\/\/www.davidschool.com\/pt-br\/#website\",\"url\":\"https:\/\/www.davidschool.com\/pt-br\/\",\"name\":\"Istituto IL DAVID\",\"description\":\"Italian Language School\",\"publisher\":{\"@id\":\"https:\/\/www.davidschool.com\/pt-br\/#organization\"},\"potentialAction\":[{\"@type\":\"SearchAction\",\"target\":{\"@type\":\"EntryPoint\",\"urlTemplate\":\"https:\/\/www.davidschool.com\/pt-br\/?s={search_term_string}\"},\"query-input\":{\"@type\":\"PropertyValueSpecification\",\"valueRequired\":true,\"valueName\":\"search_term_string\"}}],\"inLanguage\":\"pt-BR\"},{\"@type\":\"Organization\",\"@id\":\"https:\/\/www.davidschool.com\/pt-br\/#organization\",\"name\":\"Istituto Il David\",\"url\":\"https:\/\/www.davidschool.com\/pt-br\/\",\"logo\":{\"@type\":\"ImageObject\",\"inLanguage\":\"pt-BR\",\"@id\":\"https:\/\/www.davidschool.com\/pt-br\/#\/schema\/logo\/image\/\",\"url\":\"https:\/\/www.davidschool.com\/wp-content\/uploads\/2019\/05\/Il-David_logo.png\",\"contentUrl\":\"https:\/\/www.davidschool.com\/wp-content\/uploads\/2019\/05\/Il-David_logo.png\",\"width\":429,\"height\":133,\"caption\":\"Istituto Il David\"},\"image\":{\"@id\":\"https:\/\/www.davidschool.com\/pt-br\/#\/schema\/logo\/image\/\"}}]}<\/script>\n<!-- \/ Yoast SEO plugin. -->","yoast_head_json":{"title":"Escola de italiano na It\u00e1lia | Istituto IL DAVID | Floren\u00e7a","description":"Escola de italiano no centro de Floren\u00e7a. Cursos de italiano em uma das melhores escolas de italiano de Floren\u00e7a para entender e falar bem italiano em pouco tempo.","robots":{"index":"index","follow":"follow","max-snippet":"max-snippet:-1","max-image-preview":"max-image-preview:large","max-video-preview":"max-video-preview:-1"},"canonical":"https:\/\/www.davidschool.com\/pt-br\/escola-italiano-florenca\/","og_locale":"pt_BR","og_type":"article","og_title":"Escola de italiano na It\u00e1lia | Istituto IL DAVID | Floren\u00e7a","og_description":"Escola de italiano no centro de Floren\u00e7a. Cursos de italiano em uma das melhores escolas de italiano de Floren\u00e7a para entender e falar bem italiano em pouco tempo.","og_url":"https:\/\/www.davidschool.com\/pt-br\/escola-italiano-florenca\/","og_site_name":"Istituto IL DAVID","article_modified_time":"2025-01-20T15:04:46+00:00","og_image":[{"width":2115,"height":1589,"url":"https:\/\/www.davidschool.com\/wp-content\/uploads\/2021\/01\/La-scuola-1-placca-istituto-edited-3.jpg","type":"image\/jpeg"}],"twitter_card":"summary_large_image","twitter_misc":{"Est. tempo de leitura":"4 minutos"},"schema":{"@context":"https:\/\/schema.org","@graph":[{"@type":"WebPage","@id":"https:\/\/www.davidschool.com\/pt-br\/escola-italiano-florenca\/","url":"https:\/\/www.davidschool.com\/pt-br\/escola-italiano-florenca\/","name":"Escola de italiano na It\u00e1lia | Istituto IL DAVID | Floren\u00e7a","isPartOf":{"@id":"https:\/\/www.davidschool.com\/pt-br\/#website"},"primaryImageOfPage":{"@id":"https:\/\/www.davidschool.com\/pt-br\/escola-italiano-florenca\/#primaryimage"},"image":{"@id":"https:\/\/www.davidschool.com\/pt-br\/escola-italiano-florenca\/#primaryimage"},"thumbnailUrl":"https:\/\/www.davidschool.com\/wp-content\/uploads\/2021\/01\/La-scuola-1-placca-istituto-edited-3-1024x769.jpg","datePublished":"2019-05-20T08:25:21+00:00","dateModified":"2025-01-20T15:04:46+00:00","description":"Escola de italiano no centro de Floren\u00e7a. Cursos de italiano em uma das melhores escolas de italiano de Floren\u00e7a para entender e falar bem italiano em pouco tempo.","breadcrumb":{"@id":"https:\/\/www.davidschool.com\/pt-br\/escola-italiano-florenca\/#breadcrumb"},"inLanguage":"pt-BR","potentialAction":[{"@type":"ReadAction","target":["https:\/\/www.davidschool.com\/pt-br\/escola-italiano-florenca\/"]}]},{"@type":"ImageObject","inLanguage":"pt-BR","@id":"https:\/\/www.davidschool.com\/pt-br\/escola-italiano-florenca\/#primaryimage","url":"https:\/\/www.davidschool.com\/wp-content\/uploads\/2021\/01\/La-scuola-1-placca-istituto-edited-3-1024x769.jpg","contentUrl":"https:\/\/www.davidschool.com\/wp-content\/uploads\/2021\/01\/La-scuola-1-placca-istituto-edited-3-1024x769.jpg"},{"@type":"BreadcrumbList","@id":"https:\/\/www.davidschool.com\/pt-br\/escola-italiano-florenca\/#breadcrumb","itemListElement":[{"@type":"ListItem","position":1,"name":"Home","item":"https:\/\/www.davidschool.com\/pt-br\/"},{"@type":"ListItem","position":2,"name":"A ESCOLA"}]},{"@type":"WebSite","@id":"https:\/\/www.davidschool.com\/pt-br\/#website","url":"https:\/\/www.davidschool.com\/pt-br\/","name":"Istituto IL DAVID","description":"Italian Language School","publisher":{"@id":"https:\/\/www.davidschool.com\/pt-br\/#organization"},"potentialAction":[{"@type":"SearchAction","target":{"@type":"EntryPoint","urlTemplate":"https:\/\/www.davidschool.com\/pt-br\/?s={search_term_string}"},"query-input":{"@type":"PropertyValueSpecification","valueRequired":true,"valueName":"search_term_string"}}],"inLanguage":"pt-BR"},{"@type":"Organization","@id":"https:\/\/www.davidschool.com\/pt-br\/#organization","name":"Istituto Il David","url":"https:\/\/www.davidschool.com\/pt-br\/","logo":{"@type":"ImageObject","inLanguage":"pt-BR","@id":"https:\/\/www.davidschool.com\/pt-br\/#\/schema\/logo\/image\/","url":"https:\/\/www.davidschool.com\/wp-content\/uploads\/2019\/05\/Il-David_logo.png","contentUrl":"https:\/\/www.davidschool.com\/wp-content\/uploads\/2019\/05\/Il-David_logo.png","width":429,"height":133,"caption":"Istituto Il David"},"image":{"@id":"https:\/\/www.davidschool.com\/pt-br\/#\/schema\/logo\/image\/"}}]}},"_links":{"self":[{"href":"https:\/\/www.davidschool.com\/pt-br\/wp-json\/wp\/v2\/pages\/18575","targetHints":{"allow":["GET"]}}],"collection":[{"href":"https:\/\/www.davidschool.com\/pt-br\/wp-json\/wp\/v2\/pages"}],"about":[{"href":"https:\/\/www.davidschool.com\/pt-br\/wp-json\/wp\/v2\/types\/page"}],"author":[{"embeddable":true,"href":"https:\/\/www.davidschool.com\/pt-br\/wp-json\/wp\/v2\/users\/4"}],"replies":[{"embeddable":true,"href":"https:\/\/www.davidschool.com\/pt-br\/wp-json\/wp\/v2\/comments?post=18575"}],"version-history":[{"count":13,"href":"https:\/\/www.davidschool.com\/pt-br\/wp-json\/wp\/v2\/pages\/18575\/revisions"}],"predecessor-version":[{"id":33117,"href":"https:\/\/www.davidschool.com\/pt-br\/wp-json\/wp\/v2\/pages\/18575\/revisions\/33117"}],"wp:attachment":[{"href":"https:\/\/www.davidschool.com\/pt-br\/wp-json\/wp\/v2\/media?parent=18575"}],"curies":[{"name":"wp","href":"https:\/\/api.w.org\/{rel}","templated":true}]}}