{"id":18620,"date":"2019-06-03T16:25:52","date_gmt":"2019-06-03T14:25:52","guid":{"rendered":"http:\/\/3.122.4.63\/?page_id=18620"},"modified":"2021-02-28T12:15:50","modified_gmt":"2021-02-28T11:15:50","slug":"estudar-italiano-na-italia","status":"publish","type":"page","link":"https:\/\/www.davidschool.com\/pt-br\/estudar-italiano-na-italia\/","title":{"rendered":"ESTUDAR ITALIANO NA ESCOLA"},"content":{"rendered":"\n<h2 class=\"wp-block-heading\">A melhor maneira de aprender e falar italiano corretamente<\/h2>\n\n\n\n<p><strong>Estudar italiano <\/strong>em uma escola de l\u00edngua italiana \u00e9 a<strong> melhor maneira de aprender ou melhorar o seu n\u00edvel de italiano<\/strong>. <br>Gra\u00e7as aos seus mais de 35 anos de experi\u00eancia, professores nativos qualificados, suas aulas motivadoras e que estimulam a comunica\u00e7\u00e3o e did\u00e1tica pratica e din\u00e2mica, estudar italiano conosco se torna f\u00e1cil e divertido, permitindo que voc\u00ea obtenha resultados efetivamente concretos em pouco tempo. <br>Nossa programa did\u00e1tico \u00e9 resultado do nosso constante e cont\u00ednuo aperfei\u00e7oamento reliazado durante muitos anos de experi\u00eancia e que est\u00e1 em constante evolu\u00e7\u00e3o com base nos melhores resultados alcan\u00e7ados por nossos alunos com nossas aulas.<\/p>\n\n\n\n<h3 class=\"wp-block-heading\">Nossa metodologia de ensino<\/h3>\n\n\n\n<p>O m\u00e9todo de ensino do Istituto Il David permite que os estudantes adquiram boas habilidades lingu\u00edsticas em um curto espa\u00e7o de tempo. <br>Trabalhamos o desenvolvimento de 4 habilidades: <strong>compreens\u00e3o e fala, leitura e escrita<\/strong>. <br>O m\u00e9todo favorece defini\u00e7\u00f5es estritamente gramaticais, compreens\u00e3o oral e express\u00e3o oral direta. Com a gram\u00e1tica, o estudante tem a base necess\u00e1ria para a constru\u00e7\u00e3o correta da frase. <br>O desenvolvimento da compreens\u00e3o auditiva e da express\u00e3o oral permite ao aluno compreender e se expressar correta e fluentemente. Em sala, todas as nossas aulas s\u00e3o em italiano para que o aluno possa ter uma completa imers\u00e3o no idioma. Al\u00e9m dos livros did\u00e1ticos, durante as aulas os alunos tamb\u00e9m contam com outros materiais complementares que s\u00e3o frequentemente atualizados. Nossos programas tamb\u00e9m consideram as particularidades de cada turma.<\/p>\n\n\n\n<h3 class=\"wp-block-heading\">Professores<\/h3>\n\n\n\n<p>Todos so nossos professores s\u00e3o nativos e experientes. Nossos professores combinam a experi\u00eancia adquirida em sua forma\u00e7\u00e3o com m\u00e9todos de ensino din\u00e2mico e L\u00fadico. Acompanham o aluno individualmente e constantemente com paci\u00eancia e disponibilidade. As aulas s\u00e3o sempre l\u00fadicas e din\u00e2micas e com auxilio de materiais did\u00e1ticos e complementares, deixando o aprendizado ainda mais interessante e original.<\/p>\n\n\n\n<figure class=\"wp-block-image size-large\"><img loading=\"lazy\" decoding=\"async\" width=\"1024\" height=\"505\" src=\"https:\/\/www.davidschool.com\/wp-content\/uploads\/2021\/01\/insegnanti-1-1024x505.jpg\" alt=\"\" class=\"wp-image-18788\" srcset=\"https:\/\/www.davidschool.com\/wp-content\/uploads\/2021\/01\/insegnanti-1-1024x505.jpg 1024w, https:\/\/www.davidschool.com\/wp-content\/uploads\/2021\/01\/insegnanti-1-300x148.jpg 300w, https:\/\/www.davidschool.com\/wp-content\/uploads\/2021\/01\/insegnanti-1-768x379.jpg 768w, https:\/\/www.davidschool.com\/wp-content\/uploads\/2021\/01\/insegnanti-1-80x39.jpg 80w, https:\/\/www.davidschool.com\/wp-content\/uploads\/2021\/01\/insegnanti-1-1536x757.jpg 1536w, https:\/\/www.davidschool.com\/wp-content\/uploads\/2021\/01\/insegnanti-1-2048x1010.jpg 2048w, https:\/\/www.davidschool.com\/wp-content\/uploads\/2021\/01\/insegnanti-1-270x133.jpg 270w\" sizes=\"auto, (max-width: 1024px) 100vw, 1024px\" \/><\/figure>\n\n\n\n<h3 class=\"wp-block-heading\">Turmas e alunos<\/h3>\n\n\n\n<p>As turmas tem no m\u00e1ximo 12 alunos e no m\u00ednimo 4. Nossa m\u00e9dia por turma \u00e9 de 7\/8 alunos na sala de aula. Cada turma \u00e9 composta por alunos com o mesmo n\u00edvel de italiano. Nossos estudantes vem de diferentes partes do mundo, criando um ambiente que permite um maior interc\u00e2mbio de culturas entre nossos alunos.<\/p>\n\n\n\n<h5 class=\"wp-block-heading\">Estat\u00edsticas de alunos matriculados em cursos de l\u00edngua italiana nos \u00faltimos 5 anos<\/h5>\n\n\n\n<div class=\"wp-block-columns is-layout-flex wp-container-core-columns-is-layout-9d6595d7 wp-block-columns-is-layout-flex\">\n<div class=\"wp-block-column is-layout-flow wp-block-column-is-layout-flow\" style=\"flex-basis:100%\">\n<figure class=\"wp-block-gallery columns-2 is-cropped wp-block-gallery-1 is-layout-flex wp-block-gallery-is-layout-flex\"><ul class=\"blocks-gallery-grid\"><li class=\"blocks-gallery-item\"><figure><img loading=\"lazy\" decoding=\"async\" width=\"388\" height=\"308\" src=\"https:\/\/www.davidschool.com\/wp-content\/uploads\/2021\/02\/grafico-1-PT.jpg\" alt=\"\" data-id=\"23886\" class=\"wp-image-23886\" srcset=\"https:\/\/www.davidschool.com\/wp-content\/uploads\/2021\/02\/grafico-1-PT.jpg 388w, https:\/\/www.davidschool.com\/wp-content\/uploads\/2021\/02\/grafico-1-PT-300x238.jpg 300w, https:\/\/www.davidschool.com\/wp-content\/uploads\/2021\/02\/grafico-1-PT-80x64.jpg 80w, https:\/\/www.davidschool.com\/wp-content\/uploads\/2021\/02\/grafico-1-PT-227x180.jpg 227w\" sizes=\"auto, (max-width: 388px) 100vw, 388px\" \/><\/figure><\/li><li class=\"blocks-gallery-item\"><figure><img loading=\"lazy\" decoding=\"async\" width=\"388\" height=\"308\" src=\"https:\/\/www.davidschool.com\/wp-content\/uploads\/2021\/02\/grafico-2-PT-1.jpg\" alt=\"\" data-id=\"23901\" data-full-url=\"https:\/\/www.davidschool.com\/wp-content\/uploads\/2021\/02\/grafico-2-PT-1.jpg\" data-link=\"https:\/\/www.davidschool.com\/pt-br\/estudar-italiano-na-italia\/grafico-2-pt-1\/\" class=\"wp-image-23901\" srcset=\"https:\/\/www.davidschool.com\/wp-content\/uploads\/2021\/02\/grafico-2-PT-1.jpg 388w, https:\/\/www.davidschool.com\/wp-content\/uploads\/2021\/02\/grafico-2-PT-1-300x238.jpg 300w, https:\/\/www.davidschool.com\/wp-content\/uploads\/2021\/02\/grafico-2-PT-1-80x64.jpg 80w, https:\/\/www.davidschool.com\/wp-content\/uploads\/2021\/02\/grafico-2-PT-1-227x180.jpg 227w\" sizes=\"auto, (max-width: 388px) 100vw, 388px\" \/><\/figure><\/li><\/ul><\/figure>\n\n\n\n<figure class=\"wp-block-gallery columns-2 is-cropped wp-block-gallery-2 is-layout-flex wp-block-gallery-is-layout-flex\"><ul class=\"blocks-gallery-grid\"><li class=\"blocks-gallery-item\"><figure><img loading=\"lazy\" decoding=\"async\" width=\"387\" height=\"305\" src=\"https:\/\/www.davidschool.com\/wp-content\/uploads\/2021\/02\/grafico-3-PT.jpg\" alt=\"\" data-id=\"23908\" data-link=\"https:\/\/www.davidschool.com\/pt-br\/estudar-italiano-na-italia\/grafico-3-pt\/\" class=\"wp-image-23908\" srcset=\"https:\/\/www.davidschool.com\/wp-content\/uploads\/2021\/02\/grafico-3-PT.jpg 387w, https:\/\/www.davidschool.com\/wp-content\/uploads\/2021\/02\/grafico-3-PT-300x236.jpg 300w, https:\/\/www.davidschool.com\/wp-content\/uploads\/2021\/02\/grafico-3-PT-80x63.jpg 80w, https:\/\/www.davidschool.com\/wp-content\/uploads\/2021\/02\/grafico-3-PT-228x180.jpg 228w\" sizes=\"auto, (max-width: 387px) 100vw, 387px\" \/><\/figure><\/li><li class=\"blocks-gallery-item\"><figure><img loading=\"lazy\" decoding=\"async\" width=\"388\" height=\"306\" src=\"https:\/\/www.davidschool.com\/wp-content\/uploads\/2021\/02\/grafico-4-PT.jpg\" alt=\"\" data-id=\"23915\" data-full-url=\"https:\/\/www.davidschool.com\/wp-content\/uploads\/2021\/02\/grafico-4-PT.jpg\" data-link=\"https:\/\/www.davidschool.com\/pt-br\/estudar-italiano-na-italia\/grafico-4-pt\/\" class=\"wp-image-23915\" srcset=\"https:\/\/www.davidschool.com\/wp-content\/uploads\/2021\/02\/grafico-4-PT.jpg 388w, https:\/\/www.davidschool.com\/wp-content\/uploads\/2021\/02\/grafico-4-PT-300x237.jpg 300w, https:\/\/www.davidschool.com\/wp-content\/uploads\/2021\/02\/grafico-4-PT-80x63.jpg 80w, https:\/\/www.davidschool.com\/wp-content\/uploads\/2021\/02\/grafico-4-PT-228x180.jpg 228w\" sizes=\"auto, (max-width: 388px) 100vw, 388px\" \/><\/figure><\/li><\/ul><\/figure>\n<\/div>\n<\/div>\n\n\n\n<h3 class=\"wp-block-heading\">N\u00edveis e certificados<\/h3>\n\n\n\n<p>Na escola, contamos com aulas em 6 diferentes n\u00edveis do idioma: iniciante, elementar, pr\u00e9-intermedi\u00e1rio, intermedi\u00e1rio, avan\u00e7ado e superior. Os n\u00edveis seguem o Quadro Europeu Comum de Refer\u00eancia para L\u00ednguas.<br><strong>A0<\/strong> Nenhum conhecimento da l\u00edngua italiana. Corresponde ao n\u00edvel INICIANTE.<br><strong>A1-A2<\/strong> Conhecimentos b\u00e1sicos da l\u00edngua italiana. Corresponde ao n\u00edvel ELEMENTAR.<br><strong>B1<\/strong> Conhecimento intermedi\u00e1rio da l\u00edngua italiana com muitas incertezas. Corresponde ao n\u00edvel PR\u00c9-INTERMEDI\u00c1RIO.<br><strong>B2<\/strong> Bons conhecimentos da l\u00edngua italiana, mas faltam v\u00e1rios elementos. Corresponde ao n\u00edvel INTERMEDI\u00c1RIO.<br><strong>C1<\/strong> Excelente conhecimento da l\u00edngua italiana. Corresponde ao n\u00edvel AVAN\u00c7ADO.<br><strong>C2<\/strong> Conhecimento perfeito da l\u00edngua italiana. Corresponde ao n\u00edvel SUPERIOR.<br>No final do curso, o aluno recebe um <strong>certificado de conclus\u00e3o<\/strong>, onde \u00e9 indicado o n\u00edvel e o n\u00favero total de horas frequentadas. <br>Depois de frequentar o n\u00edvel avan\u00e7ado ou superior, o estudante pode solicitar a realiza\u00e7\u00e3o de um exame no instituto para obter, ap\u00f3s a aprova\u00e7\u00e3o, o diploma de conhecimento da l\u00edngua italiana.<\/p>\n\n\n\n<figure class=\"wp-block-image size-large\"><img loading=\"lazy\" decoding=\"async\" width=\"1024\" height=\"576\" src=\"https:\/\/www.davidschool.com\/wp-content\/uploads\/2021\/02\/1certificati-Copia-corretta-1-1024x576.jpg\" alt=\"\" class=\"wp-image-23967\" srcset=\"https:\/\/www.davidschool.com\/wp-content\/uploads\/2021\/02\/1certificati-Copia-corretta-1-1024x576.jpg 1024w, https:\/\/www.davidschool.com\/wp-content\/uploads\/2021\/02\/1certificati-Copia-corretta-1-300x169.jpg 300w, https:\/\/www.davidschool.com\/wp-content\/uploads\/2021\/02\/1certificati-Copia-corretta-1-768x432.jpg 768w, https:\/\/www.davidschool.com\/wp-content\/uploads\/2021\/02\/1certificati-Copia-corretta-1-80x45.jpg 80w, https:\/\/www.davidschool.com\/wp-content\/uploads\/2021\/02\/1certificati-Copia-corretta-1-1536x864.jpg 1536w, https:\/\/www.davidschool.com\/wp-content\/uploads\/2021\/02\/1certificati-Copia-corretta-1-2048x1152.jpg 2048w, https:\/\/www.davidschool.com\/wp-content\/uploads\/2021\/02\/1certificati-Copia-corretta-1-270x152.jpg 270w\" sizes=\"auto, (max-width: 1024px) 100vw, 1024px\" \/><\/figure>\n\n\n\n<h3 class=\"wp-block-heading\">In\u00edcio dos cursos de grupo<\/h3>\n\n\n\n<p>Todos os <strong>alunos iniciantes<\/strong> devem, de prefer\u00eancia, come\u00e7ar no primeiro dia do curso, conforme o calend\u00e1rio. <br>Os alunos que j\u00e1 t\u00eam um conhecimento m\u00ednimo da l\u00edngua italiana podem come\u00e7ar o curso na segunda-feira de qualquer semana. A dura\u00e7\u00e3o m\u00ednima dos cursos \u00e9 de uma semana. <br>No primeiro dia do curso todos os alunos que n\u00e3o s\u00e3o iniciantes fazem um teste para determinar o seu n\u00edvel de conhecimento da l\u00edngua italiana. <br>As horas ap\u00f3s o teste s\u00e3o dedicadas a conhecer outros novos alunos, apresentar a escola e fornecer informa\u00e7\u00f5es sobre a vida em Floren\u00e7a.<\/p>\n\n\n\n<figure class=\"wp-block-image size-large\"><img loading=\"lazy\" decoding=\"async\" width=\"1024\" height=\"505\" src=\"https:\/\/www.davidschool.com\/wp-content\/uploads\/2021\/02\/IMG_20210203_131226-1024x505.jpg\" alt=\"\" class=\"wp-image-22590\" srcset=\"https:\/\/www.davidschool.com\/wp-content\/uploads\/2021\/02\/IMG_20210203_131226-1024x505.jpg 1024w, https:\/\/www.davidschool.com\/wp-content\/uploads\/2021\/02\/IMG_20210203_131226-300x148.jpg 300w, https:\/\/www.davidschool.com\/wp-content\/uploads\/2021\/02\/IMG_20210203_131226-768x379.jpg 768w, https:\/\/www.davidschool.com\/wp-content\/uploads\/2021\/02\/IMG_20210203_131226-80x39.jpg 80w, https:\/\/www.davidschool.com\/wp-content\/uploads\/2021\/02\/IMG_20210203_131226-1536x757.jpg 1536w, https:\/\/www.davidschool.com\/wp-content\/uploads\/2021\/02\/IMG_20210203_131226-2048x1010.jpg 2048w, https:\/\/www.davidschool.com\/wp-content\/uploads\/2021\/02\/IMG_20210203_131226-270x133.jpg 270w\" sizes=\"auto, (max-width: 1024px) 100vw, 1024px\" \/><\/figure>\n","protected":false},"excerpt":{"rendered":"<p>A melhor maneira de aprender e falar italiano corretamente Estudar italiano em uma escola de l\u00edngua italiana \u00e9 a melhor maneira de aprender ou melhorar o seu n\u00edvel de italiano. Gra\u00e7as aos seus mais de 35 anos de experi\u00eancia, professores nativos qualificados, suas aulas motivadoras e que estimulam a comunica\u00e7\u00e3o e did\u00e1tica pratica e din\u00e2mica, [&hellip;]<\/p>\n","protected":false},"author":4,"featured_media":0,"parent":0,"menu_order":0,"comment_status":"closed","ping_status":"closed","template":"","meta":{"footnotes":""},"class_list":["post-18620","page","type-page","status-publish","hentry"],"yoast_head":"<!-- This site is optimized with the Yoast SEO plugin v27.2 - https:\/\/yoast.com\/product\/yoast-seo-wordpress\/ -->\n<title>Estudar italiano na It\u00e1lia | Istituto IL DAVID | Floren\u00e7a<\/title>\n<meta name=\"description\" content=\"Estudar italiano em uma escola de l\u00edngua italiana \u00e9 a melhor maneira de aprender e melhorar mais rapidamente e falar a l\u00edngua italiana corretamente.\" \/>\n<meta name=\"robots\" content=\"index, follow, max-snippet:-1, max-image-preview:large, max-video-preview:-1\" \/>\n<link rel=\"canonical\" href=\"https:\/\/www.davidschool.com\/pt-br\/estudar-italiano-na-italia\/\" \/>\n<meta property=\"og:locale\" content=\"pt_BR\" \/>\n<meta property=\"og:type\" content=\"article\" \/>\n<meta property=\"og:title\" content=\"Estudar italiano na It\u00e1lia | Istituto IL DAVID | Floren\u00e7a\" \/>\n<meta property=\"og:description\" content=\"Estudar italiano em uma escola de l\u00edngua italiana \u00e9 a melhor maneira de aprender e melhorar mais rapidamente e falar a l\u00edngua italiana corretamente.\" \/>\n<meta property=\"og:url\" content=\"https:\/\/www.davidschool.com\/pt-br\/estudar-italiano-na-italia\/\" \/>\n<meta property=\"og:site_name\" content=\"Istituto IL DAVID\" \/>\n<meta property=\"article:modified_time\" content=\"2021-02-28T11:15:50+00:00\" \/>\n<meta property=\"og:image\" content=\"https:\/\/www.davidschool.com\/wp-content\/uploads\/2021\/01\/insegnanti-1-1024x505.jpg\" \/>\n<meta name=\"twitter:card\" content=\"summary_large_image\" \/>\n<meta name=\"twitter:label1\" content=\"Est. tempo de leitura\" \/>\n\t<meta name=\"twitter:data1\" content=\"5 minutos\" \/>\n<script type=\"application\/ld+json\" class=\"yoast-schema-graph\">{\"@context\":\"https:\/\/schema.org\",\"@graph\":[{\"@type\":\"WebPage\",\"@id\":\"https:\/\/www.davidschool.com\/pt-br\/estudar-italiano-na-italia\/\",\"url\":\"https:\/\/www.davidschool.com\/pt-br\/estudar-italiano-na-italia\/\",\"name\":\"Estudar italiano na It\u00e1lia | Istituto IL DAVID | Floren\u00e7a\",\"isPartOf\":{\"@id\":\"https:\/\/www.davidschool.com\/pt-br\/#website\"},\"primaryImageOfPage\":{\"@id\":\"https:\/\/www.davidschool.com\/pt-br\/estudar-italiano-na-italia\/#primaryimage\"},\"image\":{\"@id\":\"https:\/\/www.davidschool.com\/pt-br\/estudar-italiano-na-italia\/#primaryimage\"},\"thumbnailUrl\":\"https:\/\/www.davidschool.com\/wp-content\/uploads\/2021\/01\/insegnanti-1-1024x505.jpg\",\"datePublished\":\"2019-06-03T14:25:52+00:00\",\"dateModified\":\"2021-02-28T11:15:50+00:00\",\"description\":\"Estudar italiano em uma escola de l\u00edngua italiana \u00e9 a melhor maneira de aprender e melhorar mais rapidamente e falar a l\u00edngua italiana corretamente.\",\"breadcrumb\":{\"@id\":\"https:\/\/www.davidschool.com\/pt-br\/estudar-italiano-na-italia\/#breadcrumb\"},\"inLanguage\":\"pt-BR\",\"potentialAction\":[{\"@type\":\"ReadAction\",\"target\":[\"https:\/\/www.davidschool.com\/pt-br\/estudar-italiano-na-italia\/\"]}]},{\"@type\":\"ImageObject\",\"inLanguage\":\"pt-BR\",\"@id\":\"https:\/\/www.davidschool.com\/pt-br\/estudar-italiano-na-italia\/#primaryimage\",\"url\":\"https:\/\/www.davidschool.com\/wp-content\/uploads\/2021\/01\/insegnanti-1-1024x505.jpg\",\"contentUrl\":\"https:\/\/www.davidschool.com\/wp-content\/uploads\/2021\/01\/insegnanti-1-1024x505.jpg\"},{\"@type\":\"BreadcrumbList\",\"@id\":\"https:\/\/www.davidschool.com\/pt-br\/estudar-italiano-na-italia\/#breadcrumb\",\"itemListElement\":[{\"@type\":\"ListItem\",\"position\":1,\"name\":\"Home\",\"item\":\"https:\/\/www.davidschool.com\/pt-br\/\"},{\"@type\":\"ListItem\",\"position\":2,\"name\":\"ESTUDAR ITALIANO NA ESCOLA\"}]},{\"@type\":\"WebSite\",\"@id\":\"https:\/\/www.davidschool.com\/pt-br\/#website\",\"url\":\"https:\/\/www.davidschool.com\/pt-br\/\",\"name\":\"Istituto IL DAVID\",\"description\":\"Italian Language School\",\"publisher\":{\"@id\":\"https:\/\/www.davidschool.com\/pt-br\/#organization\"},\"potentialAction\":[{\"@type\":\"SearchAction\",\"target\":{\"@type\":\"EntryPoint\",\"urlTemplate\":\"https:\/\/www.davidschool.com\/pt-br\/?s={search_term_string}\"},\"query-input\":{\"@type\":\"PropertyValueSpecification\",\"valueRequired\":true,\"valueName\":\"search_term_string\"}}],\"inLanguage\":\"pt-BR\"},{\"@type\":\"Organization\",\"@id\":\"https:\/\/www.davidschool.com\/pt-br\/#organization\",\"name\":\"Istituto Il David\",\"url\":\"https:\/\/www.davidschool.com\/pt-br\/\",\"logo\":{\"@type\":\"ImageObject\",\"inLanguage\":\"pt-BR\",\"@id\":\"https:\/\/www.davidschool.com\/pt-br\/#\/schema\/logo\/image\/\",\"url\":\"https:\/\/www.davidschool.com\/wp-content\/uploads\/2019\/05\/Il-David_logo.png\",\"contentUrl\":\"https:\/\/www.davidschool.com\/wp-content\/uploads\/2019\/05\/Il-David_logo.png\",\"width\":429,\"height\":133,\"caption\":\"Istituto Il David\"},\"image\":{\"@id\":\"https:\/\/www.davidschool.com\/pt-br\/#\/schema\/logo\/image\/\"}}]}<\/script>\n<!-- \/ Yoast SEO plugin. -->","yoast_head_json":{"title":"Estudar italiano na It\u00e1lia | Istituto IL DAVID | Floren\u00e7a","description":"Estudar italiano em uma escola de l\u00edngua italiana \u00e9 a melhor maneira de aprender e melhorar mais rapidamente e falar a l\u00edngua italiana corretamente.","robots":{"index":"index","follow":"follow","max-snippet":"max-snippet:-1","max-image-preview":"max-image-preview:large","max-video-preview":"max-video-preview:-1"},"canonical":"https:\/\/www.davidschool.com\/pt-br\/estudar-italiano-na-italia\/","og_locale":"pt_BR","og_type":"article","og_title":"Estudar italiano na It\u00e1lia | Istituto IL DAVID | Floren\u00e7a","og_description":"Estudar italiano em uma escola de l\u00edngua italiana \u00e9 a melhor maneira de aprender e melhorar mais rapidamente e falar a l\u00edngua italiana corretamente.","og_url":"https:\/\/www.davidschool.com\/pt-br\/estudar-italiano-na-italia\/","og_site_name":"Istituto IL DAVID","article_modified_time":"2021-02-28T11:15:50+00:00","og_image":[{"url":"https:\/\/www.davidschool.com\/wp-content\/uploads\/2021\/01\/insegnanti-1-1024x505.jpg","type":"","width":"","height":""}],"twitter_card":"summary_large_image","twitter_misc":{"Est. tempo de leitura":"5 minutos"},"schema":{"@context":"https:\/\/schema.org","@graph":[{"@type":"WebPage","@id":"https:\/\/www.davidschool.com\/pt-br\/estudar-italiano-na-italia\/","url":"https:\/\/www.davidschool.com\/pt-br\/estudar-italiano-na-italia\/","name":"Estudar italiano na It\u00e1lia | Istituto IL DAVID | Floren\u00e7a","isPartOf":{"@id":"https:\/\/www.davidschool.com\/pt-br\/#website"},"primaryImageOfPage":{"@id":"https:\/\/www.davidschool.com\/pt-br\/estudar-italiano-na-italia\/#primaryimage"},"image":{"@id":"https:\/\/www.davidschool.com\/pt-br\/estudar-italiano-na-italia\/#primaryimage"},"thumbnailUrl":"https:\/\/www.davidschool.com\/wp-content\/uploads\/2021\/01\/insegnanti-1-1024x505.jpg","datePublished":"2019-06-03T14:25:52+00:00","dateModified":"2021-02-28T11:15:50+00:00","description":"Estudar italiano em uma escola de l\u00edngua italiana \u00e9 a melhor maneira de aprender e melhorar mais rapidamente e falar a l\u00edngua italiana corretamente.","breadcrumb":{"@id":"https:\/\/www.davidschool.com\/pt-br\/estudar-italiano-na-italia\/#breadcrumb"},"inLanguage":"pt-BR","potentialAction":[{"@type":"ReadAction","target":["https:\/\/www.davidschool.com\/pt-br\/estudar-italiano-na-italia\/"]}]},{"@type":"ImageObject","inLanguage":"pt-BR","@id":"https:\/\/www.davidschool.com\/pt-br\/estudar-italiano-na-italia\/#primaryimage","url":"https:\/\/www.davidschool.com\/wp-content\/uploads\/2021\/01\/insegnanti-1-1024x505.jpg","contentUrl":"https:\/\/www.davidschool.com\/wp-content\/uploads\/2021\/01\/insegnanti-1-1024x505.jpg"},{"@type":"BreadcrumbList","@id":"https:\/\/www.davidschool.com\/pt-br\/estudar-italiano-na-italia\/#breadcrumb","itemListElement":[{"@type":"ListItem","position":1,"name":"Home","item":"https:\/\/www.davidschool.com\/pt-br\/"},{"@type":"ListItem","position":2,"name":"ESTUDAR ITALIANO NA ESCOLA"}]},{"@type":"WebSite","@id":"https:\/\/www.davidschool.com\/pt-br\/#website","url":"https:\/\/www.davidschool.com\/pt-br\/","name":"Istituto IL DAVID","description":"Italian Language School","publisher":{"@id":"https:\/\/www.davidschool.com\/pt-br\/#organization"},"potentialAction":[{"@type":"SearchAction","target":{"@type":"EntryPoint","urlTemplate":"https:\/\/www.davidschool.com\/pt-br\/?s={search_term_string}"},"query-input":{"@type":"PropertyValueSpecification","valueRequired":true,"valueName":"search_term_string"}}],"inLanguage":"pt-BR"},{"@type":"Organization","@id":"https:\/\/www.davidschool.com\/pt-br\/#organization","name":"Istituto Il David","url":"https:\/\/www.davidschool.com\/pt-br\/","logo":{"@type":"ImageObject","inLanguage":"pt-BR","@id":"https:\/\/www.davidschool.com\/pt-br\/#\/schema\/logo\/image\/","url":"https:\/\/www.davidschool.com\/wp-content\/uploads\/2019\/05\/Il-David_logo.png","contentUrl":"https:\/\/www.davidschool.com\/wp-content\/uploads\/2019\/05\/Il-David_logo.png","width":429,"height":133,"caption":"Istituto Il David"},"image":{"@id":"https:\/\/www.davidschool.com\/pt-br\/#\/schema\/logo\/image\/"}}]}},"_links":{"self":[{"href":"https:\/\/www.davidschool.com\/pt-br\/wp-json\/wp\/v2\/pages\/18620","targetHints":{"allow":["GET"]}}],"collection":[{"href":"https:\/\/www.davidschool.com\/pt-br\/wp-json\/wp\/v2\/pages"}],"about":[{"href":"https:\/\/www.davidschool.com\/pt-br\/wp-json\/wp\/v2\/types\/page"}],"author":[{"embeddable":true,"href":"https:\/\/www.davidschool.com\/pt-br\/wp-json\/wp\/v2\/users\/4"}],"replies":[{"embeddable":true,"href":"https:\/\/www.davidschool.com\/pt-br\/wp-json\/wp\/v2\/comments?post=18620"}],"version-history":[{"count":12,"href":"https:\/\/www.davidschool.com\/pt-br\/wp-json\/wp\/v2\/pages\/18620\/revisions"}],"predecessor-version":[{"id":23981,"href":"https:\/\/www.davidschool.com\/pt-br\/wp-json\/wp\/v2\/pages\/18620\/revisions\/23981"}],"wp:attachment":[{"href":"https:\/\/www.davidschool.com\/pt-br\/wp-json\/wp\/v2\/media?parent=18620"}],"curies":[{"name":"wp","href":"https:\/\/api.w.org\/{rel}","templated":true}]}}