{"id":18653,"date":"2019-06-03T16:52:06","date_gmt":"2019-06-03T14:52:06","guid":{"rendered":"http:\/\/3.122.4.63\/?page_id=18653"},"modified":"2025-02-15T12:04:55","modified_gmt":"2025-02-15T11:04:55","slug":"assistencia-servicos-estudantes-florenca","status":"publish","type":"page","link":"https:\/\/www.davidschool.com\/pt-br\/assistencia-servicos-estudantes-florenca\/","title":{"rendered":"SERVI\u00c7OS ESCOLARES"},"content":{"rendered":"\n<figure class=\"wp-block-image size-large\"><img loading=\"lazy\" decoding=\"async\" width=\"883\" height=\"378\" src=\"https:\/\/www.davidschool.com\/wp-content\/uploads\/2020\/05\/10.jpg\" alt=\"\" class=\"wp-image-18656\" srcset=\"https:\/\/www.davidschool.com\/wp-content\/uploads\/2020\/05\/10.jpg 883w, https:\/\/www.davidschool.com\/wp-content\/uploads\/2020\/05\/10-300x128.jpg 300w, https:\/\/www.davidschool.com\/wp-content\/uploads\/2020\/05\/10-768x329.jpg 768w, https:\/\/www.davidschool.com\/wp-content\/uploads\/2020\/05\/10-80x34.jpg 80w, https:\/\/www.davidschool.com\/wp-content\/uploads\/2020\/05\/10-270x116.jpg 270w\" sizes=\"auto, (max-width: 883px) 100vw, 883px\" \/><\/figure>\n\n\n<h2>Assist\u00eancia aos alunos antes, durante e depois do curso<\/h2>\n<p>Al\u00e9m dos dois servi\u00e7os mais importantes, acomoda\u00e7\u00f5es e atividades descritos em outras p\u00e1ginas, aqui voc\u00ea encontra todos os servi\u00e7os de assist\u00eancia que oferecemos.<\/p>\n<h3>ASSIST\u00caNCIA<\/h3>\n<p>A escola oferece servi\u00e7o gratuito aos seus alunos para assist\u00eancia com visto de estudo, autoriza\u00e7\u00e3o de resid\u00eancia, seguro de sa\u00fade, abertura de conta banc\u00e1ria, solicita\u00e7\u00e3o de c\u00f3digo fiscal, contratos imobili\u00e1rios, est\u00e1gios em empresas.<\/p>\n<h3>VISTO DE ESTUDO<\/h3>\n<p>Os estudantes residentes em pa\u00edses que n\u00e3o pertencem \u00e0 Uni\u00e3o Europ\u00e9ia e que pretendem permanecer na It\u00e1lia por um per\u00edodo superior a tr\u00eas meses devem solicitar um Visto de Estudo (VISA) na Embaixada Italiana do seu pa\u00eds. <br \/>Para obter um visto de estudo, os alunos devem apresentar o certificado de inscri\u00e7\u00e3o da escola e outros documentos exigidos pela embaixada. Estes documentos ser\u00e3o fornecidos pelo nosso instituto ap\u00f3s o recebimento do dep\u00f3sito e confirma\u00e7\u00e3o da inscri\u00e7\u00e3o. <br \/>Em qualquer caso, antes de fazer as reservas e embarcar na viagem, aconselhamos aos estudantes a consultar a Embaixada Italiana do seu pa\u00eds, uma vez que existem regras diferentes em alguns estados.<br \/>Visite nossa p\u00e1gina de Informa\u00e7\u00f5es sobre o <a href=\"https:\/\/www.davidschool.com\/pt-br\/visto-de-estudo\/\"><strong>Visto de estudo<\/strong><\/a> para obter mais informa\u00e7\u00f5es<\/p>\n<h3>ASSIST\u00caNCIA M\u00c9DICA E SEGURO DE SA\u00daDE<\/h3>\n<p>Nossa escola colabora com consult\u00f3rios m\u00e9dicos e odontol\u00f3gicos pr\u00f3ximos \u00e0 escola, que podem ajudar imediatamente nossos alunos se necess\u00e1rio.<br \/>Estudantes de pa\u00edses pertencentes \u00e0 Uni\u00e3o Europeia podem se beneficiar de todos os servi\u00e7os de sa\u00fade com o cart\u00e3o de sa\u00fade europeu (EHIC, cart\u00e3o europeu de sa\u00fade e seguro).<br \/>Para estudantes n\u00e3o residentes em pa\u00edses da Uni\u00e3o Europeia, para estadias de menos de tr\u00eas meses, o seguro sa\u00fade n\u00e3o \u00e9 obrigat\u00f3rio, mas recomendado.<br \/>Para estudantes de fora da UE que ficam na It\u00e1lia por mais de tr\u00eas meses, \u00e9 obrigat\u00f3rio fazer um seguro de sa\u00fade pessoal para receber o visto de estudo. Voc\u00ea tem tr\u00eas op\u00e7\u00f5es dispon\u00edveis. Voc\u00ea pode fazer um seguro privado no seu pa\u00eds, caso contr\u00e1rio, a escola pode prestar este servi\u00e7o para voc\u00ea. Voc\u00ea pode escolher um seguro privado ou um seguro p\u00fablico do Servi\u00e7o Nacional de Sa\u00fade Italiano (SSN).<\/p>\n<h3>SEGURO DE CANCELAMENTO DE CURSOS E ACOMODA\u00c7\u00c3O<\/h3>\n<p>Mediante solicita\u00e7\u00e3o, a escola oferece seguro para reembolso total do pagamento em caso de cancelamento no prazo de dois dias ap\u00f3s a chegada a Floren\u00e7a.<\/p>\n<h3>ACOMODA\u00c7\u00c3O<\/h3>\n<p>A escola oferece um servi\u00e7o gratuito de busca de acomoda\u00e7\u00e3o para seus alunos para qualquer tipo de solicita\u00e7\u00e3o e durante toda a sua estadia em Floren\u00e7a.<br \/>Visite nossa p\u00e1gina de acomoda\u00e7\u00e3o para ver caracter\u00edsticas e pre\u00e7os. <a href=\"https:\/\/www.davidschool.com\/pt-br\/acomodacoes-estudantes-florenca\/\">Clique aqui<\/a><\/p>\n<h3>ATIVIDADES EXTRACURRICULARES<\/h3>\n<p>A escola oferece no m\u00ednimo 5 atividades extracurriculares por semana. Todas as atividades s\u00e3o realizadas em conjunto com nossos professores ap\u00f3s as aulas e nos finais de semana para permitir a participa\u00e7\u00e3o de todos os alunos.<br \/>Visite nossa p\u00e1gina &#8220;O que fazer em Floren\u00e7a&#8221; para ver todas as atividades. <a href=\"https:\/\/www.davidschool.com\/pt-br\/que-fazer-em-florenca\/\">Clique aqui<\/a><\/p>\n<h3>TRANSFER\u00caNCIA<\/h3>\n<p>A escola oferece o servi\u00e7o profissional de traslado por minivan da esta\u00e7\u00e3o ou aeroporto de Floren\u00e7a para o apartamento reservado. Assist\u00eancia personalizada e segura para todos os seus deslocamentos.<\/p>\n<h3>CERTIFICADOS PARA PERMISS\u00c3O DE ESTADIA<\/h3>\n<p>Se a sua nacionalidade for de um pa\u00eds n\u00e3o pertencente \u00e0 UE, voc\u00ea deve solicitar uma autoriza\u00e7\u00e3o de resid\u00eancia dentro de 8 dias da sua chegada \u00e0 It\u00e1lia. Quando voc\u00ea chegar na escola, daremos a voc\u00ea a assist\u00eancia necess\u00e1ria e informa\u00e7\u00f5es \u00fateis para o envio da solicita\u00e7\u00e3o a ser feita nos correios pr\u00f3ximos \u00e0 escola.<\/p>\n<h3>UTILIZA\u00c7\u00c3O DOS ESPA\u00c7OS ESCOLARES<\/h3>\n<p>Os alunos podem utilizar, sujeito \u00e0 disponibilidade, todas as salas e espa\u00e7os da escola das 9.00 \u00e0s 18.00 horas para estudar, ver filmes, etc.<\/p>\n<h3>INTERVALO DO ALMO\u00c7O<\/h3>\n<p>A escola tem um acordo com um restaurante self-service localizado a um minuto de caminhada, que oferece um desconto para os alunos da escola durante o intervalo do almo\u00e7o. Perto, r\u00e1pido, barato, boa comida, variedade de pratos.<\/p>\n<h3>RESERVA DE MUSEUS<\/h3>\n<p>A escola oferece um servi\u00e7o gratuito de reserva de bilhetes para os museus de Floren\u00e7a. 4 euros, os museus fecham \u00e0s segundas &#8211; feiras.<\/p>\n<h3>ATIVIDADES ESPORTIVAS<\/h3>\n<p>A escola tem um acordo com algumas academias no centro de Floren\u00e7a. Voc\u00ea pode reservar aulas de t\u00eanis e dan\u00e7a no centro. Fora do centro, voc\u00ea pode praticar qualquer tipo de esporte.<\/p>\n<h3>BOLSAS DE ESTUDO<\/h3>\n<p>O Istituto Il David concede bolsas de estudo anuais exclusivamente aos Institutos Culturais Italianos presentes nas principais cidades de todos os pa\u00edses do mundo e a algumas Universidades Internacionais. A candidatura deve ser apresentada directamente ao Instituto Cultural Italiano ou \u00e0 Universidade.<\/p>","protected":false},"excerpt":{"rendered":"<p>Assist\u00eancia aos alunos antes, durante e depois do curso Al\u00e9m dos dois servi\u00e7os mais importantes, acomoda\u00e7\u00f5es e atividades descritos em outras p\u00e1ginas, aqui voc\u00ea encontra todos os servi\u00e7os de assist\u00eancia que oferecemos. ASSIST\u00caNCIA A escola oferece servi\u00e7o gratuito aos seus alunos para assist\u00eancia com visto de estudo, autoriza\u00e7\u00e3o de resid\u00eancia, seguro de sa\u00fade, abertura de [&hellip;]<\/p>\n","protected":false},"author":4,"featured_media":0,"parent":0,"menu_order":0,"comment_status":"closed","ping_status":"closed","template":"","meta":{"footnotes":""},"class_list":["post-18653","page","type-page","status-publish","hentry"],"yoast_head":"<!-- This site is optimized with the Yoast SEO plugin v27.4 - https:\/\/yoast.com\/product\/yoast-seo-wordpress\/ -->\n<title>Servi\u00e7os e assist\u00eancia aos estudantes em Floren\u00e7a | Istituto IL DAVID<\/title>\n<meta name=\"description\" content=\"Servi\u00e7os e assist\u00eancia aos alunos da escola de l\u00edngua italiana. Certificados para obter um visto de estudo na It\u00e1lia e uma autoriza\u00e7\u00e3o de resid\u00eancia em Floren\u00e7a.\" \/>\n<meta name=\"robots\" content=\"index, follow, max-snippet:-1, max-image-preview:large, max-video-preview:-1\" \/>\n<link rel=\"canonical\" href=\"https:\/\/www.davidschool.com\/pt-br\/assistencia-servicos-estudantes-florenca\/\" \/>\n<meta property=\"og:locale\" content=\"pt_BR\" \/>\n<meta property=\"og:type\" content=\"article\" \/>\n<meta property=\"og:title\" content=\"Servi\u00e7os e assist\u00eancia aos estudantes em Floren\u00e7a | Istituto IL DAVID\" \/>\n<meta property=\"og:description\" content=\"Servi\u00e7os e assist\u00eancia aos alunos da escola de l\u00edngua italiana. Certificados para obter um visto de estudo na It\u00e1lia e uma autoriza\u00e7\u00e3o de resid\u00eancia em Floren\u00e7a.\" \/>\n<meta property=\"og:url\" content=\"https:\/\/www.davidschool.com\/pt-br\/assistencia-servicos-estudantes-florenca\/\" \/>\n<meta property=\"og:site_name\" content=\"Istituto IL DAVID\" \/>\n<meta property=\"article:modified_time\" content=\"2025-02-15T11:04:55+00:00\" \/>\n<meta property=\"og:image\" content=\"https:\/\/www.davidschool.com\/wp-content\/uploads\/2020\/05\/10.jpg\" \/>\n\t<meta property=\"og:image:width\" content=\"883\" \/>\n\t<meta property=\"og:image:height\" content=\"378\" \/>\n\t<meta property=\"og:image:type\" content=\"image\/jpeg\" \/>\n<meta name=\"twitter:card\" content=\"summary_large_image\" \/>\n<meta name=\"twitter:label1\" content=\"Est. tempo de leitura\" \/>\n\t<meta name=\"twitter:data1\" content=\"4 minutos\" \/>\n<script type=\"application\/ld+json\" class=\"yoast-schema-graph\">{\"@context\":\"https:\\\/\\\/schema.org\",\"@graph\":[{\"@type\":\"WebPage\",\"@id\":\"https:\\\/\\\/www.davidschool.com\\\/pt-br\\\/assistencia-servicos-estudantes-florenca\\\/\",\"url\":\"https:\\\/\\\/www.davidschool.com\\\/pt-br\\\/assistencia-servicos-estudantes-florenca\\\/\",\"name\":\"Servi\u00e7os e assist\u00eancia aos estudantes em Floren\u00e7a | Istituto IL DAVID\",\"isPartOf\":{\"@id\":\"https:\\\/\\\/www.davidschool.com\\\/pt-br\\\/#website\"},\"primaryImageOfPage\":{\"@id\":\"https:\\\/\\\/www.davidschool.com\\\/pt-br\\\/assistencia-servicos-estudantes-florenca\\\/#primaryimage\"},\"image\":{\"@id\":\"https:\\\/\\\/www.davidschool.com\\\/pt-br\\\/assistencia-servicos-estudantes-florenca\\\/#primaryimage\"},\"thumbnailUrl\":\"https:\\\/\\\/www.davidschool.com\\\/wp-content\\\/uploads\\\/2020\\\/05\\\/10.jpg\",\"datePublished\":\"2019-06-03T14:52:06+00:00\",\"dateModified\":\"2025-02-15T11:04:55+00:00\",\"description\":\"Servi\u00e7os e assist\u00eancia aos alunos da escola de l\u00edngua italiana. Certificados para obter um visto de estudo na It\u00e1lia e uma autoriza\u00e7\u00e3o de resid\u00eancia em Floren\u00e7a.\",\"breadcrumb\":{\"@id\":\"https:\\\/\\\/www.davidschool.com\\\/pt-br\\\/assistencia-servicos-estudantes-florenca\\\/#breadcrumb\"},\"inLanguage\":\"pt-BR\",\"potentialAction\":[{\"@type\":\"ReadAction\",\"target\":[\"https:\\\/\\\/www.davidschool.com\\\/pt-br\\\/assistencia-servicos-estudantes-florenca\\\/\"]}]},{\"@type\":\"ImageObject\",\"inLanguage\":\"pt-BR\",\"@id\":\"https:\\\/\\\/www.davidschool.com\\\/pt-br\\\/assistencia-servicos-estudantes-florenca\\\/#primaryimage\",\"url\":\"https:\\\/\\\/www.davidschool.com\\\/wp-content\\\/uploads\\\/2020\\\/05\\\/10.jpg\",\"contentUrl\":\"https:\\\/\\\/www.davidschool.com\\\/wp-content\\\/uploads\\\/2020\\\/05\\\/10.jpg\"},{\"@type\":\"BreadcrumbList\",\"@id\":\"https:\\\/\\\/www.davidschool.com\\\/pt-br\\\/assistencia-servicos-estudantes-florenca\\\/#breadcrumb\",\"itemListElement\":[{\"@type\":\"ListItem\",\"position\":1,\"name\":\"Home\",\"item\":\"https:\\\/\\\/www.davidschool.com\\\/pt-br\\\/\"},{\"@type\":\"ListItem\",\"position\":2,\"name\":\"SERVI\u00c7OS ESCOLARES\"}]},{\"@type\":\"WebSite\",\"@id\":\"https:\\\/\\\/www.davidschool.com\\\/pt-br\\\/#website\",\"url\":\"https:\\\/\\\/www.davidschool.com\\\/pt-br\\\/\",\"name\":\"Istituto IL DAVID\",\"description\":\"Italian Language School\",\"publisher\":{\"@id\":\"https:\\\/\\\/www.davidschool.com\\\/pt-br\\\/#organization\"},\"potentialAction\":[{\"@type\":\"SearchAction\",\"target\":{\"@type\":\"EntryPoint\",\"urlTemplate\":\"https:\\\/\\\/www.davidschool.com\\\/pt-br\\\/?s={search_term_string}\"},\"query-input\":{\"@type\":\"PropertyValueSpecification\",\"valueRequired\":true,\"valueName\":\"search_term_string\"}}],\"inLanguage\":\"pt-BR\"},{\"@type\":\"Organization\",\"@id\":\"https:\\\/\\\/www.davidschool.com\\\/pt-br\\\/#organization\",\"name\":\"Istituto Il David\",\"url\":\"https:\\\/\\\/www.davidschool.com\\\/pt-br\\\/\",\"logo\":{\"@type\":\"ImageObject\",\"inLanguage\":\"pt-BR\",\"@id\":\"https:\\\/\\\/www.davidschool.com\\\/pt-br\\\/#\\\/schema\\\/logo\\\/image\\\/\",\"url\":\"https:\\\/\\\/www.davidschool.com\\\/wp-content\\\/uploads\\\/2019\\\/05\\\/Il-David_logo.png\",\"contentUrl\":\"https:\\\/\\\/www.davidschool.com\\\/wp-content\\\/uploads\\\/2019\\\/05\\\/Il-David_logo.png\",\"width\":429,\"height\":133,\"caption\":\"Istituto Il David\"},\"image\":{\"@id\":\"https:\\\/\\\/www.davidschool.com\\\/pt-br\\\/#\\\/schema\\\/logo\\\/image\\\/\"}}]}<\/script>\n<!-- \/ Yoast SEO plugin. -->","yoast_head_json":{"title":"Servi\u00e7os e assist\u00eancia aos estudantes em Floren\u00e7a | Istituto IL DAVID","description":"Servi\u00e7os e assist\u00eancia aos alunos da escola de l\u00edngua italiana. Certificados para obter um visto de estudo na It\u00e1lia e uma autoriza\u00e7\u00e3o de resid\u00eancia em Floren\u00e7a.","robots":{"index":"index","follow":"follow","max-snippet":"max-snippet:-1","max-image-preview":"max-image-preview:large","max-video-preview":"max-video-preview:-1"},"canonical":"https:\/\/www.davidschool.com\/pt-br\/assistencia-servicos-estudantes-florenca\/","og_locale":"pt_BR","og_type":"article","og_title":"Servi\u00e7os e assist\u00eancia aos estudantes em Floren\u00e7a | Istituto IL DAVID","og_description":"Servi\u00e7os e assist\u00eancia aos alunos da escola de l\u00edngua italiana. Certificados para obter um visto de estudo na It\u00e1lia e uma autoriza\u00e7\u00e3o de resid\u00eancia em Floren\u00e7a.","og_url":"https:\/\/www.davidschool.com\/pt-br\/assistencia-servicos-estudantes-florenca\/","og_site_name":"Istituto IL DAVID","article_modified_time":"2025-02-15T11:04:55+00:00","og_image":[{"width":883,"height":378,"url":"https:\/\/www.davidschool.com\/wp-content\/uploads\/2020\/05\/10.jpg","type":"image\/jpeg"}],"twitter_card":"summary_large_image","twitter_misc":{"Est. tempo de leitura":"4 minutos"},"schema":{"@context":"https:\/\/schema.org","@graph":[{"@type":"WebPage","@id":"https:\/\/www.davidschool.com\/pt-br\/assistencia-servicos-estudantes-florenca\/","url":"https:\/\/www.davidschool.com\/pt-br\/assistencia-servicos-estudantes-florenca\/","name":"Servi\u00e7os e assist\u00eancia aos estudantes em Floren\u00e7a | Istituto IL DAVID","isPartOf":{"@id":"https:\/\/www.davidschool.com\/pt-br\/#website"},"primaryImageOfPage":{"@id":"https:\/\/www.davidschool.com\/pt-br\/assistencia-servicos-estudantes-florenca\/#primaryimage"},"image":{"@id":"https:\/\/www.davidschool.com\/pt-br\/assistencia-servicos-estudantes-florenca\/#primaryimage"},"thumbnailUrl":"https:\/\/www.davidschool.com\/wp-content\/uploads\/2020\/05\/10.jpg","datePublished":"2019-06-03T14:52:06+00:00","dateModified":"2025-02-15T11:04:55+00:00","description":"Servi\u00e7os e assist\u00eancia aos alunos da escola de l\u00edngua italiana. Certificados para obter um visto de estudo na It\u00e1lia e uma autoriza\u00e7\u00e3o de resid\u00eancia em Floren\u00e7a.","breadcrumb":{"@id":"https:\/\/www.davidschool.com\/pt-br\/assistencia-servicos-estudantes-florenca\/#breadcrumb"},"inLanguage":"pt-BR","potentialAction":[{"@type":"ReadAction","target":["https:\/\/www.davidschool.com\/pt-br\/assistencia-servicos-estudantes-florenca\/"]}]},{"@type":"ImageObject","inLanguage":"pt-BR","@id":"https:\/\/www.davidschool.com\/pt-br\/assistencia-servicos-estudantes-florenca\/#primaryimage","url":"https:\/\/www.davidschool.com\/wp-content\/uploads\/2020\/05\/10.jpg","contentUrl":"https:\/\/www.davidschool.com\/wp-content\/uploads\/2020\/05\/10.jpg"},{"@type":"BreadcrumbList","@id":"https:\/\/www.davidschool.com\/pt-br\/assistencia-servicos-estudantes-florenca\/#breadcrumb","itemListElement":[{"@type":"ListItem","position":1,"name":"Home","item":"https:\/\/www.davidschool.com\/pt-br\/"},{"@type":"ListItem","position":2,"name":"SERVI\u00c7OS ESCOLARES"}]},{"@type":"WebSite","@id":"https:\/\/www.davidschool.com\/pt-br\/#website","url":"https:\/\/www.davidschool.com\/pt-br\/","name":"Istituto IL DAVID","description":"Italian Language School","publisher":{"@id":"https:\/\/www.davidschool.com\/pt-br\/#organization"},"potentialAction":[{"@type":"SearchAction","target":{"@type":"EntryPoint","urlTemplate":"https:\/\/www.davidschool.com\/pt-br\/?s={search_term_string}"},"query-input":{"@type":"PropertyValueSpecification","valueRequired":true,"valueName":"search_term_string"}}],"inLanguage":"pt-BR"},{"@type":"Organization","@id":"https:\/\/www.davidschool.com\/pt-br\/#organization","name":"Istituto Il David","url":"https:\/\/www.davidschool.com\/pt-br\/","logo":{"@type":"ImageObject","inLanguage":"pt-BR","@id":"https:\/\/www.davidschool.com\/pt-br\/#\/schema\/logo\/image\/","url":"https:\/\/www.davidschool.com\/wp-content\/uploads\/2019\/05\/Il-David_logo.png","contentUrl":"https:\/\/www.davidschool.com\/wp-content\/uploads\/2019\/05\/Il-David_logo.png","width":429,"height":133,"caption":"Istituto Il David"},"image":{"@id":"https:\/\/www.davidschool.com\/pt-br\/#\/schema\/logo\/image\/"}}]}},"_links":{"self":[{"href":"https:\/\/www.davidschool.com\/pt-br\/wp-json\/wp\/v2\/pages\/18653","targetHints":{"allow":["GET"]}}],"collection":[{"href":"https:\/\/www.davidschool.com\/pt-br\/wp-json\/wp\/v2\/pages"}],"about":[{"href":"https:\/\/www.davidschool.com\/pt-br\/wp-json\/wp\/v2\/types\/page"}],"author":[{"embeddable":true,"href":"https:\/\/www.davidschool.com\/pt-br\/wp-json\/wp\/v2\/users\/4"}],"replies":[{"embeddable":true,"href":"https:\/\/www.davidschool.com\/pt-br\/wp-json\/wp\/v2\/comments?post=18653"}],"version-history":[{"count":13,"href":"https:\/\/www.davidschool.com\/pt-br\/wp-json\/wp\/v2\/pages\/18653\/revisions"}],"predecessor-version":[{"id":33300,"href":"https:\/\/www.davidschool.com\/pt-br\/wp-json\/wp\/v2\/pages\/18653\/revisions\/33300"}],"wp:attachment":[{"href":"https:\/\/www.davidschool.com\/pt-br\/wp-json\/wp\/v2\/media?parent=18653"}],"curies":[{"name":"wp","href":"https:\/\/api.w.org\/{rel}","templated":true}]}}