{"id":18662,"date":"2019-06-03T16:59:46","date_gmt":"2019-06-03T14:59:46","guid":{"rendered":"http:\/\/3.122.4.63\/?page_id=18662"},"modified":"2021-03-13T18:10:48","modified_gmt":"2021-03-13T17:10:48","slug":"aprender-italiano-florenca","status":"publish","type":"page","link":"https:\/\/www.davidschool.com\/pt-br\/aprender-italiano-florenca\/","title":{"rendered":"APRENDER ITALIANO EM FLOREN\u00c7A"},"content":{"rendered":"\n<h2 class=\"wp-block-heading\">Floren\u00e7a: o lugar certo para aprender italiano na Italia <\/h2>\n\n\n\n<figure class=\"wp-block-image size-large\"><img loading=\"lazy\" decoding=\"async\" width=\"1024\" height=\"394\" src=\"https:\/\/www.davidschool.com\/wp-content\/uploads\/2021\/03\/FIrenze_Ponte_Vecchio_57_Carlo-Copia-1024x394.jpg\" alt=\"\" class=\"wp-image-24212\" srcset=\"https:\/\/www.davidschool.com\/wp-content\/uploads\/2021\/03\/FIrenze_Ponte_Vecchio_57_Carlo-Copia-1024x394.jpg 1024w, https:\/\/www.davidschool.com\/wp-content\/uploads\/2021\/03\/FIrenze_Ponte_Vecchio_57_Carlo-Copia-300x115.jpg 300w, https:\/\/www.davidschool.com\/wp-content\/uploads\/2021\/03\/FIrenze_Ponte_Vecchio_57_Carlo-Copia-768x296.jpg 768w, https:\/\/www.davidschool.com\/wp-content\/uploads\/2021\/03\/FIrenze_Ponte_Vecchio_57_Carlo-Copia-80x31.jpg 80w, https:\/\/www.davidschool.com\/wp-content\/uploads\/2021\/03\/FIrenze_Ponte_Vecchio_57_Carlo-Copia-1536x591.jpg 1536w, https:\/\/www.davidschool.com\/wp-content\/uploads\/2021\/03\/FIrenze_Ponte_Vecchio_57_Carlo-Copia-2048x788.jpg 2048w, https:\/\/www.davidschool.com\/wp-content\/uploads\/2021\/03\/FIrenze_Ponte_Vecchio_57_Carlo-Copia-270x104.jpg 270w\" sizes=\"auto, (max-width: 1024px) 100vw, 1024px\" \/><\/figure>\n\n\n\n<p><span style=\"color: #000000;\">Floren\u00e7a \u00e9 o lugar ideal para <strong>aprender ou aperfei\u00e7oar a flu\u00eancia na lingua italiana<\/strong>, por muitas raz\u00f5es.<\/span> <br>\u00c9 a cidade onde nasceu a l\u00edngua italiana e onde ela mais evoluiu; \u00e9 aqui, portanto, que se fala o italiano mais puro da It\u00e1lia, mesmo com um sotaque t\u00edpico local.<\/p>\n\n\n\n<p>Floren\u00e7a \u00e9 conhecida mundialmente por ser <strong>a cidade das artes<\/strong>, <strong>a capital do Renascimento<\/strong>, uma das \u00e9pocas mais importantes da cultura liter\u00e1ria e cient\u00edfica.<br>O centro hist\u00f3rico de Floren\u00e7a \u00e9 um dos maiores do mundo, al\u00e9m de uma concentra\u00e7\u00e3o de monumentos e obras de arte infinitas. <br>Gra\u00e7as ao seu vasto e rico patrim\u00f3nio de monumentos e obras de arte, tornou-se um dos mais importantes centros art\u00edsticos e culturais do mundo. <\/p>\n\n\n\n<p>Localizado no centro da Toscana, estamos \u00e0 menos de 1 hora de cidades como Siena, Lucca, Pisa, Arezzo, San Gimignano, Cortona, Pienza, Volterra e a costa do Mar Tirreno. <\/p>\n\n\n\n<p>\u00c9 uma cidace universit\u00e1ria e tur\u00edstica n\u00e3o muito grande e o seu centro hist\u00f3rico est\u00e1 longe do do tr\u00e2nsito e da zona industrial; por isso oferece o <strong>clima ideal para seus estudos<\/strong>. \u00c9 uma cidade tranquila onde h\u00e1 pouco crime.<\/p>\n\n\n\n<p>Em Firenze voc\u00ea poder\u00e1 encontrar <strong>alunos do mundo inteiro<\/strong>, que possuem os mesmos interesses que o seu, tanto pessoais quanto culturais.<br>Al\u00e9m disso, Firenze oferece tamb\u00e9m boas <strong>oportunidades de trabalho e perspectivas profissionais<\/strong> nos setores de turismo, arte, moda e de cultura no geral.<br><\/p>\n\n\n\n<div class=\"wp-block-image\"><figure class=\"aligncenter size-large is-resized\"><img loading=\"lazy\" decoding=\"async\" src=\"https:\/\/www.davidschool.com\/wp-content\/uploads\/2019\/06\/1Learn-Italian-in-Forence-2.jpg\" alt=\"\" class=\"wp-image-18667\" width=\"890\" height=\"501\" srcset=\"https:\/\/www.davidschool.com\/wp-content\/uploads\/2019\/06\/1Learn-Italian-in-Forence-2.jpg 832w, https:\/\/www.davidschool.com\/wp-content\/uploads\/2019\/06\/1Learn-Italian-in-Forence-2-300x169.jpg 300w, https:\/\/www.davidschool.com\/wp-content\/uploads\/2019\/06\/1Learn-Italian-in-Forence-2-768x432.jpg 768w, https:\/\/www.davidschool.com\/wp-content\/uploads\/2019\/06\/1Learn-Italian-in-Forence-2-80x45.jpg 80w, https:\/\/www.davidschool.com\/wp-content\/uploads\/2019\/06\/1Learn-Italian-in-Forence-2-270x152.jpg 270w\" sizes=\"auto, (max-width: 890px) 100vw, 890px\" \/><\/figure><\/div>\n\n\n\n<p><span style=\"color: #000000;\">Em Floren\u00e7a n\u00e3o h\u00e1 apenas museus, igrejas, pal\u00e1cios e monumentos importantes, mas tamb\u00e9m trattorias t\u00edpicas onde voc\u00ea pode provar a deliciosa cozinha toscana, um incont\u00e1vel n\u00famero de lugares caracter\u00edsticos para se encontrar e se divertir, concertos e shows durante todo o ano, parques e jardins onde voc\u00ea pode relaxar, lojas de alta costura dos estilistas mais famosos do mundo, lojas t\u00edpicas de artesanato onde ainda se pode admirar pintores e artistas durante o seu trabalho, eventos tradicionais e reencena\u00e7\u00f5es hist\u00f3ricas nas quais parece ser projectado no tempo de Dante ou Michelangelo, os becos caracter\u00edsticos onde o presente se funde com o passado.<\/span><\/p>\n\n\n\n<p>Por essas raz\u00f5es, cada vez mais estudantes e turistas escolhem a cidade para estudar italiano, criando un interc\u00eambio cultural muito intenso. <br>Aprender italiano na it\u00e1lia, significa ter a oportunidade de experimentar a cultura italiana todos os dias e praticar constantemente o idioma.<\/p>\n\n\n\n<figure class=\"wp-block-image size-large\"><img loading=\"lazy\" decoding=\"async\" width=\"1024\" height=\"392\" src=\"https:\/\/www.davidschool.com\/wp-content\/uploads\/2021\/01\/P1050132-Copia-1-1024x392.jpg\" alt=\"\" class=\"wp-image-19070\" srcset=\"https:\/\/www.davidschool.com\/wp-content\/uploads\/2021\/01\/P1050132-Copia-1-1024x392.jpg 1024w, https:\/\/www.davidschool.com\/wp-content\/uploads\/2021\/01\/P1050132-Copia-1-300x115.jpg 300w, https:\/\/www.davidschool.com\/wp-content\/uploads\/2021\/01\/P1050132-Copia-1-768x294.jpg 768w, https:\/\/www.davidschool.com\/wp-content\/uploads\/2021\/01\/P1050132-Copia-1-80x31.jpg 80w, https:\/\/www.davidschool.com\/wp-content\/uploads\/2021\/01\/P1050132-Copia-1-1536x588.jpg 1536w, https:\/\/www.davidschool.com\/wp-content\/uploads\/2021\/01\/P1050132-Copia-1-2048x784.jpg 2048w, https:\/\/www.davidschool.com\/wp-content\/uploads\/2021\/01\/P1050132-Copia-1-270x103.jpg 270w\" sizes=\"auto, (max-width: 1024px) 100vw, 1024px\" \/><\/figure>\n\n\n\n<p>Aprender italiano em Floren\u00e7a, tamb\u00e9m significa ter uma experi\u00eancia inesquec\u00edvel na cidade onde a l\u00edngua italiana nasceu, e onde o mais puro italiano \u00e9 falado ainda hoje.<\/p>\n\n\n\n<p>Aprenda italiano na nossa escola em floren\u00e7a com cursos de italiano junto com estudantes do mundo todo e descubra Floren\u00e7a!<\/p>\n\n\n\n<div class=\"wp-block-image\"><figure class=\"aligncenter size-large\"><img loading=\"lazy\" decoding=\"async\" width=\"960\" height=\"720\" src=\"https:\/\/www.davidschool.com\/wp-content\/uploads\/2021\/01\/foto-roox-giugno-2015-42-1.jpg\" alt=\"\" class=\"wp-image-19077\" srcset=\"https:\/\/www.davidschool.com\/wp-content\/uploads\/2021\/01\/foto-roox-giugno-2015-42-1.jpg 960w, https:\/\/www.davidschool.com\/wp-content\/uploads\/2021\/01\/foto-roox-giugno-2015-42-1-300x225.jpg 300w, https:\/\/www.davidschool.com\/wp-content\/uploads\/2021\/01\/foto-roox-giugno-2015-42-1-768x576.jpg 768w, https:\/\/www.davidschool.com\/wp-content\/uploads\/2021\/01\/foto-roox-giugno-2015-42-1-80x60.jpg 80w, https:\/\/www.davidschool.com\/wp-content\/uploads\/2021\/01\/foto-roox-giugno-2015-42-1-240x180.jpg 240w\" sizes=\"auto, (max-width: 960px) 100vw, 960px\" \/><\/figure><\/div>\n\n\n\n<hr class=\"wp-block-separator\"\/>\n\n\n\n<p>Leia mais sobre Floren\u00e7a na p\u00e1gina&nbsp;<strong><a href=\"https:\/\/www.davidschool.com\/pt-br\/viagem-a-florenca\/\">Viagem a Floren\u00e7a<\/a><\/strong><\/p>\n","protected":false},"excerpt":{"rendered":"<p>Floren\u00e7a: o lugar certo para aprender italiano na Italia Floren\u00e7a \u00e9 o lugar ideal para aprender ou aperfei\u00e7oar a flu\u00eancia na lingua italiana, por muitas raz\u00f5es. \u00c9 a cidade onde nasceu a l\u00edngua italiana e onde ela mais evoluiu; \u00e9 aqui, portanto, que se fala o italiano mais puro da It\u00e1lia, mesmo com um sotaque [&hellip;]<\/p>\n","protected":false},"author":4,"featured_media":0,"parent":0,"menu_order":0,"comment_status":"closed","ping_status":"closed","template":"","meta":{"footnotes":""},"class_list":["post-18662","page","type-page","status-publish","hentry"],"yoast_head":"<!-- This site is optimized with the Yoast SEO plugin v27.4 - https:\/\/yoast.com\/product\/yoast-seo-wordpress\/ -->\n<title>Floren\u00e7a: o lugar certo para aprender italiano na Italia | Istituto IL DAVID<\/title>\n<meta name=\"description\" content=\"Floren\u00e7a \u00e9 o lugar idela para aprender ou aperfei\u00e7oar os seus conhecimentos da lingua italiana. \u00e9 uma bell\u00edssima cidade e ber\u00e7o da lingua italiana.\" \/>\n<meta name=\"robots\" content=\"index, follow, max-snippet:-1, max-image-preview:large, max-video-preview:-1\" \/>\n<link rel=\"canonical\" href=\"https:\/\/www.davidschool.com\/pt-br\/aprender-italiano-florenca\/\" \/>\n<meta property=\"og:locale\" content=\"pt_BR\" \/>\n<meta property=\"og:type\" content=\"article\" \/>\n<meta property=\"og:title\" content=\"Floren\u00e7a: o lugar certo para aprender italiano na Italia | Istituto IL DAVID\" \/>\n<meta property=\"og:description\" content=\"Floren\u00e7a \u00e9 o lugar idela para aprender ou aperfei\u00e7oar os seus conhecimentos da lingua italiana. \u00e9 uma bell\u00edssima cidade e ber\u00e7o da lingua italiana.\" \/>\n<meta property=\"og:url\" content=\"https:\/\/www.davidschool.com\/pt-br\/aprender-italiano-florenca\/\" \/>\n<meta property=\"og:site_name\" content=\"Istituto IL DAVID\" \/>\n<meta property=\"article:modified_time\" content=\"2021-03-13T17:10:48+00:00\" \/>\n<meta property=\"og:image\" content=\"https:\/\/www.davidschool.com\/wp-content\/uploads\/2021\/03\/FIrenze_Ponte_Vecchio_57_Carlo-Copia-1024x394.jpg\" \/>\n<meta name=\"twitter:card\" content=\"summary_large_image\" \/>\n<meta name=\"twitter:label1\" content=\"Est. tempo de leitura\" \/>\n\t<meta name=\"twitter:data1\" content=\"3 minutos\" \/>\n<script type=\"application\/ld+json\" class=\"yoast-schema-graph\">{\"@context\":\"https:\\\/\\\/schema.org\",\"@graph\":[{\"@type\":\"WebPage\",\"@id\":\"https:\\\/\\\/www.davidschool.com\\\/pt-br\\\/aprender-italiano-florenca\\\/\",\"url\":\"https:\\\/\\\/www.davidschool.com\\\/pt-br\\\/aprender-italiano-florenca\\\/\",\"name\":\"Floren\u00e7a: o lugar certo para aprender italiano na Italia | Istituto IL DAVID\",\"isPartOf\":{\"@id\":\"https:\\\/\\\/www.davidschool.com\\\/pt-br\\\/#website\"},\"primaryImageOfPage\":{\"@id\":\"https:\\\/\\\/www.davidschool.com\\\/pt-br\\\/aprender-italiano-florenca\\\/#primaryimage\"},\"image\":{\"@id\":\"https:\\\/\\\/www.davidschool.com\\\/pt-br\\\/aprender-italiano-florenca\\\/#primaryimage\"},\"thumbnailUrl\":\"https:\\\/\\\/www.davidschool.com\\\/wp-content\\\/uploads\\\/2021\\\/03\\\/FIrenze_Ponte_Vecchio_57_Carlo-Copia-1024x394.jpg\",\"datePublished\":\"2019-06-03T14:59:46+00:00\",\"dateModified\":\"2021-03-13T17:10:48+00:00\",\"description\":\"Floren\u00e7a \u00e9 o lugar idela para aprender ou aperfei\u00e7oar os seus conhecimentos da lingua italiana. \u00e9 uma bell\u00edssima cidade e ber\u00e7o da lingua italiana.\",\"breadcrumb\":{\"@id\":\"https:\\\/\\\/www.davidschool.com\\\/pt-br\\\/aprender-italiano-florenca\\\/#breadcrumb\"},\"inLanguage\":\"pt-BR\",\"potentialAction\":[{\"@type\":\"ReadAction\",\"target\":[\"https:\\\/\\\/www.davidschool.com\\\/pt-br\\\/aprender-italiano-florenca\\\/\"]}]},{\"@type\":\"ImageObject\",\"inLanguage\":\"pt-BR\",\"@id\":\"https:\\\/\\\/www.davidschool.com\\\/pt-br\\\/aprender-italiano-florenca\\\/#primaryimage\",\"url\":\"https:\\\/\\\/www.davidschool.com\\\/wp-content\\\/uploads\\\/2021\\\/03\\\/FIrenze_Ponte_Vecchio_57_Carlo-Copia-1024x394.jpg\",\"contentUrl\":\"https:\\\/\\\/www.davidschool.com\\\/wp-content\\\/uploads\\\/2021\\\/03\\\/FIrenze_Ponte_Vecchio_57_Carlo-Copia-1024x394.jpg\"},{\"@type\":\"BreadcrumbList\",\"@id\":\"https:\\\/\\\/www.davidschool.com\\\/pt-br\\\/aprender-italiano-florenca\\\/#breadcrumb\",\"itemListElement\":[{\"@type\":\"ListItem\",\"position\":1,\"name\":\"Home\",\"item\":\"https:\\\/\\\/www.davidschool.com\\\/pt-br\\\/\"},{\"@type\":\"ListItem\",\"position\":2,\"name\":\"APRENDER ITALIANO EM FLOREN\u00c7A\"}]},{\"@type\":\"WebSite\",\"@id\":\"https:\\\/\\\/www.davidschool.com\\\/pt-br\\\/#website\",\"url\":\"https:\\\/\\\/www.davidschool.com\\\/pt-br\\\/\",\"name\":\"Istituto IL DAVID\",\"description\":\"Italian Language School\",\"publisher\":{\"@id\":\"https:\\\/\\\/www.davidschool.com\\\/pt-br\\\/#organization\"},\"potentialAction\":[{\"@type\":\"SearchAction\",\"target\":{\"@type\":\"EntryPoint\",\"urlTemplate\":\"https:\\\/\\\/www.davidschool.com\\\/pt-br\\\/?s={search_term_string}\"},\"query-input\":{\"@type\":\"PropertyValueSpecification\",\"valueRequired\":true,\"valueName\":\"search_term_string\"}}],\"inLanguage\":\"pt-BR\"},{\"@type\":\"Organization\",\"@id\":\"https:\\\/\\\/www.davidschool.com\\\/pt-br\\\/#organization\",\"name\":\"Istituto Il David\",\"url\":\"https:\\\/\\\/www.davidschool.com\\\/pt-br\\\/\",\"logo\":{\"@type\":\"ImageObject\",\"inLanguage\":\"pt-BR\",\"@id\":\"https:\\\/\\\/www.davidschool.com\\\/pt-br\\\/#\\\/schema\\\/logo\\\/image\\\/\",\"url\":\"https:\\\/\\\/www.davidschool.com\\\/wp-content\\\/uploads\\\/2019\\\/05\\\/Il-David_logo.png\",\"contentUrl\":\"https:\\\/\\\/www.davidschool.com\\\/wp-content\\\/uploads\\\/2019\\\/05\\\/Il-David_logo.png\",\"width\":429,\"height\":133,\"caption\":\"Istituto Il David\"},\"image\":{\"@id\":\"https:\\\/\\\/www.davidschool.com\\\/pt-br\\\/#\\\/schema\\\/logo\\\/image\\\/\"}}]}<\/script>\n<!-- \/ Yoast SEO plugin. -->","yoast_head_json":{"title":"Floren\u00e7a: o lugar certo para aprender italiano na Italia | Istituto IL DAVID","description":"Floren\u00e7a \u00e9 o lugar idela para aprender ou aperfei\u00e7oar os seus conhecimentos da lingua italiana. \u00e9 uma bell\u00edssima cidade e ber\u00e7o da lingua italiana.","robots":{"index":"index","follow":"follow","max-snippet":"max-snippet:-1","max-image-preview":"max-image-preview:large","max-video-preview":"max-video-preview:-1"},"canonical":"https:\/\/www.davidschool.com\/pt-br\/aprender-italiano-florenca\/","og_locale":"pt_BR","og_type":"article","og_title":"Floren\u00e7a: o lugar certo para aprender italiano na Italia | Istituto IL DAVID","og_description":"Floren\u00e7a \u00e9 o lugar idela para aprender ou aperfei\u00e7oar os seus conhecimentos da lingua italiana. \u00e9 uma bell\u00edssima cidade e ber\u00e7o da lingua italiana.","og_url":"https:\/\/www.davidschool.com\/pt-br\/aprender-italiano-florenca\/","og_site_name":"Istituto IL DAVID","article_modified_time":"2021-03-13T17:10:48+00:00","og_image":[{"url":"https:\/\/www.davidschool.com\/wp-content\/uploads\/2021\/03\/FIrenze_Ponte_Vecchio_57_Carlo-Copia-1024x394.jpg","type":"","width":"","height":""}],"twitter_card":"summary_large_image","twitter_misc":{"Est. tempo de leitura":"3 minutos"},"schema":{"@context":"https:\/\/schema.org","@graph":[{"@type":"WebPage","@id":"https:\/\/www.davidschool.com\/pt-br\/aprender-italiano-florenca\/","url":"https:\/\/www.davidschool.com\/pt-br\/aprender-italiano-florenca\/","name":"Floren\u00e7a: o lugar certo para aprender italiano na Italia | Istituto IL DAVID","isPartOf":{"@id":"https:\/\/www.davidschool.com\/pt-br\/#website"},"primaryImageOfPage":{"@id":"https:\/\/www.davidschool.com\/pt-br\/aprender-italiano-florenca\/#primaryimage"},"image":{"@id":"https:\/\/www.davidschool.com\/pt-br\/aprender-italiano-florenca\/#primaryimage"},"thumbnailUrl":"https:\/\/www.davidschool.com\/wp-content\/uploads\/2021\/03\/FIrenze_Ponte_Vecchio_57_Carlo-Copia-1024x394.jpg","datePublished":"2019-06-03T14:59:46+00:00","dateModified":"2021-03-13T17:10:48+00:00","description":"Floren\u00e7a \u00e9 o lugar idela para aprender ou aperfei\u00e7oar os seus conhecimentos da lingua italiana. \u00e9 uma bell\u00edssima cidade e ber\u00e7o da lingua italiana.","breadcrumb":{"@id":"https:\/\/www.davidschool.com\/pt-br\/aprender-italiano-florenca\/#breadcrumb"},"inLanguage":"pt-BR","potentialAction":[{"@type":"ReadAction","target":["https:\/\/www.davidschool.com\/pt-br\/aprender-italiano-florenca\/"]}]},{"@type":"ImageObject","inLanguage":"pt-BR","@id":"https:\/\/www.davidschool.com\/pt-br\/aprender-italiano-florenca\/#primaryimage","url":"https:\/\/www.davidschool.com\/wp-content\/uploads\/2021\/03\/FIrenze_Ponte_Vecchio_57_Carlo-Copia-1024x394.jpg","contentUrl":"https:\/\/www.davidschool.com\/wp-content\/uploads\/2021\/03\/FIrenze_Ponte_Vecchio_57_Carlo-Copia-1024x394.jpg"},{"@type":"BreadcrumbList","@id":"https:\/\/www.davidschool.com\/pt-br\/aprender-italiano-florenca\/#breadcrumb","itemListElement":[{"@type":"ListItem","position":1,"name":"Home","item":"https:\/\/www.davidschool.com\/pt-br\/"},{"@type":"ListItem","position":2,"name":"APRENDER ITALIANO EM FLOREN\u00c7A"}]},{"@type":"WebSite","@id":"https:\/\/www.davidschool.com\/pt-br\/#website","url":"https:\/\/www.davidschool.com\/pt-br\/","name":"Istituto IL DAVID","description":"Italian Language School","publisher":{"@id":"https:\/\/www.davidschool.com\/pt-br\/#organization"},"potentialAction":[{"@type":"SearchAction","target":{"@type":"EntryPoint","urlTemplate":"https:\/\/www.davidschool.com\/pt-br\/?s={search_term_string}"},"query-input":{"@type":"PropertyValueSpecification","valueRequired":true,"valueName":"search_term_string"}}],"inLanguage":"pt-BR"},{"@type":"Organization","@id":"https:\/\/www.davidschool.com\/pt-br\/#organization","name":"Istituto Il David","url":"https:\/\/www.davidschool.com\/pt-br\/","logo":{"@type":"ImageObject","inLanguage":"pt-BR","@id":"https:\/\/www.davidschool.com\/pt-br\/#\/schema\/logo\/image\/","url":"https:\/\/www.davidschool.com\/wp-content\/uploads\/2019\/05\/Il-David_logo.png","contentUrl":"https:\/\/www.davidschool.com\/wp-content\/uploads\/2019\/05\/Il-David_logo.png","width":429,"height":133,"caption":"Istituto Il David"},"image":{"@id":"https:\/\/www.davidschool.com\/pt-br\/#\/schema\/logo\/image\/"}}]}},"_links":{"self":[{"href":"https:\/\/www.davidschool.com\/pt-br\/wp-json\/wp\/v2\/pages\/18662","targetHints":{"allow":["GET"]}}],"collection":[{"href":"https:\/\/www.davidschool.com\/pt-br\/wp-json\/wp\/v2\/pages"}],"about":[{"href":"https:\/\/www.davidschool.com\/pt-br\/wp-json\/wp\/v2\/types\/page"}],"author":[{"embeddable":true,"href":"https:\/\/www.davidschool.com\/pt-br\/wp-json\/wp\/v2\/users\/4"}],"replies":[{"embeddable":true,"href":"https:\/\/www.davidschool.com\/pt-br\/wp-json\/wp\/v2\/comments?post=18662"}],"version-history":[{"count":15,"href":"https:\/\/www.davidschool.com\/pt-br\/wp-json\/wp\/v2\/pages\/18662\/revisions"}],"predecessor-version":[{"id":24312,"href":"https:\/\/www.davidschool.com\/pt-br\/wp-json\/wp\/v2\/pages\/18662\/revisions\/24312"}],"wp:attachment":[{"href":"https:\/\/www.davidschool.com\/pt-br\/wp-json\/wp\/v2\/media?parent=18662"}],"curies":[{"name":"wp","href":"https:\/\/api.w.org\/{rel}","templated":true}]}}