{"id":18676,"date":"2019-06-05T14:52:45","date_gmt":"2019-06-05T12:52:45","guid":{"rendered":"http:\/\/3.122.4.63\/?page_id=18676"},"modified":"2021-06-18T19:12:40","modified_gmt":"2021-06-18T17:12:40","slug":"viagem-a-florenca","status":"publish","type":"page","link":"https:\/\/www.davidschool.com\/pt-br\/viagem-a-florenca\/","title":{"rendered":"VIAGEM \u00c0 FLOREN\u00c7A"},"content":{"rendered":"\n<h2 class=\"wp-block-heading\">Uma experi\u00eancia maravilhosa em uma das mais belas cidades do mundo<\/h2>\n\n\n\n<p>Viajar abre a nossa mente, expande os nossos horizontes, melhora o nosso estado de esp\u00edrito e nossa auto-estima, enriquece a nossa cultura, personalidade e intelig\u00eancia. <br>Uma <strong>viagem a Floren\u00e7a<\/strong> \u00e9 sempre emocionante. Floren\u00e7a \u00e9 um destino imperd\u00edvel, especialmente se voc\u00ea \u00e9 apaixonado pela arte e cultura italiana. <br>Se a <strong>paix\u00e3o pela arte e cultura italiana<\/strong> for combinada com a <strong>paix\u00e3o ou necessidade de aprender italiano<\/strong>, se torna a combina\u00e7\u00e3o para a viagem perfeita!<\/p>\n\n\n\n<figure class=\"wp-block-image size-large\"><img loading=\"lazy\" decoding=\"async\" width=\"1024\" height=\"555\" src=\"https:\/\/www.davidschool.com\/wp-content\/uploads\/2020\/09\/ezgif.com-gif-maker-1-1024x555.jpg\" alt=\"\" class=\"wp-image-18686\" srcset=\"https:\/\/www.davidschool.com\/wp-content\/uploads\/2020\/09\/ezgif.com-gif-maker-1-1024x555.jpg 1024w, https:\/\/www.davidschool.com\/wp-content\/uploads\/2020\/09\/ezgif.com-gif-maker-1-300x162.jpg 300w, https:\/\/www.davidschool.com\/wp-content\/uploads\/2020\/09\/ezgif.com-gif-maker-1-768x416.jpg 768w, https:\/\/www.davidschool.com\/wp-content\/uploads\/2020\/09\/ezgif.com-gif-maker-1-80x43.jpg 80w, https:\/\/www.davidschool.com\/wp-content\/uploads\/2020\/09\/ezgif.com-gif-maker-1-1536x832.jpg 1536w, https:\/\/www.davidschool.com\/wp-content\/uploads\/2020\/09\/ezgif.com-gif-maker-1-2048x1109.jpg 2048w, https:\/\/www.davidschool.com\/wp-content\/uploads\/2020\/09\/ezgif.com-gif-maker-1-270x146.jpg 270w\" sizes=\"auto, (max-width: 1024px) 100vw, 1024px\" \/><\/figure>\n\n\n\n<h3 class=\"wp-block-heading\">Quando fazer uma viagem para Floren\u00e7a<\/h3>\n\n\n\n<p>Qual \u00e9 o melhor per\u00edodo para fazer uma viagem de estudo a Floren\u00e7a?<br>Qualquer \u00e9poca do ano \u00e9 ideal para fazer uma viagem a Floren\u00e7a, mas se houver possibilidade de escolha, \u00e9 importante levar em conta alguns pontos importantes.<br>Durante a alta temporada de turistas (de abril a outubro), o clima \u00e9 mais ameno, portanto visitar Floren\u00e7a \u00e9 mais agrad\u00e1vel, mas a maior concentra\u00e7\u00e3o de turistas envolve algumas dificuldades: lugares muito movimentados, filas de espera em frente de museus e monumentos, pre\u00e7os mais elevados.<br>Durante os outros per\u00edodos e durante a baixa esta\u00e7\u00e3o, o clima pode ser frio e chuvoso (Novembro a Mar\u00e7o) ou muito quente (Julho e Agosto) mas a menor presen\u00e7a de turistas significa uma menor concentra\u00e7\u00e3o, menos filas de espera em frente aos museus, pre\u00e7os mais baratos.<br>Na nossa escola de italiano, a maior presen\u00e7a de estudantes estrangeiros \u00e9 de Junho a Outubro, enquanto que de Novembro a Fevereiro o ambiente \u00e9 mais tranquilo.<\/p>\n\n\n\n<h3 class=\"wp-block-heading\">Dura\u00e7\u00e3o das f\u00e9rias em Floren\u00e7a<\/h3>\n\n\n\n<p>Quanto tempo ficar de f\u00e9rias em Floren\u00e7a?<br>\u00c9 dif\u00edcil dar uma resposta precisa \u00e0 quest\u00e3o de quanto tempo ficar de f\u00e9rias em Floren\u00e7a. Depende da sua disponibilidade e necessidades. As estadias variam de uma semana a um ano.<br>Se estiver em Floren\u00e7a para aprender italiano, depende do seu n\u00edvel inicial e do seu objetivo com o idioma.<br>Se estiver em Floren\u00e7a especialmente para visitar a cidade, pode levar apenas uma semana para visitar os principais pontos tur\u00edsticos mais importantes de Floren\u00e7a.<br>Para aqueles que s\u00e3o apaixonados pela arte e cultura italianas, s\u00e3o necess\u00e1rias duas ou mais semanas.<br>Para aqueles que querem visitar outros lugares na Toscana (Siena, Pisa, Lucca, S.Gimignano, etc.) e querem ter outras experi\u00eancias, estadias de 4 semanas ou mais s\u00e3o indicadas.<br>Para aqueles que decidem viver uma experi\u00eancia completa para aprofundar os v\u00e1rios aspectos da cultura italiana e visitar outros lugares na It\u00e1lia, as estadias podem durar de 4 a 12 meses.<\/p>\n\n\n\n<h3 class=\"wp-block-heading\">Quanto tempo antes reservar uma viagem a Floren\u00e7a<\/h3>\n\n\n\n<p>\u00c9 sempre indicado fazer as suas reservas com ateced\u00eancia.<br>Para evitar qualquer imprevisto. Se decidir viajar na alta esta\u00e7\u00e3o, \u00e9 sempre aconselhavel que voc\u00ea fa\u00e7a as suas reservas o quanto antes poss\u00edvel, j\u00e1 na baixa esta\u00e7\u00e3o n\u00e3o h\u00e1 tanta urg\u00eancia. No entanto o aconselh\u00e1vel \u00e9 fazer todas as suas reservas com uma m\u00e9dia ideal entre 2 \u00e0 5 meses de anteced\u00eancia.<\/p>\n\n\n\n<h3 class=\"wp-block-heading\">Quais documentos s\u00e3o necess\u00e1rios para ir e permanecer na It\u00e1lia<\/h3>\n\n\n\n<p>Carteira de identidade, passaporte, visto de turista, visto de estudo, cart\u00e3o de sa\u00fade, declara\u00e7\u00e3o de presen\u00e7a, autoriza\u00e7\u00e3o de resid\u00eancia<\/p>\n\n\n\n<p>Cidad\u00e3os de pa\u00edses da Uni\u00e3o Europeia (UE)<br>Se a sua nacionalidade faz parte de um pa\u00eds da Uni\u00e3o Europeia (espa\u00e7o Schengen), voc\u00ea n\u00e3o precisa de nenhum tipo de autoriza\u00e7\u00e3o ou visto para entrar e permanecer na It\u00e1lia. <br>\u00c9 preciso trazer consigo um documento de identidade e o cart\u00e3o europeu de sa\u00fade (EHIC, seguro europeu e cart\u00e3o de sa\u00fade) que, em caso de necessidade, d\u00e1 direito a cuidados de sa\u00fade gratuitos nos hospitais italianos.<br>Se a sua nacionalidade n\u00e3o faz parte de um pa\u00eds da Uni\u00e3o Europeia, verifique as informa\u00e7\u00f5es necess\u00e1rias para chegar e ficar na It\u00e1lia para estudar italiano por per\u00edodos superiores a tr\u00eas meses. Visite nossa p\u00e1gina de Informa\u00e7\u00f5es sobre o <strong><a href=\"https:\/\/www.davidschool.com\/pt-br\/visto-de-estudo\/\">Visto de estudo<\/a><\/strong>.<\/p>\n\n\n\n<p><\/p>\n\n\n\n<h3 class=\"wp-block-heading\">Como chegar a Floren\u00e7a<\/h3>\n\n\n\n<svg xmlns=\"http:\/\/www.w3.org\/2000\/svg\" aria-hidden=\"true\" data-prefix=\"fas\" data-icon=\"plane\" class=\"svg-inline--fa fa-plane fa-w-18\" role=\"img\" viewBox=\"0 0 576 512\"><path fill=\"#003146\" d=\"M480 192H365.71L260.61 8.06A16.014 16.014 0 0 0 246.71 0h-65.5c-10.63 0-18.3 10.17-15.38 20.39L214.86 192H112l-43.2-57.6c-3.02-4.03-7.77-6.4-12.8-6.4H16.01C5.6 128-2.04 137.78.49 147.88L32 256 .49 364.12C-2.04 374.22 5.6 384 16.01 384H56c5.04 0 9.78-2.37 12.8-6.4L112 320h102.86l-49.03 171.6c-2.92 10.22 4.75 20.4 15.38 20.4h65.5c5.74 0 11.04-3.08 13.89-8.06L365.71 320H480c35.35 0 96-28.65 96-64s-60.65-64-96-64z\"><\/path><\/svg>\n\n\n\n<p><strong>De avi\u00e3o: <\/strong>Se voc\u00ea estiver dentro da Europa, pode escolher entre os aeroportos de Floren\u00e7a, Pisa ou Bolonha. J\u00e1 se estiver fora da comunidade europ\u00e9ia, os aeroportos mais indicados s\u00e3o Roma ou Mil\u00e1o.<br><strong>Floren\u00e7a: <\/strong>o aeroporto de Peretola (Amerigo Vespucci) \u00e9 pequeno, mas muito funcional. Fica a cerca de 5 km. do centro de Floren\u00e7a. Para chegar ao centro de Floren\u00e7a voc\u00ea pode pegar o bonde que chega na esta\u00e7\u00e3o central (cerca de 20 minutos) ou o t\u00e1xi.&nbsp;<br><strong>Pisa:<\/strong> do aeroporto de Pisa (Galileo Galilei) voc\u00ea pode pegar o \u00f4nibus para Floren\u00e7a (cerca de 1 hora) ou chegar \u00e0 esta\u00e7\u00e3o de Pisa de \u00f4nibus (cerca de 5 minutos) ou de t\u00e1xi e depois de trem para Floren\u00e7a (cerca de 50 minutos).<br><strong>Bolonha: <\/strong>do aeroporto de Bolonha (Guglielmo Marconi) voc\u00ea tem que chegar \u00e0 esta\u00e7\u00e3o central de Bolonha (cerca de 25 minutos) e depois de trem at\u00e9 Floren\u00e7a (cerca de 40 minutos).<br><strong>Roma: <\/strong>do aeroporto de Fiumicino (Leonardo da Vinci) voc\u00ea tem que pegar o trem para a esta\u00e7\u00e3o central de Roma Termini (cerca de 30 minutos) e depois o trem para Floren\u00e7a (cerca de 1 hora e 40 minutos).<br><strong>Mil\u00e3o: <\/strong>do aeroporto de Malpensa h\u00e1 \u00f4nibus para a Esta\u00e7\u00e3o Central de Mil\u00e3o (cerca de 1 hora) e depois de trem para Floren\u00e7a (cerca de 1 hora e 40 minutos).<\/p>\n\n\n\n<div class=\"wp-block-columns is-layout-flex wp-container-core-columns-is-layout-9d6595d7 wp-block-columns-is-layout-flex\">\n<div class=\"wp-block-column is-layout-flow wp-block-column-is-layout-flow\">\n<svg xmlns=\"http:\/\/www.w3.org\/2000\/svg\" aria-hidden=\"true\" data-prefix=\"fas\" data-icon=\"train\" class=\"svg-inline--fa fa-train fa-w-14\" role=\"img\" viewBox=\"0 0 448 512\"><path fill=\"#003146\" d=\"M448 96v256c0 51.815-61.624 96-130.022 96l62.98 49.721C386.905 502.417 383.562 512 376 512H72c-7.578 0-10.892-9.594-4.957-14.279L130.022 448C61.82 448 0 403.954 0 352V96C0 42.981 64 0 128 0h192c65 0 128 42.981 128 96zm-48 136V120c0-13.255-10.745-24-24-24H72c-13.255 0-24 10.745-24 24v112c0 13.255 10.745 24 24 24h304c13.255 0 24-10.745 24-24zm-176 64c-30.928 0-56 25.072-56 56s25.072 56 56 56 56-25.072 56-56-25.072-56-56-56z\"><\/path><\/svg>\n\n\n\n<p><strong>De trem: <\/strong>desde as principais esta\u00e7\u00f5es europ\u00e9ias e italianas at\u00e9 a esta\u00e7\u00e3o central de Santa Maria Novella.<\/p>\n<\/div>\n\n\n\n<div class=\"wp-block-column is-layout-flow wp-block-column-is-layout-flow\">\n<svg xmlns=\"http:\/\/www.w3.org\/2000\/svg\" aria-hidden=\"true\" data-prefix=\"fas\" data-icon=\"bus\" class=\"svg-inline--fa fa-bus fa-w-16\" role=\"img\" viewBox=\"0 0 512 512\"><path fill=\"#003146\" d=\"M488 128h-8V80c0-44.8-99.2-80-224-80S32 35.2 32 80v48h-8c-13.25 0-24 10.74-24 24v80c0 13.25 10.75 24 24 24h8v160c0 17.67 14.33 32 32 32v32c0 17.67 14.33 32 32 32h32c17.67 0 32-14.33 32-32v-32h192v32c0 17.67 14.33 32 32 32h32c17.67 0 32-14.33 32-32v-32h6.4c16 0 25.6-12.8 25.6-25.6V256h8c13.25 0 24-10.75 24-24v-80c0-13.26-10.75-24-24-24zM112 400c-17.67 0-32-14.33-32-32s14.33-32 32-32 32 14.33 32 32-14.33 32-32 32zm16-112c-17.67 0-32-14.33-32-32V128c0-17.67 14.33-32 32-32h256c17.67 0 32 14.33 32 32v128c0 17.67-14.33 32-32 32H128zm272 112c-17.67 0-32-14.33-32-32s14.33-32 32-32 32 14.33 32 32-14.33 32-32 32z\"><\/path><\/svg>\n\n\n\n<p><strong>De \u00f4nibus<\/strong>: em muitas cidades europ\u00e9ias existem linhas de \u00f4nibus diretos para Floren\u00e7a, as mais conhecidas s\u00e3o Eurolines e Flixbus.<\/p>\n<\/div>\n\n\n\n<div class=\"wp-block-column is-layout-flow wp-block-column-is-layout-flow\">\n<svg xmlns=\"http:\/\/www.w3.org\/2000\/svg\" aria-hidden=\"true\" data-prefix=\"fas\" data-icon=\"car\" class=\"svg-inline--fa fa-car fa-w-16\" role=\"img\" viewBox=\"0 0 512 512\"><path fill=\"#003146\" d=\"M499.99 176h-59.87l-16.64-41.6C406.38 91.63 365.57 64 319.5 64h-127c-46.06 0-86.88 27.63-103.99 70.4L71.87 176H12.01C4.2 176-1.53 183.34.37 190.91l6 24C7.7 220.25 12.5 224 18.01 224h20.07C24.65 235.73 16 252.78 16 272v48c0 16.12 6.16 30.67 16 41.93V416c0 17.67 14.33 32 32 32h32c17.67 0 32-14.33 32-32v-32h256v32c0 17.67 14.33 32 32 32h32c17.67 0 32-14.33 32-32v-54.07c9.84-11.25 16-25.8 16-41.93v-48c0-19.22-8.65-36.27-22.07-48H494c5.51 0 10.31-3.75 11.64-9.09l6-24c1.89-7.57-3.84-14.91-11.65-14.91zm-352.06-17.83c7.29-18.22 24.94-30.17 44.57-30.17h127c19.63 0 37.28 11.95 44.57 30.17L384 208H128l19.93-49.83zM96 319.8c-19.2 0-32-12.76-32-31.9S76.8 256 96 256s48 28.71 48 47.85-28.8 15.95-48 15.95zm320 0c-19.2 0-48 3.19-48-15.95S396.8 256 416 256s32 12.76 32 31.9-12.8 31.9-32 31.9z\"><\/path><\/svg>\n\n\n\n<p><strong>De carro:<\/strong> das rodovias italianas at\u00e9 a sa\u00edda de Firenze nord (de Bolonha), Firenze \u00e9gua (de Pisa), Firenze sud ou Firenze Impruneta (de Roma).<\/p>\n<\/div>\n<\/div>\n\n\n\n<h3 class=\"wp-block-heading\">O clima em Floren\u00e7a<\/h3>\n\n\n\n<p><span style=\"color: #000000;\"><strong>dezembro, janeiro, fevereiro: <\/strong>0-10 graus Celsius &#8211; vari\u00e1vel e nublado <\/span><br><span style=\"color: #000000;\"><strong>mar\u00e7o: <\/strong>10-20 graus Celsius &#8211; vari\u00e1vel, possibilidade de ventos fortes e chuvoso<strong> <\/strong><\/span><br><span style=\"color: #000000;\"><strong>abril, maio: <\/strong>15-25 graus Celsius &#8211; ensolarado e suave<strong> <\/strong><\/span><br><span style=\"color: #000000;\"><strong>junho, julho, agosto: <\/strong>20-35 graus Celsius &#8211; ensolarado e \u00famido quente<strong> <\/strong><\/span><br><span style=\"color: #000000;\"><strong>setembro, outubro: <\/strong>15-25 graus Celsius &#8211; ensolarado, ventoso e suave<strong> <\/strong><\/span><br><span style=\"color: #000000;\"><strong>novembro: <\/strong>10-20 graus Celsius &#8211; chuvoso<\/span><\/p>\n\n\n\n<h3 class=\"wp-block-heading\">Dist\u00e2ncias de Floren\u00e7a<\/h3>\n\n\n\n<p><span style=\"color: #000000;\">Siena 70 Km. <\/span><br><span style=\"color: #000000;\">Lucca 75 Km. <\/span><br><span style=\"color: #000000;\">Arezzo 80 Km. <\/span><br><span style=\"color: #000000;\">Pisa 90 Km. <\/span><br><span style=\"color: #000000;\">Viareggio 100 Km. <\/span><br><span style=\"color: #000000;\">Bolonha 110 Km. <\/span><br><span style=\"color: #000000;\">Perugia 160 Km. <\/span><br>Orbetello 200 Km.<br><span style=\"color: #000000;\">Rimini 230 Km. <\/span><br><span style=\"color: #000000;\">Veneza 270 Km. <\/span><br><span style=\"color: #000000;\">Roma 280 Km. <\/span><br><span style=\"color: #000000;\">Mil\u00e3o 300 Km.<\/span><\/p>\n\n\n\n<hr class=\"wp-block-separator\"\/>\n\n\n\n<p>Leia mais sobre Floren\u00e7a na p\u00e1gina <strong><a href=\"https:\/\/www.davidschool.com\/pt-br\/aprender-italiano-florenca\/\">Aprenda italiano em Floren\u00e7a<\/a><\/strong><\/p>\n","protected":false},"excerpt":{"rendered":"<p>Uma experi\u00eancia maravilhosa em uma das mais belas cidades do mundo Viajar abre a nossa mente, expande os nossos horizontes, melhora o nosso estado de esp\u00edrito e nossa auto-estima, enriquece a nossa cultura, personalidade e intelig\u00eancia. Uma viagem a Floren\u00e7a \u00e9 sempre emocionante. Floren\u00e7a \u00e9 um destino imperd\u00edvel, especialmente se voc\u00ea \u00e9 apaixonado pela arte [&hellip;]<\/p>\n","protected":false},"author":4,"featured_media":0,"parent":0,"menu_order":0,"comment_status":"closed","ping_status":"closed","template":"","meta":{"footnotes":""},"class_list":["post-18676","page","type-page","status-publish","hentry"],"yoast_head":"<!-- This site is optimized with the Yoast SEO plugin v27.2 - https:\/\/yoast.com\/product\/yoast-seo-wordpress\/ -->\n<title>Fa\u00e7a interc\u00e2mbio em Floren\u00e7a | Istituto IL DAVID - Italia<\/title>\n<meta name=\"description\" content=\"Visite uma das mais belas cidades do mundo e fa\u00e7a um curso de l\u00edngua italiana em Floren\u00e7a. Leia as nossas dicas \u00fateis antes de fazer uma viagem a Floren\u00e7a e Toscana\" \/>\n<meta name=\"robots\" content=\"index, follow, max-snippet:-1, max-image-preview:large, max-video-preview:-1\" \/>\n<link rel=\"canonical\" href=\"https:\/\/www.davidschool.com\/pt-br\/viagem-a-florenca\/\" \/>\n<meta property=\"og:locale\" content=\"pt_BR\" \/>\n<meta property=\"og:type\" content=\"article\" \/>\n<meta property=\"og:title\" content=\"Fa\u00e7a interc\u00e2mbio em Floren\u00e7a | Istituto IL DAVID - Italia\" \/>\n<meta property=\"og:description\" content=\"Visite uma das mais belas cidades do mundo e fa\u00e7a um curso de l\u00edngua italiana em Floren\u00e7a. Leia as nossas dicas \u00fateis antes de fazer uma viagem a Floren\u00e7a e Toscana\" \/>\n<meta property=\"og:url\" content=\"https:\/\/www.davidschool.com\/pt-br\/viagem-a-florenca\/\" \/>\n<meta property=\"og:site_name\" content=\"Istituto IL DAVID\" \/>\n<meta property=\"article:modified_time\" content=\"2021-06-18T17:12:40+00:00\" \/>\n<meta property=\"og:image\" content=\"https:\/\/www.davidschool.com\/wp-content\/uploads\/2020\/09\/ezgif.com-gif-maker-1-1024x555.jpg\" \/>\n<meta name=\"twitter:card\" content=\"summary_large_image\" \/>\n<meta name=\"twitter:label1\" content=\"Est. tempo de leitura\" \/>\n\t<meta name=\"twitter:data1\" content=\"5 minutos\" \/>\n<script type=\"application\/ld+json\" class=\"yoast-schema-graph\">{\"@context\":\"https:\/\/schema.org\",\"@graph\":[{\"@type\":\"WebPage\",\"@id\":\"https:\/\/www.davidschool.com\/pt-br\/viagem-a-florenca\/\",\"url\":\"https:\/\/www.davidschool.com\/pt-br\/viagem-a-florenca\/\",\"name\":\"Fa\u00e7a interc\u00e2mbio em Floren\u00e7a | Istituto IL DAVID - Italia\",\"isPartOf\":{\"@id\":\"https:\/\/www.davidschool.com\/pt-br\/#website\"},\"primaryImageOfPage\":{\"@id\":\"https:\/\/www.davidschool.com\/pt-br\/viagem-a-florenca\/#primaryimage\"},\"image\":{\"@id\":\"https:\/\/www.davidschool.com\/pt-br\/viagem-a-florenca\/#primaryimage\"},\"thumbnailUrl\":\"https:\/\/www.davidschool.com\/wp-content\/uploads\/2020\/09\/ezgif.com-gif-maker-1-1024x555.jpg\",\"datePublished\":\"2019-06-05T12:52:45+00:00\",\"dateModified\":\"2021-06-18T17:12:40+00:00\",\"description\":\"Visite uma das mais belas cidades do mundo e fa\u00e7a um curso de l\u00edngua italiana em Floren\u00e7a. Leia as nossas dicas \u00fateis antes de fazer uma viagem a Floren\u00e7a e Toscana\",\"breadcrumb\":{\"@id\":\"https:\/\/www.davidschool.com\/pt-br\/viagem-a-florenca\/#breadcrumb\"},\"inLanguage\":\"pt-BR\",\"potentialAction\":[{\"@type\":\"ReadAction\",\"target\":[\"https:\/\/www.davidschool.com\/pt-br\/viagem-a-florenca\/\"]}]},{\"@type\":\"ImageObject\",\"inLanguage\":\"pt-BR\",\"@id\":\"https:\/\/www.davidschool.com\/pt-br\/viagem-a-florenca\/#primaryimage\",\"url\":\"https:\/\/www.davidschool.com\/wp-content\/uploads\/2020\/09\/ezgif.com-gif-maker-1-1024x555.jpg\",\"contentUrl\":\"https:\/\/www.davidschool.com\/wp-content\/uploads\/2020\/09\/ezgif.com-gif-maker-1-1024x555.jpg\"},{\"@type\":\"BreadcrumbList\",\"@id\":\"https:\/\/www.davidschool.com\/pt-br\/viagem-a-florenca\/#breadcrumb\",\"itemListElement\":[{\"@type\":\"ListItem\",\"position\":1,\"name\":\"Home\",\"item\":\"https:\/\/www.davidschool.com\/pt-br\/\"},{\"@type\":\"ListItem\",\"position\":2,\"name\":\"VIAGEM \u00c0 FLOREN\u00c7A\"}]},{\"@type\":\"WebSite\",\"@id\":\"https:\/\/www.davidschool.com\/pt-br\/#website\",\"url\":\"https:\/\/www.davidschool.com\/pt-br\/\",\"name\":\"Istituto IL DAVID\",\"description\":\"Italian Language School\",\"publisher\":{\"@id\":\"https:\/\/www.davidschool.com\/pt-br\/#organization\"},\"potentialAction\":[{\"@type\":\"SearchAction\",\"target\":{\"@type\":\"EntryPoint\",\"urlTemplate\":\"https:\/\/www.davidschool.com\/pt-br\/?s={search_term_string}\"},\"query-input\":{\"@type\":\"PropertyValueSpecification\",\"valueRequired\":true,\"valueName\":\"search_term_string\"}}],\"inLanguage\":\"pt-BR\"},{\"@type\":\"Organization\",\"@id\":\"https:\/\/www.davidschool.com\/pt-br\/#organization\",\"name\":\"Istituto Il David\",\"url\":\"https:\/\/www.davidschool.com\/pt-br\/\",\"logo\":{\"@type\":\"ImageObject\",\"inLanguage\":\"pt-BR\",\"@id\":\"https:\/\/www.davidschool.com\/pt-br\/#\/schema\/logo\/image\/\",\"url\":\"https:\/\/www.davidschool.com\/wp-content\/uploads\/2019\/05\/Il-David_logo.png\",\"contentUrl\":\"https:\/\/www.davidschool.com\/wp-content\/uploads\/2019\/05\/Il-David_logo.png\",\"width\":429,\"height\":133,\"caption\":\"Istituto Il David\"},\"image\":{\"@id\":\"https:\/\/www.davidschool.com\/pt-br\/#\/schema\/logo\/image\/\"}}]}<\/script>\n<!-- \/ Yoast SEO plugin. -->","yoast_head_json":{"title":"Fa\u00e7a interc\u00e2mbio em Floren\u00e7a | Istituto IL DAVID - Italia","description":"Visite uma das mais belas cidades do mundo e fa\u00e7a um curso de l\u00edngua italiana em Floren\u00e7a. Leia as nossas dicas \u00fateis antes de fazer uma viagem a Floren\u00e7a e Toscana","robots":{"index":"index","follow":"follow","max-snippet":"max-snippet:-1","max-image-preview":"max-image-preview:large","max-video-preview":"max-video-preview:-1"},"canonical":"https:\/\/www.davidschool.com\/pt-br\/viagem-a-florenca\/","og_locale":"pt_BR","og_type":"article","og_title":"Fa\u00e7a interc\u00e2mbio em Floren\u00e7a | Istituto IL DAVID - Italia","og_description":"Visite uma das mais belas cidades do mundo e fa\u00e7a um curso de l\u00edngua italiana em Floren\u00e7a. Leia as nossas dicas \u00fateis antes de fazer uma viagem a Floren\u00e7a e Toscana","og_url":"https:\/\/www.davidschool.com\/pt-br\/viagem-a-florenca\/","og_site_name":"Istituto IL DAVID","article_modified_time":"2021-06-18T17:12:40+00:00","og_image":[{"url":"https:\/\/www.davidschool.com\/wp-content\/uploads\/2020\/09\/ezgif.com-gif-maker-1-1024x555.jpg","type":"","width":"","height":""}],"twitter_card":"summary_large_image","twitter_misc":{"Est. tempo de leitura":"5 minutos"},"schema":{"@context":"https:\/\/schema.org","@graph":[{"@type":"WebPage","@id":"https:\/\/www.davidschool.com\/pt-br\/viagem-a-florenca\/","url":"https:\/\/www.davidschool.com\/pt-br\/viagem-a-florenca\/","name":"Fa\u00e7a interc\u00e2mbio em Floren\u00e7a | Istituto IL DAVID - Italia","isPartOf":{"@id":"https:\/\/www.davidschool.com\/pt-br\/#website"},"primaryImageOfPage":{"@id":"https:\/\/www.davidschool.com\/pt-br\/viagem-a-florenca\/#primaryimage"},"image":{"@id":"https:\/\/www.davidschool.com\/pt-br\/viagem-a-florenca\/#primaryimage"},"thumbnailUrl":"https:\/\/www.davidschool.com\/wp-content\/uploads\/2020\/09\/ezgif.com-gif-maker-1-1024x555.jpg","datePublished":"2019-06-05T12:52:45+00:00","dateModified":"2021-06-18T17:12:40+00:00","description":"Visite uma das mais belas cidades do mundo e fa\u00e7a um curso de l\u00edngua italiana em Floren\u00e7a. Leia as nossas dicas \u00fateis antes de fazer uma viagem a Floren\u00e7a e Toscana","breadcrumb":{"@id":"https:\/\/www.davidschool.com\/pt-br\/viagem-a-florenca\/#breadcrumb"},"inLanguage":"pt-BR","potentialAction":[{"@type":"ReadAction","target":["https:\/\/www.davidschool.com\/pt-br\/viagem-a-florenca\/"]}]},{"@type":"ImageObject","inLanguage":"pt-BR","@id":"https:\/\/www.davidschool.com\/pt-br\/viagem-a-florenca\/#primaryimage","url":"https:\/\/www.davidschool.com\/wp-content\/uploads\/2020\/09\/ezgif.com-gif-maker-1-1024x555.jpg","contentUrl":"https:\/\/www.davidschool.com\/wp-content\/uploads\/2020\/09\/ezgif.com-gif-maker-1-1024x555.jpg"},{"@type":"BreadcrumbList","@id":"https:\/\/www.davidschool.com\/pt-br\/viagem-a-florenca\/#breadcrumb","itemListElement":[{"@type":"ListItem","position":1,"name":"Home","item":"https:\/\/www.davidschool.com\/pt-br\/"},{"@type":"ListItem","position":2,"name":"VIAGEM \u00c0 FLOREN\u00c7A"}]},{"@type":"WebSite","@id":"https:\/\/www.davidschool.com\/pt-br\/#website","url":"https:\/\/www.davidschool.com\/pt-br\/","name":"Istituto IL DAVID","description":"Italian Language School","publisher":{"@id":"https:\/\/www.davidschool.com\/pt-br\/#organization"},"potentialAction":[{"@type":"SearchAction","target":{"@type":"EntryPoint","urlTemplate":"https:\/\/www.davidschool.com\/pt-br\/?s={search_term_string}"},"query-input":{"@type":"PropertyValueSpecification","valueRequired":true,"valueName":"search_term_string"}}],"inLanguage":"pt-BR"},{"@type":"Organization","@id":"https:\/\/www.davidschool.com\/pt-br\/#organization","name":"Istituto Il David","url":"https:\/\/www.davidschool.com\/pt-br\/","logo":{"@type":"ImageObject","inLanguage":"pt-BR","@id":"https:\/\/www.davidschool.com\/pt-br\/#\/schema\/logo\/image\/","url":"https:\/\/www.davidschool.com\/wp-content\/uploads\/2019\/05\/Il-David_logo.png","contentUrl":"https:\/\/www.davidschool.com\/wp-content\/uploads\/2019\/05\/Il-David_logo.png","width":429,"height":133,"caption":"Istituto Il David"},"image":{"@id":"https:\/\/www.davidschool.com\/pt-br\/#\/schema\/logo\/image\/"}}]}},"_links":{"self":[{"href":"https:\/\/www.davidschool.com\/pt-br\/wp-json\/wp\/v2\/pages\/18676","targetHints":{"allow":["GET"]}}],"collection":[{"href":"https:\/\/www.davidschool.com\/pt-br\/wp-json\/wp\/v2\/pages"}],"about":[{"href":"https:\/\/www.davidschool.com\/pt-br\/wp-json\/wp\/v2\/types\/page"}],"author":[{"embeddable":true,"href":"https:\/\/www.davidschool.com\/pt-br\/wp-json\/wp\/v2\/users\/4"}],"replies":[{"embeddable":true,"href":"https:\/\/www.davidschool.com\/pt-br\/wp-json\/wp\/v2\/comments?post=18676"}],"version-history":[{"count":14,"href":"https:\/\/www.davidschool.com\/pt-br\/wp-json\/wp\/v2\/pages\/18676\/revisions"}],"predecessor-version":[{"id":24967,"href":"https:\/\/www.davidschool.com\/pt-br\/wp-json\/wp\/v2\/pages\/18676\/revisions\/24967"}],"wp:attachment":[{"href":"https:\/\/www.davidschool.com\/pt-br\/wp-json\/wp\/v2\/media?parent=18676"}],"curies":[{"name":"wp","href":"https:\/\/api.w.org\/{rel}","templated":true}]}}