{"id":19122,"date":"2019-07-30T12:55:27","date_gmt":"2019-07-30T10:55:27","guid":{"rendered":"http:\/\/3.122.4.63\/?page_id=19122"},"modified":"2025-10-21T12:16:58","modified_gmt":"2025-10-21T10:16:58","slug":"ofertas-e-descontos","status":"publish","type":"page","link":"https:\/\/www.davidschool.com\/pt-br\/ofertas-e-descontos\/","title":{"rendered":"OFERTAS E DESCONTOS"},"content":{"rendered":"<h2>Ofertas e descontos &#8211; Cursos de italiano em Floren\u00e7a<\/h2>\n<h3>Oferta de \u00faltima hora!<\/h3>\n<p><strong>Reserve um curso em 2026 e venha para a escola com um amigo. Ambos receber\u00e3o um desconto de 10%! <\/strong><\/p>\n<h3>Ofertas cursos de italiano 2026<\/h3>\n<ul>\n<li>10% em cursos de italiano em grupo durante todo o ano de 2026 para inscri\u00e7\u00f5es recebidas antes de 30 de novembro de 2025.<\/li>\n<li>10% de desconto no curso de italiano padr\u00e3o por 4 semanas em janeiro e fevereiro.<\/li>\n<li>15% de desconto no curso de italiano padr\u00e3o por 8 semanas em janeiro e fevereiro.<\/li>\n<\/ul>\n<h3>Descontos cursos de italiano 2026<\/h3>\n<ul>\n<li>10% para estudantes da: Oceania (Austr\u00e1lia, Nova Zel\u00e2ndia, etc.), Am\u00e9rica do Sul (Brasil, Argentina, Venezuela, etc.).<\/li>\n<li>15% para estudantes dos pa\u00edses do sudeste asi\u00e1tico (Indon\u00e9sia, Tail\u00e2ndia, Taiwan, Filipinas, etc.).<\/li>\n<li>20% para estudantes de pa\u00edses do continente africano.<\/li>\n<\/ul>\n<h3>Descontos Istituto Il David<\/h3>\n<ul>\n<li>10% para nossos ex-alunos.<\/li>\n<li>10% para estudantes que se inscrevem em um curso com pelo menos 5 meses de anteced\u00eancia.<\/li>\n<li>10% de estudantes com Cart\u00e3o Europeu da Juventude (menores de 26 anos).<\/li>\n<li>15% para grupos ou fam\u00edlias de no m\u00ednimo 3 alunos.<\/li>\n<li>20% para grupos de no m\u00ednimo 5 alunos.<\/li>\n<\/ul>\n","protected":false},"excerpt":{"rendered":"<p>Ofertas e descontos &#8211; Cursos de italiano em Floren\u00e7a Oferta de \u00faltima hora! Reserve um curso em 2026 e venha para a escola com um amigo. Ambos receber\u00e3o um desconto de 10%! Ofertas cursos de italiano 2026 10% em cursos de italiano em grupo durante todo o ano de 2026 para inscri\u00e7\u00f5es recebidas antes de [&hellip;]<\/p>\n","protected":false},"author":4,"featured_media":0,"parent":0,"menu_order":0,"comment_status":"closed","ping_status":"closed","template":"","meta":{"footnotes":""},"class_list":["post-19122","page","type-page","status-publish","hentry"],"yoast_head":"<!-- This site is optimized with the Yoast SEO plugin v27.2 - https:\/\/yoast.com\/product\/yoast-seo-wordpress\/ -->\n<title>Ofertas e descontos dos cursos de l\u00edngua italiana em Floren\u00e7a<\/title>\n<meta name=\"description\" content=\"Muitas ofertas, descontos e melhores pre\u00e7os em cursos de italiano em Floren\u00e7a. Fa\u00e7a um curso e aprenda italiano, confira nossas ofertas para economizar dinheiro\" \/>\n<meta name=\"robots\" content=\"index, follow, max-snippet:-1, max-image-preview:large, max-video-preview:-1\" \/>\n<link rel=\"canonical\" href=\"https:\/\/www.davidschool.com\/pt-br\/ofertas-e-descontos\/\" \/>\n<meta property=\"og:locale\" content=\"pt_BR\" \/>\n<meta property=\"og:type\" content=\"article\" \/>\n<meta property=\"og:title\" content=\"Ofertas e descontos dos cursos de l\u00edngua italiana em Floren\u00e7a\" \/>\n<meta property=\"og:description\" content=\"Muitas ofertas, descontos e melhores pre\u00e7os em cursos de italiano em Floren\u00e7a. Fa\u00e7a um curso e aprenda italiano, confira nossas ofertas para economizar dinheiro\" \/>\n<meta property=\"og:url\" content=\"https:\/\/www.davidschool.com\/pt-br\/ofertas-e-descontos\/\" \/>\n<meta property=\"og:site_name\" content=\"Istituto IL DAVID\" \/>\n<meta property=\"article:modified_time\" content=\"2025-10-21T10:16:58+00:00\" \/>\n<meta name=\"twitter:card\" content=\"summary_large_image\" \/>\n<meta name=\"twitter:label1\" content=\"Est. tempo de leitura\" \/>\n\t<meta name=\"twitter:data1\" content=\"1 minuto\" \/>\n<script type=\"application\/ld+json\" class=\"yoast-schema-graph\">{\"@context\":\"https:\/\/schema.org\",\"@graph\":[{\"@type\":\"WebPage\",\"@id\":\"https:\/\/www.davidschool.com\/pt-br\/ofertas-e-descontos\/\",\"url\":\"https:\/\/www.davidschool.com\/pt-br\/ofertas-e-descontos\/\",\"name\":\"Ofertas e descontos dos cursos de l\u00edngua italiana em Floren\u00e7a\",\"isPartOf\":{\"@id\":\"https:\/\/www.davidschool.com\/pt-br\/#website\"},\"datePublished\":\"2019-07-30T10:55:27+00:00\",\"dateModified\":\"2025-10-21T10:16:58+00:00\",\"description\":\"Muitas ofertas, descontos e melhores pre\u00e7os em cursos de italiano em Floren\u00e7a. Fa\u00e7a um curso e aprenda italiano, confira nossas ofertas para economizar dinheiro\",\"breadcrumb\":{\"@id\":\"https:\/\/www.davidschool.com\/pt-br\/ofertas-e-descontos\/#breadcrumb\"},\"inLanguage\":\"pt-BR\",\"potentialAction\":[{\"@type\":\"ReadAction\",\"target\":[\"https:\/\/www.davidschool.com\/pt-br\/ofertas-e-descontos\/\"]}]},{\"@type\":\"BreadcrumbList\",\"@id\":\"https:\/\/www.davidschool.com\/pt-br\/ofertas-e-descontos\/#breadcrumb\",\"itemListElement\":[{\"@type\":\"ListItem\",\"position\":1,\"name\":\"Home\",\"item\":\"https:\/\/www.davidschool.com\/pt-br\/\"},{\"@type\":\"ListItem\",\"position\":2,\"name\":\"OFERTAS E DESCONTOS\"}]},{\"@type\":\"WebSite\",\"@id\":\"https:\/\/www.davidschool.com\/pt-br\/#website\",\"url\":\"https:\/\/www.davidschool.com\/pt-br\/\",\"name\":\"Istituto IL DAVID\",\"description\":\"Italian Language School\",\"publisher\":{\"@id\":\"https:\/\/www.davidschool.com\/pt-br\/#organization\"},\"potentialAction\":[{\"@type\":\"SearchAction\",\"target\":{\"@type\":\"EntryPoint\",\"urlTemplate\":\"https:\/\/www.davidschool.com\/pt-br\/?s={search_term_string}\"},\"query-input\":{\"@type\":\"PropertyValueSpecification\",\"valueRequired\":true,\"valueName\":\"search_term_string\"}}],\"inLanguage\":\"pt-BR\"},{\"@type\":\"Organization\",\"@id\":\"https:\/\/www.davidschool.com\/pt-br\/#organization\",\"name\":\"Istituto Il David\",\"url\":\"https:\/\/www.davidschool.com\/pt-br\/\",\"logo\":{\"@type\":\"ImageObject\",\"inLanguage\":\"pt-BR\",\"@id\":\"https:\/\/www.davidschool.com\/pt-br\/#\/schema\/logo\/image\/\",\"url\":\"https:\/\/www.davidschool.com\/wp-content\/uploads\/2019\/05\/Il-David_logo.png\",\"contentUrl\":\"https:\/\/www.davidschool.com\/wp-content\/uploads\/2019\/05\/Il-David_logo.png\",\"width\":429,\"height\":133,\"caption\":\"Istituto Il David\"},\"image\":{\"@id\":\"https:\/\/www.davidschool.com\/pt-br\/#\/schema\/logo\/image\/\"}}]}<\/script>\n<!-- \/ Yoast SEO plugin. -->","yoast_head_json":{"title":"Ofertas e descontos dos cursos de l\u00edngua italiana em Floren\u00e7a","description":"Muitas ofertas, descontos e melhores pre\u00e7os em cursos de italiano em Floren\u00e7a. Fa\u00e7a um curso e aprenda italiano, confira nossas ofertas para economizar dinheiro","robots":{"index":"index","follow":"follow","max-snippet":"max-snippet:-1","max-image-preview":"max-image-preview:large","max-video-preview":"max-video-preview:-1"},"canonical":"https:\/\/www.davidschool.com\/pt-br\/ofertas-e-descontos\/","og_locale":"pt_BR","og_type":"article","og_title":"Ofertas e descontos dos cursos de l\u00edngua italiana em Floren\u00e7a","og_description":"Muitas ofertas, descontos e melhores pre\u00e7os em cursos de italiano em Floren\u00e7a. Fa\u00e7a um curso e aprenda italiano, confira nossas ofertas para economizar dinheiro","og_url":"https:\/\/www.davidschool.com\/pt-br\/ofertas-e-descontos\/","og_site_name":"Istituto IL DAVID","article_modified_time":"2025-10-21T10:16:58+00:00","twitter_card":"summary_large_image","twitter_misc":{"Est. tempo de leitura":"1 minuto"},"schema":{"@context":"https:\/\/schema.org","@graph":[{"@type":"WebPage","@id":"https:\/\/www.davidschool.com\/pt-br\/ofertas-e-descontos\/","url":"https:\/\/www.davidschool.com\/pt-br\/ofertas-e-descontos\/","name":"Ofertas e descontos dos cursos de l\u00edngua italiana em Floren\u00e7a","isPartOf":{"@id":"https:\/\/www.davidschool.com\/pt-br\/#website"},"datePublished":"2019-07-30T10:55:27+00:00","dateModified":"2025-10-21T10:16:58+00:00","description":"Muitas ofertas, descontos e melhores pre\u00e7os em cursos de italiano em Floren\u00e7a. Fa\u00e7a um curso e aprenda italiano, confira nossas ofertas para economizar dinheiro","breadcrumb":{"@id":"https:\/\/www.davidschool.com\/pt-br\/ofertas-e-descontos\/#breadcrumb"},"inLanguage":"pt-BR","potentialAction":[{"@type":"ReadAction","target":["https:\/\/www.davidschool.com\/pt-br\/ofertas-e-descontos\/"]}]},{"@type":"BreadcrumbList","@id":"https:\/\/www.davidschool.com\/pt-br\/ofertas-e-descontos\/#breadcrumb","itemListElement":[{"@type":"ListItem","position":1,"name":"Home","item":"https:\/\/www.davidschool.com\/pt-br\/"},{"@type":"ListItem","position":2,"name":"OFERTAS E DESCONTOS"}]},{"@type":"WebSite","@id":"https:\/\/www.davidschool.com\/pt-br\/#website","url":"https:\/\/www.davidschool.com\/pt-br\/","name":"Istituto IL DAVID","description":"Italian Language School","publisher":{"@id":"https:\/\/www.davidschool.com\/pt-br\/#organization"},"potentialAction":[{"@type":"SearchAction","target":{"@type":"EntryPoint","urlTemplate":"https:\/\/www.davidschool.com\/pt-br\/?s={search_term_string}"},"query-input":{"@type":"PropertyValueSpecification","valueRequired":true,"valueName":"search_term_string"}}],"inLanguage":"pt-BR"},{"@type":"Organization","@id":"https:\/\/www.davidschool.com\/pt-br\/#organization","name":"Istituto Il David","url":"https:\/\/www.davidschool.com\/pt-br\/","logo":{"@type":"ImageObject","inLanguage":"pt-BR","@id":"https:\/\/www.davidschool.com\/pt-br\/#\/schema\/logo\/image\/","url":"https:\/\/www.davidschool.com\/wp-content\/uploads\/2019\/05\/Il-David_logo.png","contentUrl":"https:\/\/www.davidschool.com\/wp-content\/uploads\/2019\/05\/Il-David_logo.png","width":429,"height":133,"caption":"Istituto Il David"},"image":{"@id":"https:\/\/www.davidschool.com\/pt-br\/#\/schema\/logo\/image\/"}}]}},"_links":{"self":[{"href":"https:\/\/www.davidschool.com\/pt-br\/wp-json\/wp\/v2\/pages\/19122","targetHints":{"allow":["GET"]}}],"collection":[{"href":"https:\/\/www.davidschool.com\/pt-br\/wp-json\/wp\/v2\/pages"}],"about":[{"href":"https:\/\/www.davidschool.com\/pt-br\/wp-json\/wp\/v2\/types\/page"}],"author":[{"embeddable":true,"href":"https:\/\/www.davidschool.com\/pt-br\/wp-json\/wp\/v2\/users\/4"}],"replies":[{"embeddable":true,"href":"https:\/\/www.davidschool.com\/pt-br\/wp-json\/wp\/v2\/comments?post=19122"}],"version-history":[{"count":19,"href":"https:\/\/www.davidschool.com\/pt-br\/wp-json\/wp\/v2\/pages\/19122\/revisions"}],"predecessor-version":[{"id":34766,"href":"https:\/\/www.davidschool.com\/pt-br\/wp-json\/wp\/v2\/pages\/19122\/revisions\/34766"}],"wp:attachment":[{"href":"https:\/\/www.davidschool.com\/pt-br\/wp-json\/wp\/v2\/media?parent=19122"}],"curies":[{"name":"wp","href":"https:\/\/api.w.org\/{rel}","templated":true}]}}