{"id":19182,"date":"2019-07-30T13:21:05","date_gmt":"2019-07-30T11:21:05","guid":{"rendered":"http:\/\/3.122.4.63\/?page_id=19182"},"modified":"2025-02-06T16:41:46","modified_gmt":"2025-02-06T15:41:46","slug":"regulamento","status":"publish","type":"page","link":"https:\/\/www.davidschool.com\/pt-br\/regulamento\/","title":{"rendered":"REGULAMENTO"},"content":{"rendered":"\n<p><strong>COMO SE REGISTRAR<\/strong><br>O preenchimento e o envio do formul\u00e1rio de registro s\u00e3o gratuitos e n\u00e3o vinculativos.<br>No entanto, tenha certeza suficiente de suas necessidades antes de nos enviar o formul\u00e1rio de inscri\u00e7\u00e3o. Os detalhes e custos de nossos cursos e outros servi\u00e7os adicionais est\u00e3o descritos em nosso site.<\/p>\n\n\n\n<p>Se tiver alguma d\u00favida ou incerteza, envie-nos primeiro um e-mail para info@davidschool.com ou uma mensagem de whatsapp para +39.353.4316807 com suas d\u00favidas e perguntas.<br>Depois que a escola receber seu formul\u00e1rio de inscri\u00e7\u00e3o, ela responder\u00e1 por e-mail dentro de 24 a 48 horas e fornecer\u00e1 detalhes e custos de sua inscri\u00e7\u00e3o e as informa\u00e7\u00f5es necess\u00e1rias para confirm\u00e1-la.<br>Se n\u00e3o receber nossa resposta dentro de 24 a 48 horas, voc\u00ea pode nos enviar uma mensagem pelo whatsapp ou ligar para o n\u00famero +39.055.216110.<\/p>\n\n\n\n<p>Sua matr\u00edcula ser\u00e1 confirmada depois que a escola receber um dep\u00f3sito ou o valor total do curso.<br>Caso voc\u00ea precise de nossos certificados para solicitar um visto de estudo, o pagamento do valor total do curso \u00e9 obrigat\u00f3rio.<\/p>\n\n\n\n<p>Antes de nos enviar seu formul\u00e1rio de inscri\u00e7\u00e3o, leia nossos regulamentos, que ser\u00e3o obrigat\u00f3rios a partir do momento em que voc\u00ea nos enviar o pagamento para confirma\u00e7\u00e3o do curso.<br>Se a escola n\u00e3o receber uma resposta sua dentro de um m\u00eas ou pelo menos uma ou duas semanas antes do in\u00edcio do curso, sua solicita\u00e7\u00e3o de inscri\u00e7\u00e3o poder\u00e1 ser cancelada por motivos administrativos.<\/p>\n\n\n\n<p><strong>HOR\u00c1RIO E DURA\u00c7\u00c3O DAS AULAS<\/strong><br>A escola sempre garante o hor\u00e1rio do curso especificado na descri\u00e7\u00e3o do site.<br>Embora seja muito raro, no caso de problemas t\u00e9cnicos e organizacionais, a escola se reserva o direito de alterar o hor\u00e1rio das aulas. O aluno ser\u00e1 informado quando a escola receber o formul\u00e1rio de inscri\u00e7\u00e3o e, de qualquer forma, pelo menos uma semana antes da chegada \u00e0 escola.<br>A dura\u00e7\u00e3o de cada hora de aula em grupo ou individual \u00e9 de 55 minutos.<\/p>\n\n\n\n<p><strong>N\u00cdVEIS E TESTES<\/strong><br>No caso de o aluno declarar no formul\u00e1rio de inscri\u00e7\u00e3o que tem um n\u00edvel de conhecimento da l\u00edngua italiana, mas ao chegar \u00e0 escola revelar um n\u00edvel inferior ou superior, por motivos organizacionais a escola n\u00e3o ser\u00e1 respons\u00e1vel por garantir uma turma de n\u00edvel adequado.<br>Em qualquer caso, com exce\u00e7\u00e3o dos iniciantes, o teste ser\u00e1 enviado aos alunos matriculados por e-mail aproximadamente um m\u00eas antes do in\u00edcio do curso para verificar o n\u00edvel real do aluno.<\/p>\n\n\n\n<p>Se o aluno n\u00e3o se sentir confort\u00e1vel na classe designada, ele dever\u00e1 informar \u00e0 secretaria da escola se prefere mudar de n\u00edvel. A dire\u00e7\u00e3o da escola avaliar\u00e1, com base em sua organiza\u00e7\u00e3o e experi\u00eancia, se aceita ou n\u00e3o a solicita\u00e7\u00e3o, desde que ela n\u00e3o cause problemas de organiza\u00e7\u00e3o para a escola e beneficie o aluno.<br>Para os alunos que frequentam a escola por longos per\u00edodos, o teste \u00e9 repetido a cada quatro semanas para verificar o progresso do aluno e sua posterior mudan\u00e7a para um n\u00edvel superior.<\/p>\n\n\n\n<p><strong>FERIADOS P\u00daBLICOS<\/strong><br>A escola fecha nos feriados nacionais no meio da semana (aproximadamente 5-6 durante o ano).<br>Para cursos em grupo com dura\u00e7\u00e3o superior a duas semanas, n\u00e3o s\u00e3o concedidos descontos, reembolsos ou reposi\u00e7\u00f5es. Antes de nos enviar seu formul\u00e1rio de inscri\u00e7\u00e3o, verifique os feriados p\u00fablicos na p\u00e1gina de datas e pre\u00e7os do site da escola.<br>As aulas individuais que n\u00e3o forem realizadas em feriados p\u00fablicos poder\u00e3o ser compensadas em outra data, sujeita \u00e0 disponibilidade do aluno e do professor.<\/p>\n\n\n\n<p><strong>CERTIFICATO<\/strong><br>Al termine del corso, lo studente riceve un attestato di frequenza che descrive il corso, le ore e i livelli frequentati. Per ottenere l&#8217;attestato di frequenza \u00e8 necessaria una frequenza complessiva di almeno il 90% del corso a cui lo studente \u00e8 iscritto. In caso di frequenza inferiore al 70%, la scuola si riserva il diritto di non rilasciare l&#8217;attestato di frequenza o di non descrivere il fatto sul certificato.<\/p>\n\n\n\n<p><strong>MATR\u00cdCULA DE ALUNOS MENORES DE IDADE<\/strong><br>As solicita\u00e7\u00f5es de matr\u00edcula de alunos com menos de 18 anos de idade devem ser recebidas pela escola por meio de um dos pais.<br>\u00c9 necess\u00e1ria uma c\u00f3pia de um documento de identidade do aluno e dos pais, o consentimento dos pais assinado por um deles e a presen\u00e7a de um dos pais na chegada \u00e0 escola.<\/p>\n\n\n\n<p><strong>FOTOS E V\u00cdDEOS<\/strong><br>\u00c9 permitido tirar fotos e gravar v\u00eddeos dentro da escola durante as aulas e atividades para os funcion\u00e1rios da escola, convidados autorizados e alunos registrados. Pessoas de fora n\u00e3o s\u00e3o permitidas.<br>A escola se reserva o direito de usar material de foto e v\u00eddeo para fins de marketing ou m\u00eddia social.<br>Esse uso deve ser considerado totalmente gratuito e a escola garante expressamente que ele ocorrer\u00e1 em contextos que n\u00e3o violem a dignidade pessoal da pessoa em quest\u00e3o.<br>Se o aluno n\u00e3o consentir com esse uso, ele dever\u00e1 informar a secretaria ao chegar \u00e0 escola, caso contr\u00e1rio, sua autoriza\u00e7\u00e3o ser\u00e1 automaticamente confirmada.<\/p>\n\n\n\n<p><strong>SOLICITA\u00c7\u00c3O DE ADIAMENTO E MUDAN\u00c7A DE CURSO<\/strong><br>O aluno pode decidir adiar o curso, informando a escola pelo menos uma semana antes da chegada. Ap\u00f3s esse prazo, o aluno perder\u00e1 o valor da primeira semana do curso.<br>Ap\u00f3s o in\u00edcio do curso, n\u00e3o \u00e9 poss\u00edvel alterar o curso em grupo reservado para outro tipo de curso.<br>Os cursos em grupo n\u00e3o podem ser convertidos em aulas individuais.<\/p>\n\n\n\n<p>Caso a escola n\u00e3o possa garantir o curso em grupo por motivos organizacionais, as horas do grupo podem ser convertidas em aulas individuais. O n\u00famero de horas individuais ser\u00e1 calculado com base na diferen\u00e7a do pre\u00e7o do curso, conforme a lista de pre\u00e7os em nosso site.<\/p>\n\n\n\n<p><strong>AUS\u00caNCIAS E INTERRUP\u00c7\u00d5ES DO CURSO<\/strong><br>As aulas di\u00e1rias em grupo perdidas por motivos pessoais do aluno n\u00e3o podem ser recuperadas por nenhum motivo. As aulas individuais podem ser recuperadas se a escola receber um aviso com pelo menos 24 horas de anteced\u00eancia (48 horas no caso de feriados p\u00fablicos). Ap\u00f3s 24 horas, a aula n\u00e3o poder\u00e1 ser recuperada.<\/p>\n\n\n\n<p>O aluno que interromper um curso enquanto ele estiver em andamento n\u00e3o ter\u00e1 direito a reembolso.<br>Entretanto, o aluno pode solicitar a possibilidade de repor a parte do curso n\u00e3o assistida, informando a escola com pelo menos uma semana de anteced\u00eancia. O curso pode ser recuperado dentro de um ano a partir da data de interrup\u00e7\u00e3o.<br>\u00c9 poss\u00edvel recuperar per\u00edodos de uma ou mais semanas, mas n\u00e3o de um ou mais dias.<\/p>\n\n\n\n<p><strong>CANCELAMENTO DO CURSO<\/strong><br>No caso de cancelamento da matr\u00edcula, para obter o reembolso total do dep\u00f3sito, o aluno deve enviar uma solicita\u00e7\u00e3o por escrito, por e-mail, pelo menos 20 dias antes da data de in\u00edcio do curso. Desse valor, ser\u00e3o deduzidos a taxa de inscri\u00e7\u00e3o de 50 euros e os encargos banc\u00e1rios incorridos para o pagamento recebido e o reembolso feito. <\/p>\n\n\n\n<p>Se o cancelamento chegar depois de 20 dias antes do curso, n\u00e3o haver\u00e1 reembolso.<br>No entanto, o dep\u00f3sito ser\u00e1 v\u00e1lido para outro curso que o aluno possa frequentar no prazo de um ano ap\u00f3s a solicita\u00e7\u00e3o de cancelamento.<\/p>\n\n\n\n<p><strong>CANCELAMENTO DE MATR\u00cdCULA COM VISTO DE ESTUDO<\/strong><br>Caso o cancelamento seja para uma matr\u00edcula que requeira visto de estudo, para obter um reembolso o aluno deve enviar um e-mail para a escola pelo menos 20 dias antes do in\u00edcio do curso. A escola tamb\u00e9m deve receber a carta de recusa de visto entregue ao aluno pelo consulado.<br>Do valor ser\u00e3o deduzidos 50 euros de taxa de inscri\u00e7\u00e3o e 150 euros para o reembolso de custos administrativos e taxas banc\u00e1rias incorridos pela escola para o pagamento recebido e o reembolso feito.<br>Essa regra \u00e9 aplicada a partir do momento em que o aluno recebe da escola o certificado de matr\u00edcula em papel ou pdf.<\/p>\n\n\n\n<p>Se a escola receber a solicita\u00e7\u00e3o de cancelamento ap\u00f3s 20 dias antes do in\u00edcio do curso e se n\u00e3o receber a carta de recusa do consulado, n\u00e3o haver\u00e1 reembolso.<br>Depois que o aluno tiver recebido o visto do consulado, n\u00e3o ser\u00e1 poss\u00edvel cancelar o curso e obter um reembolso. No entanto, existe a possibilidade de adiar o curso.<br>Caso o aluno n\u00e3o tenha recebido o visto de estudo a tempo devido a atrasos no consulado, ele poder\u00e1 decidir adiar o curso. Nesse caso, aplicam-se as regras de adiamento do curso descritas acima.<\/p>\n\n\n\n<p><strong>EVENTOS INTERNACIONAIS EXTRAORDIN\u00c1RIOS<\/strong><br>No caso de eventos internacionais extraordin\u00e1rios (cat\u00e1strofes, pandemias, terrorismo, guerras, etc.) que o impe\u00e7am de viajar para a It\u00e1lia, um reembolso do valor total, excluindo 50 euros para despesas administrativas, ser\u00e1 fornecido mediante solicita\u00e7\u00e3o.<br>Nenhum reembolso \u00e9 fornecido ap\u00f3s o in\u00edcio do curso. No entanto, o aluno pode decidir participar do curso em outro momento no futuro sem fazer nenhum pagamento adicional.<\/p>\n\n\n\n<p><strong>RESERVA DE ACOMODA\u00c7\u00c3O<\/strong><br>A reserva de acomoda\u00e7\u00e3o \u00e9 um servi\u00e7o que a escola oferece gratuitamente aos alunos que o solicitam. Os pre\u00e7os das acomoda\u00e7\u00f5es incluem o servi\u00e7o de reserva, administra\u00e7\u00e3o e servi\u00e7os p\u00fablicos.<br>O valor da acomoda\u00e7\u00e3o deve ser pago diretamente ao propriet\u00e1rio do apartamento ou \u00e0 fam\u00edlia, na forma e no prazo que ser\u00e3o comunicados ao aluno ap\u00f3s a confirma\u00e7\u00e3o da matr\u00edcula.<br>No caso de reservas de mais de um m\u00eas, a acomoda\u00e7\u00e3o pode ser paga a cada 4 semanas.<\/p>\n\n\n\n<p>Se o aluno tiver prefer\u00eancias, alergias a animais de estima\u00e7\u00e3o, intoler\u00e2ncias alimentares, exig\u00eancias diet\u00e9ticas especiais, ele dever\u00e1 informar a escola no momento da solicita\u00e7\u00e3o de matr\u00edcula, caso contr\u00e1rio a acomoda\u00e7\u00e3o n\u00e3o poder\u00e1 ser alterada e o aluno ainda ter\u00e1 que pagar o valor descrito na confirma\u00e7\u00e3o da reserva.<\/p>\n\n\n\n<p>Na chegada \u00e0 acomoda\u00e7\u00e3o, um dep\u00f3sito de \u20ac 50 em dinheiro dever\u00e1 ser pago por qualquer dano ou perda das chaves. Esse valor ser\u00e1 devolvido na sa\u00edda.<\/p>\n\n\n\n<p>A acomoda\u00e7\u00e3o n\u00e3o pertence nem \u00e9 gerenciada pela escola. A escola faz o poss\u00edvel para reservar a melhor acomoda\u00e7\u00e3o dispon\u00edvel no momento da reserva, mas n\u00e3o se responsabiliza se o aluno ficar insatisfeito ou se a acomoda\u00e7\u00e3o n\u00e3o atender \u00e0s suas expectativas.<br>No caso de um problema ou necessidade, o aluno deve notificar o propriet\u00e1rio\/fam\u00edlia e a escola o mais r\u00e1pido poss\u00edvel. Muitas vezes, os problemas ou necessidades podem ser facilmente resolvidos.<\/p>\n\n\n\n<p><strong>ADIAMENTO DA RESERVA DE ACOMODA\u00c7\u00c3O<\/strong><br>O aluno pode adiar a reserva de acomoda\u00e7\u00e3o informando a escola pelo menos uma semana antes da chegada.<br>Ap\u00f3s esse prazo, o aluno perder\u00e1 o custo da primeira semana de acomoda\u00e7\u00e3o. Esse valor ser\u00e1 deduzido do dep\u00f3sito pago pelo aluno para a inscri\u00e7\u00e3o no curso.<\/p>\n\n\n\n<p><strong>CANCELAMENTO DA ACOMODA\u00c7\u00c3O<\/strong><br>No caso de cancelamento de acomoda\u00e7\u00e3o recebido ap\u00f3s o 20\u00ba dia antes da chegada, a escola se reserva o direito de reter uma taxa do valor pago pelo aluno com base na solicita\u00e7\u00e3o do propriet\u00e1rio ou da fam\u00edlia.<br>Isso geralmente corresponde ao custo da primeira semana. A taxa de cancelamento ser\u00e1 deduzida do valor pago pelo aluno pela confirma\u00e7\u00e3o do curso e pela reserva da acomoda\u00e7\u00e3o.<\/p>\n\n\n\n<p><strong>ALTERA\u00c7\u00c3O OU CONFIRMA\u00c7\u00c3O DA ACOMODA\u00c7\u00c3O<\/strong><br>Ap\u00f3s a chegada, a acomoda\u00e7\u00e3o n\u00e3o poder\u00e1 ser alterada e o pagamento ainda ser\u00e1 devido, a menos que haja motivos s\u00e9rios e justific\u00e1veis que possam ser demonstrados.<br>No caso de reservas de mais de 4 semanas, o aluno pode decidir mudar de acomoda\u00e7\u00e3o, informando a escola com pelo menos duas semanas de anteced\u00eancia. Se isso n\u00e3o for feito, a acomoda\u00e7\u00e3o ser\u00e1 confirmada e o aluno ter\u00e1 de pagar a taxa de duas semanas.<\/p>\n\n\n\n<p><strong>PROCESSAMENTO DE DADOS PESSOAIS<\/strong><br>Ao entrar em contato com a escola ou registrar-se nela por iniciativa pr\u00f3pria, o aluno automaticamente d\u00e1 seu consentimento para que a escola processe seus dados pessoais.<br>A escola garante que seus dados pessoais ser\u00e3o processados e protegidos pela equipe da escola em respeito aos seus direitos e \u00e0 sua dignidade, ser\u00e3o mantidos na administra\u00e7\u00e3o e na contabilidade da escola de forma confidencial, permanecer\u00e3o apenas no sistema de gerenciamento de computadores da escola e n\u00e3o ser\u00e3o divulgados a outras pessoas, entidades ou empresas.<\/p>\n\n\n\n<p>A escola garante que n\u00e3o coleta dados sobre ra\u00e7a e origem \u00e9tnica, afilia\u00e7\u00e3o religiosa, opini\u00f5es pol\u00edticas e filos\u00f3ficas, orienta\u00e7\u00e3o sexual, defici\u00eancias f\u00edsicas, condi\u00e7\u00f5es mentais, doen\u00e7as e problemas de sa\u00fade.<\/p>\n\n\n\n<p>Entende-se que, no processo de automa\u00e7\u00e3o de computadores da escola, os dados tamb\u00e9m s\u00e3o coletados por outras empresas, como o mecanismo de busca, o servidor e o operador do site da escola, que processar\u00e3o os dados de acordo com seus respectivos crit\u00e9rios e de acordo com a legisla\u00e7\u00e3o vigente.<\/p>\n\n\n\n<p><\/p>\n","protected":false},"excerpt":{"rendered":"<p>COMO SE REGISTRARO preenchimento e o envio do formul\u00e1rio de registro s\u00e3o gratuitos e n\u00e3o vinculativos.No entanto, tenha certeza suficiente de suas necessidades antes de nos enviar o formul\u00e1rio de inscri\u00e7\u00e3o. Os detalhes e custos de nossos cursos e outros servi\u00e7os adicionais est\u00e3o descritos em nosso site. Se tiver alguma d\u00favida ou incerteza, envie-nos primeiro [&hellip;]<\/p>\n","protected":false},"author":4,"featured_media":0,"parent":0,"menu_order":0,"comment_status":"closed","ping_status":"closed","template":"","meta":{"footnotes":""},"class_list":["post-19182","page","type-page","status-publish","hentry"],"yoast_head":"<!-- This site is optimized with the Yoast SEO plugin v27.2 - https:\/\/yoast.com\/product\/yoast-seo-wordpress\/ -->\n<title>Regulamento da escola | Istituto IL DAVID - Floren\u00e7a<\/title>\n<meta name=\"robots\" content=\"index, follow, max-snippet:-1, max-image-preview:large, max-video-preview:-1\" \/>\n<link rel=\"canonical\" href=\"https:\/\/www.davidschool.com\/pt-br\/regulamento\/\" \/>\n<meta property=\"og:locale\" content=\"pt_BR\" \/>\n<meta property=\"og:type\" content=\"article\" \/>\n<meta property=\"og:title\" content=\"Regulamento da escola | Istituto IL DAVID - Floren\u00e7a\" \/>\n<meta property=\"og:description\" content=\"COMO SE REGISTRARO preenchimento e o envio do formul\u00e1rio de registro s\u00e3o gratuitos e n\u00e3o vinculativos.No entanto, tenha certeza suficiente de suas necessidades antes de nos enviar o formul\u00e1rio de inscri\u00e7\u00e3o. Os detalhes e custos de nossos cursos e outros servi\u00e7os adicionais est\u00e3o descritos em nosso site. Se tiver alguma d\u00favida ou incerteza, envie-nos primeiro [&hellip;]\" \/>\n<meta property=\"og:url\" content=\"https:\/\/www.davidschool.com\/pt-br\/regulamento\/\" \/>\n<meta property=\"og:site_name\" content=\"Istituto IL DAVID\" \/>\n<meta property=\"article:modified_time\" content=\"2025-02-06T15:41:46+00:00\" \/>\n<meta name=\"twitter:card\" content=\"summary_large_image\" \/>\n<meta name=\"twitter:label1\" content=\"Est. tempo de leitura\" \/>\n\t<meta name=\"twitter:data1\" content=\"9 minutos\" \/>\n<script type=\"application\/ld+json\" class=\"yoast-schema-graph\">{\"@context\":\"https:\/\/schema.org\",\"@graph\":[{\"@type\":\"WebPage\",\"@id\":\"https:\/\/www.davidschool.com\/pt-br\/regulamento\/\",\"url\":\"https:\/\/www.davidschool.com\/pt-br\/regulamento\/\",\"name\":\"Regulamento da escola | Istituto IL DAVID - Floren\u00e7a\",\"isPartOf\":{\"@id\":\"https:\/\/www.davidschool.com\/pt-br\/#website\"},\"datePublished\":\"2019-07-30T11:21:05+00:00\",\"dateModified\":\"2025-02-06T15:41:46+00:00\",\"breadcrumb\":{\"@id\":\"https:\/\/www.davidschool.com\/pt-br\/regulamento\/#breadcrumb\"},\"inLanguage\":\"pt-BR\",\"potentialAction\":[{\"@type\":\"ReadAction\",\"target\":[\"https:\/\/www.davidschool.com\/pt-br\/regulamento\/\"]}]},{\"@type\":\"BreadcrumbList\",\"@id\":\"https:\/\/www.davidschool.com\/pt-br\/regulamento\/#breadcrumb\",\"itemListElement\":[{\"@type\":\"ListItem\",\"position\":1,\"name\":\"Home\",\"item\":\"https:\/\/www.davidschool.com\/pt-br\/\"},{\"@type\":\"ListItem\",\"position\":2,\"name\":\"REGULAMENTO\"}]},{\"@type\":\"WebSite\",\"@id\":\"https:\/\/www.davidschool.com\/pt-br\/#website\",\"url\":\"https:\/\/www.davidschool.com\/pt-br\/\",\"name\":\"Istituto IL DAVID\",\"description\":\"Italian Language School\",\"publisher\":{\"@id\":\"https:\/\/www.davidschool.com\/pt-br\/#organization\"},\"potentialAction\":[{\"@type\":\"SearchAction\",\"target\":{\"@type\":\"EntryPoint\",\"urlTemplate\":\"https:\/\/www.davidschool.com\/pt-br\/?s={search_term_string}\"},\"query-input\":{\"@type\":\"PropertyValueSpecification\",\"valueRequired\":true,\"valueName\":\"search_term_string\"}}],\"inLanguage\":\"pt-BR\"},{\"@type\":\"Organization\",\"@id\":\"https:\/\/www.davidschool.com\/pt-br\/#organization\",\"name\":\"Istituto Il David\",\"url\":\"https:\/\/www.davidschool.com\/pt-br\/\",\"logo\":{\"@type\":\"ImageObject\",\"inLanguage\":\"pt-BR\",\"@id\":\"https:\/\/www.davidschool.com\/pt-br\/#\/schema\/logo\/image\/\",\"url\":\"https:\/\/www.davidschool.com\/wp-content\/uploads\/2019\/05\/Il-David_logo.png\",\"contentUrl\":\"https:\/\/www.davidschool.com\/wp-content\/uploads\/2019\/05\/Il-David_logo.png\",\"width\":429,\"height\":133,\"caption\":\"Istituto Il David\"},\"image\":{\"@id\":\"https:\/\/www.davidschool.com\/pt-br\/#\/schema\/logo\/image\/\"}}]}<\/script>\n<!-- \/ Yoast SEO plugin. -->","yoast_head_json":{"title":"Regulamento da escola | Istituto IL DAVID - Floren\u00e7a","robots":{"index":"index","follow":"follow","max-snippet":"max-snippet:-1","max-image-preview":"max-image-preview:large","max-video-preview":"max-video-preview:-1"},"canonical":"https:\/\/www.davidschool.com\/pt-br\/regulamento\/","og_locale":"pt_BR","og_type":"article","og_title":"Regulamento da escola | Istituto IL DAVID - Floren\u00e7a","og_description":"COMO SE REGISTRARO preenchimento e o envio do formul\u00e1rio de registro s\u00e3o gratuitos e n\u00e3o vinculativos.No entanto, tenha certeza suficiente de suas necessidades antes de nos enviar o formul\u00e1rio de inscri\u00e7\u00e3o. Os detalhes e custos de nossos cursos e outros servi\u00e7os adicionais est\u00e3o descritos em nosso site. Se tiver alguma d\u00favida ou incerteza, envie-nos primeiro [&hellip;]","og_url":"https:\/\/www.davidschool.com\/pt-br\/regulamento\/","og_site_name":"Istituto IL DAVID","article_modified_time":"2025-02-06T15:41:46+00:00","twitter_card":"summary_large_image","twitter_misc":{"Est. tempo de leitura":"9 minutos"},"schema":{"@context":"https:\/\/schema.org","@graph":[{"@type":"WebPage","@id":"https:\/\/www.davidschool.com\/pt-br\/regulamento\/","url":"https:\/\/www.davidschool.com\/pt-br\/regulamento\/","name":"Regulamento da escola | Istituto IL DAVID - Floren\u00e7a","isPartOf":{"@id":"https:\/\/www.davidschool.com\/pt-br\/#website"},"datePublished":"2019-07-30T11:21:05+00:00","dateModified":"2025-02-06T15:41:46+00:00","breadcrumb":{"@id":"https:\/\/www.davidschool.com\/pt-br\/regulamento\/#breadcrumb"},"inLanguage":"pt-BR","potentialAction":[{"@type":"ReadAction","target":["https:\/\/www.davidschool.com\/pt-br\/regulamento\/"]}]},{"@type":"BreadcrumbList","@id":"https:\/\/www.davidschool.com\/pt-br\/regulamento\/#breadcrumb","itemListElement":[{"@type":"ListItem","position":1,"name":"Home","item":"https:\/\/www.davidschool.com\/pt-br\/"},{"@type":"ListItem","position":2,"name":"REGULAMENTO"}]},{"@type":"WebSite","@id":"https:\/\/www.davidschool.com\/pt-br\/#website","url":"https:\/\/www.davidschool.com\/pt-br\/","name":"Istituto IL DAVID","description":"Italian Language School","publisher":{"@id":"https:\/\/www.davidschool.com\/pt-br\/#organization"},"potentialAction":[{"@type":"SearchAction","target":{"@type":"EntryPoint","urlTemplate":"https:\/\/www.davidschool.com\/pt-br\/?s={search_term_string}"},"query-input":{"@type":"PropertyValueSpecification","valueRequired":true,"valueName":"search_term_string"}}],"inLanguage":"pt-BR"},{"@type":"Organization","@id":"https:\/\/www.davidschool.com\/pt-br\/#organization","name":"Istituto Il David","url":"https:\/\/www.davidschool.com\/pt-br\/","logo":{"@type":"ImageObject","inLanguage":"pt-BR","@id":"https:\/\/www.davidschool.com\/pt-br\/#\/schema\/logo\/image\/","url":"https:\/\/www.davidschool.com\/wp-content\/uploads\/2019\/05\/Il-David_logo.png","contentUrl":"https:\/\/www.davidschool.com\/wp-content\/uploads\/2019\/05\/Il-David_logo.png","width":429,"height":133,"caption":"Istituto Il David"},"image":{"@id":"https:\/\/www.davidschool.com\/pt-br\/#\/schema\/logo\/image\/"}}]}},"_links":{"self":[{"href":"https:\/\/www.davidschool.com\/pt-br\/wp-json\/wp\/v2\/pages\/19182","targetHints":{"allow":["GET"]}}],"collection":[{"href":"https:\/\/www.davidschool.com\/pt-br\/wp-json\/wp\/v2\/pages"}],"about":[{"href":"https:\/\/www.davidschool.com\/pt-br\/wp-json\/wp\/v2\/types\/page"}],"author":[{"embeddable":true,"href":"https:\/\/www.davidschool.com\/pt-br\/wp-json\/wp\/v2\/users\/4"}],"replies":[{"embeddable":true,"href":"https:\/\/www.davidschool.com\/pt-br\/wp-json\/wp\/v2\/comments?post=19182"}],"version-history":[{"count":10,"href":"https:\/\/www.davidschool.com\/pt-br\/wp-json\/wp\/v2\/pages\/19182\/revisions"}],"predecessor-version":[{"id":33229,"href":"https:\/\/www.davidschool.com\/pt-br\/wp-json\/wp\/v2\/pages\/19182\/revisions\/33229"}],"wp:attachment":[{"href":"https:\/\/www.davidschool.com\/pt-br\/wp-json\/wp\/v2\/media?parent=19182"}],"curies":[{"name":"wp","href":"https:\/\/api.w.org\/{rel}","templated":true}]}}